{"id":228,"date":"2017-03-19T19:57:16","date_gmt":"2017-03-19T22:57:16","guid":{"rendered":"https:\/\/www.facet.unt.edu.ar\/ingenieriaquimica\/?page_id=228"},"modified":"2025-05-22T21:30:35","modified_gmt":"2025-05-23T00:30:35","slug":"contacto","status":"publish","type":"page","link":"https:\/\/www.facet.unt.edu.ar\/ingenieriaquimica\/contacto\/","title":{"rendered":"Contacto"},"content":{"rendered":"<h1 style=\"text-align: center;\"><span style=\"color: #800000;\"><strong>CONTACTO<\/strong><\/span><\/h1>\n<p><img decoding=\"async\" loading=\"lazy\" class=\"alignright wp-image-855 size-full\" src=\"https:\/\/www.facet.unt.edu.ar\/ingenieriaquimica\/wp-content\/uploads\/sites\/50\/2017\/03\/Mapa.png\" alt=\"\" width=\"455\" height=\"447\" srcset=\"https:\/\/www.facet.unt.edu.ar\/ingenieriaquimica\/wp-content\/uploads\/sites\/50\/2017\/03\/Mapa.png 455w, https:\/\/www.facet.unt.edu.ar\/ingenieriaquimica\/wp-content\/uploads\/sites\/50\/2017\/03\/Mapa-300x295.png 300w\" sizes=\"(max-width: 455px) 100vw, 455px\" \/><\/p>\n<h3><\/h3>\n<p>&nbsp;<\/p>\n<h3><strong><span style=\"color: #800000;\">Puede\u00a0<\/span><span style=\"color: #800000;\">contactarse con nosotros en:<\/span><\/strong><\/h3>\n<p style=\"padding-left: 60px;\">Direcci\u00f3n de Carrera de Ingenier\u00eda Qu\u00edmica<br \/>\nSecretar\u00eda del Departamento de Ingenier\u00eda de Procesos y Gesti\u00f3n Industrial<br \/>\nAvda. Independencia 1800<br \/>\nBlock 4 &#8211; Oficina 4-1-27<br \/>\n(T4002BLR) San Miguel de Tucum\u00e1n<br \/>\nProvincia de Tucum\u00e1n \u2013 Argentina<\/p>\n<p style=\"padding-left: 60px;\"><em><span lang=\"ES-AR\">En el\u00a0<strong>Departamento de Ingenier\u00eda de Procesos y Gesti\u00f3n Industrial<\/strong>\u00a0(Block 4) se puede obtener informaci\u00f3n de\u00a0<strong>lunes<\/strong>\u00a0a\u00a0<strong>viernes<\/strong>, en el horario de<strong> 8.00 a 13.00 horas<\/strong><\/span><span lang=\"es\">.<\/span><\/em><\/p>\n<h3><\/h3>\n<p>&nbsp;<\/p>\n<h3 style=\"text-align: left;\"><strong><span style=\"color: #800000;\">Por Internet nos encuentra en:<\/span><\/strong><\/h3>\n<p style=\"padding-left: 60px;\">Sitio web de la Carrera: <strong><a href=\"https:\/\/www.facet.unt.edu.ar\/ingenieriaquimica\" target=\"_blank\" rel=\"noopener noreferrer\">www.facet.unt.edu.ar\/ingenieriaquimica<\/a><\/strong><\/p>\n<p>&nbsp;<\/p>\n<p>&nbsp;<\/p>\n<h3><a href=\"https:\/\/www.facet.unt.edu.ar\/ingenieriaquimica\/contacto\/\"><strong><span style=\"color: #800000;\">Correos electr\u00f3nicos:<\/span><\/strong><\/a><\/h3>\n<p style=\"padding-left: 60px;\">Direcci\u00f3n de Carrera:\u00a0<strong><a href=\"mailto:acquimica@herrera.unt.edu.ar\">acquimica@herrera.unt.edu.ar<\/a><\/strong><\/p>\n<p style=\"padding-left: 60px;\">Secretar\u00eda del Departamento de Ingenier\u00eda Procesos y Gesti\u00f3n Industrial:\u00a0<strong><a href=\"mailto:secriq@herrera.unt.edu.ar\">secriq@herrera.unt.edu.ar<\/a><\/strong><\/p>\n<p>&nbsp;<\/p>\n<p>&nbsp;<\/p>\n<h3><span style=\"color: #800000;\"><strong>Tel\u00e9fono \/ FAX:<\/strong><\/span><\/h3>\n<p style=\"padding-left: 60px;\"><strong>TE<\/strong> +54 &#8211; 0381 &#8211; 410 &#8211; 7573 (Directo)<\/p>\n<p style=\"padding-left: 60px;\"><strong>FAX<\/strong> +54 &#8211; 0381 &#8211; 436 &#8211; 3004<\/p>\n<h3><\/h3>\n<p>&nbsp;<\/p>\n<h3><strong><span style=\"color: #800000;\">Webmaster<\/span><\/strong><\/h3>\n<p style=\"padding-left: 60px;\">Mario Cesca:\u00a0<strong><a href=\"mailto:acquimica@herrera.unt.edu.ar\">mcesca@herrera.unt.edu.ar<\/a><\/strong><\/p>\n<p>&nbsp;<\/p>\n<p>&nbsp;<\/p>\n<p>&nbsp;<\/p>\n","protected":false},"excerpt":{"rendered":"<p>CONTACTO &nbsp; Puede\u00a0contactarse con nosotros en: Direcci\u00f3n de Carrera de Ingenier\u00eda Qu\u00edmica Secretar\u00eda del Departamento de Ingenier\u00eda de Procesos y Gesti\u00f3n Industrial Avda. Independencia 1800 Block 4 &#8211; Oficina 4-1-27 (T4002BLR) San Miguel de Tucum\u00e1n Provincia de Tucum\u00e1n \u2013 Argentina En el\u00a0Departamento de Ingenier\u00eda de Procesos y Gesti\u00f3n Industrial\u00a0(Block 4) se puede obtener informaci\u00f3n de\u00a0lunes\u00a0a\u00a0viernes, en [&hellip;]<\/p>\n","protected":false},"author":101029,"featured_media":0,"parent":0,"menu_order":6,"comment_status":"closed","ping_status":"closed","template":"templates\/template-full.php","meta":[],"_links":{"self":[{"href":"https:\/\/www.facet.unt.edu.ar\/ingenieriaquimica\/wp-json\/wp\/v2\/pages\/228"}],"collection":[{"href":"https:\/\/www.facet.unt.edu.ar\/ingenieriaquimica\/wp-json\/wp\/v2\/pages"}],"about":[{"href":"https:\/\/www.facet.unt.edu.ar\/ingenieriaquimica\/wp-json\/wp\/v2\/types\/page"}],"author":[{"embeddable":true,"href":"https:\/\/www.facet.unt.edu.ar\/ingenieriaquimica\/wp-json\/wp\/v2\/users\/101029"}],"replies":[{"embeddable":true,"href":"https:\/\/www.facet.unt.edu.ar\/ingenieriaquimica\/wp-json\/wp\/v2\/comments?post=228"}],"version-history":[{"count":51,"href":"https:\/\/www.facet.unt.edu.ar\/ingenieriaquimica\/wp-json\/wp\/v2\/pages\/228\/revisions"}],"predecessor-version":[{"id":4524,"href":"https:\/\/www.facet.unt.edu.ar\/ingenieriaquimica\/wp-json\/wp\/v2\/pages\/228\/revisions\/4524"}],"wp:attachment":[{"href":"https:\/\/www.facet.unt.edu.ar\/ingenieriaquimica\/wp-json\/wp\/v2\/media?parent=228"}],"curies":[{"name":"wp","href":"https:\/\/api.w.org\/{rel}","templated":true}]}}