{"id":230,"date":"2017-03-19T20:02:47","date_gmt":"2017-03-19T23:02:47","guid":{"rendered":"https:\/\/www.facet.unt.edu.ar\/ingenieriaquimica\/?page_id=230"},"modified":"2026-03-16T18:56:51","modified_gmt":"2026-03-16T21:56:51","slug":"calendario-academico","status":"publish","type":"page","link":"https:\/\/www.facet.unt.edu.ar\/ingenieriaquimica\/organizacion\/calendario-academico\/","title":{"rendered":"Calendario Acad\u00e9mico"},"content":{"rendered":"<h1 style=\"text-align: center;\"><span style=\"color: #800000;\"><strong>CALENDARIO ACAD\u00c9MICO &#8211; PER\u00cdODO LECTIVO 2026<\/strong><\/span><\/h1>\r\n<h2 style=\"text-align: center;\"><span style=\"color: #800000;\"><strong>PRIMER CUATRI<span style=\"color: #800000;\">MEST<\/span>RE<\/strong><\/span><\/h2>\r\n<p><strong><span style=\"color: #800000;\">Inicio de clases:\u00a0<\/span><\/strong> lunes 16-03-2026<\/p>\r\n<p><span style=\"color: #800000;\"><strong>Inscripci\u00f3n en asignaturas del cuatrimestre: <\/strong><\/span>02-03-2026 al 29-03-2026<\/p>\r\n<p><span style=\"color: #800000;\"><strong>Finalizaci\u00f3n de clases del cuatrimestre: <\/strong><\/span>viernes 03-07-2025<\/p>\r\n<p><span style=\"color: #800000;\"><strong>Receso invernal: <\/strong><span style=\"color: #000000;\">lunes 06-07-2026 al domingo 19-07-2026<\/span><\/span><\/p>\r\n<p><span style=\"color: #800000;\"><strong>Per\u00edodo de Recuperaciones: <\/strong><\/span>lunes 20-07-2026 al viernes 14-08-2026<\/p>\r\n<p><span style=\"color: #800000;\"><strong>Fecha L\u00edmite para asentar notas en sistema SIU Guaran\u00ed:<\/strong><\/span> viernes 21-08-2025<\/p>\r\n<p>&nbsp;<\/p>\r\n<h3 style=\"text-align: center;\"><span style=\"color: #800000;\"><strong>MESAS DE EX\u00c1MENES REGULARES &#8211; Turno julio-agosto (Transici\u00f3n)\u00a0<\/strong><\/span><\/h3>\r\n<p style=\"text-align: center;\">24-07-2026<\/p>\r\n<p style=\"text-align: center;\">29-07-2026<\/p>\r\n<p style=\"text-align: center;\">06-08-2026<\/p>\r\n<p style=\"text-align: center;\">13-08-2025<\/p>\r\n<p>&nbsp;<\/p>\r\n<h2 style=\"text-align: center;\"><span style=\"color: #800000;\"><strong>SEGUNDO CUATRIMESTRE<\/strong><\/span><\/h2>\r\n<p><strong><span style=\"color: #800000;\">Inicio de clases:\u00a0<\/span><\/strong> Martes 18-08-2025<\/p>\r\n<p><span style=\"color: #800000;\"><strong>Inscripci\u00f3n en asignaturas del cuatrimestre:<\/strong><\/span> 10-08-2026 al 31-08-2026<\/p>\r\n<p><span style=\"color: #800000;\"><strong>Finalizaci\u00f3n de clases del cuatrimestre: <\/strong><\/span>04-12-2026<\/p>\r\n<p><span style=\"color: #800000;\"><strong>Per\u00edodo de Recuperaciones: <\/strong><\/span>15-02-2027 al viernes 12-03-2027<\/p>\r\n<p><span style=\"color: #800000;\"><strong>Fecha L\u00edmite para asentar notas en sistema SIU Guaran\u00ed:<\/strong><\/span> 19-03-2027<\/p>\r\n<p>&nbsp;<\/p>\r\n<h3 style=\"text-align: center;\"><span style=\"color: #800000;\"><strong>MESAS DE EX\u00c1MENES REGULARES<\/strong><\/span><\/h3>\r\n<h3 style=\"text-align: center;\"><span style=\"color: #800000;\"><strong>Turno diciembre de 2026 y febrero-marzo 2027 (Transici\u00f3n)\u00a0<\/strong><\/span><\/h3>\r\n<p style=\"text-align: center;\">14-12-2026<\/p>\r\n<p style=\"text-align: center;\">21-12-2026<\/p>\r\n<p style=\"text-align: center;\">16-02-2027<\/p>\r\n<p style=\"text-align: center;\">24-02-2027<\/p>\r\n<p style=\"text-align: center;\">04-03-2027<\/p>\r\n<p style=\"text-align: center;\">11-03-2027<\/p>\r\n<p>&nbsp;<\/p>\r\n<p style=\"text-align: left;\">El\u00a0 <strong>calendario acad\u00e9mico de la FACET para el Ciclo Lectivo 2025: <a href=\"https:\/\/www.facet.unt.edu.ar\/ingenieriaquimica\/wp-content\/uploads\/sites\/50\/2026\/03\/CalendarioAcademico2026-FACET.pdf\" target=\"_blank\" rel=\"noopener\">RES-FACET-DDAC-20135\/2025<\/a><\/strong><span class=\"fontstyle0\">.<\/span><\/p>\r\n<h3 style=\"text-align: center;\"><span style=\"color: #800000;\"><strong><!-- \/wp:paragraph -->\r\n\r\n<!-- wp:paragraph --><\/strong><\/span><\/h3>\r\n<p>&nbsp;<\/p>\r\n<h3 style=\"text-align: center;\"><span style=\"color: #800000;\"><strong><!-- \/wp:paragraph --><\/strong><\/span><\/h3>","protected":false},"excerpt":{"rendered":"<p>CALENDARIO ACAD\u00c9MICO &#8211; PER\u00cdODO LECTIVO 2026 PRIMER CUATRIMESTRE Inicio de clases:\u00a0 lunes 16-03-2026 Inscripci\u00f3n en asignaturas del cuatrimestre: 02-03-2026 al 29-03-2026 Finalizaci\u00f3n de clases del cuatrimestre: viernes 03-07-2025 Receso invernal: lunes 06-07-2026 al domingo 19-07-2026 Per\u00edodo de Recuperaciones: lunes 20-07-2026 al viernes 14-08-2026 Fecha L\u00edmite para asentar notas en sistema SIU Guaran\u00ed: viernes 21-08-2025 &nbsp; MESAS [&hellip;]<\/p>\n","protected":false},"author":101029,"featured_media":0,"parent":200,"menu_order":6,"comment_status":"closed","ping_status":"closed","template":"templates\/template-full.php","meta":[],"_links":{"self":[{"href":"https:\/\/www.facet.unt.edu.ar\/ingenieriaquimica\/wp-json\/wp\/v2\/pages\/230"}],"collection":[{"href":"https:\/\/www.facet.unt.edu.ar\/ingenieriaquimica\/wp-json\/wp\/v2\/pages"}],"about":[{"href":"https:\/\/www.facet.unt.edu.ar\/ingenieriaquimica\/wp-json\/wp\/v2\/types\/page"}],"author":[{"embeddable":true,"href":"https:\/\/www.facet.unt.edu.ar\/ingenieriaquimica\/wp-json\/wp\/v2\/users\/101029"}],"replies":[{"embeddable":true,"href":"https:\/\/www.facet.unt.edu.ar\/ingenieriaquimica\/wp-json\/wp\/v2\/comments?post=230"}],"version-history":[{"count":107,"href":"https:\/\/www.facet.unt.edu.ar\/ingenieriaquimica\/wp-json\/wp\/v2\/pages\/230\/revisions"}],"predecessor-version":[{"id":4697,"href":"https:\/\/www.facet.unt.edu.ar\/ingenieriaquimica\/wp-json\/wp\/v2\/pages\/230\/revisions\/4697"}],"up":[{"embeddable":true,"href":"https:\/\/www.facet.unt.edu.ar\/ingenieriaquimica\/wp-json\/wp\/v2\/pages\/200"}],"wp:attachment":[{"href":"https:\/\/www.facet.unt.edu.ar\/ingenieriaquimica\/wp-json\/wp\/v2\/media?parent=230"}],"curies":[{"name":"wp","href":"https:\/\/api.w.org\/{rel}","templated":true}]}}