{"id":234,"date":"2017-03-19T20:11:17","date_gmt":"2017-03-19T23:11:17","guid":{"rendered":"https:\/\/www.facet.unt.edu.ar\/ingenieriaquimica\/?page_id=234"},"modified":"2025-12-01T13:53:05","modified_gmt":"2025-12-01T16:53:05","slug":"programas-de-asignaturas","status":"publish","type":"page","link":"https:\/\/www.facet.unt.edu.ar\/ingenieriaquimica\/plan-de-estudios\/programas-de-asignaturas\/","title":{"rendered":"Programas"},"content":{"rendered":"<h1 style=\"text-align: center;\"><span style=\"color: #800000;\"><strong>PROGRA<span style=\"color: #800000;\">M<\/span>AS DE MATERIAS &#8211;<\/strong><\/span><span style=\"color: #800000;\"><strong> 2025<\/strong><\/span><\/h1>\n<h2 style=\"text-align: center;\"><span style=\"color: #800000;\"><em>(en preparaci\u00f3n)<\/em><\/span><\/h2>\n<h3 style=\"text-align: center;\"><span style=\"color: #800000;\"><strong>1\u00ba A\u00f1o<\/strong><\/span><\/h3>\n<p style=\"text-align: center;\">C\u00e1lculo I<br \/>\n\u00c1lgebra y Geometr\u00eda Anal\u00edtica<br \/>\n<a href=\"https:\/\/www.facet.unt.edu.ar\/ingenieriaquimica\/wp-content\/uploads\/sites\/50\/2025\/10\/Programa-2025-FISICA-I.pdf\" target=\"_blank\" rel=\"noopener\">F\u00edsica I<\/a><br \/>\nSistemas de Representaci\u00f3n<br \/>\nC\u00e1lculo II<br \/>\nElementos de \u00c1lgebra Lineal<br \/>\n<a href=\"https:\/\/www.facet.unt.edu.ar\/ingenieriaquimica\/wp-content\/uploads\/sites\/50\/2025\/10\/Programa-2025-FISICA-II.pdf\" target=\"_blank\" rel=\"noopener\">F\u00edsica II<\/a><br \/>\n<a href=\"https:\/\/www.facet.unt.edu.ar\/ingenieriaquimica\/wp-content\/uploads\/sites\/50\/2025\/10\/Programa-2025-FUNDAMENTOS-DE-QUIMICA-GENERAL.pdf\" target=\"_blank\" rel=\"noopener\">Fundamentos de Qu\u00edmica General<\/a><br \/>\nInform\u00e1tica<\/p>\n<h3 style=\"text-align: center;\"><span style=\"color: #800000;\"><strong>2\u00ba A\u00f1o<\/strong><\/span><\/h3>\n<p style=\"text-align: center;\">C\u00e1lculo III<br \/>\n<a href=\"https:\/\/www.facet.unt.edu.ar\/ingenieriaquimica\/wp-content\/uploads\/sites\/50\/2025\/10\/Programa-2025-FISICA-III.pdf\" target=\"_blank\" rel=\"noopener\">F\u00edsica III<\/a><br \/>\n<a href=\"https:\/\/www.facet.unt.edu.ar\/ingenieriaquimica\/wp-content\/uploads\/sites\/50\/2025\/10\/Programa-2025-QUIMICA-GENERAL-E-INORGANICA.pdf\">Qu\u00edmica General e Inorg\u00e1nica<\/a><br \/>\nC\u00e1lculo IV<br \/>\n<a href=\"https:\/\/www.facet.unt.edu.ar\/ingenieriaquimica\/wp-content\/uploads\/sites\/50\/2025\/10\/Programa-2025-QUIMICA-ANALITICA-I.pdf\" target=\"_blank\" rel=\"noopener\">Qu\u00edmica Anal\u00edtica I<\/a><br \/>\n<a href=\"https:\/\/www.facet.unt.edu.ar\/ingenieriaquimica\/wp-content\/uploads\/sites\/50\/2025\/10\/Programa-2025-QUIMICA-ORGANICA-I.pdf\" target=\"_blank\" rel=\"noopener\">Qu\u00edmica Org\u00e1nica I<\/a><br \/>\nProbabilidad y Estad\u00edstica<\/p>\n<h3 style=\"text-align: center;\"><span style=\"color: #800000;\"><strong>3\u00ba A\u00f1o<\/strong><\/span><\/h3>\n<p style=\"text-align: center;\"><a href=\"https:\/\/www.facet.unt.edu.ar\/ingenieriaquimica\/wp-content\/uploads\/sites\/50\/2025\/10\/Programa-2025-TERMODINAMICA-DE-PROCESOS.pdf\" target=\"_blank\" rel=\"noopener\">Termodin\u00e1mica de Procesos<\/a><br \/>\n<a href=\"https:\/\/www.facet.unt.edu.ar\/ingenieriaquimica\/wp-content\/uploads\/sites\/50\/2025\/11\/Programa-2025-INTRODUCCION-A-LA-INGENIERIA-QUIMICA.pdf\" target=\"_blank\" rel=\"noopener\">Introducci\u00f3n a la Ingenier\u00eda Qu\u00edmica<\/a><br \/>\n<a href=\"https:\/\/www.facet.unt.edu.ar\/ingenieriaquimica\/wp-content\/uploads\/sites\/50\/2025\/10\/Programa-2025-QUIMICA-ANALITICA-II.pdf\" target=\"_blank\" rel=\"noopener\">Qu\u00edmica Anal\u00edtica II<\/a><br \/>\n<a href=\"https:\/\/www.facet.unt.edu.ar\/ingenieriaquimica\/wp-content\/uploads\/sites\/50\/2025\/10\/Programa-2025-QUIMICA-ORGANICA-II.pdf\" target=\"_blank\" rel=\"noopener\">Qu\u00edmica Org\u00e1nica II<\/a><br \/>\n<a href=\"https:\/\/www.facet.unt.edu.ar\/ingenieriaquimica\/wp-content\/uploads\/sites\/50\/2025\/10\/Programa-2025-FISICOQUIMICA.pdf\" target=\"_blank\" rel=\"noopener\">Fisicoqu\u00edmica<\/a><br \/>\n<a href=\"https:\/\/www.facet.unt.edu.ar\/ingenieriaquimica\/wp-content\/uploads\/sites\/50\/2025\/11\/Programa-2025-BALANCES-DE-MATERIA-Y-ENERGIA.pdf\" target=\"_blank\" rel=\"noopener\">Balances de Materia y Energ\u00eda<\/a><br \/>\n<a href=\"https:\/\/www.facet.unt.edu.ar\/ingenieriaquimica\/wp-content\/uploads\/sites\/50\/2025\/12\/Programa-2025-FENOMENOS-DE-TRANSPORTE.pdf\" target=\"_blank\" rel=\"noopener\">Fen\u00f3menos de Transporte<\/a><br \/>\n<a href=\"https:\/\/www.facet.unt.edu.ar\/ingenieriaquimica\/wp-content\/uploads\/sites\/50\/2025\/10\/Programa-2025-ELECTROTECNIA-Y-MAQUINAS-ELECTRICAS.pdf\" target=\"_blank\" rel=\"noopener\">Electrotecnia y M\u00e1quinas El\u00e9ctricas<\/a><\/p>\n<h3 style=\"text-align: center;\"><span style=\"color: #800000;\"><strong>4\u00ba A\u00f1o<\/strong><\/span><\/h3>\n<p style=\"text-align: center;\"><a href=\"https:\/\/www.facet.unt.edu.ar\/ingenieriaquimica\/wp-content\/uploads\/sites\/50\/2025\/10\/Programa-2025-MICROBIOLOGIA-GENERAL-E-INDUSTRIAL.pdf\" target=\"_blank\" rel=\"noopener\">Microbiolog\u00eda General e Industrial<\/a><br \/>\n<a href=\"https:\/\/www.facet.unt.edu.ar\/ingenieriaquimica\/wp-content\/uploads\/sites\/50\/2025\/11\/Programa-2025-ANALISIS-Y-DISENO-DE-REACTORES-I.pdf\" target=\"_blank\" rel=\"noopener\">An\u00e1lisis y Dise\u00f1o de Reactores I<\/a><br \/>\n<a href=\"https:\/\/www.facet.unt.edu.ar\/ingenieriaquimica\/wp-content\/uploads\/sites\/50\/2025\/11\/Programa-2025-OPERACIONES-UNITARIAS-I.pdf\" target=\"_blank\" rel=\"noopener\">Operaciones Unitarias I<\/a><br \/>\n<a href=\"https:\/\/www.facet.unt.edu.ar\/ingenieriaquimica\/wp-content\/uploads\/sites\/50\/2025\/10\/Programa-2025-ECONOMIA-Y-ORGANIZACION-INDUSTRIAL-1.pdf\" target=\"_blank\" rel=\"noopener\">Econom\u00eda y Organizaci\u00f3n Industrial<\/a><br \/>\n<a href=\"https:\/\/www.facet.unt.edu.ar\/ingenieriaquimica\/wp-content\/uploads\/sites\/50\/2025\/10\/Programa-2025-OPERACIONES-UNITARIAS-II.pdf\" target=\"_blank\" rel=\"noopener\">Operaciones Unitarias II<\/a><br \/>\n<a href=\"https:\/\/www.facet.unt.edu.ar\/ingenieriaquimica\/wp-content\/uploads\/sites\/50\/2025\/11\/Programa-2025-ANALISIS-Y-DISENO-DE-REACTORES-II.pdf\" target=\"_blank\" rel=\"noopener\">An\u00e1lisis y Dise\u00f1o de Reactores II<\/a><br \/>\n<a href=\"https:\/\/www.facet.unt.edu.ar\/ingenieriaquimica\/wp-content\/uploads\/sites\/50\/2025\/11\/Programa-2025-INGENIERIA-LEGAL.pdf\" target=\"_blank\" rel=\"noopener\">Ingenier\u00eda Legal<\/a><br \/>\n<a href=\"https:\/\/www.facet.unt.edu.ar\/ingenieriaquimica\/wp-content\/uploads\/sites\/50\/2025\/11\/Programa-2025-MECANICA-APLICADA.pdf\" target=\"_blank\" rel=\"noopener\">Mec\u00e1nica Aplicada<\/a><\/p>\n<h3 style=\"text-align: center;\"><span style=\"color: #800000;\"><strong>5\u00ba A\u00f1o<\/strong><\/span><\/h3>\n<p style=\"text-align: center;\"><a href=\"https:\/\/www.facet.unt.edu.ar\/ingenieriaquimica\/wp-content\/uploads\/sites\/50\/2025\/10\/Programa-2025-OPERACIONES-UNITARIAS-III.pdf\" target=\"_blank\" rel=\"noopener\">Operaciones Unitarias III<\/a><br \/>\n<a href=\"https:\/\/www.facet.unt.edu.ar\/ingenieriaquimica\/wp-content\/uploads\/sites\/50\/2025\/10\/Programa-2025-CONTROL-DE-PROCESOS.pdf\" target=\"_blank\" rel=\"noopener\">Control de Procesos<\/a><br \/>\n<a href=\"https:\/\/www.facet.unt.edu.ar\/ingenieriaquimica\/wp-content\/uploads\/sites\/50\/2025\/10\/Programa-2025-FORMULACION-Y-EVALUACION-DE-PROYECTOS.pdf\" target=\"_blank\" rel=\"noopener\">Formulaci\u00f3n y Evaluaci\u00f3n de proyectos<\/a><br \/>\n<a href=\"https:\/\/www.facet.unt.edu.ar\/ingenieriaquimica\/wp-content\/uploads\/sites\/50\/2025\/10\/Programa-2025-DISENO-Y-OPTIMIZACION-DE-PROCESOS.pdf\" target=\"_blank\" rel=\"noopener\">Dise\u00f1o y Optimizaci\u00f3n de Procesos<\/a><br \/>\n<a href=\"https:\/\/www.facet.unt.edu.ar\/ingenieriaquimica\/wp-content\/uploads\/sites\/50\/2025\/10\/Programa-2025-INGENIERIA-AMBIENTAL-E-HIGIENE-Y-SEGURIDAD-DEL-TRABAJO-2.pdf\" target=\"_blank\" rel=\"noopener\">Ingenier\u00eda Ambiental e Higiene y Seguridad del Trabajo<\/a><br \/>\nTecnolog\u00eda de los Procesos Industriales en Escala Piloto<\/p>\n<h3 style=\"text-align: center;\"><span style=\"color: #800000;\"><strong>Optativas<\/strong><\/span><\/h3>\n<p style=\"text-align: center;\"><a href=\"https:\/\/www.facet.unt.edu.ar\/ingenieriaquimica\/wp-content\/uploads\/sites\/50\/2025\/10\/Programa-2025-ADMINISTRACION-DE-PROYECTOS.pdf\" target=\"_blank\" rel=\"noopener\">Administraci\u00f3n de Proyectos<\/a><\/p>\n<p style=\"text-align: center;\"><a href=\"https:\/\/www.facet.unt.edu.ar\/ingenieriaquimica\/wp-content\/uploads\/sites\/50\/2025\/11\/Programa-2025-EVALUACION-DE-IMPACTO-AMBIENTAL-1.pdf\" target=\"_blank\" rel=\"noopener\">Evaluaci\u00f3n de Impacto Ambiental<\/a><\/p>\n<p style=\"text-align: center;\"><a href=\"https:\/\/www.facet.unt.edu.ar\/ingenieriaquimica\/wp-content\/uploads\/sites\/50\/2025\/10\/Programa-2025-INDICADORES-DE-SUSTENTABILIDAD-DE-PRODUCTOS-PROCESOS-Y-SERVICIOS-INDUSTRIALES.pdf\" target=\"_blank\" rel=\"noopener\">Indicadores de Sustentabilidad de Productos, Procesos y Servicios Industriales<\/a><\/p>\n<p style=\"text-align: center;\"><a href=\"https:\/\/www.facet.unt.edu.ar\/ingenieriaquimica\/wp-content\/uploads\/sites\/50\/2025\/11\/Programa-2025-INSTRUMENTACION-INDUSTRIAL-DE-PROCESOS.pdf\" target=\"_blank\" rel=\"noopener\">Instrumentaci\u00f3n Industrial de Procesos<\/a><\/p>\n","protected":false},"excerpt":{"rendered":"<p>PROGRAMAS DE MATERIAS &#8211; 2025 (en preparaci\u00f3n) 1\u00ba A\u00f1o C\u00e1lculo I \u00c1lgebra y Geometr\u00eda Anal\u00edtica F\u00edsica I Sistemas de Representaci\u00f3n C\u00e1lculo II Elementos de \u00c1lgebra Lineal F\u00edsica II Fundamentos de Qu\u00edmica General Inform\u00e1tica 2\u00ba A\u00f1o C\u00e1lculo III F\u00edsica III Qu\u00edmica General e Inorg\u00e1nica C\u00e1lculo IV Qu\u00edmica Anal\u00edtica I Qu\u00edmica Org\u00e1nica I Probabilidad y Estad\u00edstica 3\u00ba A\u00f1o [&hellip;]<\/p>\n","protected":false},"author":101029,"featured_media":0,"parent":155,"menu_order":6,"comment_status":"closed","ping_status":"closed","template":"templates\/template-full.php","meta":[],"_links":{"self":[{"href":"https:\/\/www.facet.unt.edu.ar\/ingenieriaquimica\/wp-json\/wp\/v2\/pages\/234"}],"collection":[{"href":"https:\/\/www.facet.unt.edu.ar\/ingenieriaquimica\/wp-json\/wp\/v2\/pages"}],"about":[{"href":"https:\/\/www.facet.unt.edu.ar\/ingenieriaquimica\/wp-json\/wp\/v2\/types\/page"}],"author":[{"embeddable":true,"href":"https:\/\/www.facet.unt.edu.ar\/ingenieriaquimica\/wp-json\/wp\/v2\/users\/101029"}],"replies":[{"embeddable":true,"href":"https:\/\/www.facet.unt.edu.ar\/ingenieriaquimica\/wp-json\/wp\/v2\/comments?post=234"}],"version-history":[{"count":140,"href":"https:\/\/www.facet.unt.edu.ar\/ingenieriaquimica\/wp-json\/wp\/v2\/pages\/234\/revisions"}],"predecessor-version":[{"id":4663,"href":"https:\/\/www.facet.unt.edu.ar\/ingenieriaquimica\/wp-json\/wp\/v2\/pages\/234\/revisions\/4663"}],"up":[{"embeddable":true,"href":"https:\/\/www.facet.unt.edu.ar\/ingenieriaquimica\/wp-json\/wp\/v2\/pages\/155"}],"wp:attachment":[{"href":"https:\/\/www.facet.unt.edu.ar\/ingenieriaquimica\/wp-json\/wp\/v2\/media?parent=234"}],"curies":[{"name":"wp","href":"https:\/\/api.w.org\/{rel}","templated":true}]}}