{"id":479,"date":"2017-03-21T17:18:22","date_gmt":"2017-03-21T20:18:22","guid":{"rendered":"https:\/\/www.facet.unt.edu.ar\/ingenieriaquimica\/?page_id=479"},"modified":"2025-05-22T20:52:52","modified_gmt":"2025-05-22T23:52:52","slug":"enlaces-de-interes","status":"publish","type":"page","link":"https:\/\/www.facet.unt.edu.ar\/ingenieriaquimica\/servicios\/enlaces-de-interes\/","title":{"rendered":"Enlaces de Inter\u00e9s"},"content":{"rendered":"<h2 style=\"text-align: center;\"><span style=\"color: #800000;\"><strong>ENLACES DE INTER\u00c9S<\/strong><\/span><\/h2>\n<p class=\"style17\"><b>Universidad Nacional de Tucum\u00e1n\u00a0<\/b><strong><a href=\"http:\/\/www.unt.edu.ar\/\" target=\"_blank\" rel=\"noopener noreferrer\">UNT<\/a><\/strong><\/p>\n<p class=\"style17\"><b>Facultad de Ciencias Exactas y Tecnolog\u00eda de la U.N.T.\u00a0 <\/b><strong><a href=\"http:\/\/www.facet.unt.edu.ar\/\" target=\"_blank\" rel=\"noopener noreferrer\">FACET<\/a> \u00a0 (y en <a href=\"https:\/\/www.instagram.com\/facetoficial.unt\/?hl=es\" target=\"_blank\" rel=\"noopener noreferrer\">Instagram<\/a>)<\/strong><\/p>\n<p><strong>Direcci\u00f3n Alumnos de la FACET\u00a0<a href=\"https:\/\/www.facet.unt.edu.ar\/direccionalumnos\/\" target=\"_blank\" rel=\"noopener\">Web alumnos<\/a><\/strong><\/p>\n<p><strong>Secretar\u00eda de Bienestar Estudiantil <a href=\"https:\/\/www.instagram.com\/sbe.facet\/?hl=es\" target=\"_blank\" rel=\"noopener noreferrer\">SBE<\/a><\/strong><\/p>\n<p><strong>Gesti\u00f3n acad\u00e9mica <a href=\"https:\/\/guarani.unt.edu.ar\/autogestion\/\" target=\"_blank\" rel=\"noopener noreferrer\">SIU GUARANI 3<\/a><\/strong><\/p>\n<p><strong>Biblioteca de la FACET <a href=\"https:\/\/bibliotecafacet.com.ar\/\" target=\"_blank\" rel=\"noopener noreferrer\">Biblioteca<\/a><\/strong><\/p>\n<p class=\"style17\"><b>Asociaci\u00f3n Tucumana de Estudiantes de Ingenier\u00eda Qu\u00edmica<\/b>\u00a0\u00a0<a href=\"https:\/\/www.instagram.com\/ateiq.unt\/?hl=es\" target=\"_blank\" rel=\"noopener\"><strong>ATEIQ<\/strong><\/a><\/p>\n<p class=\"style17\"><b>Asociaci\u00f3n Argentina de Ingenieros Qu\u00edmicos<\/b>\u00a0<strong><a href=\"http:\/\/www.aaiq.org.ar\/\" target=\"_blank\" rel=\"noopener noreferrer\">AAIQ<\/a><\/strong><\/p>\n<h3 class=\"style17\"><\/h3>\n<p>&nbsp;<\/p>\n","protected":false},"excerpt":{"rendered":"<p>ENLACES DE INTER\u00c9S Universidad Nacional de Tucum\u00e1n\u00a0UNT Facultad de Ciencias Exactas y Tecnolog\u00eda de la U.N.T.\u00a0 FACET \u00a0 (y en Instagram) Direcci\u00f3n Alumnos de la FACET\u00a0Web alumnos Secretar\u00eda de Bienestar Estudiantil SBE Gesti\u00f3n acad\u00e9mica SIU GUARANI 3 Biblioteca de la FACET Biblioteca Asociaci\u00f3n Tucumana de Estudiantes de Ingenier\u00eda Qu\u00edmica\u00a0\u00a0ATEIQ Asociaci\u00f3n Argentina de Ingenieros Qu\u00edmicos\u00a0AAIQ &nbsp;<\/p>\n","protected":false},"author":101029,"featured_media":0,"parent":214,"menu_order":4,"comment_status":"closed","ping_status":"closed","template":"templates\/template-full.php","meta":[],"_links":{"self":[{"href":"https:\/\/www.facet.unt.edu.ar\/ingenieriaquimica\/wp-json\/wp\/v2\/pages\/479"}],"collection":[{"href":"https:\/\/www.facet.unt.edu.ar\/ingenieriaquimica\/wp-json\/wp\/v2\/pages"}],"about":[{"href":"https:\/\/www.facet.unt.edu.ar\/ingenieriaquimica\/wp-json\/wp\/v2\/types\/page"}],"author":[{"embeddable":true,"href":"https:\/\/www.facet.unt.edu.ar\/ingenieriaquimica\/wp-json\/wp\/v2\/users\/101029"}],"replies":[{"embeddable":true,"href":"https:\/\/www.facet.unt.edu.ar\/ingenieriaquimica\/wp-json\/wp\/v2\/comments?post=479"}],"version-history":[{"count":34,"href":"https:\/\/www.facet.unt.edu.ar\/ingenieriaquimica\/wp-json\/wp\/v2\/pages\/479\/revisions"}],"predecessor-version":[{"id":4517,"href":"https:\/\/www.facet.unt.edu.ar\/ingenieriaquimica\/wp-json\/wp\/v2\/pages\/479\/revisions\/4517"}],"up":[{"embeddable":true,"href":"https:\/\/www.facet.unt.edu.ar\/ingenieriaquimica\/wp-json\/wp\/v2\/pages\/214"}],"wp:attachment":[{"href":"https:\/\/www.facet.unt.edu.ar\/ingenieriaquimica\/wp-json\/wp\/v2\/media?parent=479"}],"curies":[{"name":"wp","href":"https:\/\/api.w.org\/{rel}","templated":true}]}}