{"id":630,"date":"2017-03-29T09:28:16","date_gmt":"2017-03-29T12:28:16","guid":{"rendered":"https:\/\/www.facet.unt.edu.ar\/ingenieriaquimica\/?page_id=630"},"modified":"2026-04-10T17:23:33","modified_gmt":"2026-04-10T20:23:33","slug":"normativa-general","status":"publish","type":"page","link":"https:\/\/www.facet.unt.edu.ar\/ingenieriaquimica\/normativa\/normativa-general\/","title":{"rendered":"Normativa Nacional"},"content":{"rendered":"<h2 style=\"text-align: center;\"><strong><span style=\"color: #800000;\">NORMATIVA NACIONAL<\/span><\/strong><\/h2>\n<p><strong><a href=\"https:\/\/www.facet.unt.edu.ar\/ingenieriaquimica\/wp-content\/uploads\/sites\/50\/2018\/10\/Ley-24521-de-Educacion-Superior.pdf\" target=\"_blank\" rel=\"noopener noreferrer\">Ley de Educaci\u00f3n Superior<\/a><\/strong> (Ley N\u00ba 24521 \u2013 1995)<\/p>\n<p><a href=\"https:\/\/www.facet.unt.edu.ar\/ingenieriaquimica\/wp-content\/uploads\/sites\/50\/2026\/04\/ESTATUTO-DE-LA-UNT-2025.pdf\" target=\"_blank\" rel=\"noopener\"><strong>Estatuto de la Universidad Nacional de Tucum\u00e1n<\/strong><\/a> (2025)<\/p>\n<p><strong><a href=\"https:\/\/www.facet.unt.edu.ar\/ingenieriaquimica\/wp-content\/uploads\/sites\/50\/2017\/03\/RES-389-17-ING-QU%C3%8DMICO-Validez-Nacional.pdf\" target=\"_blank\" rel=\"noopener noreferrer\">Reconocimiento nacional y alcances del t\u00edtulo de Ingeniero Qu\u00edmico<\/a> <\/strong>(<a href=\"https:\/\/www.facet.unt.edu.ar\/ingenieriaquimica\/wp-content\/uploads\/sites\/50\/2017\/03\/RM-Reconocimiento-IQuimica-265-12-2.pdf\" target=\"_blank\" rel=\"noopener noreferrer\">Res. ME 265-2012<\/a> y <a href=\"https:\/\/www.facet.unt.edu.ar\/ingenieriaquimica\/wp-content\/uploads\/sites\/50\/2017\/03\/RES-389-17-ING-QU%C3%8DMICO-Validez-Nacional.pdf\" target=\"_blank\" rel=\"noopener noreferrer\">Res. ME 389-2017<\/a>)<\/p>\n<p><strong><a href=\"https:\/\/www.facet.unt.edu.ar\/ingenieriaquimica\/wp-content\/uploads\/sites\/50\/2017\/03\/Res157-14.pdf\" target=\"_blank\" rel=\"noopener noreferrer\">Acreditaci\u00f3n de la carrera<\/a><\/strong> (Res. CONEAU 157-2014)<\/p>\n<p>&nbsp;<\/p>\n","protected":false},"excerpt":{"rendered":"<p>NORMATIVA NACIONAL Ley de Educaci\u00f3n Superior (Ley N\u00ba 24521 \u2013 1995) Estatuto de la Universidad Nacional de Tucum\u00e1n (2025) Reconocimiento nacional y alcances del t\u00edtulo de Ingeniero Qu\u00edmico (Res. ME 265-2012 y Res. ME 389-2017) Acreditaci\u00f3n de la carrera (Res. CONEAU 157-2014) &nbsp;<\/p>\n","protected":false},"author":101029,"featured_media":0,"parent":212,"menu_order":1,"comment_status":"closed","ping_status":"closed","template":"templates\/template-full.php","meta":[],"_links":{"self":[{"href":"https:\/\/www.facet.unt.edu.ar\/ingenieriaquimica\/wp-json\/wp\/v2\/pages\/630"}],"collection":[{"href":"https:\/\/www.facet.unt.edu.ar\/ingenieriaquimica\/wp-json\/wp\/v2\/pages"}],"about":[{"href":"https:\/\/www.facet.unt.edu.ar\/ingenieriaquimica\/wp-json\/wp\/v2\/types\/page"}],"author":[{"embeddable":true,"href":"https:\/\/www.facet.unt.edu.ar\/ingenieriaquimica\/wp-json\/wp\/v2\/users\/101029"}],"replies":[{"embeddable":true,"href":"https:\/\/www.facet.unt.edu.ar\/ingenieriaquimica\/wp-json\/wp\/v2\/comments?post=630"}],"version-history":[{"count":16,"href":"https:\/\/www.facet.unt.edu.ar\/ingenieriaquimica\/wp-json\/wp\/v2\/pages\/630\/revisions"}],"predecessor-version":[{"id":4711,"href":"https:\/\/www.facet.unt.edu.ar\/ingenieriaquimica\/wp-json\/wp\/v2\/pages\/630\/revisions\/4711"}],"up":[{"embeddable":true,"href":"https:\/\/www.facet.unt.edu.ar\/ingenieriaquimica\/wp-json\/wp\/v2\/pages\/212"}],"wp:attachment":[{"href":"https:\/\/www.facet.unt.edu.ar\/ingenieriaquimica\/wp-json\/wp\/v2\/media?parent=630"}],"curies":[{"name":"wp","href":"https:\/\/api.w.org\/{rel}","templated":true}]}}