{"id":837,"date":"2017-07-11T22:49:27","date_gmt":"2017-07-12T01:49:27","guid":{"rendered":"https:\/\/www.facet.unt.edu.ar\/ingenieriaquimica\/?page_id=837"},"modified":"2025-05-23T18:44:56","modified_gmt":"2025-05-23T21:44:56","slug":"la-ingenieria-quimica","status":"publish","type":"page","link":"https:\/\/www.facet.unt.edu.ar\/ingenieriaquimica\/servicios\/la-ingenieria-quimica\/","title":{"rendered":"La Ingenier\u00eda Qu\u00edmica"},"content":{"rendered":"<h2 style=\"text-align: center;\"><span style=\"color: #800000;\"><strong>ACERCA DE LA INGENIER\u00cdA QU\u00cdMICA<\/strong><\/span><\/h2>\n<p>&nbsp;<\/p>\n<h3>\u00a0<span style=\"color: #800000;\"><strong>\u00bfQU\u00c9 ES LA INGENIER\u00cdA QU\u00cdMICA?<\/strong><\/span><\/h3>\n<p>La ingenier\u00eda qu\u00edmica es la aplicaci\u00f3n de la ciencia, en particular, qu\u00edmica, f\u00edsica, biolog\u00eda y matem\u00e1tica, al proceso de convertir materias primas o productos qu\u00edmicos en productos m\u00e1s \u00fatiles, aprovechables o de mayor valor.<\/p>\n<p>En t\u00e9rminos m\u00e1s precisos, se puede decir que: <em>Ingenier\u00eda Qu\u00edmica es la rama de la Ingenier\u00eda que se dedica al estudio, s\u00edntesis, desarrollo, dise\u00f1o, operaci\u00f3n y optimizaci\u00f3n de todos aquellos procesos industriales que producen cambios f\u00edsicos, qu\u00edmicos y\/o bioqu\u00edmicos en la materia para obtener productos de mayor valor.<\/em><\/p>\n<p>&nbsp;<\/p>\n<h3><span style=\"color: #800000;\"><strong>VIDEOS<\/strong><\/span><\/h3>\n<p><a href=\"https:\/\/www.youtube.com\/watch?v=I7GXGxmWzrk&amp;feature=youtu.be\" target=\"_blank\" rel=\"noopener noreferrer\"><img decoding=\"async\" loading=\"lazy\" class=\"alignnone wp-image-840\" src=\"https:\/\/www.facet.unt.edu.ar\/ingenieriaquimica\/wp-content\/uploads\/sites\/50\/2017\/07\/video-150x150.png\" alt=\"Una definici\u00f3n de Ingenier\u00eda Qu\u00edmica\" width=\"30\" height=\"30\" \/><\/a>\u00a0\u00a0\u00a0<strong><a href=\"https:\/\/www.youtube.com\/watch?time_continue=4&amp;v=p1tmTh3MXkE\" target=\"_blank\" rel=\"noopener noreferrer\">Video &#8211; Una alumna de la carrera<\/a><\/strong><\/p>\n<p><a href=\"https:\/\/www.youtube.com\/watch?v=I7GXGxmWzrk&amp;feature=youtu.be\" target=\"_blank\" rel=\"noopener noreferrer\"><img decoding=\"async\" loading=\"lazy\" class=\"alignnone wp-image-840\" src=\"https:\/\/www.facet.unt.edu.ar\/ingenieriaquimica\/wp-content\/uploads\/sites\/50\/2017\/07\/video-150x150.png\" alt=\"Una definici\u00f3n de Ingenier\u00eda Qu\u00edmica\" width=\"30\" height=\"30\" \/><\/a>\u00a0\u00a0\u00a0<a href=\"https:\/\/www.youtube.com\/watch?v=4CoxO4MubiY\" target=\"_blank\" rel=\"noopener noreferrer\"><strong>Video &#8211; Una docente de la carrera<\/strong><\/a><\/p>\n<p><a href=\"https:\/\/www.youtube.com\/watch?v=I7GXGxmWzrk&amp;feature=youtu.be\" target=\"_blank\" rel=\"noopener noreferrer\"><img decoding=\"async\" loading=\"lazy\" class=\"alignnone wp-image-840\" src=\"https:\/\/www.facet.unt.edu.ar\/ingenieriaquimica\/wp-content\/uploads\/sites\/50\/2017\/07\/video-150x150.png\" alt=\"Una definici\u00f3n de Ingenier\u00eda Qu\u00edmica\" width=\"30\" height=\"30\" \/><\/a>\u00a0\u00a0\u00a0<a href=\"https:\/\/youtu.be\/UucWUz-AQ5k\" target=\"_blank\" rel=\"noopener noreferrer\"><strong>Video &#8211; Un egresado de la carrera<\/strong><\/a><\/p>\n<p><a href=\"https:\/\/www.youtube.com\/watch?v=I7GXGxmWzrk&amp;feature=youtu.be\" target=\"_blank\" rel=\"noopener noreferrer\"><img decoding=\"async\" loading=\"lazy\" class=\"alignnone wp-image-840\" src=\"https:\/\/www.facet.unt.edu.ar\/ingenieriaquimica\/wp-content\/uploads\/sites\/50\/2017\/07\/video-150x150.png\" alt=\"Una definici\u00f3n de Ingenier\u00eda Qu\u00edmica\" width=\"30\" height=\"30\" \/><\/a>\u00a0\u00a0\u00a0<a href=\"https:\/\/youtu.be\/aEqZXizynX8\" target=\"_blank\" rel=\"noopener\"><strong>Video &#8211; Ingenier\u00eda Qu\u00edmica y la UNT<\/strong><\/a><\/p>\n<p><a href=\"https:\/\/www.youtube.com\/watch?v=I7GXGxmWzrk&amp;feature=youtu.be\" target=\"_blank\" rel=\"noopener noreferrer\"><img decoding=\"async\" loading=\"lazy\" class=\"alignnone wp-image-840\" src=\"https:\/\/www.facet.unt.edu.ar\/ingenieriaquimica\/wp-content\/uploads\/sites\/50\/2017\/07\/video-150x150.png\" alt=\"Una definici\u00f3n de Ingenier\u00eda Qu\u00edmica\" width=\"30\" height=\"30\" \/><\/a>\u00a0\u00a0\u00a0<a href=\"https:\/\/youtu.be\/ZWbIxBkSGBI\" target=\"_blank\" rel=\"noopener noreferrer\"><strong>Video institucional<\/strong><\/a><\/p>\n<p><a href=\"https:\/\/www.youtube.com\/watch?v=bQxC1mp5egk\" target=\"_blank\" rel=\"noopener noreferrer\"><img decoding=\"async\" loading=\"lazy\" class=\"alignnone wp-image-840\" src=\"https:\/\/www.facet.unt.edu.ar\/ingenieriaquimica\/wp-content\/uploads\/sites\/50\/2017\/07\/video-150x150.png\" alt=\"\" width=\"29\" height=\"29\" \/><\/a>\u00a0 <strong><a href=\"https:\/\/www.youtube.com\/watch?v=bQxC1mp5egk\" target=\"_blank\" rel=\"noopener noreferrer\">\u00bfQu\u00e9 es Ingenier\u00eda Qu\u00edmica? Video de la fundaci\u00f3n YPF<\/a><\/strong><\/p>\n<p><a href=\"https:\/\/www.youtube.com\/watch?v=Rp1FjWjCrPc\" target=\"_blank\" rel=\"noopener noreferrer\"><img decoding=\"async\" loading=\"lazy\" class=\"alignnone wp-image-840\" src=\"https:\/\/www.facet.unt.edu.ar\/ingenieriaquimica\/wp-content\/uploads\/sites\/50\/2017\/07\/video-150x150.png\" alt=\"Una definici\u00f3n de Ingenier\u00eda Qu\u00edmica\" width=\"30\" height=\"30\" \/><\/a>\u00a0 <a href=\"https:\/\/www.youtube.com\/watch?v=Rp1FjWjCrPc\" target=\"_blank\" rel=\"noopener noreferrer\"><strong>Micro &#8220;Los No Convencionales&#8221; &#8211; Ingenier\u00eda Qu\u00edmica<\/strong><\/a><\/p>\n<p>&nbsp;<\/p>\n<h3><span style=\"color: #800000;\"><strong>\u00bfQU\u00c9 HACEN LOS INGENIEROS QU\u00cdMICOS?<\/strong><\/span><\/h3>\n<p>Los ingenieros qu\u00edmicos ayudan a resolver algunos\u00a0 de los m\u00e1s dif\u00edciles problemas de hoy: el desarrollo de nuevas fuentes de energ\u00eda, reducci\u00f3n del consumo de energ\u00eda, producci\u00f3n de nuevos materiales, limpieza del medio ambiente,\u00a0 la producci\u00f3n de nuevos f\u00e1rmacos, fertilizantes que se producen para aumentar el suministro de alimentos del mundo, y encontrar maneras de uso de residuos reciclados. Tocan todas nuestras vidas, nuestros alimentos, combustibles, agua potable, ropa, incluso atenci\u00f3n m\u00e9dica.<\/p>\n<p>&nbsp;<\/p>\n<h3><span style=\"color: #800000;\"><strong>ACTIVIDADES ESPEC\u00cdFICAS QUE SE REALIZAN EN LA PROFESI\u00d3N<\/strong><\/span><\/h3>\n<ul>\n<li>Dise\u00f1ar el proceso de transformaci\u00f3n de la materia prima en un producto elaborado de mayor valor agregado<\/li>\n<li>Dimensionamiento de los equipos de la industria de proceso<\/li>\n<li>Evaluaci\u00f3n t\u00e9cnica y econ\u00f3mica del proceso<\/li>\n<li>Dise\u00f1o del control autom\u00e1tico del proceso<\/li>\n<li>Supervisi\u00f3n de la instalaci\u00f3n, puesta en funcionamiento y operaci\u00f3n de equipos y procesos de la planta qu\u00edmica, de acuerdo a normas ecol\u00f3gicas, de higiene y de seguridad<\/li>\n<li>Administraci\u00f3n de recursos humanos, materiales, econ\u00f3micos y financieros de la planta<\/li>\n<li>Control de la producci\u00f3n.<\/li>\n<li>Aplica normas de gesti\u00f3n de la calidad<\/li>\n<li>Elabora, administra y eval\u00faa nuevos proyectos qu\u00edmicos<\/li>\n<li>Estudio, tratamiento y control riguroso de residuos que surjan de los procesos industriales, evaluando el impacto ambiental<\/li>\n<li>Desarrolla m\u00e9todos o procesos para producir industrialmente nuevos productos, desde una en escala de laboratorio siguiendo con la operaci\u00f3n en plantas pilotos hasta llegar a la nivel industrial de producci\u00f3n<\/li>\n<li>Dise\u00f1o de planta en datos te\u00f3ricos y los que surgen de investigaci\u00f3n y desarrollo<\/li>\n<li>En el campo de la investigaci\u00f3n, participa en el desarrollo de nuevos m\u00e9todos de producci\u00f3n, as\u00ed como en la obtenci\u00f3n de nuevos productos<\/li>\n<\/ul>\n<p>El perfil de los Ingenieros Qu\u00edmicos de la Universidad Nacional de Tucum\u00e1n y el alcance del t\u00edtulo los puede consultar <a href=\"https:\/\/www.facet.unt.edu.ar\/ingenieriaquimica\/plan-de-estudios\/actividades-reservadas\/\"><strong>AQU\u00cd<\/strong><\/a>.<\/p>\n<p>&nbsp;<\/p>\n<h3><span style=\"color: #800000;\"><strong>ALGO DE HISTORIA<\/strong><\/span><\/h3>\n<p><span style=\"color: #800000;\"><strong>1843 &#8211; <\/strong><\/span>Norbert Rillieux patenta el evaporador de m\u00faltiple efecto, una unidad cl\u00e1sica de la Ingenier\u00eda Qu\u00edmica<\/p>\n<p><span style=\"color: #800000;\"><strong>1853 &#8211;<\/strong> <\/span>Se extrae kerosene del petr\u00f3leo.<\/p>\n<p><span style=\"color: #800000;\"><strong>1855 &#8211;<\/strong><\/span> Benjam\u00edn Silliman, de New Haven, Connecticut, obtiene productos valiosos por destilaci\u00f3n de petr\u00f3leo.<\/p>\n<p><span style=\"color: #800000;\"><strong>1856 &#8211;<\/strong><\/span> Bessemer desarrolla un proceso para fabricar acero en gran escala.<\/p>\n<p><span style=\"color: #800000;\"><strong>1859<span style=\"color: #800000;\"> &#8211;<\/span><\/strong><\/span> Se perfora el primer pozo comercialmente exitoso de Petr\u00f3leo cerca de Titusville,\u00a0Pennsylvania que marca el inicio de la Industria del petr\u00f3leo; estrechamente ligada al desarrollo de la Ingenier\u00eda Qu\u00edmica hasta el d\u00eda de hoy.<\/p>\n<p><span style=\"color: #800000;\"><strong>1863 &#8211;<\/strong><\/span> Ernest Solvay perfecciona su m\u00e9todo para producir bicarbonato de sodio.<\/p>\n<p><span style=\"color: #800000;\"><strong>1866 &#8211;<\/strong> <\/span>Alfred Nobel desarrolla la Dinamita.<\/p>\n<p><span style=\"color: #800000;\"><strong>1873 &#8211;<\/strong> <\/span>En la universidad de Yale, el f\u00edsico matem\u00e1tico estadounidense Josiah Willard Gibbs, fue el primero en dirigir en los Estados Unidos, una serie de tres escritos desarrollando una metodolog\u00eda matem\u00e1tica para el estudio de sistemas qu\u00edmicos usando la termodin\u00e1mica de Clausius.<\/p>\n<p><span style=\"color: #800000;\"><strong>1888 &#8211;<\/strong> <\/span>Lewis M. Norton introduce un plan de estudios en el Instituto de Tecnolog\u00eda de Massachusetts (MIT) denominado Curso X, Ingenier\u00eda Qu\u00edmica.<\/p>\n<p><span style=\"color: #800000;\"><strong>1901 &#8211;<\/strong> <\/span>George E. Davis publica el <strong>primer Manual del Ingeniero Qu\u00edmico<\/strong> (Handbook of Chemical Engineering), considerado el primer texto de la profesi\u00f3n.<\/p>\n<p><span style=\"color: #800000;\"><strong>1908 &#8211;<\/strong> <\/span>Se funda el Instituto Americano de Ingenieros Qu\u00edmicos (AIChE).<\/p>\n<p><span style=\"color: #800000;\"><strong>1910 &#8211;<\/strong> <\/span>Se produce por primera vez amon\u00edaco sint\u00e9tico usando el proceso Haber en Ludwigshafen, Alemania.<\/p>\n<p><span style=\"color: #800000;\"><strong>1915 &#8211;<\/strong> <\/span>Arthur Little difunde el concepto de <strong>\u201cOperaciones Unitarias<\/strong>\u201d, primer gran paradigma de la Ingenier\u00eda Qu\u00edmica.<\/p>\n<p><span style=\"color: #800000;\"><strong>1919 &#8211;<\/strong> <\/span>Egresa Jos\u00e9 Ignacio D\u00edaz Romero, <span style=\"color: #800000;\"><em><strong>primer ingeniero qu\u00edmico de Argentina<\/strong><\/em><\/span> de la <strong><em><span style=\"color: #800000;\">Universidad Nacional de Tucum\u00e1n<\/span><\/em><\/strong>.<\/p>\n<p><span style=\"color: #800000;\"><strong>1920<\/strong> &#8211;<\/span> Se da inicio al dictado de clases para los primeros cursos de la carrera de ingenier\u00eda qu\u00edmica en la Facultad de Ingenier\u00eda Qu\u00edmica de la Universidad Nacional del Litoral, denominada por ese entonces Facultad de Qu\u00edmica Industrial y Agr\u00edcola.<\/p>\n<p><span style=\"color: #800000;\"><strong>1920 &#8211;<\/strong> <\/span>Ponchon y Savarit presentan el conocido diagrama de \u00a0Entalp\u00eda \u2013 Concentraci\u00f3n para resolver c\u00e1lculos de destilaci\u00f3n.<\/p>\n<p><span style=\"color: #800000;\"><strong>1925 &#8211;<\/strong> <\/span>McCabe y Thiele desarrollan un m\u00e9todo gr\u00e1fico para estimar el n\u00famero de etapas te\u00f3ricas requeridas en una columna de fraccionamiento para mezclas binarias.<\/p>\n<p><span style=\"color: #800000;\"><strong>1934 &#8211;<\/strong>\u00a0<\/span>Se publica la primera edici\u00f3n del \u201cPerry Chemical Engineering Handbook\u201d.<\/p>\n<p><span style=\"color: #800000;\"><strong>1960 &#8211;<\/strong><\/span> Los profesores de Wisconsin\u00a0 Bird, Steward y Lightfoot unifican los conceptos de<strong> transporte de masa, cantidad de movimiento y de energ\u00eda<\/strong>. Su texto \u201cTransport Phenomenon\u201d\u00a0 contin\u00faa siendo un cl\u00e1sico y un fen\u00f3meno en la educaci\u00f3n de los Ingenieros Qu\u00edmicos.<\/p>\n<p><span style=\"color: #800000;\"><strong>1981 &#8211;<\/strong> <\/span>Aparecen los primeros softwares para la simulaci\u00f3n de procesos qu\u00edmicos en PC.<\/p>\n<p>&nbsp;<\/p>\n","protected":false},"excerpt":{"rendered":"<p>ACERCA DE LA INGENIER\u00cdA QU\u00cdMICA &nbsp; \u00a0\u00bfQU\u00c9 ES LA INGENIER\u00cdA QU\u00cdMICA? La ingenier\u00eda qu\u00edmica es la aplicaci\u00f3n de la ciencia, en particular, qu\u00edmica, f\u00edsica, biolog\u00eda y matem\u00e1tica, al proceso de convertir materias primas o productos qu\u00edmicos en productos m\u00e1s \u00fatiles, aprovechables o de mayor valor. En t\u00e9rminos m\u00e1s precisos, se puede decir que: Ingenier\u00eda Qu\u00edmica es [&hellip;]<\/p>\n","protected":false},"author":101029,"featured_media":0,"parent":214,"menu_order":5,"comment_status":"closed","ping_status":"closed","template":"templates\/template-full.php","meta":[],"_links":{"self":[{"href":"https:\/\/www.facet.unt.edu.ar\/ingenieriaquimica\/wp-json\/wp\/v2\/pages\/837"}],"collection":[{"href":"https:\/\/www.facet.unt.edu.ar\/ingenieriaquimica\/wp-json\/wp\/v2\/pages"}],"about":[{"href":"https:\/\/www.facet.unt.edu.ar\/ingenieriaquimica\/wp-json\/wp\/v2\/types\/page"}],"author":[{"embeddable":true,"href":"https:\/\/www.facet.unt.edu.ar\/ingenieriaquimica\/wp-json\/wp\/v2\/users\/101029"}],"replies":[{"embeddable":true,"href":"https:\/\/www.facet.unt.edu.ar\/ingenieriaquimica\/wp-json\/wp\/v2\/comments?post=837"}],"version-history":[{"count":41,"href":"https:\/\/www.facet.unt.edu.ar\/ingenieriaquimica\/wp-json\/wp\/v2\/pages\/837\/revisions"}],"predecessor-version":[{"id":4527,"href":"https:\/\/www.facet.unt.edu.ar\/ingenieriaquimica\/wp-json\/wp\/v2\/pages\/837\/revisions\/4527"}],"up":[{"embeddable":true,"href":"https:\/\/www.facet.unt.edu.ar\/ingenieriaquimica\/wp-json\/wp\/v2\/pages\/214"}],"wp:attachment":[{"href":"https:\/\/www.facet.unt.edu.ar\/ingenieriaquimica\/wp-json\/wp\/v2\/media?parent=837"}],"curies":[{"name":"wp","href":"https:\/\/api.w.org\/{rel}","templated":true}]}}