{"id":925,"date":"2017-08-16T09:40:22","date_gmt":"2017-08-16T12:40:22","guid":{"rendered":"https:\/\/www.facet.unt.edu.ar\/ingenieriaquimica\/?page_id=925"},"modified":"2026-04-09T20:40:20","modified_gmt":"2026-04-09T23:40:20","slug":"materias-optativas","status":"publish","type":"page","link":"https:\/\/www.facet.unt.edu.ar\/ingenieriaquimica\/organizacion\/materias-optativas\/","title":{"rendered":"Materias Optativas"},"content":{"rendered":"<h2 style=\"text-align: center;\"><strong><span style=\"color: #800000;\">MATERIAS OPTATIVAS<\/span><\/strong><\/h2>\n<p>Las asignaturas <strong>optativas<\/strong> son materias obligatorias que el alumno puede elegir dentro de conjunto ofrecido que sirven para cubrir aspectos complementarios o espec\u00edficos de su formaci\u00f3n profesional. La carrera ofrece las siguientes materias optativas:<\/p>\n<p><b><strong>ADMINISTRACI\u00d3N DE PROYECTOS (15_E69)<\/strong><br \/>\n<\/b><strong>URL:<\/strong> <a href=\"https:\/\/facetvirtual.facet.unt.edu.ar\/enrol\/index.php?id=54\" target=\"_blank\" rel=\"noopener noreferrer\">https:\/\/facetvirtual.facet.unt.edu.ar\/enrol\/index.php?id=54<\/a><b><br \/>\n<\/b>Responsable: Ing.\u00a0Walter Weyersall (<a href=\"mailto:wweyerstall@herrera.unt.edu.ar\">wweyerstall@herrera.unt.edu.ar<\/a>)<br \/>\n<strong style=\"color: #800000;\">(se dicta en este cuatrimestre)<\/strong><\/p>\n<p><strong>C<\/strong><strong>ONTROL DE CALIDAD EN AGROINDUSTRIAS DEL NOA (15_QVK)<\/strong><br \/>\n<strong>URL:<\/strong> <a href=\"https:\/\/facetvirtual.facet.unt.edu.ar\/enrol\/index.php?id=280\" target=\"_blank\" rel=\"noopener noreferrer\">https:\/\/facetvirtual.facet.unt.edu.ar\/enrol\/index.php?id=280<\/a><br \/>\nResponsable: Ing. Alejandro \u00c1lvarez (<a href=\"mailto:aalvarez@herrera.unt.edu.ar\">aalvarez@herrera.unt.edu.ar<\/a>)<\/p>\n<p><strong>DISE\u00d1O DE<\/strong><strong>\u00a0PROCESOS PARA CONSERVACI\u00d3N DE LA ENERG\u00cdA (15_QIA)<\/strong><br \/>\n<strong>URL:<\/strong> <a href=\"https:\/\/facetvirtual.facet.unt.edu.ar\/enrol\/index.php?id=266\" target=\"_blank\" rel=\"noopener noreferrer\">https:\/\/facetvirtual.facet.unt.edu.ar\/enrol\/index.php?id=266<\/a><br \/>\nResponsable: Ing. Teresa del Valle \u00danzaga (<a href=\"mailto:tunzaga@herrera.unt.edu.ar\">tunzaga@herrera.unt.edu.ar<\/a>)<\/p>\n<p><b>EVALUACI\u00d3N<\/b><strong> DE IMPACTO AMBIENTAL (15_QVJ)<\/strong><br \/>\n<strong>URL:<\/strong> <a href=\"https:\/\/facetvirtual.facet.unt.edu.ar\/enrol\/index.php?id=48\" target=\"_blank\" rel=\"noopener noreferrer\">https:\/\/facetvirtual.facet.unt.edu.ar\/enrol\/index.php?id=48<\/a><br \/>\nResponsable: Dr. Ricardo Ferrari (<a href=\"mailto:rferrari@herrera.unt.edu.ar\">rferrari@herrera.unt.edu.ar<\/a>)<\/p>\n<p><strong>GESTI\u00d3N DE LA CALIDAD (15_QVB)<\/strong><br \/>\n<strong>URL:<\/strong> <a href=\"https:\/\/facetvirtual.facet.unt.edu.ar\/enrol\/index.php?id=268\" target=\"_blank\" rel=\"noopener noreferrer\">https:\/\/facetvirtual.facet.unt.edu.ar\/enrol\/index.php?id=268<\/a><br \/>\nResponsable: Ing. Mar\u00eda Ber\u00f3nica Apud (<a href=\"mailto:mbapud@herrera.unt.edu.ar\">mbapud@herrera.unt.edu.ar<\/a>)<br \/>\n<strong style=\"color: #800000;\">(se dicta en este cuatrimestre)<\/strong><\/p>\n<p><strong>INDICADORES DE SUSTENTABILIDAD DE PRODUCTOS, PROCESOS Y SERVICIOS INDUSTRIALES<\/strong><br \/>\nURL: <a href=\"https:\/\/facetvirtual.facet.unt.edu.ar\/enrol\/index.php?id=779\">https:\/\/facetvirtual.facet.unt.edu.ar\/enrol\/index.php?id=779<\/a><br \/>\nResponsable: Dr. Lucas Mach\u00edn Ferrero (<a href=\"mailto:lmachinferrero@herrera.unt.edu.ar\">lmachinferrero@herrera.unt.edu.ar<\/a>)<br \/>\n<strong style=\"color: #800000;\">(se dicta en este cuatrimestre)<\/strong><\/p>\n<p><strong>INSTRUMENTACI\u00d3N INDUSTRIAL DE PROCESOS (15_QIN)<\/strong><br \/>\n<strong>URL:\u00a0<\/strong><a href=\"http:\/\/catedras.facet.unt.edu.ar\/iidpr\/\" target=\"_blank\" rel=\"noopener noreferrer\">http:\/\/catedras.facet.unt.edu.ar\/iidpr\/<\/a><br \/>\nResponsable: Dr. Mario R. Cesca (<a href=\"mailto:mcesca@herrera.unt.edu.ar\">mcesca@herrera.unt.edu.ar<\/a>)<\/p>\n<p><strong>MANTENIMIENTO INDUSTRIAL (15_MIN)<\/strong><br \/>\n<strong>URL:<\/strong> <a href=\"https:\/\/facetvirtual.facet.unt.edu.ar\/enrol\/index.php?id=326\" target=\"_blank\" rel=\"noopener\">https:\/\/facetvirtual.facet.unt.edu.ar\/enrol\/index.php?id=326<\/a><br \/>\nResponsable: Ing. Juan Carlos Santana S\u00e1nchez (<a href=\"mailto:jcsantanas@herrera.unt.edu.ar\">jcsantanas@herrera.unt.edu.ar<\/a>)<br \/>\n<strong style=\"color: #800000;\">(se dicta en este cuatrimestre)<\/strong><\/p>\n<p><b>QU\u00cdMICA<\/b><strong> DE LOS ALIMENTOS (15_QIB)<\/strong><br \/>\n<strong>URL:<\/strong> <a href=\"https:\/\/facetvirtual.facet.unt.edu.ar\/enrol\/index.php?id=270\" target=\"_blank\" rel=\"noopener noreferrer\">https:\/\/facetvirtual.facet.unt.edu.ar\/enrol\/index.php?id=270<\/a><br \/>\nResponsable: Dra. Mar\u00eda Laura Tereschuck (<a href=\"mailto:mtereschuk@herrera.unt.edu.ar\">mtereschuk@herrera.unt.edu.ar<\/a> )<\/p>\n<p>&nbsp;<\/p>\n<h3><span style=\"color: #800000;\"><em><strong>NORMATIVA<\/strong><\/em><\/span><\/h3>\n<p>Materias Optativas del Plan de Estudio y correlativas espec\u00edficas (<a href=\"https:\/\/www.facet.unt.edu.ar\/ingenieriaquimica\/wp-content\/uploads\/sites\/50\/2017\/03\/FACET-CD-1185-12-Optativas.pdf\" target=\"_blank\" rel=\"noopener noreferrer\"><strong>Res. 1185-2012<\/strong><\/a><strong> , <a href=\"https:\/\/www.facet.unt.edu.ar\/ingenieriaquimica\/wp-content\/uploads\/sites\/50\/2022\/02\/Res_0222-2021-Opt-Adm-de-Proy.pdf\" target=\"_blank\" rel=\"noopener noreferrer\">Res. 0222-2021<\/a>,<\/strong><strong>\u00a0<a href=\"https:\/\/www.facet.unt.edu.ar\/ingenieriaquimica\/wp-content\/uploads\/sites\/50\/2022\/02\/Res_0280_2021-Opt-RRHH.pdf\" target=\"_blank\" rel=\"noopener noreferrer\">Res. 0280-2021<\/a> \u00a0<a href=\"https:\/\/www.facet.unt.edu.ar\/ingenieriaquimica\/wp-content\/uploads\/sites\/50\/2024\/03\/4_21-03-2024_Resolucion_RES_FACET__DDAC_1854_2024.pdf\" target=\"_blank\" rel=\"noopener\">Res. RES-FACET-DDAC-1854\/2024<\/a><\/strong><strong>\u00a0<\/strong>y <strong><a href=\"https:\/\/www.facet.unt.edu.ar\/ingenieriaquimica\/wp-content\/uploads\/sites\/50\/2026\/03\/5_25-09-2025_Resolucion_RES_FACET__DDAC_14934_2025-Opt-Mantenimiento-Industrial.pdf\">RES-FACET-DDAC-14934\/2025<\/a><\/strong>).<\/p>\n<p>Correlativas Generales <strong><a href=\"https:\/\/www.facet.unt.edu.ar\/ingenieriaquimica\/wp-content\/uploads\/sites\/50\/2017\/03\/Res-1204-2016-correlativas-de-contenido.pdf\" target=\"_blank\" rel=\"noopener noreferrer\">Res. 1204-2016<\/a><\/strong>.<\/p>\n<p>&nbsp;<\/p>\n<p>&nbsp;<\/p>\n","protected":false},"excerpt":{"rendered":"<p>MATERIAS OPTATIVAS Las asignaturas optativas son materias obligatorias que el alumno puede elegir dentro de conjunto ofrecido que sirven para cubrir aspectos complementarios o espec\u00edficos de su formaci\u00f3n profesional. La carrera ofrece las siguientes materias optativas: ADMINISTRACI\u00d3N DE PROYECTOS (15_E69) URL: https:\/\/facetvirtual.facet.unt.edu.ar\/enrol\/index.php?id=54 Responsable: Ing.\u00a0Walter Weyersall (wweyerstall@herrera.unt.edu.ar) (se dicta en este cuatrimestre) CONTROL DE CALIDAD EN AGROINDUSTRIAS [&hellip;]<\/p>\n","protected":false},"author":101029,"featured_media":0,"parent":200,"menu_order":4,"comment_status":"closed","ping_status":"closed","template":"templates\/template-full.php","meta":[],"_links":{"self":[{"href":"https:\/\/www.facet.unt.edu.ar\/ingenieriaquimica\/wp-json\/wp\/v2\/pages\/925"}],"collection":[{"href":"https:\/\/www.facet.unt.edu.ar\/ingenieriaquimica\/wp-json\/wp\/v2\/pages"}],"about":[{"href":"https:\/\/www.facet.unt.edu.ar\/ingenieriaquimica\/wp-json\/wp\/v2\/types\/page"}],"author":[{"embeddable":true,"href":"https:\/\/www.facet.unt.edu.ar\/ingenieriaquimica\/wp-json\/wp\/v2\/users\/101029"}],"replies":[{"embeddable":true,"href":"https:\/\/www.facet.unt.edu.ar\/ingenieriaquimica\/wp-json\/wp\/v2\/comments?post=925"}],"version-history":[{"count":70,"href":"https:\/\/www.facet.unt.edu.ar\/ingenieriaquimica\/wp-json\/wp\/v2\/pages\/925\/revisions"}],"predecessor-version":[{"id":4703,"href":"https:\/\/www.facet.unt.edu.ar\/ingenieriaquimica\/wp-json\/wp\/v2\/pages\/925\/revisions\/4703"}],"up":[{"embeddable":true,"href":"https:\/\/www.facet.unt.edu.ar\/ingenieriaquimica\/wp-json\/wp\/v2\/pages\/200"}],"wp:attachment":[{"href":"https:\/\/www.facet.unt.edu.ar\/ingenieriaquimica\/wp-json\/wp\/v2\/media?parent=925"}],"curies":[{"name":"wp","href":"https:\/\/api.w.org\/{rel}","templated":true}]}}