{"id":101,"date":"2017-06-01T14:19:48","date_gmt":"2017-06-01T17:19:48","guid":{"rendered":"https:\/\/www.facet.unt.edu.ar\/ingindustrial\/?page_id=101"},"modified":"2025-04-25T09:54:16","modified_gmt":"2025-04-25T12:54:16","slug":"contacto","status":"publish","type":"page","link":"https:\/\/www.facet.unt.edu.ar\/ingindustrial\/contacto\/","title":{"rendered":"CONTACTO"},"content":{"rendered":"<h2><span style=\"color: #0000ff;\">Contacto<\/span><\/h2>\n<p>Direcci\u00f3n de Carrera de Ingenier\u00eda Industrial<br \/>\nSecretar\u00eda del Departamento de Ingenier\u00eda de Procesos y Gesti\u00f3n Industrial<br \/>\nAvda. Independencia 1800<br \/>\nBlock 4 \u2013 1\u00b0 Piso<br \/>\n(T4002BLR) San Miguel de Tucum\u00e1n<br \/>\nProvincia de Tucum\u00e1n \u2013 Argentina<\/p>\n<p>Mail: di2@herrera.unt.edu.ar<\/p>\n","protected":false},"excerpt":{"rendered":"<p>Contacto Direcci\u00f3n de Carrera de Ingenier\u00eda Industrial Secretar\u00eda del Departamento de Ingenier\u00eda de Procesos y Gesti\u00f3n Industrial Avda. Independencia 1800 Block 4 \u2013 1\u00b0 Piso (T4002BLR) San Miguel de Tucum\u00e1n Provincia de Tucum\u00e1n \u2013 Argentina Mail: di2@herrera.unt.edu.ar<\/p>\n","protected":false},"author":101024,"featured_media":0,"parent":0,"menu_order":7,"comment_status":"closed","ping_status":"closed","template":"","meta":[],"_links":{"self":[{"href":"https:\/\/www.facet.unt.edu.ar\/ingindustrial\/wp-json\/wp\/v2\/pages\/101"}],"collection":[{"href":"https:\/\/www.facet.unt.edu.ar\/ingindustrial\/wp-json\/wp\/v2\/pages"}],"about":[{"href":"https:\/\/www.facet.unt.edu.ar\/ingindustrial\/wp-json\/wp\/v2\/types\/page"}],"author":[{"embeddable":true,"href":"https:\/\/www.facet.unt.edu.ar\/ingindustrial\/wp-json\/wp\/v2\/users\/101024"}],"replies":[{"embeddable":true,"href":"https:\/\/www.facet.unt.edu.ar\/ingindustrial\/wp-json\/wp\/v2\/comments?post=101"}],"version-history":[{"count":16,"href":"https:\/\/www.facet.unt.edu.ar\/ingindustrial\/wp-json\/wp\/v2\/pages\/101\/revisions"}],"predecessor-version":[{"id":985,"href":"https:\/\/www.facet.unt.edu.ar\/ingindustrial\/wp-json\/wp\/v2\/pages\/101\/revisions\/985"}],"wp:attachment":[{"href":"https:\/\/www.facet.unt.edu.ar\/ingindustrial\/wp-json\/wp\/v2\/media?parent=101"}],"curies":[{"name":"wp","href":"https:\/\/api.w.org\/{rel}","templated":true}]}}