{"id":109,"date":"2017-06-01T14:31:20","date_gmt":"2017-06-01T17:31:20","guid":{"rendered":"https:\/\/www.facet.unt.edu.ar\/ingindustrial\/?page_id=109"},"modified":"2017-06-05T21:05:57","modified_gmt":"2017-06-06T00:05:57","slug":"que-es-la-ingenieria","status":"publish","type":"page","link":"https:\/\/www.facet.unt.edu.ar\/ingindustrial\/que-es-el-ingeniero-industrial\/que-es-la-ingenieria\/","title":{"rendered":"\u00bfQue es la ingenieria?"},"content":{"rendered":"<h2><span style=\"color: #0000ff\"><strong>\u00bfQue es la Ingenier\u00eda?<\/strong><\/span><\/h2>\n<p>La ingenier\u00eda es la profesi\u00f3n en la que el conocimiento de las ciencias matem\u00e1ticas y naturales adquiridas mediante el estudio, la experiencia y la practica, se emplea con buen juicio a fin de desarrollar modos en que se pueden utilizar, de manera optima, materiales, conocimiento, y las fuerzas de la naturaleza en beneficio de la humanidad, en el contexto de condiciones \u00e9ticas, f\u00edsicas, econ\u00f3micas, ambientales, humanas, pol\u00edticas, legales, hist\u00f3ricas y culturales.<\/p>\n<p>La practica de la Ingenier\u00eda comprende el estudio de factibilidad t\u00e9cnico econ\u00f3mico, investigaci\u00f3n, desarrollo e ,innovaci\u00f3n, dise\u00f1o, proyecto, modelaci\u00f3n, construcci\u00f3n, pruebas, optimizaci\u00f3n, evaluaci\u00f3n, gerenciamiento, direcci\u00f3n y operaci\u00f3n de todo tipo de componentes, equipos, maquinas, instalaciones, edificios, obras civiles y sistemas y procesos. Las cuestiones relativas a la seguridad y la preservaci\u00f3n del medio ambiente, constituyen aspectos fundamentales que la practica de la ingenier\u00eda debe observar.<\/p>\n<p><a href=\"https:\/\/www.facet.unt.edu.ar\/ingindustrial\/wp-content\/uploads\/sites\/44\/2017\/06\/ingind.jpg\"><img decoding=\"async\" loading=\"lazy\" class=\"size-medium wp-image-128 aligncenter\" src=\"https:\/\/www.facet.unt.edu.ar\/ingindustrial\/wp-content\/uploads\/sites\/44\/2017\/06\/ingind-300x171.jpg\" alt=\"\" width=\"300\" height=\"171\" srcset=\"https:\/\/www.facet.unt.edu.ar\/ingindustrial\/wp-content\/uploads\/sites\/44\/2017\/06\/ingind-300x171.jpg 300w, https:\/\/www.facet.unt.edu.ar\/ingindustrial\/wp-content\/uploads\/sites\/44\/2017\/06\/ingind.jpg 350w\" sizes=\"(max-width: 300px) 100vw, 300px\" \/><\/a><\/p>\n","protected":false},"excerpt":{"rendered":"<p>\u00bfQue es la Ingenier\u00eda? La ingenier\u00eda es la profesi\u00f3n en la que el conocimiento de las ciencias matem\u00e1ticas y naturales adquiridas mediante el estudio, la experiencia y la practica, se emplea con buen juicio a fin de desarrollar modos en que se pueden utilizar, de manera optima, materiales, conocimiento, y las fuerzas de la naturaleza [&hellip;]<\/p>\n","protected":false},"author":101024,"featured_media":0,"parent":105,"menu_order":0,"comment_status":"closed","ping_status":"closed","template":"","meta":[],"_links":{"self":[{"href":"https:\/\/www.facet.unt.edu.ar\/ingindustrial\/wp-json\/wp\/v2\/pages\/109"}],"collection":[{"href":"https:\/\/www.facet.unt.edu.ar\/ingindustrial\/wp-json\/wp\/v2\/pages"}],"about":[{"href":"https:\/\/www.facet.unt.edu.ar\/ingindustrial\/wp-json\/wp\/v2\/types\/page"}],"author":[{"embeddable":true,"href":"https:\/\/www.facet.unt.edu.ar\/ingindustrial\/wp-json\/wp\/v2\/users\/101024"}],"replies":[{"embeddable":true,"href":"https:\/\/www.facet.unt.edu.ar\/ingindustrial\/wp-json\/wp\/v2\/comments?post=109"}],"version-history":[{"count":6,"href":"https:\/\/www.facet.unt.edu.ar\/ingindustrial\/wp-json\/wp\/v2\/pages\/109\/revisions"}],"predecessor-version":[{"id":329,"href":"https:\/\/www.facet.unt.edu.ar\/ingindustrial\/wp-json\/wp\/v2\/pages\/109\/revisions\/329"}],"up":[{"embeddable":true,"href":"https:\/\/www.facet.unt.edu.ar\/ingindustrial\/wp-json\/wp\/v2\/pages\/105"}],"wp:attachment":[{"href":"https:\/\/www.facet.unt.edu.ar\/ingindustrial\/wp-json\/wp\/v2\/media?parent=109"}],"curies":[{"name":"wp","href":"https:\/\/api.w.org\/{rel}","templated":true}]}}