{"id":160,"date":"2017-06-03T16:53:07","date_gmt":"2017-06-03T19:53:07","guid":{"rendered":"https:\/\/www.facet.unt.edu.ar\/ingindustrial\/?page_id=160"},"modified":"2017-06-03T18:54:46","modified_gmt":"2017-06-03T21:54:46","slug":"1o-ano","status":"publish","type":"page","link":"https:\/\/www.facet.unt.edu.ar\/ingindustrial\/plan-de-estudio\/1o-ano\/","title":{"rendered":"1\u00ba A\u00f1o"},"content":{"rendered":"<h2 style=\"text-align: center\"><strong><span style=\"color: #0000ff\">Primer A\u00f1o<\/span><\/strong><\/h2>\n<h3><strong>MODULO I<\/strong><\/h3>\n<p><a href=\"https:\/\/www.facet.unt.edu.ar\/ingindustrial\/wp-content\/uploads\/sites\/44\/2017\/06\/2012-Fisica-I.pdf\"><span style=\"color: #0000ff\"><strong>FISICA I<\/strong>:<\/span><\/a>\u00a0Introducci\u00f3n. Movimiento del punto material I: din\u00e1mica de la part\u00edcula. Movimiento del punto material II: din\u00e1mica de la part\u00edcula. Impulso lineal y energ\u00eda de una part\u00edcula. Impulso angular de una part\u00edcula. Momento de una fuerza o momento de rotaci\u00f3n. Momento de inercia de una part\u00edcula. Sistemas de part\u00edculas. Din\u00e1mica y est\u00e1tica del cuerpo r\u00edgido. Gravitaci\u00f3n.<\/p>\n<p><a href=\"https:\/\/www.facet.unt.edu.ar\/ingindustrial\/wp-content\/uploads\/sites\/44\/2017\/06\/2012-Calculo-I.pdf\"><span style=\"color: #0000ff\"><strong>CALCULO I<\/strong>:<\/span><\/a>\u00a0Nociones elementales de l\u00f3gica. N\u00fameros. Funciones. L\u00edmites y continuidad. Derivada. Teoremas del c\u00e1lculo diferencial. Aplicaciones de la derivada. Aproximaci\u00f3n polin\u00f3mica de funciones.<\/p>\n<p><a href=\"https:\/\/www.facet.unt.edu.ar\/ingindustrial\/wp-content\/uploads\/sites\/44\/2017\/06\/2012-Algebra-y-GA.pdf\"><span style=\"color: #0000ff\"><strong>\u00c1LGEBRA Y GEOMETR\u00cdA ANAL\u00cdTICA<\/strong>:<\/span><\/a>\u00a0Vectores. Aplicaciones de vectores. C\u00f3nicas. Superficie y l\u00ednea vectores. N\u00fameros complejos.<\/p>\n<p><a href=\"https:\/\/www.facet.unt.edu.ar\/ingindustrial\/wp-content\/uploads\/sites\/44\/2017\/06\/2012-Sistemas-de-Representacion.pdf\"><span style=\"color: #0000ff\"><strong>SISTEMAS DE REPRESENTACI\u00d3N<\/strong>:<\/span><\/a> Introducci\u00f3n. Proyecciones. Perspectivas. Cuerpos con superficies curvas. Seccionamiento de cuerpos. Intersecciones de superficies de revoluci\u00f3n. Cortes a trav\u00e9s de piezas. Nociones de geometr\u00eda descriptiva. Introducci\u00f3n al dise\u00f1o asistido.<\/p>\n<h3><strong>MODULO II<\/strong><\/h3>\n<p><a href=\"https:\/\/www.facet.unt.edu.ar\/ingindustrial\/wp-content\/uploads\/sites\/44\/2017\/06\/2012-Informatica.pdf\"><span style=\"color: #0000ff\"><strong>INFORMATICA<\/strong>:<\/span><\/a> Introducci\u00f3n a los conceptos inform\u00e1ticos. Sistemas operativos. Software de aplicaci\u00f3n bajo entorno Windows. La programaci\u00f3n como metodolog\u00eda de resoluci\u00f3n de problemas. Lenguajes de programaci\u00f3n.<\/p>\n<p><a href=\"https:\/\/www.facet.unt.edu.ar\/ingindustrial\/wp-content\/uploads\/sites\/44\/2017\/06\/2012-Calculo-II.pdf\"><span style=\"color: #0000ff\"><strong>CALCULO II<\/strong>:<\/span><\/a> Integral indefinida. Integral definida. Funciones trascendentes y sus inversas. Integraci\u00f3n. Integrales impropias. Aplicaciones de la integral. Sucesiones. Series de n\u00fameros reales y de potencias.<\/p>\n<p><a href=\"https:\/\/www.facet.unt.edu.ar\/ingindustrial\/wp-content\/uploads\/sites\/44\/2017\/06\/2012-Elementos-de-AL.pdf\"><span style=\"color: #0000ff\"><strong>ELEMENTOS DE ALGEBRA LINEAL<\/strong>:<\/span><\/a> Matrices. Sistemas de ecuaciones lineales. Espacio vectorial. Transformaci\u00f3n lineal. Determinantes. Polinomios. Valores y vectores propios de un operador lineal. Diagonalizaci\u00f3n.<\/p>\n<p><a href=\"https:\/\/www.facet.unt.edu.ar\/ingindustrial\/wp-content\/uploads\/sites\/44\/2017\/06\/2012-Industrial-Fundamentos-de-QG.pdf\"><span style=\"color: #0000ff\"><strong>FUNDAMENTOS DE QU\u00cdMICA GENERAL<\/strong>:<\/span><\/a> Qu\u00edmica. Clasificaci\u00f3n peri\u00f3dica. Estado gaseoso. Estado l\u00edquido. Enlaces qu\u00edmicos. Termodin\u00e1mica. Cin\u00e9tica y equilibrio qu\u00edmico e i\u00f3nico. Electroqu\u00edmica.<\/p>\n<p><a href=\"https:\/\/www.facet.unt.edu.ar\/ingindustrial\/wp-content\/uploads\/sites\/44\/2017\/06\/2012-Fisica-II.pdf\"><span style=\"color: #0000ff\"><strong>F\u00cdSICA II<\/strong>:<\/span><\/a> Mec\u00e1nica de los cuerpos deformables. Oscilaciones. Ondas mec\u00e1nicas. Temperatura y calor. Gases. Termodin\u00e1mica: primer principio. Segundo principio de la termodin\u00e1mica. Cambios de fase. Laboratorio.<\/p>\n","protected":false},"excerpt":{"rendered":"<p>Primer A\u00f1o MODULO I FISICA I:\u00a0Introducci\u00f3n. Movimiento del punto material I: din\u00e1mica de la part\u00edcula. Movimiento del punto material II: din\u00e1mica de la part\u00edcula. Impulso lineal y energ\u00eda de una part\u00edcula. Impulso angular de una part\u00edcula. Momento de una fuerza o momento de rotaci\u00f3n. Momento de inercia de una part\u00edcula. Sistemas de part\u00edculas. Din\u00e1mica y [&hellip;]<\/p>\n","protected":false},"author":101024,"featured_media":0,"parent":91,"menu_order":1,"comment_status":"closed","ping_status":"closed","template":"","meta":[],"_links":{"self":[{"href":"https:\/\/www.facet.unt.edu.ar\/ingindustrial\/wp-json\/wp\/v2\/pages\/160"}],"collection":[{"href":"https:\/\/www.facet.unt.edu.ar\/ingindustrial\/wp-json\/wp\/v2\/pages"}],"about":[{"href":"https:\/\/www.facet.unt.edu.ar\/ingindustrial\/wp-json\/wp\/v2\/types\/page"}],"author":[{"embeddable":true,"href":"https:\/\/www.facet.unt.edu.ar\/ingindustrial\/wp-json\/wp\/v2\/users\/101024"}],"replies":[{"embeddable":true,"href":"https:\/\/www.facet.unt.edu.ar\/ingindustrial\/wp-json\/wp\/v2\/comments?post=160"}],"version-history":[{"count":5,"href":"https:\/\/www.facet.unt.edu.ar\/ingindustrial\/wp-json\/wp\/v2\/pages\/160\/revisions"}],"predecessor-version":[{"id":228,"href":"https:\/\/www.facet.unt.edu.ar\/ingindustrial\/wp-json\/wp\/v2\/pages\/160\/revisions\/228"}],"up":[{"embeddable":true,"href":"https:\/\/www.facet.unt.edu.ar\/ingindustrial\/wp-json\/wp\/v2\/pages\/91"}],"wp:attachment":[{"href":"https:\/\/www.facet.unt.edu.ar\/ingindustrial\/wp-json\/wp\/v2\/media?parent=160"}],"curies":[{"name":"wp","href":"https:\/\/api.w.org\/{rel}","templated":true}]}}