{"id":162,"date":"2017-06-03T16:56:06","date_gmt":"2017-06-03T19:56:06","guid":{"rendered":"https:\/\/www.facet.unt.edu.ar\/ingindustrial\/?page_id=162"},"modified":"2017-06-03T18:59:06","modified_gmt":"2017-06-03T21:59:06","slug":"2-ano","status":"publish","type":"page","link":"https:\/\/www.facet.unt.edu.ar\/ingindustrial\/plan-de-estudio\/2-ano\/","title":{"rendered":"2\u00b0 A\u00f1o"},"content":{"rendered":"<h2 style=\"text-align: center\"><span style=\"color: #0000ff\">Tercer A\u00f1o<\/span><\/h2>\n<h3>MODULO III<\/h3>\n<p><a href=\"https:\/\/www.facet.unt.edu.ar\/ingindustrial\/wp-content\/uploads\/sites\/44\/2017\/06\/2012-Fisica-III.pdf\"><span style=\"color: #0000ff\"><strong>FISICA III:<\/strong><\/span><\/a> Interacciones electrost\u00e1ticas. El campo el\u00e9ctrico. Interacci\u00f3n magn\u00e9tica. Circuitos el\u00e9ctricos de C.C.. Circuitos el\u00e9ctricos de C.A.. Ecuaciones de maxwell y ondas electromagn\u00e9ticas. Sistemas \u00f3pticos: espejos, prismas, medios transparentes. Sistemas \u00f3pticos: lentes y combinaci\u00f3n de lentes. Fen\u00f3menos de superposici\u00f3n: difracci\u00f3n, interferencia y polarizaci\u00f3n.<\/p>\n<p><a href=\"https:\/\/www.facet.unt.edu.ar\/ingindustrial\/wp-content\/uploads\/sites\/44\/2017\/06\/2012-Calculo-III.pdf\"><span style=\"color: #0000ff\"><strong>CALCULO III:<\/strong><\/span><\/a> Funciones de varias variables. Vectores y campos vectoriales. C\u00e1lculo diferencial de funciones de varias variables. Extremos de funciones de varias variables. Integrales de funciones de varias variables. Integrales curvil\u00edneas. Integrales de superficie.<\/p>\n<p><span style=\"color: #0000ff\"><strong><a href=\"https:\/\/www.facet.unt.edu.ar\/ingindustrial\/wp-content\/uploads\/sites\/44\/2017\/06\/2012-Industrial-Economia.pdf\">ECONOM\u00cdA<\/a>:<\/strong><\/span> Introducci\u00f3n: que es y qu\u00e9 estudia la econom\u00eda. La Oferta y la demanda en el mercado. La Empresa. Los precios. Las variaciones de los precios en general o del nivel general de los precios. Tipos de ingresos, velocidad de circulaci\u00f3n del dinero, inter\u00e9s, el multiplicador y la base monetaria. El producto real y sus variaciones en el tiempo. An\u00e1lisis de una econom\u00eda abierta.<\/p>\n<p><a href=\"https:\/\/www.facet.unt.edu.ar\/ingindustrial\/wp-content\/uploads\/sites\/44\/2017\/06\/2012-Industrial-Estabilidad-y-Resistencia-de-Materiales.pdf\"><strong><span style=\"color: #0000ff\">ESTABILIDAD Y RESISTENCIA DE MATERIALES:<\/span><\/strong><\/a> Equilibrio de cuerpos r\u00edgidos y de estructuras isost\u00e1ticas en el plano. Cargas est\u00e1ticas que act\u00faan sobre las estructuras. Tipo de solicitaciones que estas cargas producen (determinaci\u00f3n y representaci\u00f3n de esfuerzos de secci\u00f3n). Propiedades geom\u00e9tricas de secciones y mec\u00e1nicas de materiales necesarias desde el punto de vista estructural. Verificaci\u00f3n de la seguridad de los elementos estructurales para los distintos tipos de esfuerzos.<\/p>\n<p><a href=\"https:\/\/www.facet.unt.edu.ar\/ingindustrial\/wp-content\/uploads\/sites\/44\/2017\/06\/2012-Industrial-Introduccion-a-la-Ing-Industrial.pdf\"><span style=\"color: #0000ff\"><strong>INTRODUCCI\u00d3N A LA INGENIER\u00cdA INDUSTRIAL:<\/strong><\/span><\/a> Perfil e incumbencias del Ing. Industrial. Plan de formaci\u00f3n. Sistemas. Empresa. Proyecto. Concepto econ\u00f3mico y su terminolog\u00eda. Organizaci\u00f3n. Ciclo de obtenci\u00f3n e inversi\u00f3n de capitales. Clientes. Ventas. Gastos. Caja. Inventario. Producto en proceso y terminado. Materia prima. Equipamiento. Proveedores. Empleados. Accionistas. Patrimonio. Activo. Pasivo. Balance general. An\u00e1lisis financiero. Impuestos. Inter\u00e9s compuesto. Estudio econ\u00f3mico. Costos de Producci\u00f3n, de Administraci\u00f3n, de Venta, Financieros. Inversi\u00f3n. Depreciaciones. Capital de trabajo. Beneficios. Estudios econ\u00f3micos de plantas industriales. Costos totales de la empresa. Electricidad. Materia prima. Combustible. Agua. Mano de obra. Mantenimiento. Maquinaria y equipos. Obra civil. Recursos Humanos. Medio Ambiente. Leyes de Promoci\u00f3n Industrial. Situaci\u00f3n de la Industria en Tucum\u00e1n. Direcci\u00f3n de Industria y Miner\u00eda<br \/>\nPlaneamiento y control de Producci\u00f3n. Plantas industriales. Duraci\u00f3n de un proyecto. Diagramas.<\/p>\n<h3>MODULO IV<\/h3>\n<p><a href=\"https:\/\/www.facet.unt.edu.ar\/ingindustrial\/wp-content\/uploads\/sites\/44\/2017\/06\/2012-Industrial-QU\u00cdMICA-ORGANICA.pdf\"><span style=\"color: #0000ff\"><strong>QU\u00cdMICA ORGANICA:<\/strong><\/span><\/a> La qu\u00edmica org\u00e1nica. Hidrocarburos alif\u00e1ticos saturados. Compuestos arom\u00e1ticos. Alcoholes. Aldeh\u00eddos y cetonas, alif\u00e1ticos y arom\u00e1ticos. \u00c1cidos carbox\u00edlicos. L\u00edpidos. Hidratos de Carbono. Aminas alif\u00e1ticas y arom\u00e1ticas. Amino\u00e1cidos. Pol\u00edmeros.<\/p>\n<p><a href=\"https:\/\/www.facet.unt.edu.ar\/ingindustrial\/wp-content\/uploads\/sites\/44\/2017\/06\/2012-Prob-y-Estad.pdf\"><span style=\"color: #0000ff\"><strong>PROBABILIDAD Y ESTAD\u00cdSTICA:<\/strong><\/span><\/a> Estad\u00edstica descriptiva. Concepto de probabilidad. Modelos de distribuci\u00f3n de probabilidad. Variables aleatorias con nombres propios. Distribuci\u00f3n de funciones de variables aleatorias. Introducci\u00f3n a la inferencia estad\u00edstica. Estimaci\u00f3n. Pruebas de hip\u00f3tesis. Regresi\u00f3n lineal simple. Control de calidad. Introducci\u00f3n al dise\u00f1o de experimento.<\/p>\n<p><a href=\"https:\/\/www.facet.unt.edu.ar\/ingindustrial\/wp-content\/uploads\/sites\/44\/2017\/06\/2012-Industrial-Ciencia-de-los-Materiales.pdf\"><strong><span style=\"color: #0000ff\">CIENCIA DE LOS MATERIALES:<\/span><\/strong><\/a> Introducci\u00f3n. Propiedades mec\u00e1nicas. Ordenamiento at\u00f3mico en los materiales y propiedades seg\u00fan el tipo de uni\u00f3n. Tipos de s\u00f3lidos. S\u00f3lidos cristalinos. Elementos de cristalograf\u00eda. Estructuras comunes en metales. Defectos cristalinos y difusi\u00f3n. Propiedades pl\u00e1sticas. Diagramas de fases. Sistema hierro-carbono. Materiales cer\u00e1micos. Pol\u00edmeros. Corrosi\u00f3n. Materiales compuestos.<\/p>\n<p><a href=\"https:\/\/www.facet.unt.edu.ar\/ingindustrial\/wp-content\/uploads\/sites\/44\/2017\/06\/2012-Calculo-IV.pdf\"><strong><span style=\"color: #0000ff\">CALCULO IV:<\/span><\/strong><\/a> Ecuaciones diferenciales ordinarias. Ecuaciones diferenciales ordinarias de primer orden. Ecuaciones diferenciales lineales con coeficientes constantes. Sistemas de ecuaciones diferenciales lineales. Series de Fourier. Ecuaciones diferenciales parciales.<\/p>\n","protected":false},"excerpt":{"rendered":"<p>Tercer A\u00f1o MODULO III FISICA III: Interacciones electrost\u00e1ticas. El campo el\u00e9ctrico. Interacci\u00f3n magn\u00e9tica. Circuitos el\u00e9ctricos de C.C.. Circuitos el\u00e9ctricos de C.A.. Ecuaciones de maxwell y ondas electromagn\u00e9ticas. Sistemas \u00f3pticos: espejos, prismas, medios transparentes. Sistemas \u00f3pticos: lentes y combinaci\u00f3n de lentes. Fen\u00f3menos de superposici\u00f3n: difracci\u00f3n, interferencia y polarizaci\u00f3n. CALCULO III: Funciones de varias variables. Vectores y [&hellip;]<\/p>\n","protected":false},"author":101024,"featured_media":0,"parent":91,"menu_order":2,"comment_status":"closed","ping_status":"closed","template":"","meta":[],"_links":{"self":[{"href":"https:\/\/www.facet.unt.edu.ar\/ingindustrial\/wp-json\/wp\/v2\/pages\/162"}],"collection":[{"href":"https:\/\/www.facet.unt.edu.ar\/ingindustrial\/wp-json\/wp\/v2\/pages"}],"about":[{"href":"https:\/\/www.facet.unt.edu.ar\/ingindustrial\/wp-json\/wp\/v2\/types\/page"}],"author":[{"embeddable":true,"href":"https:\/\/www.facet.unt.edu.ar\/ingindustrial\/wp-json\/wp\/v2\/users\/101024"}],"replies":[{"embeddable":true,"href":"https:\/\/www.facet.unt.edu.ar\/ingindustrial\/wp-json\/wp\/v2\/comments?post=162"}],"version-history":[{"count":4,"href":"https:\/\/www.facet.unt.edu.ar\/ingindustrial\/wp-json\/wp\/v2\/pages\/162\/revisions"}],"predecessor-version":[{"id":236,"href":"https:\/\/www.facet.unt.edu.ar\/ingindustrial\/wp-json\/wp\/v2\/pages\/162\/revisions\/236"}],"up":[{"embeddable":true,"href":"https:\/\/www.facet.unt.edu.ar\/ingindustrial\/wp-json\/wp\/v2\/pages\/91"}],"wp:attachment":[{"href":"https:\/\/www.facet.unt.edu.ar\/ingindustrial\/wp-json\/wp\/v2\/media?parent=162"}],"curies":[{"name":"wp","href":"https:\/\/api.w.org\/{rel}","templated":true}]}}