{"id":164,"date":"2017-06-03T16:58:35","date_gmt":"2017-06-03T19:58:35","guid":{"rendered":"https:\/\/www.facet.unt.edu.ar\/ingindustrial\/?page_id=164"},"modified":"2017-06-06T20:21:48","modified_gmt":"2017-06-06T23:21:48","slug":"3-ano","status":"publish","type":"page","link":"https:\/\/www.facet.unt.edu.ar\/ingindustrial\/plan-de-estudio\/3-ano\/","title":{"rendered":"3\u00b0 A\u00f1o"},"content":{"rendered":"<h2 style=\"text-align: center\">Tercer A\u00f1o<\/h2>\n<h3>MODULO V<\/h3>\n<p><a href=\"https:\/\/www.facet.unt.edu.ar\/ingindustrial\/wp-content\/uploads\/sites\/44\/2017\/06\/2012-Industrial-Fenomenos-de-Transferencia.pdf\"><strong><span style=\"color: #0000ff\">FEN\u00d3MENOS DE TRANSFERENCIA:<\/span><\/strong><\/a> Dimensiones. Las ecuaciones del transporte molecular. Principios de transferencia de cantidad de movimiento. Transferencia de calor. Transferencia de materia.<\/p>\n<p><a href=\"https:\/\/www.facet.unt.edu.ar\/ingindustrial\/wp-content\/uploads\/sites\/44\/2017\/06\/2012-Industrial-Termodinamica-y-maq-termicas.pdf\"><span style=\"color: #0000ff\"><b>TERMODIN\u00c1MICA<\/b><\/span><strong><span style=\"color: #0000ff\">\u00a0Y MAQUINAS T\u00c9RMICAS:<\/span><\/strong><\/a> Termodin\u00e1mica. Sistemas termodin\u00e1micos. Variables de estado. Cambio de estado termodin\u00e1mico. El primer principio de la termodin\u00e1mica. Calculo de la energ\u00eda interna y de la entalpia. Entrop\u00eda. Diagramas entr\u00f3picos. Cambios de estado reversibles en sustancias puras. Energ\u00eda. Anergia. El segundo principio de la termodin\u00e1mica. Procesos c\u00edclicos. Procesos reactivos. Combusti\u00f3n. Valores caracter\u00edsticos de un motor. La preparaci\u00f3n de la mezcla en los motores de ciclo Otto. El encendido de la mezcla en los motores Otto. El motor di\u00e9sel. La distribuci\u00f3n de los motores de C.I. Prueba de los motores de C.I. Las turbinas de gas. Los motores de combusti\u00f3n externa.<\/p>\n<p><a href=\"https:\/\/www.facet.unt.edu.ar\/ingindustrial\/wp-content\/uploads\/sites\/44\/2017\/06\/2012-Industrial-Electrotecnia-e-Instalaciones-Electricas.pdf\"><strong><span style=\"color: #0000ff\">ELECTROTECNIA E INSTALACIONES EL\u00c9CTRICAS:<\/span><\/strong><\/a> Magnitudes el\u00e9ctricas. Sistema de unidades. Ley de Coulomb. Campo el\u00e9ctrico. Diferencia de potencial. Corriente el\u00e9ctrica. Potencia y energ\u00eda. Elementos de un circuito. Kirchoff. Corrientes alternas. Forma de onda. Tensiones y corrientes senoidales. Notaci\u00f3n fasorial. Resonancia. Potencia (activa, aparente, reactiva) Factor de potencia Sistemas trif\u00e1sicos. Instrumentos el\u00e9ctricos. \u00d3hmetros, Amper\u00edmetros, Volt\u00edmetros. Wat\u00edmetros. Mediciones el\u00e9ctricas. Medici\u00f3n de potencia trif\u00e1sica. M\u00e9todo de los dos wat\u00edmetros. Circuitos magn\u00e9ticos. El transformador P\u00e9rdidas Regulaci\u00f3n y rendimiento. Ensayos M\u00e1quinas asincr\u00f3nicas. M\u00e1quina sincr\u00f3nica. Instalaciones el\u00e9ctricas Alimentaci\u00f3n en baja y media tensi\u00f3n Protecci\u00f3n de cables &#8211; Sistema de distribuci\u00f3n de energ\u00eda Protecci\u00f3n personal Fallas en las instalaciones el\u00e9ctricas. Puesta a tierra.<\/p>\n<p><a href=\"https:\/\/www.facet.unt.edu.ar\/ingindustrial\/wp-content\/uploads\/sites\/44\/2017\/06\/2012-Industrial-Organizacion-de-empresas-I.pdf\"><strong><span style=\"color: #0000ff\">ORGANIZACI\u00d3N DE EMPRESAS I:<\/span><\/strong><\/a> Las Organizaciones. La empresa y su entorno. Administraci\u00f3n. Organizaci\u00f3n de la empresa. Los procesos. Decisi\u00f3n, Planificaci\u00f3n, Ejecuci\u00f3n y Control. Contabilidad para la Gesti\u00f3n. Costos para la gesti\u00f3n. M\u00e9todos de costeo. Costos para la toma de decisiones. Costos de Mano de Obra, de Distribuci\u00f3n y de Almacenamiento.<\/p>\n<h3>MODULO VI<\/h3>\n<p><a href=\"https:\/\/www.facet.unt.edu.ar\/ingindustrial\/wp-content\/uploads\/sites\/44\/2017\/06\/2012-Industrial-Mecanica-y-mecanismos.pdf\"><span style=\"color: #0000ff\"><strong>MEC\u00c1NICA Y MECANISMOS:<\/strong><\/span><\/a> Cinem\u00e1tica. Movimiento plano. Composici\u00f3n de varios movimientos. Din\u00e1mica. Impulso y cantidad de movimiento. Movimiento Peri\u00f3dico. Elementos de maquinas. \u00d3rganos de uni\u00f3n. Ejes y \u00e1rboles. Uniones de \u00e1rboles y cubos. Cojinetes de deslizamiento, tipos, funcionamiento. Cojinetes de Rodadura. Trasmisi\u00f3n de potencia por \u00f3rganos flexibles. Cadenas de rodillos. Trasmisiones con ruedas dentadas. Relaciones de trasmisi\u00f3n. Comparaci\u00f3n y combinaci\u00f3n de sistemas de trasmisi\u00f3n de potencia mec\u00e1nica.<\/p>\n<p><a href=\"https:\/\/www.facet.unt.edu.ar\/ingindustrial\/wp-content\/uploads\/sites\/44\/2017\/06\/2012-Industrial-Ingenieria-ambiental.pdf\"><strong><span style=\"color: #0000ff\">INGENIER\u00cdA AMBIENTAL:<\/span><\/strong><\/a> Modificaciones ambientales antr\u00f3picas. Contaminaci\u00f3n atmosf\u00e9rica. Tratamiento de emisiones gaseosas. Contaminaci\u00f3n de aguas de origen f\u00edsico, qu\u00edmico y biol\u00f3gico. Potabilizaci\u00f3n. Tratamiento de aguas residuales. Contaminaci\u00f3n del suelo. Tratamiento de residuos s\u00f3lidos. Impacto Ambiental. Leyes y normas ambientales.<\/p>\n<p><a href=\"https:\/\/www.facet.unt.edu.ar\/ingindustrial\/wp-content\/uploads\/sites\/44\/2017\/06\/2012-Industrial-Organizacion-de-empresas-II.pdf\"><span style=\"color: #0000ff\"><strong>ORGANIZACI\u00d3N DE EMPRESAS II:<\/strong><\/span><\/a> Mercadotecnia y Gesti\u00f3n del Valor. Concepci\u00f3n Industrial. Las obligaciones de la empresa. Gesti\u00f3n de Proyectos. Reingenier\u00eda. Toma de Decisiones empresariales y Tableros de Comando. Presupuesto y Planificaci\u00f3n. Comercializaci\u00f3n. Administraci\u00f3n Financiera.<\/p>\n<p><a href=\"https:\/\/www.facet.unt.edu.ar\/ingindustrial\/wp-content\/uploads\/sites\/44\/2017\/06\/2012-Industrial-Operaciones-Industriales.pdf\"><span style=\"color: #0000ff\"><strong>OPERACIONES INDUSTRIALES:<\/strong><\/span><\/a> Movimiento de un fluido en ca\u00f1er\u00edas: C\u00e1lculo de la ca\u00edda de presi\u00f3n, caudales, di\u00e1metros de ca\u00f1er\u00eda y potencia. Bombas centr\u00edfugas. Din\u00e1mica de la part\u00edcula. Circulaci\u00f3n de fluidos a trav\u00e9s de lechos porosos. Procesos de separaci\u00f3n por etapas. Evaporadores. Operaciones de secado.<\/p>\n<p><a href=\"https:\/\/www.facet.unt.edu.ar\/ingindustrial\/wp-content\/uploads\/sites\/44\/2017\/06\/2012-Industrial-Suficiencia-Ingles.pdf\"><strong><span style=\"color: #0000ff\">PRUEBA DE SUFICIENCIA EN IDIOMA INGL\u00c9S:<\/span><\/strong><\/a> La lectura- Estrategias de comprensi\u00f3n lectora. La oraci\u00f3n en Ingl\u00e9s. \u201cSimple Present\u201d. \u201cSimple Past\u201d. Portadores de Tiempo Futuro. \u201cBE\u201d como auxiliar. Grados comparativo y superlativo de adjetivos y adverbios. \u201cHave\/ Has + participio\u201d. Oraciones condicionales. Infinitivo.<\/p>\n","protected":false},"excerpt":{"rendered":"<p>Tercer A\u00f1o MODULO V FEN\u00d3MENOS DE TRANSFERENCIA: Dimensiones. Las ecuaciones del transporte molecular. Principios de transferencia de cantidad de movimiento. Transferencia de calor. Transferencia de materia. TERMODIN\u00c1MICA\u00a0Y MAQUINAS T\u00c9RMICAS: Termodin\u00e1mica. Sistemas termodin\u00e1micos. Variables de estado. Cambio de estado termodin\u00e1mico. El primer principio de la termodin\u00e1mica. Calculo de la energ\u00eda interna y de la entalpia. Entrop\u00eda. [&hellip;]<\/p>\n","protected":false},"author":101024,"featured_media":0,"parent":91,"menu_order":3,"comment_status":"closed","ping_status":"closed","template":"","meta":[],"_links":{"self":[{"href":"https:\/\/www.facet.unt.edu.ar\/ingindustrial\/wp-json\/wp\/v2\/pages\/164"}],"collection":[{"href":"https:\/\/www.facet.unt.edu.ar\/ingindustrial\/wp-json\/wp\/v2\/pages"}],"about":[{"href":"https:\/\/www.facet.unt.edu.ar\/ingindustrial\/wp-json\/wp\/v2\/types\/page"}],"author":[{"embeddable":true,"href":"https:\/\/www.facet.unt.edu.ar\/ingindustrial\/wp-json\/wp\/v2\/users\/101024"}],"replies":[{"embeddable":true,"href":"https:\/\/www.facet.unt.edu.ar\/ingindustrial\/wp-json\/wp\/v2\/comments?post=164"}],"version-history":[{"count":6,"href":"https:\/\/www.facet.unt.edu.ar\/ingindustrial\/wp-json\/wp\/v2\/pages\/164\/revisions"}],"predecessor-version":[{"id":397,"href":"https:\/\/www.facet.unt.edu.ar\/ingindustrial\/wp-json\/wp\/v2\/pages\/164\/revisions\/397"}],"up":[{"embeddable":true,"href":"https:\/\/www.facet.unt.edu.ar\/ingindustrial\/wp-json\/wp\/v2\/pages\/91"}],"wp:attachment":[{"href":"https:\/\/www.facet.unt.edu.ar\/ingindustrial\/wp-json\/wp\/v2\/media?parent=164"}],"curies":[{"name":"wp","href":"https:\/\/api.w.org\/{rel}","templated":true}]}}