{"id":166,"date":"2017-06-03T17:01:30","date_gmt":"2017-06-03T20:01:30","guid":{"rendered":"https:\/\/www.facet.unt.edu.ar\/ingindustrial\/?page_id=166"},"modified":"2017-06-03T19:06:55","modified_gmt":"2017-06-03T22:06:55","slug":"4-ano","status":"publish","type":"page","link":"https:\/\/www.facet.unt.edu.ar\/ingindustrial\/plan-de-estudio\/4-ano\/","title":{"rendered":"4\u00b0 A\u00f1o"},"content":{"rendered":"<h2 style=\"text-align: center\"><span style=\"color: #0000ff\">Cuarto A\u00f1o<\/span><\/h2>\n<h3>MODULO VII<\/h3>\n<p><a href=\"https:\/\/www.facet.unt.edu.ar\/ingindustrial\/wp-content\/uploads\/sites\/44\/2017\/06\/2012-Industrial-Hig-y-Seg-Laboral.pdf\"><span style=\"color: #0000ff\"><strong>HIGIENE Y SEGURIDAD LABORAL:<\/strong><\/span><\/a> Introducci\u00f3n a las Condiciones y Medio Ambiente de Trabajo (CYMAT). El medio ambiente f\u00edsico de trabajo. Contaminantes qu\u00edmicos y biol\u00f3gicos. La carga de trabajo. La organizaci\u00f3n del trabajo. Las condiciones de seguridad. Elementos de protecci\u00f3n personal. Leyes y normas en relaci\u00f3n a la higiene y seguridad en el Trabajo.<\/p>\n<p><a href=\"https:\/\/www.facet.unt.edu.ar\/ingindustrial\/wp-content\/uploads\/sites\/44\/2017\/06\/2012-Industrial-Procesos-Industriales.pdf\"><span style=\"color: #0000ff\"><strong>PROCESOS INDUSTRIALES:<\/strong><\/span><\/a> Balances de materia y energ\u00eda. Sistemas de Procesos Industriales. An\u00e1lisis de procesos y operaciones t\u00edpicas.<\/p>\n<p><a href=\"https:\/\/www.facet.unt.edu.ar\/ingindustrial\/wp-content\/uploads\/sites\/44\/2017\/06\/2012-Industrial-Tecnologia-y-Procesos-de-Produccion.pdf\"><span style=\"color: #0000ff\"><strong>TECNOLOG\u00cdA Y PROCESOS DE PRODUCCI\u00d3N:<\/strong> <\/span><\/a>Metalurgia Extractiva y Acero. Cobre. Aluminio. Fundici\u00f3n de Metales. Vidrio. Conformado de materiales pl\u00e1sticos. Metalurgia de Polvos. Materiales cer\u00e1micos. Formado de Metales.<\/p>\n<p><a href=\"https:\/\/www.facet.unt.edu.ar\/ingindustrial\/wp-content\/uploads\/sites\/44\/2017\/06\/2012-Industrial-Investigaci\u00f3n-Operativa.pdf\"><span style=\"color: #0000ff\"><strong>INVESTIGACI\u00d3N OPERATIVA:<\/strong><\/span><\/a> Introducci\u00f3n a la investigaci\u00f3n operativa. Programaci\u00f3n lineal. M\u00e9todo simplex y problema dual. Programaci\u00f3n por camino cr\u00edtico. Modelos de colas. An\u00e1lisis de decisiones. Resoluci\u00f3n de problemas tipo taller.<\/p>\n<h3>MODULO VIII<\/h3>\n<p><a href=\"https:\/\/www.facet.unt.edu.ar\/ingindustrial\/wp-content\/uploads\/sites\/44\/2017\/06\/2012-Industrial-Sistemas-Informaticos-Industriales.pdf\"><span style=\"color: #0000ff\"><strong>SISTEMAS INFORM\u00c1TICOS INDUSTRIALES:<\/strong> <\/span><\/a>Teor\u00eda de los sistemas. Sistemas embebidos o empotrados. Sistemas operativos &#8211; introducci\u00f3n &#8211; clasificaci\u00f3n. Redes de datos &#8211; diferentes tipos. Partes constitutivas de un sistema de supervisi\u00f3n y control. Software para sistemas de tiempo real. Medios de enlace industriales. Protocolos de comunicaciones industriales. Configuraci\u00f3n de un sistema supervisorio.<\/p>\n<p><a href=\"https:\/\/www.facet.unt.edu.ar\/ingindustrial\/wp-content\/uploads\/sites\/44\/2017\/06\/2012-Industrial-Electronica-Industrial.pdf\"><strong><span style=\"color: #0000ff\">ELECTR\u00d3NICA INDUSTRIAL:<\/span><\/strong><\/a> Introducci\u00f3n a la electr\u00f3nica. Diodo semiconductor. Transistor bipolar. Transistores unipolares. Fuentes de alimentaci\u00f3n. Respuesta en frecuencia. Realimentaci\u00f3n. Amplificadores operacionales. Introducci\u00f3n a la teor\u00eda de control. Rectificadores realimentados. Dispositivos fotoel\u00e9ctricos ldr. Led, ired.<\/p>\n<p><a href=\"https:\/\/www.facet.unt.edu.ar\/ingindustrial\/wp-content\/uploads\/sites\/44\/2017\/06\/2012-Industrial-Organizacion-Industrial.pdf\"><span style=\"color: #0000ff\"><strong>ORGANIZACI\u00d3N INDUSTRIAL:<\/strong><\/span><\/a> Organizaci\u00f3n Industrial. Autoridad &#8211; Responsabilidad &#8211; Deber. Planeamiento y control de producci\u00f3n. Selecci\u00f3n y renovaci\u00f3n de equipos. Diagrama P.G. Balanceo de l\u00ednea. Estudio de m\u00e9todos de trabajo. Medici\u00f3n del trabajo. Edificios industriales. Clasificaci\u00f3n de las industrias.<\/p>\n","protected":false},"excerpt":{"rendered":"<p>Cuarto A\u00f1o MODULO VII HIGIENE Y SEGURIDAD LABORAL: Introducci\u00f3n a las Condiciones y Medio Ambiente de Trabajo (CYMAT). El medio ambiente f\u00edsico de trabajo. Contaminantes qu\u00edmicos y biol\u00f3gicos. La carga de trabajo. La organizaci\u00f3n del trabajo. Las condiciones de seguridad. Elementos de protecci\u00f3n personal. Leyes y normas en relaci\u00f3n a la higiene y seguridad en [&hellip;]<\/p>\n","protected":false},"author":101024,"featured_media":0,"parent":91,"menu_order":4,"comment_status":"closed","ping_status":"closed","template":"","meta":[],"_links":{"self":[{"href":"https:\/\/www.facet.unt.edu.ar\/ingindustrial\/wp-json\/wp\/v2\/pages\/166"}],"collection":[{"href":"https:\/\/www.facet.unt.edu.ar\/ingindustrial\/wp-json\/wp\/v2\/pages"}],"about":[{"href":"https:\/\/www.facet.unt.edu.ar\/ingindustrial\/wp-json\/wp\/v2\/types\/page"}],"author":[{"embeddable":true,"href":"https:\/\/www.facet.unt.edu.ar\/ingindustrial\/wp-json\/wp\/v2\/users\/101024"}],"replies":[{"embeddable":true,"href":"https:\/\/www.facet.unt.edu.ar\/ingindustrial\/wp-json\/wp\/v2\/comments?post=166"}],"version-history":[{"count":4,"href":"https:\/\/www.facet.unt.edu.ar\/ingindustrial\/wp-json\/wp\/v2\/pages\/166\/revisions"}],"predecessor-version":[{"id":256,"href":"https:\/\/www.facet.unt.edu.ar\/ingindustrial\/wp-json\/wp\/v2\/pages\/166\/revisions\/256"}],"up":[{"embeddable":true,"href":"https:\/\/www.facet.unt.edu.ar\/ingindustrial\/wp-json\/wp\/v2\/pages\/91"}],"wp:attachment":[{"href":"https:\/\/www.facet.unt.edu.ar\/ingindustrial\/wp-json\/wp\/v2\/media?parent=166"}],"curies":[{"name":"wp","href":"https:\/\/api.w.org\/{rel}","templated":true}]}}