{"id":581,"date":"2021-03-24T19:38:21","date_gmt":"2021-03-24T22:38:21","guid":{"rendered":"https:\/\/www.facet.unt.edu.ar\/ingindustrial\/?page_id=581"},"modified":"2024-09-26T18:19:02","modified_gmt":"2024-09-26T21:19:02","slug":"direccion","status":"publish","type":"page","link":"https:\/\/www.facet.unt.edu.ar\/ingindustrial\/organigrama\/direccion\/","title":{"rendered":"Direcci\u00f3n"},"content":{"rendered":"<h2>Directora de Carrera:<\/h2>\n<p>Paula Araujo<\/p>\n<h2>Comisi\u00f3n acad\u00e9mica:<\/h2>\n<p><b>ESTAMENTO TITULARES Y ASOCIADOS<\/b><\/p>\n<p>Nancy Alves<\/p>\n<p>Julio Rodr\u00edguez Rey<\/p>\n<p><b>ESTAMENTO ADJUNTOS<\/b><\/p>\n<p>Eli Bello<\/p>\n<p>Adolfo \u00c1vila<\/p>\n<p><b>ESTAMENTO ADG y JTP<\/b><\/p>\n<p>Pablo Jeger<\/p>\n<p>Pablo \u00c1lvarez<\/p>\n<p><b>Estudiantes<\/b><\/p>\n<p>Graciela Fernanda Flores<\/p>\n<p>Carlos Nicol\u00e1s Cabrera Araoz<\/p>\n<p>&nbsp;<\/p>\n","protected":false},"excerpt":{"rendered":"<p>Directora de Carrera: Paula Araujo Comisi\u00f3n acad\u00e9mica: ESTAMENTO TITULARES Y ASOCIADOS Nancy Alves Julio Rodr\u00edguez Rey ESTAMENTO ADJUNTOS Eli Bello Adolfo \u00c1vila ESTAMENTO ADG y JTP Pablo Jeger Pablo \u00c1lvarez Estudiantes Graciela Fernanda Flores Carlos Nicol\u00e1s Cabrera Araoz &nbsp;<\/p>\n","protected":false},"author":101024,"featured_media":0,"parent":550,"menu_order":1,"comment_status":"closed","ping_status":"closed","template":"templates\/template-full-notitle.php","meta":[],"_links":{"self":[{"href":"https:\/\/www.facet.unt.edu.ar\/ingindustrial\/wp-json\/wp\/v2\/pages\/581"}],"collection":[{"href":"https:\/\/www.facet.unt.edu.ar\/ingindustrial\/wp-json\/wp\/v2\/pages"}],"about":[{"href":"https:\/\/www.facet.unt.edu.ar\/ingindustrial\/wp-json\/wp\/v2\/types\/page"}],"author":[{"embeddable":true,"href":"https:\/\/www.facet.unt.edu.ar\/ingindustrial\/wp-json\/wp\/v2\/users\/101024"}],"replies":[{"embeddable":true,"href":"https:\/\/www.facet.unt.edu.ar\/ingindustrial\/wp-json\/wp\/v2\/comments?post=581"}],"version-history":[{"count":9,"href":"https:\/\/www.facet.unt.edu.ar\/ingindustrial\/wp-json\/wp\/v2\/pages\/581\/revisions"}],"predecessor-version":[{"id":882,"href":"https:\/\/www.facet.unt.edu.ar\/ingindustrial\/wp-json\/wp\/v2\/pages\/581\/revisions\/882"}],"up":[{"embeddable":true,"href":"https:\/\/www.facet.unt.edu.ar\/ingindustrial\/wp-json\/wp\/v2\/pages\/550"}],"wp:attachment":[{"href":"https:\/\/www.facet.unt.edu.ar\/ingindustrial\/wp-json\/wp\/v2\/media?parent=581"}],"curies":[{"name":"wp","href":"https:\/\/api.w.org\/{rel}","templated":true}]}}