{"id":623,"date":"2021-04-19T11:41:18","date_gmt":"2021-04-19T14:41:18","guid":{"rendered":"https:\/\/www.facet.unt.edu.ar\/ingindustrial\/?page_id=623"},"modified":"2021-05-20T10:47:56","modified_gmt":"2021-05-20T13:47:56","slug":"programas","status":"publish","type":"page","link":"https:\/\/www.facet.unt.edu.ar\/ingindustrial\/plan-de-estudio\/programas\/","title":{"rendered":"Programas"},"content":{"rendered":"<h2 style=\"text-align: left;\"><strong>Programas de las asignaturas<\/strong><\/h2>\n<h3><\/h3>\n<h3 style=\"text-align: center;\"><strong>ASIGNATURAS DE SEGUNDO A\u00d1O<\/strong><\/h3>\n<p style=\"text-align: center;\"><a href=\"https:\/\/www.facet.unt.edu.ar\/ingindustrial\/wp-content\/uploads\/sites\/44\/2021\/04\/PROGRAMA-DE-QUIMICA-ORGANICA-2021.pdf\">QU\u00cdMICA ORG\u00c1NICA<\/a><\/p>\n<p style=\"text-align: center;\">ECONOM\u00cdA<\/p>\n<p style=\"text-align: center;\"><a href=\"https:\/\/www.facet.unt.edu.ar\/ingindustrial\/wp-content\/uploads\/sites\/44\/2021\/04\/PROGRAMA-DE-CIENCIA-DE-LOS-MATERIALES-2021.pdf\" target=\"_blank\" rel=\"noopener noreferrer\">CIENCIA DE LOS MATERIALES<\/a><\/p>\n<p style=\"text-align: center;\"><a href=\"https:\/\/www.facet.unt.edu.ar\/ingindustrial\/wp-content\/uploads\/sites\/44\/2021\/04\/PROGRAMA-DE-ESTABILIDAD-Y-RESIST-DE-LOS-MAT-2021.pdf\">ESTABILIDAD Y RESISTENCIA DE MATERIALES<\/a><\/p>\n<p style=\"text-align: center;\"><a href=\"https:\/\/www.facet.unt.edu.ar\/ingindustrial\/wp-content\/uploads\/sites\/44\/2021\/04\/PROGRAMA-DE-INTRODUCCION-A-LA-ING-INDUSTRIAL-2021.pdf\">INTRODUCCI\u00d3N A LA INGENIER\u00cdA INDUSTRIAL<\/a><\/p>\n<h3><\/h3>\n<h3 style=\"text-align: center;\"><strong>ASIGNATURAS DE TERCER A\u00d1O<\/strong><\/h3>\n<p style=\"text-align: center;\"><a href=\"https:\/\/www.facet.unt.edu.ar\/ingindustrial\/wp-content\/uploads\/sites\/44\/2021\/04\/PROGRAMA-DE-FENOMENOS-DE-TRANSFERENCIA-2021.pdf\">FEN\u00d3MENOS DE TRANSFERENCIA<\/a><\/p>\n<p style=\"text-align: center;\"><a href=\"https:\/\/www.facet.unt.edu.ar\/ingindustrial\/wp-content\/uploads\/sites\/44\/2021\/04\/PROGRAMA-MECANICA-Y-MECANISMOS-2021.pdf\">MEC\u00c1NICA Y MECANISMOS<\/a><\/p>\n<p style=\"text-align: center;\"><a href=\"https:\/\/www.facet.unt.edu.ar\/ingindustrial\/wp-content\/uploads\/sites\/44\/2021\/04\/PROGRAMA-TERMODINAMICA-Y-MAQ-TERMICAS-2021.pdf\">TERMODIN\u00c1MICA Y M\u00c1QUINAS T\u00c9RMICAS<\/a><\/p>\n<p style=\"text-align: center;\"><a href=\"https:\/\/www.facet.unt.edu.ar\/ingindustrial\/plan-de-estudio\/programas\/programa-de-ingenieria-ambiental-2021-rev-rrf-05_04_21\/\" rel=\"attachment wp-att-695\">INGENIERIA AMBIENTAL\u00a0<\/a><\/p>\n<p style=\"text-align: center;\"><a href=\"https:\/\/www.facet.unt.edu.ar\/ingindustrial\/wp-content\/uploads\/sites\/44\/2021\/04\/PROGRAMA-DE-ELECTROTECNIA-E-INST-ELECTRICAS-2021.pdf\">ELECTROTECNIA E INSTALACIONES EL\u00c9CTRICAS<\/a><\/p>\n<p style=\"text-align: center;\">ORGANIZACI\u00d3N DE EMPRESAS II<\/p>\n<p style=\"text-align: center;\">ORGANIZACI\u00d3N DE EMPRESAS I<\/p>\n<p style=\"text-align: center;\"><a href=\"https:\/\/www.facet.unt.edu.ar\/ingindustrial\/wp-content\/uploads\/sites\/44\/2021\/04\/PROGRAMA-DE-OPERACIONES-INDUSTRIALES-2021.pdf\">OPERACIONES INDUSTRIALES<\/a><\/p>\n<p style=\"text-align: center;\"><a href=\"https:\/\/www.facet.unt.edu.ar\/ingindustrial\/wp-content\/uploads\/sites\/44\/2021\/04\/PROGRAMA-DE-INGLES-2021.pdf\">PRUEBA DE SUFICIENCIA EN IDIOMA INGL\u00c9S<\/a><\/p>\n<h3><\/h3>\n<h3 style=\"text-align: center;\"><strong>ASIGNATURAS DE CUARTO A\u00d1O<\/strong><\/h3>\n<p style=\"text-align: center;\"><a href=\"https:\/\/www.facet.unt.edu.ar\/ingindustrial\/wp-content\/uploads\/sites\/44\/2021\/04\/PROGRAMA-DE-HIGIENE-Y-SEG-LABORAL-2021.pdf\">HIGIENE Y SEGURIDAD LABORAL<\/a><\/p>\n<p style=\"text-align: center;\"><a href=\"https:\/\/www.facet.unt.edu.ar\/ingindustrial\/wp-content\/uploads\/sites\/44\/2021\/04\/PROGRAMA-DE-SISTEMAS-INFORMATICOS-INDUSTRIALES-2021.pdf\">SISTEMAS INFORM\u00c1TICOS INDUSTRIALES<\/a><\/p>\n<p style=\"text-align: center;\"><a href=\"https:\/\/www.facet.unt.edu.ar\/ingindustrial\/wp-content\/uploads\/sites\/44\/2021\/04\/PROGRAMA-DE-PROCESOS-INDUSTRIALES-2021.pdf\">PROCESOS INDUSTRIALES<\/a><\/p>\n<p style=\"text-align: center;\">ELECTR\u00d3NICA INDUSTRIAL<\/p>\n<p style=\"text-align: center;\"><a href=\"https:\/\/www.facet.unt.edu.ar\/ingindustrial\/wp-content\/uploads\/sites\/44\/2021\/04\/PROGRAMA-DE-TECNOLOGIA-Y-PROCESOS-DE-PRODUCCION-2021.pdf\">TECNOLOG\u00cdAS Y PROCESOS DE PRODUCCI\u00d3N<\/a><\/p>\n<p style=\"text-align: center;\"><a href=\"https:\/\/www.facet.unt.edu.ar\/ingindustrial\/wp-content\/uploads\/sites\/44\/2021\/04\/PROGRAMA-DE-ORGANIZACION-INDUSTRIAL-2021.pdf\">ORGANIZACI\u00d3N INDUSTRIAL<\/a><\/p>\n<p style=\"text-align: center;\"><a href=\"https:\/\/www.facet.unt.edu.ar\/ingindustrial\/wp-content\/uploads\/sites\/44\/2021\/04\/PROGRAMA-DE-INVESTIGACION-OPERATIVA-2021.pdf\">INVESTIGACI\u00d3N OPERATIVA<\/a><\/p>\n<h3><\/h3>\n<h3 style=\"text-align: center;\"><strong>ASIGNATURAS DE QUINTO A\u00d1O<\/strong><\/h3>\n<p style=\"text-align: center;\"><a href=\"https:\/\/www.facet.unt.edu.ar\/ingindustrial\/wp-content\/uploads\/sites\/44\/2021\/04\/PROGRAMA-DE-INSTALACIONES-INDUSTRIALES-2021.pdf\">INSTALACIONES INDUSTRIALES<\/a><\/p>\n<p style=\"text-align: center;\"><a href=\"https:\/\/www.facet.unt.edu.ar\/ingindustrial\/wp-content\/uploads\/sites\/44\/2021\/04\/PROGRAMA-DE-OPTIMIZACION-DE-SISTEMAS-DE-GESTION-2021.pdf\">OPTIMIZACI\u00d3N DE SISTEMAS DE GESTI\u00d3N<\/a><\/p>\n<p style=\"text-align: center;\"><a href=\"https:\/\/www.facet.unt.edu.ar\/ingindustrial\/wp-content\/uploads\/sites\/44\/2021\/04\/PROGRAMA-DE-AUTOMATIZACION-Y-CONTROL.pdf\">AUTOMATIZACI\u00d3N Y CONTROL DE PROCESOS<\/a><\/p>\n<p style=\"text-align: center;\"><a href=\"https:\/\/www.facet.unt.edu.ar\/ingindustrial\/wp-content\/uploads\/sites\/44\/2021\/04\/PROGRAMA-GESTION-DE-LA-CALIDAD-2021.pdf\">GESTI\u00d3N DE LA CALIDAD<\/a><\/p>\n<p style=\"text-align: center;\"><a href=\"https:\/\/www.facet.unt.edu.ar\/ingindustrial\/wp-content\/uploads\/sites\/44\/2021\/04\/PROGRAMA-DE-LEGISLACION-EMPRESARIAL-2021.pdf\">LEGISLACI\u00d3N EMPRESARIAL<\/a><\/p>\n<p style=\"text-align: center;\"><a href=\"https:\/\/www.facet.unt.edu.ar\/ingindustrial\/wp-content\/uploads\/sites\/44\/2021\/04\/PROGRAMA-DE-FORM-Y-EVAL-DE-PROYECTOS-2021.pdf\">FORMULACI\u00d3N Y EVALUACI\u00d3N DE PROYECTOS<\/a><\/p>\n","protected":false},"excerpt":{"rendered":"<p>Programas de las asignaturas ASIGNATURAS DE SEGUNDO A\u00d1O QU\u00cdMICA ORG\u00c1NICA ECONOM\u00cdA CIENCIA DE LOS MATERIALES ESTABILIDAD Y RESISTENCIA DE MATERIALES INTRODUCCI\u00d3N A LA INGENIER\u00cdA INDUSTRIAL ASIGNATURAS DE TERCER A\u00d1O FEN\u00d3MENOS DE TRANSFERENCIA MEC\u00c1NICA Y MECANISMOS TERMODIN\u00c1MICA Y M\u00c1QUINAS T\u00c9RMICAS INGENIERIA AMBIENTAL\u00a0 ELECTROTECNIA E INSTALACIONES EL\u00c9CTRICAS ORGANIZACI\u00d3N DE EMPRESAS II ORGANIZACI\u00d3N DE EMPRESAS I OPERACIONES INDUSTRIALES [&hellip;]<\/p>\n","protected":false},"author":101024,"featured_media":0,"parent":91,"menu_order":7,"comment_status":"closed","ping_status":"closed","template":"templates\/template-full-notitle.php","meta":[],"_links":{"self":[{"href":"https:\/\/www.facet.unt.edu.ar\/ingindustrial\/wp-json\/wp\/v2\/pages\/623"}],"collection":[{"href":"https:\/\/www.facet.unt.edu.ar\/ingindustrial\/wp-json\/wp\/v2\/pages"}],"about":[{"href":"https:\/\/www.facet.unt.edu.ar\/ingindustrial\/wp-json\/wp\/v2\/types\/page"}],"author":[{"embeddable":true,"href":"https:\/\/www.facet.unt.edu.ar\/ingindustrial\/wp-json\/wp\/v2\/users\/101024"}],"replies":[{"embeddable":true,"href":"https:\/\/www.facet.unt.edu.ar\/ingindustrial\/wp-json\/wp\/v2\/comments?post=623"}],"version-history":[{"count":16,"href":"https:\/\/www.facet.unt.edu.ar\/ingindustrial\/wp-json\/wp\/v2\/pages\/623\/revisions"}],"predecessor-version":[{"id":697,"href":"https:\/\/www.facet.unt.edu.ar\/ingindustrial\/wp-json\/wp\/v2\/pages\/623\/revisions\/697"}],"up":[{"embeddable":true,"href":"https:\/\/www.facet.unt.edu.ar\/ingindustrial\/wp-json\/wp\/v2\/pages\/91"}],"wp:attachment":[{"href":"https:\/\/www.facet.unt.edu.ar\/ingindustrial\/wp-json\/wp\/v2\/media?parent=623"}],"curies":[{"name":"wp","href":"https:\/\/api.w.org\/{rel}","templated":true}]}}