{"id":821,"date":"2024-06-12T08:40:55","date_gmt":"2024-06-12T11:40:55","guid":{"rendered":"https:\/\/www.facet.unt.edu.ar\/ingindustrial\/?page_id=821"},"modified":"2025-04-25T09:54:40","modified_gmt":"2025-04-25T12:54:40","slug":"ingresantes","status":"publish","type":"page","link":"https:\/\/www.facet.unt.edu.ar\/ingindustrial\/ingresantes\/","title":{"rendered":"INGRESANTES"},"content":{"rendered":"<p>&nbsp;<\/p>\n<p><center>\r\n\t<!-- Begin Video.js -->\r\n\t<video id=\"example_video_id_443042417\" class=\"video-js vjs-default-skin\" width=\"272\" height=\"480\" controls preload=\"none\" autoplay data-setup='[]'>\r\n\t\t<source src=\"https:\/\/www.facet.unt.edu.ar\/ingindustrial\/wp-content\/uploads\/sites\/44\/2024\/06\/video-promocional-exactas-para-todos-industrial-2024.mp4\" type='video\/mp4' \/>\r\n\t\t\r\n\t\t\r\n\t<\/video>\r\n\t<!-- End Video.js -->\r\n<\/p>\n<p><\/center><br \/>\nA continuaci\u00f3n les dejamos un poco de informaci\u00f3n que les ser\u00e1 de mucha utilidad al dar sus primeros pasos en la facultad:<\/p>\n<p><span data-contrast=\"none\">Se considera aspirante a ingresar a la Facultad a todo aquel interesado que haya completado el nivel secundario (incluidos los que deban alguna materia para obtener el t\u00edtulo) y todo interesado que est\u00e9 cursando el \u00faltimo a\u00f1o del nivel secundario.<\/span><span data-ccp-props=\"{&quot;134233117&quot;:false,&quot;134233118&quot;:false,&quot;201341983&quot;:0,&quot;335559738&quot;:0,&quot;335559739&quot;:0,&quot;335559740&quot;:259}\">\u00a0<\/span><\/p>\n<p><span data-contrast=\"none\">El aspirante puede optar por distintas formas de nivelaci\u00f3n. Una es cumpliendo con los requisitos del Curso de Nivelaci\u00f3n en Matem\u00e1ticas, que puede tomarse en cualquiera de las instancias y modalidades que se ofrecen, o bien, con una Prueba de Suficiencia, que se ofrece en dos o tres momentos del a\u00f1o.<\/span><span data-ccp-props=\"{&quot;134233117&quot;:false,&quot;134233118&quot;:false,&quot;201341983&quot;:0,&quot;335559738&quot;:0,&quot;335559739&quot;:0,&quot;335559740&quot;:259}\">\u00a0<\/span><\/p>\n<p>En la <a href=\"https:\/\/www.facet.unt.edu.ar\/ingreso-facet\/\">P\u00e1gina del \u00e1rea de ingreso <\/a>podr\u00e1n encontrar toda la informaci\u00f3n actualizada al respecto.<\/p>\n<p><b><span data-contrast=\"none\">Requisitos<\/span><\/b><span data-contrast=\"none\">:<\/span><\/p>\n<p><span data-contrast=\"none\">LUEGO DE APROBAR EL EXAMEN<\/span><br \/>\n<span data-contrast=\"none\">Si ya superaste la \u201cNivelaci\u00f3n en Matem\u00e1tica\u201d en cualquiera de sus instancias del Ingreso (cursos de nivelaci\u00f3n o pruebas de suficiencia), o bien, eres egresado de una Escuela Experimental de la UNT, debes realizar los siguientes pasos para ingresar como alumno a la Facultad de Ciencias Exactas y Tecnolog\u00eda de la UNT e inscribirte en la carrera que elegiste:<\/span><span data-ccp-props=\"{&quot;134233117&quot;:false,&quot;134233118&quot;:false,&quot;201341983&quot;:0,&quot;335559738&quot;:0,&quot;335559739&quot;:0,&quot;335559740&quot;:259}\">\u00a0<\/span><\/p>\n<ol>\n<li data-leveltext=\"%1.\" data-font=\"Times New Roman\" data-listid=\"9\" data-list-defn-props=\"{&quot;335552541&quot;:0,&quot;335559685&quot;:720,&quot;335559991&quot;:360,&quot;469769242&quot;:[65533,0],&quot;469777803&quot;:&quot;left&quot;,&quot;469777804&quot;:&quot;%1.&quot;,&quot;469777815&quot;:&quot;hybridMultilevel&quot;}\" aria-setsize=\"-1\" data-aria-posinset=\"1\" data-aria-level=\"1\"><span data-contrast=\"none\">Pre-inscripci\u00f3n SIU Guaran\u00ed: <\/span><a href=\"https:\/\/guarani.unt.edu.ar\/preinscripciones\/facet\/\"><span data-contrast=\"none\">https:\/\/guarani.unt.edu.ar\/preinscripciones\/facet\/<\/span><\/a><span data-contrast=\"none\">\u00a0<\/span><span data-ccp-props=\"{&quot;134233117&quot;:false,&quot;134233118&quot;:false,&quot;201341983&quot;:0,&quot;335557856&quot;:16579836,&quot;335559737&quot;:0,&quot;335559738&quot;:240,&quot;335559739&quot;:240,&quot;335559740&quot;:259}\">\u00a0<\/span><\/li>\n<\/ol>\n<ol>\n<li data-leveltext=\"%1.\" data-font=\"Times New Roman\" data-listid=\"9\" data-list-defn-props=\"{&quot;335552541&quot;:0,&quot;335559685&quot;:720,&quot;335559991&quot;:360,&quot;469769242&quot;:[65533,0],&quot;469777803&quot;:&quot;left&quot;,&quot;469777804&quot;:&quot;%1.&quot;,&quot;469777815&quot;:&quot;hybridMultilevel&quot;}\" aria-setsize=\"-1\" data-aria-posinset=\"2\" data-aria-level=\"1\"><span data-contrast=\"none\">Pago de Inscripci\u00f3n en Tesorer\u00eda (block 3, PB, de lunes a viernes, de 9 a 12 hs)<\/span><span data-ccp-props=\"{&quot;134233117&quot;:false,&quot;134233118&quot;:false,&quot;201341983&quot;:0,&quot;335557856&quot;:16579836,&quot;335559737&quot;:0,&quot;335559738&quot;:240,&quot;335559739&quot;:240,&quot;335559740&quot;:259}\">\u00a0<\/span><\/li>\n<\/ol>\n<ol>\n<li data-leveltext=\"%1.\" data-font=\"Times New Roman\" data-listid=\"9\" data-list-defn-props=\"{&quot;335552541&quot;:0,&quot;335559685&quot;:720,&quot;335559991&quot;:360,&quot;469769242&quot;:[65533,0],&quot;469777803&quot;:&quot;left&quot;,&quot;469777804&quot;:&quot;%1.&quot;,&quot;469777815&quot;:&quot;hybridMultilevel&quot;}\" aria-setsize=\"-1\" data-aria-posinset=\"3\" data-aria-level=\"1\"><span data-contrast=\"none\">Presentaci\u00f3n de la Documentaci\u00f3n que se detalla<\/span><span data-ccp-props=\"{&quot;134233117&quot;:false,&quot;134233118&quot;:false,&quot;201341983&quot;:0,&quot;335557856&quot;:16579836,&quot;335559737&quot;:0,&quot;335559738&quot;:240,&quot;335559739&quot;:240,&quot;335559740&quot;:259}\">\u00a0<\/span><\/li>\n<\/ol>\n<p><b><span data-contrast=\"none\">Documentaci\u00f3n<\/span><\/b><span data-contrast=\"none\">:<\/span><span data-ccp-props=\"{&quot;134233117&quot;:false,&quot;134233118&quot;:false,&quot;201341983&quot;:0,&quot;335559738&quot;:0,&quot;335559739&quot;:0,&quot;335559740&quot;:259}\">\u00a0<\/span><\/p>\n<ul>\n<li data-leveltext=\"%1.\" data-font=\"Times New Roman\" data-listid=\"10\" data-list-defn-props=\"{&quot;335552541&quot;:0,&quot;335559685&quot;:720,&quot;335559991&quot;:360,&quot;469769242&quot;:[65533,0],&quot;469777803&quot;:&quot;left&quot;,&quot;469777804&quot;:&quot;%1.&quot;,&quot;469777815&quot;:&quot;hybridMultilevel&quot;}\" aria-setsize=\"-1\" data-aria-posinset=\"1\" data-aria-level=\"1\"><span data-contrast=\"none\">Ficha pre-inscripci\u00f3n. <\/span><span data-ccp-props=\"{&quot;134233117&quot;:false,&quot;134233118&quot;:false,&quot;201341983&quot;:0,&quot;335559738&quot;:0,&quot;335559739&quot;:0,&quot;335559740&quot;:259}\">\u00a0<\/span><\/li>\n<\/ul>\n<ul>\n<li data-leveltext=\"%1.\" data-font=\"Times New Roman\" data-listid=\"10\" data-list-defn-props=\"{&quot;335552541&quot;:0,&quot;335559685&quot;:720,&quot;335559991&quot;:360,&quot;469769242&quot;:[65533,0],&quot;469777803&quot;:&quot;left&quot;,&quot;469777804&quot;:&quot;%1.&quot;,&quot;469777815&quot;:&quot;hybridMultilevel&quot;}\" aria-setsize=\"-1\" data-aria-posinset=\"2\" data-aria-level=\"1\"><span data-contrast=\"none\">Comprobante de Pago de Inscripci\u00f3n. <\/span><span data-ccp-props=\"{&quot;134233117&quot;:false,&quot;134233118&quot;:false,&quot;201341983&quot;:0,&quot;335559738&quot;:0,&quot;335559739&quot;:0,&quot;335559740&quot;:259}\">\u00a0<\/span><\/li>\n<\/ul>\n<ul>\n<li data-leveltext=\"%1.\" data-font=\"Times New Roman\" data-listid=\"10\" data-list-defn-props=\"{&quot;335552541&quot;:0,&quot;335559685&quot;:720,&quot;335559991&quot;:360,&quot;469769242&quot;:[65533,0],&quot;469777803&quot;:&quot;left&quot;,&quot;469777804&quot;:&quot;%1.&quot;,&quot;469777815&quot;:&quot;hybridMultilevel&quot;}\" aria-setsize=\"-1\" data-aria-posinset=\"3\" data-aria-level=\"1\"><span data-contrast=\"none\">\u00a0DNI (escaneado de ambos lados).<\/span><span data-ccp-props=\"{&quot;134233117&quot;:false,&quot;134233118&quot;:false,&quot;201341983&quot;:0,&quot;335559738&quot;:0,&quot;335559739&quot;:0,&quot;335559740&quot;:259}\">\u00a0<\/span><\/li>\n<\/ul>\n<ul>\n<li data-leveltext=\"%1.\" data-font=\"Times New Roman\" data-listid=\"10\" data-list-defn-props=\"{&quot;335552541&quot;:0,&quot;335559685&quot;:720,&quot;335559991&quot;:360,&quot;469769242&quot;:[65533,0],&quot;469777803&quot;:&quot;left&quot;,&quot;469777804&quot;:&quot;%1.&quot;,&quot;469777815&quot;:&quot;hybridMultilevel&quot;}\" aria-setsize=\"-1\" data-aria-posinset=\"4\" data-aria-level=\"1\"><span data-contrast=\"none\">\u00a0Acta de Nacimiento (legalizada y actualizada de los \u00faltimos 6 meses) (escaneado de ambos lados).<\/span><span data-ccp-props=\"{&quot;134233117&quot;:false,&quot;134233118&quot;:false,&quot;201341983&quot;:0,&quot;335559738&quot;:0,&quot;335559739&quot;:0,&quot;335559740&quot;:259}\">\u00a0<\/span><\/li>\n<\/ul>\n<ul>\n<li data-leveltext=\"%1.\" data-font=\"Times New Roman\" data-listid=\"10\" data-list-defn-props=\"{&quot;335552541&quot;:0,&quot;335559685&quot;:720,&quot;335559991&quot;:360,&quot;469769242&quot;:[65533,0],&quot;469777803&quot;:&quot;left&quot;,&quot;469777804&quot;:&quot;%1.&quot;,&quot;469777815&quot;:&quot;hybridMultilevel&quot;}\" aria-setsize=\"-1\" data-aria-posinset=\"5\" data-aria-level=\"1\"><span data-contrast=\"none\">Certificado Anal\u00edtico de Estudios Secundarios \u00f3 Constancia que acredite que su T\u00edtulo est\u00e1 en tr\u00e1mite y que no adeuda materias (escaneado).<\/span><span data-ccp-props=\"{&quot;134233117&quot;:false,&quot;134233118&quot;:false,&quot;201341983&quot;:0,&quot;335559738&quot;:0,&quot;335559739&quot;:0,&quot;335559740&quot;:259}\">\u00a0<\/span><\/li>\n<\/ul>\n<ul>\n<li data-leveltext=\"%1.\" data-font=\"Times New Roman\" data-listid=\"10\" data-list-defn-props=\"{&quot;335552541&quot;:0,&quot;335559685&quot;:720,&quot;335559991&quot;:360,&quot;469769242&quot;:[65533,0],&quot;469777803&quot;:&quot;left&quot;,&quot;469777804&quot;:&quot;%1.&quot;,&quot;469777815&quot;:&quot;hybridMultilevel&quot;}\" aria-setsize=\"-1\" data-aria-posinset=\"6\" data-aria-level=\"1\"><span data-contrast=\"none\">Fotograf\u00eda color tipo carnet 4&#215;4 (fondo claro frente perfil derecho).<\/span><span data-ccp-props=\"{&quot;134233117&quot;:false,&quot;134233118&quot;:false,&quot;201341983&quot;:0,&quot;335559738&quot;:0,&quot;335559739&quot;:0,&quot;335559740&quot;:259}\">\u00a0<\/span><\/li>\n<\/ul>\n<p>&nbsp;<\/p>\n<p style=\"text-align: left;\"><strong>Plano de la facultad\u00a0<\/strong><\/p>\n<p style=\"text-align: left;\"><span data-ccp-props=\"{&quot;201341983&quot;:0,&quot;335559739&quot;:160,&quot;335559740&quot;:259}\"> <a href=\"https:\/\/www.facet.unt.edu.ar\/ingindustrial\/ingresantes\/plano-facultad\/#main\" rel=\"attachment wp-att-829\"><img decoding=\"async\" loading=\"lazy\" class=\"wp-image-829 alignleft\" src=\"https:\/\/www.facet.unt.edu.ar\/ingindustrial\/wp-content\/uploads\/sites\/44\/2024\/06\/plano-facultad.jpeg\" alt=\"\" width=\"611\" height=\"641\" \/><\/a><\/span>A1 &#8211; A2 &#8211; B1 &#8211; B2 &#8211; B3 &#8211; B4 &#8211; A3 &#8211; A4: Anfiteatros<\/p>\n<p style=\"text-align: left;\">1: Block 1<\/p>\n<p style=\"text-align: left;\">2: Block 2<\/p>\n<p style=\"text-align: left;\">3: Block 3<\/p>\n<p style=\"text-align: left;\">4: Block 4<\/p>\n<p style=\"text-align: left;\">5: ba\u00f1os<\/p>\n<p style=\"text-align: left;\">6: Sal\u00f3n de usos m\u00faltiples<\/p>\n<p style=\"text-align: left;\">7: Comedor universitario<\/p>\n<p style=\"text-align: left;\">10: Planta piloto<\/p>\n<p style=\"text-align: left;\">11: Instituto de estructuras<\/p>\n<p style=\"text-align: left;\">12: Laboratorio de construcciones hidr\u00e1ulicas<\/p>\n<p style=\"text-align: left;\">13: Laboratorio de biomec\u00e1nica y de m\u00e1quinas el\u00e9ctricas<\/p>\n<p style=\"text-align: left;\">14: Luminotecnia<\/p>\n<p>Las l\u00edneas de colectivo que pasan por el predio son: 9-12 (tienen parada en la entrada norte del predio, por Avenida N\u00e9stor Kirchner) y 17-18-19 (tienen parada en la entrada sur del predio, por Avenida Independencia).<\/p>\n<p>&nbsp;<\/p>\n<p>Las aulas y oficinas se identifican con una secuencia de 3 n\u00fameros: el primero corresponde al block donde se encuentran, el segundo al piso en el que se encuentran y el tercero al n\u00famero de aula propiamente dicho, de modo que el aula 1.2.3 se encontrar\u00e1 en el block 1, segundo piso.<\/p>\n","protected":false},"excerpt":{"rendered":"<p>&nbsp; A continuaci\u00f3n les dejamos un poco de informaci\u00f3n que les ser\u00e1 de mucha utilidad al dar sus primeros pasos en la facultad: Se considera aspirante a ingresar a la Facultad a todo aquel interesado que haya completado el nivel secundario (incluidos los que deban alguna materia para obtener el t\u00edtulo) y todo interesado que [&hellip;]<\/p>\n","protected":false},"author":101024,"featured_media":0,"parent":0,"menu_order":0,"comment_status":"closed","ping_status":"closed","template":"","meta":[],"_links":{"self":[{"href":"https:\/\/www.facet.unt.edu.ar\/ingindustrial\/wp-json\/wp\/v2\/pages\/821"}],"collection":[{"href":"https:\/\/www.facet.unt.edu.ar\/ingindustrial\/wp-json\/wp\/v2\/pages"}],"about":[{"href":"https:\/\/www.facet.unt.edu.ar\/ingindustrial\/wp-json\/wp\/v2\/types\/page"}],"author":[{"embeddable":true,"href":"https:\/\/www.facet.unt.edu.ar\/ingindustrial\/wp-json\/wp\/v2\/users\/101024"}],"replies":[{"embeddable":true,"href":"https:\/\/www.facet.unt.edu.ar\/ingindustrial\/wp-json\/wp\/v2\/comments?post=821"}],"version-history":[{"count":26,"href":"https:\/\/www.facet.unt.edu.ar\/ingindustrial\/wp-json\/wp\/v2\/pages\/821\/revisions"}],"predecessor-version":[{"id":986,"href":"https:\/\/www.facet.unt.edu.ar\/ingindustrial\/wp-json\/wp\/v2\/pages\/821\/revisions\/986"}],"wp:attachment":[{"href":"https:\/\/www.facet.unt.edu.ar\/ingindustrial\/wp-json\/wp\/v2\/media?parent=821"}],"curies":[{"name":"wp","href":"https:\/\/api.w.org\/{rel}","templated":true}]}}