{"id":88,"date":"2017-06-01T09:46:22","date_gmt":"2017-06-01T12:46:22","guid":{"rendered":"https:\/\/www.facet.unt.edu.ar\/ingindustrial\/?page_id=88"},"modified":"2017-06-05T21:05:33","modified_gmt":"2017-06-06T00:05:33","slug":"incumbencias","status":"publish","type":"page","link":"https:\/\/www.facet.unt.edu.ar\/ingindustrial\/que-es-el-ingeniero-industrial\/incumbencias\/","title":{"rendered":"Incumbencias"},"content":{"rendered":"<h2><span style=\"color: #0000ff\"><strong>ACTIVIDADES PROFESIONALES RESERVADAS AL T\u00cdTULO DE INGENIERO INDUSTRIAL<\/strong><\/span><\/h2>\n<ol>\n<li>Realizar estudios de factibilidad, proyectar, dirigir, implementar, operar y evaluar el proceso de producci\u00f3n de bienes industrializados y la administraci\u00f3n de los recursos destinados a la producci\u00f3n de dichos bienes.<\/li>\n<li>Planificar y organizar plantas industriales y plantas de transformaci\u00f3n de recursos naturales de bienes industrializados y servicios.<\/li>\n<li>Proyectar las instalaciones necesarias para el desarrollo de procesos productivos destinados a la producci\u00f3n de bienes industrializados y dirigir su ejecuci\u00f3n y mantenimiento.<\/li>\n<li>Proyectar, implementar y evaluar el proceso destinado a la producci\u00f3n de bienes industrializados.<\/li>\n<li>Determinar las especificaciones t\u00e9cnicas y evaluar la factibilidad tecnol\u00f3gica de los dispositivos, aparatos y equipos necesarios para el funcionamiento del proceso destinado a la producci\u00f3n de bienes industrializados.<\/li>\n<li>Programar y organizar el movimiento y almacenamiento de materiales para el desarrollo del proceso productivo y de los bienes industrializados resultantes.<\/li>\n<li>Participar en el dise\u00f1o de productos en lo relativo a la determinaci\u00f3n de la factibilidad de su elaboraci\u00f3n industrial.<\/li>\n<li>Determinar las condiciones de instalaci\u00f3n y de funcionamiento que aseguren que el conjunto de operaciones necesarias para la producci\u00f3n y distribuci\u00f3n de bienes industrializados se realice en condiciones de higiene y seguridad; establecer las especificaciones de equipos, dispositivos y elementos de protecci\u00f3n y controlar su utilizaci\u00f3n.<\/li>\n<li>Realizar la planificaci\u00f3n, organizaci\u00f3n, conducci\u00f3n y control de gesti\u00f3n del conjunto de operaciones necesarias para la producci\u00f3n y distribuci\u00f3n de bienes industrializados.<\/li>\n<li>Determinar la calidad y cantidad de los recursos humanos para la implementaci\u00f3n y funcionamiento del conjunto de operaciones necesarias para la producci\u00f3n de bienes industrializados; evaluar su desempe\u00f1o y establecer los requerimientos de capacitaci\u00f3n.<\/li>\n<li>Efectuar la programaci\u00f3n de los requerimientos financieros para la producci\u00f3n de bienes industrializados.<\/li>\n<li>Asesorar en lo relativo al proceso de producci\u00f3n de bienes industrializados y la administraci\u00f3n de los recursos destinados a la producci\u00f3n de dichos bienes.<\/li>\n<li>Efectuar tasaciones y valuaciones de plantas industriales en lo relativo a: sus instalaciones y equipos, sus productos semielaborados y elaborados y las tecnolog\u00edas de transformaci\u00f3n utilizadas en la producci\u00f3n y distribuci\u00f3n de bienes industrializados.<\/li>\n<li>Realizar arbitrajes y peritajes referidos a: la planificaci\u00f3n y organizaci\u00f3n de plantas industriales, sus instalaciones y equipos, y el proceso de producci\u00f3n, los procedimientos de operaci\u00f3n y las condiciones de higiene y seguridad en el trabajo, para la producci\u00f3n y distribuci\u00f3n de bienes industrializados.<\/li>\n<\/ol>\n<p>&nbsp;<\/p>\n","protected":false},"excerpt":{"rendered":"<p>ACTIVIDADES PROFESIONALES RESERVADAS AL T\u00cdTULO DE INGENIERO INDUSTRIAL Realizar estudios de factibilidad, proyectar, dirigir, implementar, operar y evaluar el proceso de producci\u00f3n de bienes industrializados y la administraci\u00f3n de los recursos destinados a la producci\u00f3n de dichos bienes. Planificar y organizar plantas industriales y plantas de transformaci\u00f3n de recursos naturales de bienes industrializados y servicios. [&hellip;]<\/p>\n","protected":false},"author":101024,"featured_media":0,"parent":105,"menu_order":0,"comment_status":"closed","ping_status":"closed","template":"","meta":[],"_links":{"self":[{"href":"https:\/\/www.facet.unt.edu.ar\/ingindustrial\/wp-json\/wp\/v2\/pages\/88"}],"collection":[{"href":"https:\/\/www.facet.unt.edu.ar\/ingindustrial\/wp-json\/wp\/v2\/pages"}],"about":[{"href":"https:\/\/www.facet.unt.edu.ar\/ingindustrial\/wp-json\/wp\/v2\/types\/page"}],"author":[{"embeddable":true,"href":"https:\/\/www.facet.unt.edu.ar\/ingindustrial\/wp-json\/wp\/v2\/users\/101024"}],"replies":[{"embeddable":true,"href":"https:\/\/www.facet.unt.edu.ar\/ingindustrial\/wp-json\/wp\/v2\/comments?post=88"}],"version-history":[{"count":6,"href":"https:\/\/www.facet.unt.edu.ar\/ingindustrial\/wp-json\/wp\/v2\/pages\/88\/revisions"}],"predecessor-version":[{"id":328,"href":"https:\/\/www.facet.unt.edu.ar\/ingindustrial\/wp-json\/wp\/v2\/pages\/88\/revisions\/328"}],"up":[{"embeddable":true,"href":"https:\/\/www.facet.unt.edu.ar\/ingindustrial\/wp-json\/wp\/v2\/pages\/105"}],"wp:attachment":[{"href":"https:\/\/www.facet.unt.edu.ar\/ingindustrial\/wp-json\/wp\/v2\/media?parent=88"}],"curies":[{"name":"wp","href":"https:\/\/api.w.org\/{rel}","templated":true}]}}