{"id":91,"date":"2017-06-01T09:53:16","date_gmt":"2017-06-01T12:53:16","guid":{"rendered":"https:\/\/www.facet.unt.edu.ar\/ingindustrial\/?page_id=91"},"modified":"2025-04-22T11:20:01","modified_gmt":"2025-04-22T14:20:01","slug":"plan-de-estudio","status":"publish","type":"page","link":"https:\/\/www.facet.unt.edu.ar\/ingindustrial\/plan-de-estudio\/","title":{"rendered":"PLAN DE ESTUDIO"},"content":{"rendered":"<h2 style=\"text-align: center;\"><span style=\"color: #0000ff;\">Plan de Estudios<\/span><\/h2>\n<p><a href=\"https:\/\/www.facet.unt.edu.ar\/ingindustrial\/plan-de-estudio\/primer-ano\/#main\" rel=\"attachment wp-att-281\"><img decoding=\"async\" loading=\"lazy\" class=\"size-full wp-image-281 aligncenter\" src=\"https:\/\/www.facet.unt.edu.ar\/ingindustrial\/wp-content\/uploads\/sites\/44\/2017\/06\/PRIMER-A\u00d1O.jpg\" alt=\"\" width=\"526\" height=\"173\" srcset=\"https:\/\/www.facet.unt.edu.ar\/ingindustrial\/wp-content\/uploads\/sites\/44\/2017\/06\/PRIMER-A\u00d1O.jpg 526w, https:\/\/www.facet.unt.edu.ar\/ingindustrial\/wp-content\/uploads\/sites\/44\/2017\/06\/PRIMER-A\u00d1O-300x99.jpg 300w\" sizes=\"(max-width: 526px) 100vw, 526px\" \/><\/a><\/p>\n<p><a href=\"https:\/\/www.facet.unt.edu.ar\/ingindustrial\/plan-de-estudio\/segundo-ano\/#main\" rel=\"attachment wp-att-280\"><img decoding=\"async\" loading=\"lazy\" class=\"size-full wp-image-280 aligncenter\" src=\"https:\/\/www.facet.unt.edu.ar\/ingindustrial\/wp-content\/uploads\/sites\/44\/2017\/06\/SEGUNDO-A\u00d1O.jpg\" alt=\"\" width=\"527\" height=\"176\" srcset=\"https:\/\/www.facet.unt.edu.ar\/ingindustrial\/wp-content\/uploads\/sites\/44\/2017\/06\/SEGUNDO-A\u00d1O.jpg 527w, https:\/\/www.facet.unt.edu.ar\/ingindustrial\/wp-content\/uploads\/sites\/44\/2017\/06\/SEGUNDO-A\u00d1O-300x100.jpg 300w\" sizes=\"(max-width: 527px) 100vw, 527px\" \/><\/a><\/p>\n<p><a href=\"https:\/\/www.facet.unt.edu.ar\/ingindustrial\/plan-de-estudio\/tercer-ano\/#main\" rel=\"attachment wp-att-279\"><img decoding=\"async\" loading=\"lazy\" class=\"size-full wp-image-279 aligncenter\" src=\"https:\/\/www.facet.unt.edu.ar\/ingindustrial\/wp-content\/uploads\/sites\/44\/2017\/06\/TERCER-A\u00d1O.jpg\" alt=\"\" width=\"528\" height=\"196\" srcset=\"https:\/\/www.facet.unt.edu.ar\/ingindustrial\/wp-content\/uploads\/sites\/44\/2017\/06\/TERCER-A\u00d1O.jpg 528w, https:\/\/www.facet.unt.edu.ar\/ingindustrial\/wp-content\/uploads\/sites\/44\/2017\/06\/TERCER-A\u00d1O-300x111.jpg 300w\" sizes=\"(max-width: 528px) 100vw, 528px\" \/><\/a><\/p>\n<p><a href=\"https:\/\/www.facet.unt.edu.ar\/ingindustrial\/plan-de-estudio\/cuarto-ano\/#main\" rel=\"attachment wp-att-278\"><img decoding=\"async\" loading=\"lazy\" class=\"size-full wp-image-278 aligncenter\" src=\"https:\/\/www.facet.unt.edu.ar\/ingindustrial\/wp-content\/uploads\/sites\/44\/2017\/06\/CUARTO-A\u00d1O.jpg\" alt=\"\" width=\"527\" height=\"194\" srcset=\"https:\/\/www.facet.unt.edu.ar\/ingindustrial\/wp-content\/uploads\/sites\/44\/2017\/06\/CUARTO-A\u00d1O.jpg 527w, https:\/\/www.facet.unt.edu.ar\/ingindustrial\/wp-content\/uploads\/sites\/44\/2017\/06\/CUARTO-A\u00d1O-300x110.jpg 300w\" sizes=\"(max-width: 527px) 100vw, 527px\" \/><\/a><\/p>\n<p><a href=\"https:\/\/www.facet.unt.edu.ar\/ingindustrial\/plan-de-estudio\/quinto-ano\/#main\" rel=\"attachment wp-att-277\"><img decoding=\"async\" loading=\"lazy\" class=\"size-full wp-image-277 aligncenter\" src=\"https:\/\/www.facet.unt.edu.ar\/ingindustrial\/wp-content\/uploads\/sites\/44\/2017\/06\/QUINTO-A\u00d1O.jpg\" alt=\"\" width=\"528\" height=\"195\" srcset=\"https:\/\/www.facet.unt.edu.ar\/ingindustrial\/wp-content\/uploads\/sites\/44\/2017\/06\/QUINTO-A\u00d1O.jpg 528w, https:\/\/www.facet.unt.edu.ar\/ingindustrial\/wp-content\/uploads\/sites\/44\/2017\/06\/QUINTO-A\u00d1O-300x111.jpg 300w\" sizes=\"(max-width: 528px) 100vw, 528px\" \/><\/a><\/p>\n<p>&nbsp;<\/p>\n<h3><em><strong>OTROS REQUISITOS:<\/strong><\/em><\/h3>\n<p>&nbsp;<\/p>\n<h3><strong><em>PRUEBA DE SUFICIENCIA DE IDIOMA INGLES<\/em><\/strong><\/h3>\n<p>Debe ser aprobada antes de comenzar el M\u00f3dulo V.<\/p>\n<h3><\/h3>\n<h3><strong><em>PR\u00c1CTICAS PROFESIONALES PPS\u00a0<\/em><\/strong><\/h3>\n<p>Los alumnos avanzados de la Carrera de grado realizan pr\u00e1cticas intensivas en diferentes empresas nacionales e internacionales. En ellas vuelcan, durante al menos 200 horas, los conocimientos adquiridos a lo largo de su trayectoria de formaci\u00f3n en alg\u00fan \u00e1rea espec\u00edfica.<\/p>\n<h3><strong><em>PROYECTO DE GRADUACI\u00d3N\u00a0<\/em><\/strong><\/h3>\n<p>Los alumnos del \u00faltimo curso realizan un proyecto de graduaci\u00f3n de 300 hs de duraci\u00f3n. El tema es a elecci\u00f3n o sugerido por los Docentes elegidos como tutores por parte de los alumnos y designados como tal por la Comisi\u00f3n Acad\u00e9mica de la Carrera de Ingenier\u00eda Industrial. Este proyecto deber\u00e1 ser integrador de los conocimientos adquiridos en diferentes asignaturas durante el cursado de la carrera.<\/p>\n<p>&nbsp;<\/p>\n<p>&nbsp;<\/p>\n","protected":false},"excerpt":{"rendered":"<p>Plan de Estudios &nbsp; OTROS REQUISITOS: &nbsp; PRUEBA DE SUFICIENCIA DE IDIOMA INGLES Debe ser aprobada antes de comenzar el M\u00f3dulo V. PR\u00c1CTICAS PROFESIONALES PPS\u00a0 Los alumnos avanzados de la Carrera de grado realizan pr\u00e1cticas intensivas en diferentes empresas nacionales e internacionales. En ellas vuelcan, durante al menos 200 horas, los conocimientos adquiridos a lo [&hellip;]<\/p>\n","protected":false},"author":101024,"featured_media":0,"parent":0,"menu_order":3,"comment_status":"closed","ping_status":"closed","template":"","meta":[],"_links":{"self":[{"href":"https:\/\/www.facet.unt.edu.ar\/ingindustrial\/wp-json\/wp\/v2\/pages\/91"}],"collection":[{"href":"https:\/\/www.facet.unt.edu.ar\/ingindustrial\/wp-json\/wp\/v2\/pages"}],"about":[{"href":"https:\/\/www.facet.unt.edu.ar\/ingindustrial\/wp-json\/wp\/v2\/types\/page"}],"author":[{"embeddable":true,"href":"https:\/\/www.facet.unt.edu.ar\/ingindustrial\/wp-json\/wp\/v2\/users\/101024"}],"replies":[{"embeddable":true,"href":"https:\/\/www.facet.unt.edu.ar\/ingindustrial\/wp-json\/wp\/v2\/comments?post=91"}],"version-history":[{"count":10,"href":"https:\/\/www.facet.unt.edu.ar\/ingindustrial\/wp-json\/wp\/v2\/pages\/91\/revisions"}],"predecessor-version":[{"id":975,"href":"https:\/\/www.facet.unt.edu.ar\/ingindustrial\/wp-json\/wp\/v2\/pages\/91\/revisions\/975"}],"wp:attachment":[{"href":"https:\/\/www.facet.unt.edu.ar\/ingindustrial\/wp-json\/wp\/v2\/media?parent=91"}],"curies":[{"name":"wp","href":"https:\/\/api.w.org\/{rel}","templated":true}]}}