{"id":101,"date":"2015-11-30T20:47:18","date_gmt":"2015-11-30T23:47:18","guid":{"rendered":"https:\/\/www.facet.unt.edu.ar\/ingmecanica\/?page_id=101"},"modified":"2023-06-19T11:56:05","modified_gmt":"2023-06-19T14:56:05","slug":"plan-de-estudios","status":"publish","type":"page","link":"https:\/\/www.facet.unt.edu.ar\/ingmecanica\/plan-de-estudios\/","title":{"rendered":"Plan de estudios"},"content":{"rendered":"<p style=\"text-align: center;\">Descargar <a href=\"https:\/\/www.facet.unt.edu.ar\/ingmecanica\/wp-content\/uploads\/sites\/33\/2022\/10\/Plan-de-Estudio-1-.pdf\" target=\"_blank\" rel=\"noopener noreferrer\">Plan de estudios<\/a>\u00a0(en ingl\u00e9s)<\/p>\n<p style=\"text-align: center;\">Descargar <a href=\"https:\/\/www.facet.unt.edu.ar\/ingmecanica\/wp-content\/uploads\/sites\/33\/2023\/06\/Plan-de-Estudio-4.pdf\" target=\"_blank\" rel=\"noopener noreferrer\">Plan de estudios<\/a>\u00a0(en espa\u00f1ol)<\/p>\n<p style=\"text-align: center;\">Descargar <a href=\"https:\/\/www.facet.unt.edu.ar\/ingmecanica\/wp-content\/uploads\/sites\/33\/2022\/10\/Plan-de-Estudio-2-.pdf\" target=\"_blank\" rel=\"noopener noreferrer\">Programa de las materias<\/a> (en ingl\u00e9s)<\/p>\n<p style=\"text-align: center;\">Descargar <a href=\"https:\/\/www.facet.unt.edu.ar\/ingmecanica\/wp-content\/uploads\/sites\/33\/2023\/03\/Plan-de-Estudio-3-.zip\" target=\"_blank\" rel=\"noopener noreferrer\">Bachelor&#8217;s degree in Mechanical Engineering<\/a> (en ingl\u00e9s)<\/p>\n<p style=\"text-align: center;\">Descargar <a href=\"https:\/\/www.facet.unt.edu.ar\/ingmecanica\/wp-content\/uploads\/sites\/33\/2023\/03\/Horario-de-Clases-Mecanica.xlsx\" target=\"_blank\" rel=\"noopener noreferrer\">Horario de clases<\/a><\/p>\n<table width=\"719\">\n<tbody>\n<tr>\n<td colspan=\"6\" width=\"719\"><strong>PRIMER A\u00d1O<\/strong><\/td>\n<\/tr>\n<tr>\n<td width=\"27\"><\/td>\n<td width=\"285\"><em>M\u00d3DULO 1<\/em><\/td>\n<td width=\"48\"><\/td>\n<td width=\"27\"><\/td>\n<td width=\"285\"><em>M\u00d3DULO 2<\/em><\/td>\n<td width=\"48\"><\/td>\n<\/tr>\n<tr>\n<td width=\"27\">#<\/td>\n<td width=\"285\">ASIGNATURAS<\/td>\n<td width=\"48\">HORAS<\/td>\n<td width=\"27\">#<\/td>\n<td width=\"285\">ASIGNATURAS<\/td>\n<td width=\"48\">HORAS<\/td>\n<\/tr>\n<tr>\n<td width=\"27\">01<\/td>\n<td width=\"285\"><a href=\"https:\/\/www.facet.unt.edu.ar\/ingmecanica\/wp-content\/uploads\/sites\/33\/2015\/12\/M1_1-Calculo-I.pdf\" target=\"_blank\" rel=\"noopener noreferrer\">C\u00e1lculo I<\/a><\/td>\n<td width=\"48\">6<\/td>\n<td width=\"27\">05<\/td>\n<td width=\"285\"><a href=\"https:\/\/www.facet.unt.edu.ar\/ingmecanica\/wp-content\/uploads\/sites\/33\/2015\/12\/M2_1-Calculo-II.pdf\" target=\"_blank\" rel=\"noopener noreferrer\">C\u00e1lculo II<\/a><\/td>\n<td width=\"48\">5<\/td>\n<\/tr>\n<tr>\n<td width=\"27\">02<\/td>\n<td width=\"285\"><a href=\"https:\/\/www.facet.unt.edu.ar\/ingmecanica\/wp-content\/uploads\/sites\/33\/2015\/12\/M1_2-Algebra-y-Geometria-Analitica-I.pdf\" target=\"_blank\" rel=\"noopener noreferrer\">\u00c1lgebra y Geometr\u00eda Anal\u00edtica I<\/a><\/td>\n<td width=\"48\">6<\/td>\n<td width=\"27\">06<\/td>\n<td width=\"285\"><a href=\"https:\/\/www.facet.unt.edu.ar\/ingmecanica\/wp-content\/uploads\/sites\/33\/2015\/12\/M2_2-Elementos-de-Algebra-Lineal.pdf\" target=\"_blank\" rel=\"noopener noreferrer\">Elemento de Algebra Lineal<\/a><\/td>\n<td width=\"48\">5<\/td>\n<\/tr>\n<tr>\n<td width=\"27\">03<\/td>\n<td width=\"285\"><a href=\"https:\/\/www.facet.unt.edu.ar\/ingmecanica\/wp-content\/uploads\/sites\/33\/2015\/12\/M1_3-Sistemas-de-Representacion.pdf\" target=\"_blank\" rel=\"noopener noreferrer\">Sistemas de Representaci\u00f3n<\/a><\/td>\n<td width=\"48\">5<\/td>\n<td width=\"27\">07<\/td>\n<td width=\"285\"><a href=\"https:\/\/www.facet.unt.edu.ar\/ingmecanica\/wp-content\/uploads\/sites\/33\/2015\/12\/M2_3-Fisica-II.pdf\" target=\"_blank\" rel=\"noopener noreferrer\">F\u00edsica II<\/a><\/td>\n<td width=\"48\">6<\/td>\n<\/tr>\n<tr>\n<td width=\"27\">04<\/td>\n<td width=\"285\"><a href=\"https:\/\/www.facet.unt.edu.ar\/ingmecanica\/wp-content\/uploads\/sites\/33\/2015\/12\/M1_4-Fisica-I.pdf\" target=\"_blank\" rel=\"noopener noreferrer\">F\u00edsica I<\/a><\/td>\n<td width=\"48\">6<\/td>\n<td width=\"27\">08<\/td>\n<td width=\"285\"><a href=\"https:\/\/www.facet.unt.edu.ar\/ingmecanica\/wp-content\/uploads\/sites\/33\/2015\/12\/M2_4-Informatica.pdf\" target=\"_blank\" rel=\"noopener noreferrer\">Inform\u00e1tica<\/a><\/td>\n<td width=\"48\">4<\/td>\n<\/tr>\n<tr>\n<td width=\"27\"><\/td>\n<td width=\"285\"><\/td>\n<td width=\"48\"><\/td>\n<td width=\"27\">09<\/td>\n<td width=\"285\"><a href=\"https:\/\/www.facet.unt.edu.ar\/ingmecanica\/wp-content\/uploads\/sites\/33\/2015\/12\/M2_5-Fundamentos-de-Quimica-General.pdf\" target=\"_blank\" rel=\"noopener noreferrer\">Fundamentos de Qu\u00edmica General<\/a><\/td>\n<td width=\"48\">5<\/td>\n<\/tr>\n<tr>\n<td width=\"27\"><\/td>\n<td width=\"285\">TOTAL<\/td>\n<td width=\"48\"><strong>23<\/strong><\/td>\n<td width=\"27\"><\/td>\n<td width=\"285\">TOTAL<\/td>\n<td width=\"48\"><strong>25<\/strong><\/td>\n<\/tr>\n<tr>\n<td width=\"27\"><\/td>\n<td width=\"285\"><\/td>\n<td width=\"48\"><\/td>\n<td width=\"27\"><\/td>\n<td width=\"285\"><\/td>\n<td width=\"48\"><\/td>\n<\/tr>\n<tr>\n<td width=\"27\"><\/td>\n<td width=\"285\"><\/td>\n<td width=\"48\"><\/td>\n<td width=\"27\"><\/td>\n<td width=\"285\"><\/td>\n<td width=\"48\"><\/td>\n<\/tr>\n<tr>\n<td colspan=\"6\" width=\"719\"><strong>SEGUNDO A\u00d1O<\/strong><\/td>\n<\/tr>\n<tr>\n<td width=\"27\"><\/td>\n<td width=\"285\"><em>M\u00d3DULO 3<\/em><\/td>\n<td width=\"48\"><\/td>\n<td width=\"27\"><\/td>\n<td width=\"285\"><em>M\u00d3DULO 4<\/em><\/td>\n<td width=\"48\"><\/td>\n<\/tr>\n<tr>\n<td width=\"27\">#<\/td>\n<td width=\"285\">ASIGNATURAS<\/td>\n<td width=\"48\">HORAS<\/td>\n<td width=\"27\">#<\/td>\n<td width=\"285\">ASIGNATURAS<\/td>\n<td width=\"48\">HORAS<\/td>\n<\/tr>\n<tr>\n<td width=\"27\">10<\/td>\n<td width=\"285\"><a href=\"https:\/\/www.facet.unt.edu.ar\/ingmecanica\/wp-content\/uploads\/sites\/33\/2015\/12\/M3_1-Fisica-III.pdf\" target=\"_blank\" rel=\"noopener noreferrer\">F\u00edsica III<\/a><\/td>\n<td width=\"48\">8<\/td>\n<td width=\"27\">14<\/td>\n<td width=\"285\"><a href=\"https:\/\/www.facet.unt.edu.ar\/ingmecanica\/wp-content\/uploads\/sites\/33\/2015\/12\/M4_1-Calculo-IV.pdf\" target=\"_blank\" rel=\"noopener noreferrer\">C\u00e1lculo IV<\/a><\/td>\n<td width=\"48\">6<\/td>\n<\/tr>\n<tr>\n<td width=\"27\">11<\/td>\n<td width=\"285\"><a href=\"https:\/\/www.facet.unt.edu.ar\/ingmecanica\/wp-content\/uploads\/sites\/33\/2015\/12\/M3_2-Calculo-III.pdf\" target=\"_blank\" rel=\"noopener noreferrer\">C\u00e1lculo III<\/a><\/td>\n<td width=\"48\">6<\/td>\n<td width=\"27\">15<\/td>\n<td width=\"285\"><a href=\"https:\/\/www.facet.unt.edu.ar\/ingmecanica\/wp-content\/uploads\/sites\/33\/2015\/12\/M4_2-Probabilidad-y-Estadadisticas.pdf\" target=\"_blank\" rel=\"noopener noreferrer\">Probabilidad y Estad\u00edsticas<\/a><\/td>\n<td width=\"48\">5<\/td>\n<\/tr>\n<tr>\n<td width=\"27\">12<\/td>\n<td width=\"285\"><a href=\"https:\/\/www.facet.unt.edu.ar\/ingmecanica\/wp-content\/uploads\/sites\/33\/2015\/12\/M3_3-Mecanica-Tecnica-I.pdf\" target=\"_blank\" rel=\"noopener noreferrer\">Mec\u00e1nica T\u00e9cnica I<\/a><\/td>\n<td width=\"48\">5<\/td>\n<td width=\"27\">16<\/td>\n<td width=\"285\"><a href=\"https:\/\/www.facet.unt.edu.ar\/ingmecanica\/wp-content\/uploads\/sites\/33\/2015\/12\/M4_3-Estabilidad-I.pdf\" target=\"_blank\" rel=\"noopener noreferrer\">Estabilidad I<\/a><\/td>\n<td width=\"48\">6<\/td>\n<\/tr>\n<tr>\n<td width=\"27\">13<\/td>\n<td width=\"285\"><a href=\"https:\/\/www.facet.unt.edu.ar\/ingmecanica\/wp-content\/uploads\/sites\/33\/2016\/02\/M3_4-Dibujo-de-Maquinas.pdf\" target=\"_blank\" rel=\"noopener noreferrer\">Dibujo de M\u00e1quinas<\/a><\/td>\n<td width=\"48\">8<\/td>\n<td width=\"27\">17<\/td>\n<td width=\"285\"><a href=\"https:\/\/www.facet.unt.edu.ar\/ingmecanica\/wp-content\/uploads\/sites\/33\/2015\/12\/M4_4-Mecanica-Tecnica-II.pdf\" target=\"_blank\" rel=\"noopener noreferrer\">Mec\u00e1nica T\u00e9cnica II<\/a><\/td>\n<td width=\"48\">6<\/td>\n<\/tr>\n<tr>\n<td width=\"27\"><\/td>\n<td width=\"285\">TOTAL<\/td>\n<td width=\"48\"><strong>27<\/strong><\/td>\n<td width=\"27\"><\/td>\n<td width=\"285\">TOTAL<\/td>\n<td width=\"48\"><strong>25<\/strong><\/td>\n<\/tr>\n<tr>\n<td width=\"27\"><\/td>\n<td width=\"285\"><\/td>\n<td width=\"48\"><\/td>\n<td width=\"27\"><\/td>\n<td width=\"285\"><\/td>\n<td width=\"48\"><\/td>\n<\/tr>\n<tr>\n<td width=\"27\"><\/td>\n<td width=\"285\"><\/td>\n<td width=\"48\"><\/td>\n<td width=\"27\"><\/td>\n<td width=\"285\"><\/td>\n<td width=\"48\"><\/td>\n<\/tr>\n<tr>\n<td colspan=\"6\" width=\"719\"><strong>TERCER A\u00d1O<\/strong><\/td>\n<\/tr>\n<tr>\n<td width=\"27\"><\/td>\n<td width=\"285\"><em>M\u00d3DULO 5<\/em><\/td>\n<td width=\"48\"><\/td>\n<td width=\"27\"><\/td>\n<td width=\"285\"><em>M\u00d3DULO 6<\/em><\/td>\n<td width=\"48\"><\/td>\n<\/tr>\n<tr>\n<td width=\"27\">#<\/td>\n<td width=\"285\">ASIGNATURAS<\/td>\n<td width=\"48\">HORAS<\/td>\n<td width=\"27\">#<\/td>\n<td width=\"285\">ASIGNATURAS<\/td>\n<td width=\"48\">HORAS<\/td>\n<\/tr>\n<tr>\n<td width=\"27\">18<\/td>\n<td width=\"285\"><a href=\"https:\/\/www.facet.unt.edu.ar\/ingmecanica\/wp-content\/uploads\/sites\/33\/2015\/12\/M5_1-Dise\u00f1o-Asistido.pdf\" target=\"_blank\" rel=\"noopener noreferrer\">Dise\u00f1o Asistido<\/a><\/td>\n<td width=\"48\">6<\/td>\n<td width=\"27\">23<\/td>\n<td width=\"285\"><a href=\"https:\/\/www.facet.unt.edu.ar\/ingmecanica\/wp-content\/uploads\/sites\/33\/2015\/12\/M6_1-Conocimiento-de-los-materiales.pdf\" target=\"_blank\" rel=\"noopener noreferrer\">Conocimiento de los Materiales<\/a><\/td>\n<td width=\"48\">7<\/td>\n<\/tr>\n<tr>\n<td width=\"27\">19<\/td>\n<td width=\"285\"><a href=\"https:\/\/www.facet.unt.edu.ar\/ingmecanica\/wp-content\/uploads\/sites\/33\/2015\/12\/M5_2-Estabilidad-II.pdf\" target=\"_blank\" rel=\"noopener noreferrer\">Estabilidad II<\/a><\/td>\n<td width=\"48\">6<\/td>\n<td width=\"27\">24<\/td>\n<td width=\"285\"><a href=\"https:\/\/www.facet.unt.edu.ar\/ingmecanica\/wp-content\/uploads\/sites\/33\/2015\/12\/M6_2-Termodinamica.pdf\" target=\"_blank\" rel=\"noopener noreferrer\">Termodin\u00e1mica<\/a><\/td>\n<td width=\"48\">8<\/td>\n<\/tr>\n<tr>\n<td width=\"27\">20<\/td>\n<td width=\"285\"><a href=\"https:\/\/www.facet.unt.edu.ar\/ingmecanica\/wp-content\/uploads\/sites\/33\/2015\/12\/M5_3-Mecanica-de-los-Fluidos.pdf\" target=\"_blank\" rel=\"noopener noreferrer\">Mec\u00e1nica de los Fluidos<\/a><\/td>\n<td width=\"48\">5<\/td>\n<td width=\"27\">25<\/td>\n<td width=\"285\"><a href=\"https:\/\/www.facet.unt.edu.ar\/ingmecanica\/wp-content\/uploads\/sites\/33\/2015\/12\/M6_3-Electronica-Industrial.pdf\" target=\"_blank\" rel=\"noopener noreferrer\">Electr\u00f3nica Industrial<\/a><\/td>\n<td width=\"48\">4<\/td>\n<\/tr>\n<tr>\n<td width=\"27\">21<\/td>\n<td width=\"285\"><a href=\"https:\/\/www.facet.unt.edu.ar\/ingmecanica\/wp-content\/uploads\/sites\/33\/2015\/12\/M5_4-Electrotecnia-General-y-Laboratorio.pdf\" target=\"_blank\" rel=\"noopener noreferrer\">Electrotecnia General y Laboratorio<\/a><\/td>\n<td width=\"48\">6<\/td>\n<td width=\"27\"><\/td>\n<td width=\"285\"><\/td>\n<td width=\"48\"><\/td>\n<\/tr>\n<tr>\n<td width=\"27\">22<\/td>\n<td width=\"285\"><a href=\"https:\/\/www.facet.unt.edu.ar\/ingmecanica\/wp-content\/uploads\/sites\/33\/2015\/12\/M5_5-Ensayo-de-Materiales.pdf\" target=\"_blank\" rel=\"noopener noreferrer\">Ensayo de Materiales<\/a><\/td>\n<td width=\"48\">4<\/td>\n<td width=\"27\"><\/td>\n<td width=\"285\"><\/td>\n<td width=\"48\"><\/td>\n<\/tr>\n<tr>\n<td width=\"27\"><\/td>\n<td width=\"285\">TOTAL<\/td>\n<td width=\"48\"><strong>27<\/strong><\/td>\n<td width=\"27\"><\/td>\n<td width=\"285\">TOTAL<\/td>\n<td width=\"48\"><strong>19<\/strong><\/td>\n<\/tr>\n<tr>\n<td width=\"27\"><\/td>\n<td width=\"285\"><\/td>\n<td width=\"48\"><\/td>\n<td width=\"27\"><\/td>\n<td width=\"285\"><\/td>\n<td width=\"48\"><\/td>\n<\/tr>\n<tr>\n<td width=\"27\"><\/td>\n<td width=\"285\"><\/td>\n<td width=\"48\"><\/td>\n<td width=\"27\"><\/td>\n<td width=\"285\"><\/td>\n<td width=\"48\"><\/td>\n<\/tr>\n<tr>\n<td colspan=\"6\" width=\"719\"><strong>CUARTO A\u00d1O<\/strong><\/td>\n<\/tr>\n<tr>\n<td width=\"27\"><\/td>\n<td width=\"285\"><em>M\u00d3DULO 7<\/em><\/td>\n<td width=\"48\"><\/td>\n<td width=\"27\"><\/td>\n<td width=\"285\"><em>M\u00d3DULO 8<\/em><\/td>\n<td width=\"48\"><\/td>\n<\/tr>\n<tr>\n<td width=\"27\">#<\/td>\n<td width=\"285\">ASIGNATURAS<\/td>\n<td width=\"48\">HORAS<\/td>\n<td width=\"27\">#<\/td>\n<td width=\"285\">ASIGNATURAS<\/td>\n<td width=\"48\">HORAS<\/td>\n<\/tr>\n<tr>\n<td width=\"27\">26<\/td>\n<td width=\"285\"><a href=\"https:\/\/www.facet.unt.edu.ar\/ingmecanica\/wp-content\/uploads\/sites\/33\/2017\/04\/M7_1-Elementos-y-Proyecto-de-Maquinas.pdf\" target=\"_blank\" rel=\"noopener noreferrer\">Elementos y Proyectos de M\u00e1quinas<\/a><\/td>\n<td width=\"48\">8<\/td>\n<td width=\"27\">31<\/td>\n<td width=\"285\"><a href=\"https:\/\/www.facet.unt.edu.ar\/ingmecanica\/wp-content\/uploads\/sites\/33\/2015\/12\/M8_1-Oleohidraulica-y-Neumatica.pdf\" target=\"_blank\" rel=\"noopener noreferrer\">Oleohidr\u00e1ulica y Neum\u00e1tica<\/a><\/td>\n<td width=\"48\">4<\/td>\n<\/tr>\n<tr>\n<td width=\"27\">27<\/td>\n<td width=\"285\"><a href=\"https:\/\/www.facet.unt.edu.ar\/ingmecanica\/wp-content\/uploads\/sites\/33\/2015\/12\/M7_2-Maquinas-Electricas.pdf\" target=\"_blank\" rel=\"noopener noreferrer\">M\u00e1quinas El\u00e9ctricas<\/a><\/td>\n<td width=\"48\">5<\/td>\n<td width=\"27\">32<\/td>\n<td width=\"285\"><a href=\"https:\/\/www.facet.unt.edu.ar\/ingmecanica\/wp-content\/uploads\/sites\/33\/2015\/12\/M8_2-Tecnologia-del-Frio.pdf\" target=\"_blank\" rel=\"noopener noreferrer\">Tecnolog\u00eda del Fr\u00edo<\/a><\/td>\n<td width=\"48\">5<\/td>\n<\/tr>\n<tr>\n<td width=\"27\">28<\/td>\n<td width=\"285\"><a href=\"https:\/\/www.facet.unt.edu.ar\/ingmecanica\/wp-content\/uploads\/sites\/33\/2015\/12\/M7_3-Tecnologia-Mecanica-y-Fabricacion.pdf\" target=\"_blank\" rel=\"noopener noreferrer\">Tecnolog\u00eda Mec\u00e1nica y de Fabricaci\u00f3n<\/a><\/td>\n<td width=\"48\">7<\/td>\n<td width=\"27\">33<\/td>\n<td width=\"285\"><a href=\"https:\/\/www.facet.unt.edu.ar\/ingmecanica\/wp-content\/uploads\/sites\/33\/2015\/12\/M8_3-Maquinas-Hidraulicas.pdf\" target=\"_blank\" rel=\"noopener noreferrer\">M\u00e1quinas Hidr\u00e1ulicas<\/a><\/td>\n<td width=\"48\">6<\/td>\n<\/tr>\n<tr>\n<td width=\"27\">29<\/td>\n<td width=\"285\"><a href=\"https:\/\/www.facet.unt.edu.ar\/ingmecanica\/wp-content\/uploads\/sites\/33\/2015\/12\/M7_4-Turbomaquinas.pdf\" target=\"_blank\" rel=\"noopener noreferrer\">Turbom\u00e1quinas<\/a><\/td>\n<td width=\"48\">6<\/td>\n<td width=\"27\">34<\/td>\n<td width=\"285\"><a href=\"https:\/\/www.facet.unt.edu.ar\/ingmecanica\/wp-content\/uploads\/sites\/33\/2015\/12\/M8_4-Instalaciones-Electricas.pdf\" target=\"_blank\" rel=\"noopener noreferrer\">Instalaciones El\u00e9ctricas<\/a><\/td>\n<td width=\"48\">5<\/td>\n<\/tr>\n<tr>\n<td width=\"27\">30<\/td>\n<td width=\"285\"><a href=\"https:\/\/www.facet.unt.edu.ar\/ingmecanica\/wp-content\/uploads\/sites\/33\/2015\/12\/M7_5-Mediciones-Termicas.pdf\" target=\"_blank\" rel=\"noopener noreferrer\">Mediciones T\u00e9rmicas<\/a><\/td>\n<td width=\"48\">4<\/td>\n<td width=\"27\">35<\/td>\n<td width=\"285\"><a href=\"https:\/\/www.facet.unt.edu.ar\/ingmecanica\/wp-content\/uploads\/sites\/33\/2016\/02\/M8_5-Estabilidad-III.pdf\" target=\"_blank\" rel=\"noopener noreferrer\">Estabilidad III<\/a><\/td>\n<td width=\"48\">4<\/td>\n<\/tr>\n<tr>\n<td width=\"27\"><\/td>\n<td width=\"285\">TOTAL<\/td>\n<td width=\"48\"><strong>30<\/strong><\/td>\n<td width=\"27\"><\/td>\n<td width=\"285\">TOTAL<\/td>\n<td width=\"48\"><strong>24<\/strong><\/td>\n<\/tr>\n<tr>\n<td width=\"27\"><\/td>\n<td width=\"285\"><\/td>\n<td width=\"48\"><\/td>\n<td width=\"27\"><\/td>\n<td width=\"285\"><\/td>\n<td width=\"48\"><\/td>\n<\/tr>\n<tr>\n<td width=\"27\"><\/td>\n<td width=\"285\"><\/td>\n<td width=\"48\"><\/td>\n<td width=\"27\"><\/td>\n<td width=\"285\"><\/td>\n<td width=\"48\"><\/td>\n<\/tr>\n<tr>\n<td colspan=\"6\" width=\"719\"><strong>QUINTO A\u00d1O<\/strong><\/td>\n<\/tr>\n<tr>\n<td width=\"27\"><\/td>\n<td width=\"285\"><em>M\u00d3DULO 9<\/em><\/td>\n<td width=\"48\"><\/td>\n<td width=\"27\"><\/td>\n<td width=\"285\"><em>M\u00d3DULO 10<\/em><\/td>\n<td width=\"48\"><\/td>\n<\/tr>\n<tr>\n<td width=\"27\">#<\/td>\n<td width=\"285\">ASIGNATURAS<\/td>\n<td width=\"48\">HORAS<\/td>\n<td width=\"27\">#<\/td>\n<td width=\"285\">ASIGNATURAS<\/td>\n<td width=\"48\">HORAS<\/td>\n<\/tr>\n<tr>\n<td width=\"27\">36<\/td>\n<td width=\"285\"><a href=\"https:\/\/www.facet.unt.edu.ar\/ingmecanica\/wp-content\/uploads\/sites\/33\/2015\/12\/M9_1-Sistemas-de-Control.pdf\" target=\"_blank\" rel=\"noopener noreferrer\">Sistemas de Control<\/a><\/td>\n<td width=\"48\">5<\/td>\n<td width=\"27\">41<\/td>\n<td width=\"285\"><a href=\"https:\/\/www.facet.unt.edu.ar\/ingmecanica\/wp-content\/uploads\/sites\/33\/2015\/12\/M10_1-Generadores-de-Vapor-e-Instalaciones-Termicas.pdf\" target=\"_blank\" rel=\"noopener noreferrer\">Generadores de Vapor e Instalaciones T\u00e9rmicas<\/a><\/td>\n<td width=\"48\">8<\/td>\n<\/tr>\n<tr>\n<td width=\"27\">37<\/td>\n<td width=\"285\"><a href=\"https:\/\/www.facet.unt.edu.ar\/ingmecanica\/wp-content\/uploads\/sites\/33\/2016\/02\/M9_2-Vibraciones-y-Fundacion-de-Maquinas.pdf\" target=\"_blank\" rel=\"noopener noreferrer\">Vibraciones y Fundaci\u00f3n de M\u00e1quinas<\/a><\/td>\n<td width=\"48\">4<\/td>\n<td width=\"27\">42<\/td>\n<td width=\"285\"><a href=\"https:\/\/www.facet.unt.edu.ar\/ingmecanica\/wp-content\/uploads\/sites\/33\/2015\/12\/M10_2-Motores-de-Combustion-Interna.pdf\" target=\"_blank\" rel=\"noopener noreferrer\">Motores de Combusti\u00f3n Interna<\/a><\/td>\n<td width=\"48\">8<\/td>\n<\/tr>\n<tr>\n<td width=\"27\">38<\/td>\n<td width=\"285\"><a href=\"https:\/\/www.facet.unt.edu.ar\/ingmecanica\/wp-content\/uploads\/sites\/33\/2015\/12\/M9_3-Maquinas-Elevadoras-y-de-Transporte.pdf\" target=\"_blank\" rel=\"noopener noreferrer\">M\u00e1quinas Elevadoras y de Transporte<\/a><\/td>\n<td width=\"48\">6<\/td>\n<td width=\"27\">43<\/td>\n<td width=\"285\"><a href=\"https:\/\/www.facet.unt.edu.ar\/ingmecanica\/wp-content\/uploads\/sites\/33\/2015\/12\/M10_3-Ensayo-Maquinas-e-Instalaciones-Termicas.pdf\" target=\"_blank\" rel=\"noopener noreferrer\">Ensayo de M\u00e1quinas e Instalaciones T\u00e9rmicas<\/a><\/td>\n<td width=\"48\">4<\/td>\n<\/tr>\n<tr>\n<td width=\"27\">39<\/td>\n<td width=\"285\"><a href=\"https:\/\/www.facet.unt.edu.ar\/ingmecanica\/wp-content\/uploads\/sites\/33\/2016\/02\/M9_4-Organizacion-Industrial.pdf\" target=\"_blank\" rel=\"noopener noreferrer\">Organizaci\u00f3n Industrial<\/a><\/td>\n<td width=\"48\">4<\/td>\n<td width=\"27\">44<\/td>\n<td width=\"285\"><a href=\"https:\/\/www.facet.unt.edu.ar\/ingmecanica\/wp-content\/uploads\/sites\/33\/2015\/12\/M10_4-Economia-Industrial.pdf\" target=\"_blank\" rel=\"noopener noreferrer\">Econom\u00eda Industrial<\/a><\/td>\n<td width=\"48\">4<\/td>\n<\/tr>\n<tr>\n<td width=\"27\">40<\/td>\n<td width=\"285\"><a href=\"https:\/\/www.facet.unt.edu.ar\/ingmecanica\/wp-content\/uploads\/sites\/33\/2015\/12\/M9_5-Ingenieria-Legal.pdf\" target=\"_blank\" rel=\"noopener noreferrer\">Ingenier\u00eda Legal<\/a><\/td>\n<td width=\"48\">4<\/td>\n<td width=\"27\">45<\/td>\n<td width=\"285\"><a href=\"https:\/\/www.facet.unt.edu.ar\/ingmecanica\/wp-content\/uploads\/sites\/33\/2015\/12\/M10_5-Higiene-Seguridad-y-Control-Ambiental.pdf\" target=\"_blank\" rel=\"noopener noreferrer\">Higiene, Seguridad Industrial y Control Ambiental<\/a><\/td>\n<td width=\"48\">4<\/td>\n<\/tr>\n<tr>\n<td width=\"27\"><\/td>\n<td width=\"285\">TOTAL<\/td>\n<td width=\"48\"><strong>23<\/strong><\/td>\n<td width=\"27\"><\/td>\n<td width=\"285\">TOTAL<\/td>\n<td width=\"48\"><strong>28<\/strong><\/td>\n<\/tr>\n<\/tbody>\n<\/table>\n<p>Exigencias adicionales: adem\u00e1s el alumno, para obtener su t\u00edtulo de Ingeniero Mec\u00e1nico, debe tener aprobado lo siguiente:<br \/>\n<a href=\"https:\/\/www.facet.unt.edu.ar\/ingmecanica\/wp-content\/uploads\/sites\/33\/2015\/12\/T_Practicas-de-Taller-I.pdf\" target=\"_blank\" rel=\"noopener noreferrer\">Pr\u00e1cticas de Taller I<\/a>: 100hs.<br \/>\n<a href=\"https:\/\/www.facet.unt.edu.ar\/ingmecanica\/wp-content\/uploads\/sites\/33\/2015\/12\/T_Practicas-de-Taller-II.pdf\" target=\"_blank\" rel=\"noopener noreferrer\">Pr\u00e1cticas de Taller II<\/a>: 100hs.<br \/>\n<a href=\"https:\/\/www.facet.unt.edu.ar\/ingmecanica\/wp-content\/uploads\/sites\/33\/2015\/12\/T_Practica-de-Motores-de-Combustion-Interna.pdf\" target=\"_blank\" rel=\"noopener noreferrer\">Pr\u00e1ctica de Motores de combusti\u00f3n interna<\/a>: 100hs.<br \/>\nPr\u00e1ctica Profesional Supervisada: 200hs.<br \/>\nProyecto Final: 250hs.<br \/>\n<a href=\"https:\/\/www.facet.unt.edu.ar\/ingmecanica\/wp-content\/uploads\/sites\/33\/2015\/12\/I_Prueba-de-Suficiencia-de-Idioma-Ingles.pdf\" target=\"_blank\" rel=\"noopener noreferrer\">Prueba de Suficiencia de Idioma Ingl\u00e9s<\/a>: 40hs, esta prueba debe ser aprobada en cualquier momento a partir del m\u00f3dulo 2 y<br \/>\ncumplimentada antes de iniciar el m\u00f3dulo 7.<\/p>\n","protected":false},"excerpt":{"rendered":"<p>Descargar Plan de estudios\u00a0(en ingl\u00e9s) Descargar Plan de estudios\u00a0(en espa\u00f1ol) Descargar Programa de las materias (en ingl\u00e9s) Descargar Bachelor&#8217;s degree in Mechanical Engineering (en ingl\u00e9s) Descargar Horario de clases PRIMER A\u00d1O M\u00d3DULO 1 M\u00d3DULO 2 # ASIGNATURAS HORAS # ASIGNATURAS HORAS 01 C\u00e1lculo I 6 05 C\u00e1lculo II 5 02 \u00c1lgebra y Geometr\u00eda Anal\u00edtica I [&hellip;]<\/p>\n","protected":false},"author":101013,"featured_media":0,"parent":0,"menu_order":0,"comment_status":"closed","ping_status":"closed","template":"","meta":[],"_links":{"self":[{"href":"https:\/\/www.facet.unt.edu.ar\/ingmecanica\/wp-json\/wp\/v2\/pages\/101"}],"collection":[{"href":"https:\/\/www.facet.unt.edu.ar\/ingmecanica\/wp-json\/wp\/v2\/pages"}],"about":[{"href":"https:\/\/www.facet.unt.edu.ar\/ingmecanica\/wp-json\/wp\/v2\/types\/page"}],"author":[{"embeddable":true,"href":"https:\/\/www.facet.unt.edu.ar\/ingmecanica\/wp-json\/wp\/v2\/users\/101013"}],"replies":[{"embeddable":true,"href":"https:\/\/www.facet.unt.edu.ar\/ingmecanica\/wp-json\/wp\/v2\/comments?post=101"}],"version-history":[{"count":18,"href":"https:\/\/www.facet.unt.edu.ar\/ingmecanica\/wp-json\/wp\/v2\/pages\/101\/revisions"}],"predecessor-version":[{"id":631,"href":"https:\/\/www.facet.unt.edu.ar\/ingmecanica\/wp-json\/wp\/v2\/pages\/101\/revisions\/631"}],"wp:attachment":[{"href":"https:\/\/www.facet.unt.edu.ar\/ingmecanica\/wp-json\/wp\/v2\/media?parent=101"}],"curies":[{"name":"wp","href":"https:\/\/api.w.org\/{rel}","templated":true}]}}