{"id":350,"date":"2015-12-18T15:01:35","date_gmt":"2015-12-18T18:01:35","guid":{"rendered":"https:\/\/www.facet.unt.edu.ar\/ingmecanica\/?page_id=350"},"modified":"2017-04-23T12:30:23","modified_gmt":"2017-04-23T15:30:23","slug":"programas-analiticos","status":"publish","type":"page","link":"https:\/\/www.facet.unt.edu.ar\/ingmecanica\/programas-analiticos\/","title":{"rendered":"Programas Anal\u00edticos"},"content":{"rendered":"<p><strong>M\u00f3dulo 1<\/strong><\/p>\n<blockquote>\n<ol>\n<li><a href=\"https:\/\/www.facet.unt.edu.ar\/ingmecanica\/wp-content\/uploads\/sites\/33\/2015\/12\/M1_1-Calculo-I.pdf\" target=\"_blank\" rel=\"noopener noreferrer\">C\u00e1lculo I<\/a><\/li>\n<li><a href=\"https:\/\/www.facet.unt.edu.ar\/ingmecanica\/wp-content\/uploads\/sites\/33\/2015\/12\/M1_2-Algebra-y-Geometria-Analitica-I.pdf\" target=\"_blank\" rel=\"noopener noreferrer\">Algebra y Geometr\u00eda Anal\u00edtica I<\/a><\/li>\n<li><a href=\"https:\/\/www.facet.unt.edu.ar\/ingmecanica\/wp-content\/uploads\/sites\/33\/2015\/12\/M1_3-Sistemas-de-Representacion.pdf\" target=\"_blank\" rel=\"noopener noreferrer\">Sistemas de Representaci\u00f3n<\/a><\/li>\n<li><a href=\"https:\/\/www.facet.unt.edu.ar\/ingmecanica\/wp-content\/uploads\/sites\/33\/2015\/12\/M1_4-Fisica-I.pdf\" target=\"_blank\" rel=\"noopener noreferrer\">F\u00edsica I<\/a><\/li>\n<\/ol>\n<\/blockquote>\n<p><strong>M\u00f3dulo 2<\/strong><\/p>\n<blockquote>\n<ol>\n<li><a href=\"https:\/\/www.facet.unt.edu.ar\/ingmecanica\/wp-content\/uploads\/sites\/33\/2015\/12\/M2_1-Calculo-II.pdf\" target=\"_blank\" rel=\"noopener noreferrer\">C\u00e1lculo II<\/a><\/li>\n<li><a href=\"https:\/\/www.facet.unt.edu.ar\/ingmecanica\/wp-content\/uploads\/sites\/33\/2015\/12\/M2_2-Elementos-de-Algebra-Lineal.pdf\" target=\"_blank\" rel=\"noopener noreferrer\">Elementos de Algebra Lineal<\/a><\/li>\n<li><a href=\"https:\/\/www.facet.unt.edu.ar\/ingmecanica\/wp-content\/uploads\/sites\/33\/2015\/12\/M2_3-Fisica-II.pdf\" target=\"_blank\" rel=\"noopener noreferrer\">F\u00edsica II<\/a><\/li>\n<li><a href=\"https:\/\/www.facet.unt.edu.ar\/ingmecanica\/wp-content\/uploads\/sites\/33\/2015\/12\/M2_4-Informatica.pdf\" target=\"_blank\" rel=\"noopener noreferrer\">Inform\u00e1tica<\/a><\/li>\n<li><a href=\"https:\/\/www.facet.unt.edu.ar\/ingmecanica\/wp-content\/uploads\/sites\/33\/2015\/12\/M2_5-Fundamentos-de-Quimica-General.pdf\" target=\"_blank\" rel=\"noopener noreferrer\">Fundamentos de Qu\u00edmica General<\/a><\/li>\n<\/ol>\n<\/blockquote>\n<p><strong>M\u00f3dulo 3<\/strong><\/p>\n<blockquote>\n<ol>\n<li><a href=\"https:\/\/www.facet.unt.edu.ar\/ingmecanica\/wp-content\/uploads\/sites\/33\/2015\/12\/M3_1-Fisica-III.pdf\" target=\"_blank\" rel=\"noopener noreferrer\">F\u00edsica III<\/a><\/li>\n<li><a href=\"https:\/\/www.facet.unt.edu.ar\/ingmecanica\/wp-content\/uploads\/sites\/33\/2015\/12\/M3_2-Calculo-III.pdf\" target=\"_blank\" rel=\"noopener noreferrer\">C\u00e1lculo III<\/a><\/li>\n<li><a href=\"https:\/\/www.facet.unt.edu.ar\/ingmecanica\/wp-content\/uploads\/sites\/33\/2015\/12\/M3_3-Mecanica-Tecnica-I.pdf\" target=\"_blank\" rel=\"noopener noreferrer\">Mec\u00e1nica T\u00e9cnica I<\/a><\/li>\n<li><a href=\"https:\/\/www.facet.unt.edu.ar\/ingmecanica\/wp-content\/uploads\/sites\/33\/2016\/02\/M3_4-Dibujo-de-Maquinas.pdf\" target=\"_blank\" rel=\"noopener noreferrer\">Dibujo de M\u00e1quinas<\/a><\/li>\n<\/ol>\n<\/blockquote>\n<p><strong>M\u00f3dulo 4<\/strong><\/p>\n<blockquote>\n<ol>\n<li><a href=\"https:\/\/www.facet.unt.edu.ar\/ingmecanica\/wp-content\/uploads\/sites\/33\/2015\/12\/M4_1-Calculo-IV.pdf\" target=\"_blank\" rel=\"noopener noreferrer\">C\u00e1lculo IV<\/a><\/li>\n<li><a href=\"https:\/\/www.facet.unt.edu.ar\/ingmecanica\/wp-content\/uploads\/sites\/33\/2015\/12\/M4_2-Probabilidad-y-Estadadisticas.pdf\" target=\"_blank\" rel=\"noopener noreferrer\">Probabilidad y Estad\u00edsticas<\/a><\/li>\n<li><a href=\"https:\/\/www.facet.unt.edu.ar\/ingmecanica\/wp-content\/uploads\/sites\/33\/2015\/12\/M4_3-Estabilidad-I.pdf\" target=\"_blank\" rel=\"noopener noreferrer\">Estabilidad I<\/a><\/li>\n<li><a href=\"https:\/\/www.facet.unt.edu.ar\/ingmecanica\/wp-content\/uploads\/sites\/33\/2015\/12\/M4_4-Mecanica-Tecnica-II.pdf\" target=\"_blank\" rel=\"noopener noreferrer\">Mec\u00e1nica T\u00e9cnica II<\/a><\/li>\n<\/ol>\n<\/blockquote>\n<p><strong>M\u00f3dulo 5<\/strong><\/p>\n<blockquote>\n<ol>\n<li><a href=\"https:\/\/www.facet.unt.edu.ar\/ingmecanica\/wp-content\/uploads\/sites\/33\/2015\/12\/M5_1-Dise\u00f1o-Asistido.pdf\" target=\"_blank\" rel=\"noopener noreferrer\">Dise\u00f1o Asistido<\/a><\/li>\n<li><a href=\"https:\/\/www.facet.unt.edu.ar\/ingmecanica\/wp-content\/uploads\/sites\/33\/2015\/12\/M5_2-Estabilidad-II.pdf\" target=\"_blank\" rel=\"noopener noreferrer\">Estabilidad II<\/a><\/li>\n<li><a href=\"https:\/\/www.facet.unt.edu.ar\/ingmecanica\/wp-content\/uploads\/sites\/33\/2015\/12\/M5_3-Mecanica-de-los-Fluidos.pdf\" target=\"_blank\" rel=\"noopener noreferrer\">Mec\u00e1nica de los Fluidos<\/a><\/li>\n<li><a href=\"https:\/\/www.facet.unt.edu.ar\/ingmecanica\/wp-content\/uploads\/sites\/33\/2015\/12\/M5_4-Electrotecnia-General-y-Laboratorio.pdf\" target=\"_blank\" rel=\"noopener noreferrer\">Electrotecnia General y Laboratorio<\/a><\/li>\n<li><a href=\"https:\/\/www.facet.unt.edu.ar\/ingmecanica\/wp-content\/uploads\/sites\/33\/2015\/12\/M5_5-Ensayo-de-Materiales.pdf\" target=\"_blank\" rel=\"noopener noreferrer\">Ensayo de Materiales<\/a><\/li>\n<\/ol>\n<\/blockquote>\n<p><strong>M\u00f3dulo 6<\/strong><\/p>\n<blockquote>\n<ol>\n<li><a href=\"https:\/\/www.facet.unt.edu.ar\/ingmecanica\/wp-content\/uploads\/sites\/33\/2015\/12\/M6_1-Conocimiento-de-los-materiales.pdf\" target=\"_blank\" rel=\"noopener noreferrer\">Conocimiento de los materiales<\/a><\/li>\n<li><a href=\"https:\/\/www.facet.unt.edu.ar\/ingmecanica\/wp-content\/uploads\/sites\/33\/2015\/12\/M6_2-Termodinamica.pdf\" target=\"_blank\" rel=\"noopener noreferrer\">Termodin\u00e1mica<\/a><\/li>\n<li><a href=\"https:\/\/www.facet.unt.edu.ar\/ingmecanica\/wp-content\/uploads\/sites\/33\/2015\/12\/M6_3-Electronica-Industrial.pdf\" target=\"_blank\" rel=\"noopener noreferrer\">Electr\u00f3nica Industrial<\/a><\/li>\n<\/ol>\n<\/blockquote>\n<p><strong>M\u00f3dulo 7<\/strong><\/p>\n<blockquote>\n<ol>\n<li><a href=\"https:\/\/www.facet.unt.edu.ar\/ingmecanica\/wp-content\/uploads\/sites\/33\/2017\/04\/M7_1-Elementos-y-Proyecto-de-Maquinas.pdf\" target=\"_blank\" rel=\"noopener noreferrer\">Elementos y Proyecto de M\u00e1quinas<\/a><\/li>\n<li><a href=\"https:\/\/www.facet.unt.edu.ar\/ingmecanica\/wp-content\/uploads\/sites\/33\/2015\/12\/M7_2-Maquinas-Electricas.pdf\" target=\"_blank\" rel=\"noopener noreferrer\">M\u00e1quinas El\u00e9ctricas<\/a><\/li>\n<li><a href=\"https:\/\/www.facet.unt.edu.ar\/ingmecanica\/wp-content\/uploads\/sites\/33\/2015\/12\/M7_3-Tecnologia-Mecanica-y-Fabricacion.pdf\" target=\"_blank\" rel=\"noopener noreferrer\">Tecnolog\u00eda Mec\u00e1nica y Fabricaci\u00f3n<\/a><\/li>\n<li><a href=\"https:\/\/www.facet.unt.edu.ar\/ingmecanica\/wp-content\/uploads\/sites\/33\/2015\/12\/M7_4-Turbomaquinas.pdf\" target=\"_blank\" rel=\"noopener noreferrer\">Turbom\u00e1quinas<\/a><\/li>\n<li><a href=\"https:\/\/www.facet.unt.edu.ar\/ingmecanica\/wp-content\/uploads\/sites\/33\/2015\/12\/M7_5-Mediciones-Termicas.pdf\" target=\"_blank\" rel=\"noopener noreferrer\">Mediciones T\u00e9rmicas<\/a><\/li>\n<\/ol>\n<\/blockquote>\n<p><strong>M\u00f3dulo 8<\/strong><\/p>\n<blockquote>\n<ol>\n<li><a href=\"https:\/\/www.facet.unt.edu.ar\/ingmecanica\/wp-content\/uploads\/sites\/33\/2015\/12\/M8_1-Oleohidraulica-y-Neumatica.pdf\" target=\"_blank\" rel=\"noopener noreferrer\">Oleohidr\u00e1ulica y Neum\u00e1tica<\/a><\/li>\n<li><a href=\"https:\/\/www.facet.unt.edu.ar\/ingmecanica\/wp-content\/uploads\/sites\/33\/2015\/12\/M8_2-Tecnologia-del-Frio.pdf\" target=\"_blank\" rel=\"noopener noreferrer\">Tecnolog\u00eda del Fr\u00edo<\/a><\/li>\n<li><a href=\"https:\/\/www.facet.unt.edu.ar\/ingmecanica\/wp-content\/uploads\/sites\/33\/2015\/12\/M8_3-Maquinas-Hidraulicas.pdf\" target=\"_blank\" rel=\"noopener noreferrer\">M\u00e1quinas Hidr\u00e1ulicas<\/a><\/li>\n<li><a href=\"https:\/\/www.facet.unt.edu.ar\/ingmecanica\/wp-content\/uploads\/sites\/33\/2015\/12\/M8_4-Instalaciones-Electricas.pdf\" target=\"_blank\" rel=\"noopener noreferrer\">Instalaciones El\u00e9ctricas<\/a><\/li>\n<li><a href=\"https:\/\/www.facet.unt.edu.ar\/ingmecanica\/wp-content\/uploads\/sites\/33\/2016\/02\/M8_5-Estabilidad-III.pdf\" target=\"_blank\" rel=\"noopener noreferrer\">Estabilidad III<\/a><\/li>\n<\/ol>\n<\/blockquote>\n<p><strong>M\u00f3dulo 9<\/strong><\/p>\n<blockquote>\n<ol>\n<li><a href=\"https:\/\/www.facet.unt.edu.ar\/ingmecanica\/wp-content\/uploads\/sites\/33\/2015\/12\/M9_1-Sistemas-de-Control.pdf\" target=\"_blank\" rel=\"noopener noreferrer\">Sistemas de Control<\/a><\/li>\n<li><a href=\"https:\/\/www.facet.unt.edu.ar\/ingmecanica\/wp-content\/uploads\/sites\/33\/2016\/02\/M9_2-Vibraciones-y-Fundacion-de-Maquinas.pdf\" target=\"_blank\" rel=\"noopener noreferrer\">Vibraciones y Fundaci\u00f3n de M\u00e1quinas<\/a><\/li>\n<li><a href=\"https:\/\/www.facet.unt.edu.ar\/ingmecanica\/wp-content\/uploads\/sites\/33\/2015\/12\/M9_3-Maquinas-Elevadoras-y-de-Transporte.pdf\" target=\"_blank\" rel=\"noopener noreferrer\">M\u00e1quinas Elevadoras y de Transporte<\/a><\/li>\n<li><a href=\"https:\/\/www.facet.unt.edu.ar\/ingmecanica\/wp-content\/uploads\/sites\/33\/2016\/02\/M9_4-Organizacion-Industrial.pdf\" target=\"_blank\" rel=\"noopener noreferrer\">Organizaci\u00f3n Industrial<\/a><\/li>\n<li><a href=\"https:\/\/www.facet.unt.edu.ar\/ingmecanica\/wp-content\/uploads\/sites\/33\/2015\/12\/M9_5-Ingenieria-Legal.pdf\" target=\"_blank\" rel=\"noopener noreferrer\">Ingenier\u00eda Legal<\/a><\/li>\n<\/ol>\n<\/blockquote>\n<p><strong>M\u00f3dulo 10<\/strong><\/p>\n<blockquote>\n<ol>\n<li><a href=\"https:\/\/www.facet.unt.edu.ar\/ingmecanica\/wp-content\/uploads\/sites\/33\/2015\/12\/M10_1-Generadores-de-Vapor-e-Instalaciones-Termicas.pdf\" target=\"_blank\" rel=\"noopener noreferrer\">Generadores de Vapor e Instalaciones T\u00e9rmicas<\/a><\/li>\n<li><a href=\"https:\/\/www.facet.unt.edu.ar\/ingmecanica\/wp-content\/uploads\/sites\/33\/2015\/12\/M10_2-Motores-de-Combustion-Interna.pdf\" target=\"_blank\" rel=\"noopener noreferrer\">Motores de Combusti\u00f3n Interna<\/a><\/li>\n<li><a href=\"https:\/\/www.facet.unt.edu.ar\/ingmecanica\/wp-content\/uploads\/sites\/33\/2015\/12\/M10_3-Ensayo-Maquinas-e-Instalaciones-Termicas.pdf\" target=\"_blank\" rel=\"noopener noreferrer\">Ensayo M\u00e1quinas e Instalaciones T\u00e9rmicas<\/a><\/li>\n<li><a href=\"https:\/\/www.facet.unt.edu.ar\/ingmecanica\/wp-content\/uploads\/sites\/33\/2015\/12\/M10_4-Economia-Industrial.pdf\" target=\"_blank\" rel=\"noopener noreferrer\">Econom\u00eda Industrial<\/a><\/li>\n<li><a href=\"https:\/\/www.facet.unt.edu.ar\/ingmecanica\/wp-content\/uploads\/sites\/33\/2015\/12\/M10_5-Higiene-Seguridad-y-Control-Ambiental.pdf\" target=\"_blank\" rel=\"noopener noreferrer\">Higiene, Seguridad y Control Ambiental<\/a><\/li>\n<\/ol>\n<\/blockquote>\n<p><strong>Pr\u00e1cticas de Taller<\/strong><\/p>\n<blockquote>\n<ol>\n<li><a href=\"https:\/\/www.facet.unt.edu.ar\/ingmecanica\/wp-content\/uploads\/sites\/33\/2015\/12\/T_Practicas-de-Taller-I.pdf\" target=\"_blank\" rel=\"noopener noreferrer\">Pr\u00e1cticas de Taller I<\/a><\/li>\n<li><a href=\"https:\/\/www.facet.unt.edu.ar\/ingmecanica\/wp-content\/uploads\/sites\/33\/2015\/12\/T_Practicas-de-Taller-II.pdf\" target=\"_blank\" rel=\"noopener noreferrer\">Pr\u00e1cticas de Taller II<\/a><\/li>\n<li><a href=\"https:\/\/www.facet.unt.edu.ar\/ingmecanica\/wp-content\/uploads\/sites\/33\/2015\/12\/T_Practica-de-Motores-de-Combustion-Interna.pdf\" target=\"_blank\" rel=\"noopener noreferrer\">Practica de Motores de Combusti\u00f3n Interna<\/a><\/li>\n<\/ol>\n<\/blockquote>\n<p><strong>Idiomas<\/strong><\/p>\n<blockquote>\n<ol>\n<li><a href=\"https:\/\/www.facet.unt.edu.ar\/ingmecanica\/wp-content\/uploads\/sites\/33\/2015\/12\/I_Prueba-de-Suficiencia-de-Idioma-Ingles.pdf\" target=\"_blank\" rel=\"noopener noreferrer\">Prueba de Suficiencia de Idioma Ingl\u00e9s<\/a><\/li>\n<li>Idioma Moderno Alem\u00e1n <a href=\"https:\/\/www.facet.unt.edu.ar\/ingmecanica\/wp-content\/uploads\/sites\/33\/2016\/03\/Idioma-Moderno-Alem\u00e1n-A1.pdf\">A1<\/a>, <a href=\"https:\/\/www.facet.unt.edu.ar\/ingmecanica\/wp-content\/uploads\/sites\/33\/2016\/03\/Idioma-Moderno-Alem\u00e1n-A2.pdf\">A2<\/a>, <a href=\"https:\/\/www.facet.unt.edu.ar\/ingmecanica\/wp-content\/uploads\/sites\/33\/2016\/03\/Idioma-Moderno-Alem\u00e1n-B1.pdf\">B1<\/a> (vocacional)<\/li>\n<\/ol>\n<\/blockquote>\n","protected":false},"excerpt":{"rendered":"<p>M\u00f3dulo 1 C\u00e1lculo I Algebra y Geometr\u00eda Anal\u00edtica I Sistemas de Representaci\u00f3n F\u00edsica I M\u00f3dulo 2 C\u00e1lculo II Elementos de Algebra Lineal F\u00edsica II Inform\u00e1tica Fundamentos de Qu\u00edmica General M\u00f3dulo 3 F\u00edsica III C\u00e1lculo III Mec\u00e1nica T\u00e9cnica I Dibujo de M\u00e1quinas M\u00f3dulo 4 C\u00e1lculo IV Probabilidad y Estad\u00edsticas Estabilidad I Mec\u00e1nica T\u00e9cnica II M\u00f3dulo 5 [&hellip;]<\/p>\n","protected":false},"author":101013,"featured_media":0,"parent":0,"menu_order":0,"comment_status":"closed","ping_status":"closed","template":"","meta":[],"_links":{"self":[{"href":"https:\/\/www.facet.unt.edu.ar\/ingmecanica\/wp-json\/wp\/v2\/pages\/350"}],"collection":[{"href":"https:\/\/www.facet.unt.edu.ar\/ingmecanica\/wp-json\/wp\/v2\/pages"}],"about":[{"href":"https:\/\/www.facet.unt.edu.ar\/ingmecanica\/wp-json\/wp\/v2\/types\/page"}],"author":[{"embeddable":true,"href":"https:\/\/www.facet.unt.edu.ar\/ingmecanica\/wp-json\/wp\/v2\/users\/101013"}],"replies":[{"embeddable":true,"href":"https:\/\/www.facet.unt.edu.ar\/ingmecanica\/wp-json\/wp\/v2\/comments?post=350"}],"version-history":[{"count":9,"href":"https:\/\/www.facet.unt.edu.ar\/ingmecanica\/wp-json\/wp\/v2\/pages\/350\/revisions"}],"predecessor-version":[{"id":450,"href":"https:\/\/www.facet.unt.edu.ar\/ingmecanica\/wp-json\/wp\/v2\/pages\/350\/revisions\/450"}],"wp:attachment":[{"href":"https:\/\/www.facet.unt.edu.ar\/ingmecanica\/wp-json\/wp\/v2\/media?parent=350"}],"curies":[{"name":"wp","href":"https:\/\/api.w.org\/{rel}","templated":true}]}}