{"id":476,"date":"2018-09-08T12:53:28","date_gmt":"2018-09-08T15:53:28","guid":{"rendered":"https:\/\/www.facet.unt.edu.ar\/ingmecanica\/?page_id=476"},"modified":"2022-10-12T15:06:25","modified_gmt":"2022-10-12T18:06:25","slug":"guia-practicas-profesionales-supervisadas","status":"publish","type":"page","link":"https:\/\/www.facet.unt.edu.ar\/ingmecanica\/guia-practicas-profesionales-supervisadas\/","title":{"rendered":"Gu\u00eda Pr\u00e1cticas Profesionales Supervisadas"},"content":{"rendered":"<p><em><strong>Documentos para elaboraci\u00f3n de Pr\u00e1cticas Profesionales Supervisadas (PPS)<\/strong><\/em><\/p>\n<p>&nbsp;<\/p>\n<p style=\"text-align: center;\"><a href=\"https:\/\/www.facet.unt.edu.ar\/ingmecanica\/wp-content\/uploads\/sites\/33\/2022\/09\/Procedimiento-PPS.pdf\">Procedimiento PPS<\/a><\/p>\n<p style=\"text-align: center;\"><a href=\"https:\/\/www.facet.unt.edu.ar\/ingmecanica\/wp-content\/uploads\/sites\/33\/2022\/09\/Formulario-PPS.docx\">Formulario PPS<\/a><\/p>\n<p>&nbsp;<\/p>\n","protected":false},"excerpt":{"rendered":"<p>Documentos para elaboraci\u00f3n de Pr\u00e1cticas Profesionales Supervisadas (PPS) &nbsp; Procedimiento PPS Formulario PPS &nbsp;<\/p>\n","protected":false},"author":101013,"featured_media":0,"parent":0,"menu_order":0,"comment_status":"closed","ping_status":"closed","template":"","meta":[],"_links":{"self":[{"href":"https:\/\/www.facet.unt.edu.ar\/ingmecanica\/wp-json\/wp\/v2\/pages\/476"}],"collection":[{"href":"https:\/\/www.facet.unt.edu.ar\/ingmecanica\/wp-json\/wp\/v2\/pages"}],"about":[{"href":"https:\/\/www.facet.unt.edu.ar\/ingmecanica\/wp-json\/wp\/v2\/types\/page"}],"author":[{"embeddable":true,"href":"https:\/\/www.facet.unt.edu.ar\/ingmecanica\/wp-json\/wp\/v2\/users\/101013"}],"replies":[{"embeddable":true,"href":"https:\/\/www.facet.unt.edu.ar\/ingmecanica\/wp-json\/wp\/v2\/comments?post=476"}],"version-history":[{"count":6,"href":"https:\/\/www.facet.unt.edu.ar\/ingmecanica\/wp-json\/wp\/v2\/pages\/476\/revisions"}],"predecessor-version":[{"id":551,"href":"https:\/\/www.facet.unt.edu.ar\/ingmecanica\/wp-json\/wp\/v2\/pages\/476\/revisions\/551"}],"wp:attachment":[{"href":"https:\/\/www.facet.unt.edu.ar\/ingmecanica\/wp-json\/wp\/v2\/media?parent=476"}],"curies":[{"name":"wp","href":"https:\/\/api.w.org\/{rel}","templated":true}]}}