{"id":65,"date":"2014-08-04T09:14:33","date_gmt":"2014-08-04T12:14:33","guid":{"rendered":"https:\/\/www.facet.unt.edu.ar\/ingmecanica\/home\/"},"modified":"2025-06-19T09:15:44","modified_gmt":"2025-06-19T12:15:44","slug":"home","status":"publish","type":"page","link":"https:\/\/www.facet.unt.edu.ar\/ingmecanica\/","title":{"rendered":"Home"},"content":{"rendered":"<div id=\"pl-65\"  class=\"panel-layout\" ><div id=\"pg-65-0\"  class=\"panel-grid panel-no-style\" ><div id=\"pgc-65-0-0\"  class=\"panel-grid-cell panel-grid-cell-empty\" ><\/div><div id=\"pgc-65-0-1\"  class=\"panel-grid-cell panel-grid-cell-mobile-last\" ><div id=\"panel-65-0-1-0\" class=\"so-panel widget widget_sow-editor panel-first-child\" data-index=\"0\" ><div class=\"panel-widget-style panel-widget-style-for-65-0-1-0\" ><div\n\t\t\t\n\t\t\tclass=\"so-widget-sow-editor so-widget-sow-editor-base\"\n\t\t\t\n\t\t>\n<div class=\"siteorigin-widget-tinymce textwidget\">\n\t<h1 style=\"text-align: center\"><em><span style=\"color: #3366ff\">I N G E N I E R \u00cd A \u00a0 M E C \u00c1 N I C A<\/span><\/em><\/h1>\n<\/div>\n<\/div><\/div><\/div><div id=\"panel-65-0-1-1\" class=\"so-panel widget widget_circleicon-widget panel-last-child\" data-index=\"1\" >\t\t<div class=\"circle-icon-box circle-icon-position-top circle-icon-hide-box circle-icon-size-small\">\n\t\t\t<div class=\"circle-icon-wrapper\">\n\t\t\t\t\t\t\t\t<div class=\"circle-icon\" >\n\t\t\t\t\t<div class=\"fa fa-graduation-cap\" ><\/div>\t\t\t\t<\/div>\n\t\t\t\t\t\t\t<\/div>\n\n\t\t\t\t\t\t<h4 >BIENVENIDOS AL SITIO WEB DE LA CARRERA<\/h4>\t\t\t\n\t\t\t<p class=\"text\" >La carrera Ingenier\u00eda Mec\u00e1nica forma profesionales altamente capacitados para utilizar las fuerzas naturales, en la creaci\u00f3n de bienes y servicios para satisfacer las necesidades humanas.  La ingenier\u00eda Mec\u00e1nica es b\u00e1sicamente ciencia aplicada, interviene en procesos de: mecanizado, generaci\u00f3n, transformaci\u00f3n y utilizaci\u00f3n de energ\u00eda mec\u00e1nica, t\u00e9rmica, neum\u00e1tica, e hidr\u00e1ulica. Automatizaci\u00f3n y control. Proyecto y construcci\u00f3n de maquinas y equipos. Agro Industrias. Por otra parte, debido al  actual grado de desarrollo de la industria, la ingenier\u00eda Mec\u00e1nica  esta estrechamente vinculada a las otras especialidades de la Ingenier\u00eda, participando en equipos interdisciplinarios de ciencia e ingenier\u00eda, para resolver problemas en la pr\u00e1ctica profesional.  La industria, campo natural de desempe\u00f1o de los ingenieros, es el motor de la econom\u00eda, por ello  los ingenieros son impulsores del  desarrollo y promueven el bienestar de su pueblo.<\/p>\t\t\t\t\t<\/div>\n\t\t<\/div><\/div><div id=\"pgc-65-0-2\"  class=\"panel-grid-cell panel-grid-cell-empty\" ><\/div><\/div><div id=\"pg-65-1\"  class=\"panel-grid panel-has-style\" ><div class=\"wide-grey panel-row-style panel-row-style-for-65-1\" ><div id=\"pgc-65-1-0\"  class=\"panel-grid-cell\" ><div id=\"panel-65-1-0-0\" class=\"so-panel widget widget_headline-widget panel-first-child panel-last-child\" data-index=\"2\" >\t\t<h1>T\u00edtulo Otorgado<\/h1>\n\t\t<div class=\"decoration\"><div class=\"decoration-inside\"><\/div><\/div>\n\t\t<h3>\"Ingeniero Mec\u00e1nico\", carrera con una duraci\u00f3n de 5 a\u00f1os<\/h3>\n\t\t<\/div><\/div><\/div><\/div><div id=\"pg-65-2\"  class=\"panel-grid panel-no-style\" ><div id=\"pgc-65-2-0\"  class=\"panel-grid-cell\" ><div id=\"panel-65-2-0-0\" class=\"so-panel widget widget_sow-editor panel-first-child panel-last-child\" data-index=\"3\" ><div\n\t\t\t\n\t\t\tclass=\"so-widget-sow-editor so-widget-sow-editor-base\"\n\t\t\t\n\t\t><h3 class=\"widget-title\">Noticias<\/h3>\n<div class=\"siteorigin-widget-tinymce textwidget\">\n\t<\/div>\n<\/div><\/div><\/div><div id=\"pgc-65-2-1\"  class=\"panel-grid-cell\" ><div id=\"panel-65-2-1-0\" class=\"so-panel widget widget_sow-editor panel-first-child panel-last-child\" data-index=\"4\" ><div\n\t\t\t\n\t\t\tclass=\"so-widget-sow-editor so-widget-sow-editor-base\"\n\t\t\t\n\t\t><h3 class=\"widget-title\">Tel\u00e9fonos \u00datiles<\/h3>\n<div class=\"siteorigin-widget-tinymce textwidget\">\n\t<p style=\"text-align: left;\">Soremer (0381) 431-1446<br \/>\nProvincia ART\u00a0(0381) 430-8080<br \/>\nGuardia interno 7916<br \/>\nSeguridad interno 7593<\/p>\n<\/div>\n<\/div><\/div><\/div><\/div><\/div>","protected":false},"excerpt":{"rendered":"<p>I N G E N I E R \u00cd A \u00a0 M E C \u00c1 N I C A<\/p>\n","protected":false},"author":1,"featured_media":0,"parent":0,"menu_order":0,"comment_status":"closed","ping_status":"closed","template":"home-panels.php","meta":[],"_links":{"self":[{"href":"https:\/\/www.facet.unt.edu.ar\/ingmecanica\/wp-json\/wp\/v2\/pages\/65"}],"collection":[{"href":"https:\/\/www.facet.unt.edu.ar\/ingmecanica\/wp-json\/wp\/v2\/pages"}],"about":[{"href":"https:\/\/www.facet.unt.edu.ar\/ingmecanica\/wp-json\/wp\/v2\/types\/page"}],"author":[{"embeddable":true,"href":"https:\/\/www.facet.unt.edu.ar\/ingmecanica\/wp-json\/wp\/v2\/users\/1"}],"replies":[{"embeddable":true,"href":"https:\/\/www.facet.unt.edu.ar\/ingmecanica\/wp-json\/wp\/v2\/comments?post=65"}],"version-history":[{"count":14,"href":"https:\/\/www.facet.unt.edu.ar\/ingmecanica\/wp-json\/wp\/v2\/pages\/65\/revisions"}],"predecessor-version":[{"id":735,"href":"https:\/\/www.facet.unt.edu.ar\/ingmecanica\/wp-json\/wp\/v2\/pages\/65\/revisions\/735"}],"wp:attachment":[{"href":"https:\/\/www.facet.unt.edu.ar\/ingmecanica\/wp-json\/wp\/v2\/media?parent=65"}],"curies":[{"name":"wp","href":"https:\/\/api.w.org\/{rel}","templated":true}]}}