{"id":709,"date":"2024-08-19T07:47:19","date_gmt":"2024-08-19T10:47:19","guid":{"rendered":"https:\/\/www.facet.unt.edu.ar\/ingmecanica\/?page_id=709"},"modified":"2025-06-01T12:17:06","modified_gmt":"2025-06-01T15:17:06","slug":"autoridadesacad","status":"publish","type":"page","link":"https:\/\/www.facet.unt.edu.ar\/ingmecanica\/autoridadesacad\/","title":{"rendered":"Autoridades Acad\u00e9micas"},"content":{"rendered":"<p><strong>Direcci\u00f3n de Carrera:<\/strong><\/p>\n<p>Titular: Ing. Horacio Santiago Mendez.<\/p>\n<p><strong>Comisi\u00f3n Acad\u00e9mica:<\/strong><\/p>\n<blockquote><p><strong>Representantes por los Profesores Titulares y Asociados:<\/strong><\/p>\n<p style=\"padding-left: 30px;\">Titular: Ing. Jorge Eduardo Mart\u00edn Bustos<br \/>\nTitular: Ing. Nancy Alves.<\/p>\n<p style=\"padding-left: 30px;\">Suplente: Ing. Marcos Antonio Golato<br \/>\nSuplente: Ing. Jaime Daniel Rotger<\/p>\n<p><strong>Representantes por los Profesores Adjuntos:<\/strong><\/p>\n<p style=\"padding-left: 30px;\">Titular: Ing. Jos\u00e9 Mar\u00eda Sarmiento<br \/>\nTitular: Ing. Javier Alejandro Ju\u00e1rez<\/p>\n<p style=\"padding-left: 30px;\">Suplente: Ing. Ricardo Esteban Collado.<br \/>\nSuplente: Ing. Victorio Sebasti\u00e1n Chico.<\/p>\n<p><strong>Representantes por los Jefes de Trabajos Pr\u00e1cticos y Auxiliares Docentes:<\/strong><\/p>\n<p style=\"padding-left: 30px;\">Titular: Ing. Pablo Esteban Petrino.<br \/>\nTitular: Ing. Augusto Marchese.<\/p>\n<p style=\"padding-left: 30px;\">Suplente: Ing. Carlos Esteban Torres<br \/>\nSuplente: Ing. Lucas Pedro Acosta<\/p>\n<p><strong>Representante por los Alumnos:<\/strong><\/p>\n<p style=\"padding-left: 30px;\">Lucas Gast\u00f3n Barrera<br \/>\nMateo Radrizzani<\/p>\n<p>&nbsp;<\/p><\/blockquote>\n","protected":false},"excerpt":{"rendered":"<p>Direcci\u00f3n de Carrera: Titular: Ing. Horacio Santiago Mendez. Comisi\u00f3n Acad\u00e9mica: Representantes por los Profesores Titulares y Asociados: Titular: Ing. Jorge Eduardo Mart\u00edn Bustos Titular: Ing. Nancy Alves. Suplente: Ing. Marcos Antonio Golato Suplente: Ing. Jaime Daniel Rotger Representantes por los Profesores Adjuntos: Titular: Ing. Jos\u00e9 Mar\u00eda Sarmiento Titular: Ing. Javier Alejandro Ju\u00e1rez Suplente: Ing. Ricardo [&hellip;]<\/p>\n","protected":false},"author":101013,"featured_media":0,"parent":0,"menu_order":0,"comment_status":"closed","ping_status":"closed","template":"","meta":[],"_links":{"self":[{"href":"https:\/\/www.facet.unt.edu.ar\/ingmecanica\/wp-json\/wp\/v2\/pages\/709"}],"collection":[{"href":"https:\/\/www.facet.unt.edu.ar\/ingmecanica\/wp-json\/wp\/v2\/pages"}],"about":[{"href":"https:\/\/www.facet.unt.edu.ar\/ingmecanica\/wp-json\/wp\/v2\/types\/page"}],"author":[{"embeddable":true,"href":"https:\/\/www.facet.unt.edu.ar\/ingmecanica\/wp-json\/wp\/v2\/users\/101013"}],"replies":[{"embeddable":true,"href":"https:\/\/www.facet.unt.edu.ar\/ingmecanica\/wp-json\/wp\/v2\/comments?post=709"}],"version-history":[{"count":5,"href":"https:\/\/www.facet.unt.edu.ar\/ingmecanica\/wp-json\/wp\/v2\/pages\/709\/revisions"}],"predecessor-version":[{"id":731,"href":"https:\/\/www.facet.unt.edu.ar\/ingmecanica\/wp-json\/wp\/v2\/pages\/709\/revisions\/731"}],"wp:attachment":[{"href":"https:\/\/www.facet.unt.edu.ar\/ingmecanica\/wp-json\/wp\/v2\/media?parent=709"}],"curies":[{"name":"wp","href":"https:\/\/api.w.org\/{rel}","templated":true}]}}