{"id":95,"date":"2015-11-30T20:46:32","date_gmt":"2015-11-30T23:46:32","guid":{"rendered":"https:\/\/www.facet.unt.edu.ar\/ingmecanica\/?page_id=95"},"modified":"2015-11-30T22:23:47","modified_gmt":"2015-12-01T01:23:47","slug":"perfil-del-egresado","status":"publish","type":"page","link":"https:\/\/www.facet.unt.edu.ar\/ingmecanica\/perfil-del-egresado\/","title":{"rendered":"Perfil del egresado"},"content":{"rendered":"<p>Perfil del Egresado<\/p>\n<p>El Ingeniero Mec\u00e1nico es un profesional generalista, con una s\u00f3lida formaci\u00f3n en las Ciencias B\u00e1sicas y en las Ciencias de la Ingenier\u00eda \u2013 Ciencias Tecnol\u00f3gicas B\u00e1sicas y Aplicadas, que le confiere:<\/p>\n<ul>\n<li>Capacidad de abstracci\u00f3n, imprescindible para abordar y resolver problemas tecnol\u00f3gicos complejos.<\/li>\n<li>Capacidad de criticar su formaci\u00f3n tecnol\u00f3gica en forma permanente y en la medida de los requerimientos que le plantee su ejercicio profesional.<\/li>\n<li>Competencias para responder al desaf\u00edo de crear conocimientos que contribuyan a impulsar el desarrollo tecnol\u00f3gico de Argentina, perfeccionando los sistemas productivos y haci\u00e9ndolos m\u00e1s eficientes y competitivos.<\/li>\n<li>Sensibilidad para reaccionar ante los efectos y consecuencias sociales, pol\u00edticas y ambientales del manejo de la tecnolog\u00eda.<\/li>\n<li>Sentido \u00e9tico y human\u00edstico para preservar el patrimonio ecol\u00f3gico y cultural.<\/li>\n<\/ul>\n","protected":false},"excerpt":{"rendered":"<p>Perfil del Egresado El Ingeniero Mec\u00e1nico es un profesional generalista, con una s\u00f3lida formaci\u00f3n en las Ciencias B\u00e1sicas y en las Ciencias de la Ingenier\u00eda \u2013 Ciencias Tecnol\u00f3gicas B\u00e1sicas y Aplicadas, que le confiere: Capacidad de abstracci\u00f3n, imprescindible para abordar y resolver problemas tecnol\u00f3gicos complejos. Capacidad de criticar su formaci\u00f3n tecnol\u00f3gica en forma permanente y [&hellip;]<\/p>\n","protected":false},"author":101013,"featured_media":0,"parent":0,"menu_order":0,"comment_status":"closed","ping_status":"closed","template":"","meta":[],"_links":{"self":[{"href":"https:\/\/www.facet.unt.edu.ar\/ingmecanica\/wp-json\/wp\/v2\/pages\/95"}],"collection":[{"href":"https:\/\/www.facet.unt.edu.ar\/ingmecanica\/wp-json\/wp\/v2\/pages"}],"about":[{"href":"https:\/\/www.facet.unt.edu.ar\/ingmecanica\/wp-json\/wp\/v2\/types\/page"}],"author":[{"embeddable":true,"href":"https:\/\/www.facet.unt.edu.ar\/ingmecanica\/wp-json\/wp\/v2\/users\/101013"}],"replies":[{"embeddable":true,"href":"https:\/\/www.facet.unt.edu.ar\/ingmecanica\/wp-json\/wp\/v2\/comments?post=95"}],"version-history":[{"count":2,"href":"https:\/\/www.facet.unt.edu.ar\/ingmecanica\/wp-json\/wp\/v2\/pages\/95\/revisions"}],"predecessor-version":[{"id":183,"href":"https:\/\/www.facet.unt.edu.ar\/ingmecanica\/wp-json\/wp\/v2\/pages\/95\/revisions\/183"}],"wp:attachment":[{"href":"https:\/\/www.facet.unt.edu.ar\/ingmecanica\/wp-json\/wp\/v2\/media?parent=95"}],"curies":[{"name":"wp","href":"https:\/\/api.w.org\/{rel}","templated":true}]}}