{"id":98,"date":"2015-11-30T20:47:00","date_gmt":"2015-11-30T23:47:00","guid":{"rendered":"https:\/\/www.facet.unt.edu.ar\/ingmecanica\/?page_id=98"},"modified":"2015-11-30T22:25:08","modified_gmt":"2015-12-01T01:25:08","slug":"campo-ocupacional","status":"publish","type":"page","link":"https:\/\/www.facet.unt.edu.ar\/ingmecanica\/campo-ocupacional\/","title":{"rendered":"Campo ocupacional"},"content":{"rendered":"<p>Campo Ocupacional<\/p>\n<p>Es muy extenso y variado. Son actividades profesionales reservadas al Ingeniero Mec\u00e1nico:<\/p>\n<ul>\n<li>Estudio, factibilidad, proyecto, planificaci\u00f3n, direcci\u00f3n, construcci\u00f3n, instalaci\u00f3n, puesta en marcha, operaci\u00f3n, ensayos, mediciones, mantenimiento, reparaci\u00f3n, modificaci\u00f3n, transformaci\u00f3n e inspecci\u00f3n de: Sistemas mec\u00e1nicos, t\u00e9rmicos y fluido mec\u00e1nicos o partes con esas caracter\u00edsticas incluidos en otros sistemas, destinados a la generaci\u00f3n, transformaci\u00f3n, regulaci\u00f3n, conducci\u00f3n y aplicaci\u00f3n de la energ\u00eda mec\u00e1nica. Laboratorios de todo tipo relacionados con el inciso anterior. Sistemas de control, automatizaci\u00f3n y rob\u00f3tica industrial. Instalaciones el\u00e9ctricas en baja tensi\u00f3n.<\/li>\n<li>Estudios de comportamiento, ensayos, an\u00e1lisis de estructura y determinaci\u00f3n de fallas de materiales met\u00e1licos y no met\u00e1licos, empleados en los sistemas mec\u00e1nicos. ingenier\u00eda mec\u00e1nica.<\/li>\n<li>Estudios, tareas y asesoramientos relacionados con: Asuntos de Ingenier\u00eda Legal, Econ\u00f3mica y Financiera relacionados con los incisos anteriores. Arbitrajes, pericias y tasaciones relacionados con los incisos anteriores.<\/li>\n<li>Higiene, seguridad industrial y contaminaci\u00f3n Ambiental relacionados con los incisos anteriores.<\/li>\n<\/ul>\n","protected":false},"excerpt":{"rendered":"<p>Campo Ocupacional Es muy extenso y variado. Son actividades profesionales reservadas al Ingeniero Mec\u00e1nico: Estudio, factibilidad, proyecto, planificaci\u00f3n, direcci\u00f3n, construcci\u00f3n, instalaci\u00f3n, puesta en marcha, operaci\u00f3n, ensayos, mediciones, mantenimiento, reparaci\u00f3n, modificaci\u00f3n, transformaci\u00f3n e inspecci\u00f3n de: Sistemas mec\u00e1nicos, t\u00e9rmicos y fluido mec\u00e1nicos o partes con esas caracter\u00edsticas incluidos en otros sistemas, destinados a la generaci\u00f3n, transformaci\u00f3n, regulaci\u00f3n, [&hellip;]<\/p>\n","protected":false},"author":101013,"featured_media":0,"parent":0,"menu_order":0,"comment_status":"closed","ping_status":"closed","template":"","meta":[],"_links":{"self":[{"href":"https:\/\/www.facet.unt.edu.ar\/ingmecanica\/wp-json\/wp\/v2\/pages\/98"}],"collection":[{"href":"https:\/\/www.facet.unt.edu.ar\/ingmecanica\/wp-json\/wp\/v2\/pages"}],"about":[{"href":"https:\/\/www.facet.unt.edu.ar\/ingmecanica\/wp-json\/wp\/v2\/types\/page"}],"author":[{"embeddable":true,"href":"https:\/\/www.facet.unt.edu.ar\/ingmecanica\/wp-json\/wp\/v2\/users\/101013"}],"replies":[{"embeddable":true,"href":"https:\/\/www.facet.unt.edu.ar\/ingmecanica\/wp-json\/wp\/v2\/comments?post=98"}],"version-history":[{"count":2,"href":"https:\/\/www.facet.unt.edu.ar\/ingmecanica\/wp-json\/wp\/v2\/pages\/98\/revisions"}],"predecessor-version":[{"id":184,"href":"https:\/\/www.facet.unt.edu.ar\/ingmecanica\/wp-json\/wp\/v2\/pages\/98\/revisions\/184"}],"wp:attachment":[{"href":"https:\/\/www.facet.unt.edu.ar\/ingmecanica\/wp-json\/wp\/v2\/media?parent=98"}],"curies":[{"name":"wp","href":"https:\/\/api.w.org\/{rel}","templated":true}]}}