{"id":167,"date":"2023-06-08T17:57:44","date_gmt":"2023-06-08T20:57:44","guid":{"rendered":"https:\/\/www.facet.unt.edu.ar\/ingreso\/?page_id=167"},"modified":"2026-03-31T19:11:17","modified_gmt":"2026-03-31T22:11:17","slug":"pagina-de-inicio","status":"publish","type":"page","link":"https:\/\/www.facet.unt.edu.ar\/ingreso\/","title":{"rendered":"P\u00e1gina de Inicio"},"content":{"rendered":"<div id=\"pl-167\"  class=\"panel-layout\" ><div id=\"pg-167-0\"  class=\"panel-grid panel-no-style\" ><div id=\"pgc-167-0-0\"  class=\"panel-grid-cell\" ><div id=\"panel-167-0-0-0\" class=\"so-panel widget widget_sow-editor panel-first-child\" data-index=\"0\" ><div\n\t\t\t\n\t\t\tclass=\"so-widget-sow-editor so-widget-sow-editor-base\"\n\t\t\t\n\t\t>\n<div class=\"siteorigin-widget-tinymce textwidget\">\n\t<p style=\"text-align: justify;\">Bienvenido a la Facultad de Ciencias Exactas y Tecnolog\u00eda de la Universidad Nacional de Tucum\u00e1n. Aqu\u00ed encontrar\u00e1s informaci\u00f3n importante si est\u00e1s interesado en ingresar a nuestra Facultad en cualquiera de las carreras que ofrece.<\/p>\n<p><a href=\"https:\/\/www.facet.unt.edu.ar\/ingreso\/wp-content\/uploads\/sites\/66\/2022\/12\/logoingreso2019.png\"><img decoding=\"async\" loading=\"lazy\" class=\"aligncenter wp-image-179\" src=\"https:\/\/www.facet.unt.edu.ar\/ingreso\/wp-content\/uploads\/sites\/66\/2022\/12\/logoingreso2019.png\" alt=\"\" width=\"300\" height=\"84\" \/><\/a><\/p>\n<\/div>\n<\/div><\/div><div id=\"panel-167-0-0-1\" class=\"so-panel widget widget_sow-editor\" data-index=\"1\" ><div\n\t\t\t\n\t\t\tclass=\"so-widget-sow-editor so-widget-sow-editor-base\"\n\t\t\t\n\t\t>\n<div class=\"siteorigin-widget-tinymce textwidget\">\n\t<p style=\"text-align: justify;\">Se considera aspirante a ingresar a la Facultad a todo aquel interesado que haya completado el nivel secundario (incluidos los que deban alguna materia para obtener el t\u00edtulo) y todo interesado que est\u00e9 cursando el \u00faltimo a\u00f1o del nivel secundario.<\/p>\n<p style=\"text-align: justify;\" align=\"justify\">El aspirante puede optar por distintas formas de nivelaci\u00f3n. Una es cumpliendo con los requisitos del <strong>Curso de Nivelaci\u00f3n en Matem\u00e1ticas<\/strong>, que puede tomarse en cualquiera de las instancias y modalidades que se ofrecen, o bien, con una <strong>Prueba de Suficiencia<\/strong>, que se ofrece en dos o tres momentos del a\u00f1o.<\/p>\n<p style=\"text-align: justify;\" align=\"justify\">Ponemos a disposici\u00f3n el programa con el contenido de los temas que se eval\u00faan tanto en los cursos como en las pruebas de suficiencia. Para acceder al\u00a0<strong>Programa, <\/strong>haga click <a href=\"https:\/\/www.facet.unt.edu.ar\/ingreso\/wp-content\/uploads\/sites\/66\/2024\/11\/Programa-Nivelacion-en-Matematica.pdf\">AQU\u00cd<\/a>.<\/p>\n<p style=\"text-align: justify;\" align=\"justify\"><strong>Consultas<\/strong>: <a href=\"mailto:ingresofacet@herrera.unt.edu.ar\" target=\"_blank\" rel=\"noopener\">ingresofacet@herrera.unt.edu.ar<\/a><\/p>\n<p style=\"text-align: justify;\" align=\"justify\"><strong>Cuadernillos de teor\u00eda y pr\u00e1ctica<\/strong><\/p>\n<p style=\"text-align: justify;\" align=\"justify\">Podr\u00e1s adquirir la nueva edici\u00f3n de los Cuadernillos originales de la Teor\u00eda y la Pr\u00e1ctica de la Nivelaci\u00f3n en Matem\u00e1ticas, en nuestra Facultad (Centro Herrera de la UNT - Ingreso por Av. Independencia 1800).<\/p>\n<p style=\"text-align: justify;\"><span style=\"text-decoration: underline;\">Horario y Lugar<\/span>:<\/p>\n<p style=\"text-align: justify;\">Turno Ma\u00f1ana: Lunes a Viernes, de 8 a 12 h, en Direcci\u00f3n Alumnos (Planta Baja del Block 3).<\/p>\n<p style=\"text-align: justify;\">Turno Tarde: Lunes a Viernes, de 14 a 18 h, en Oficina Area Ingreso (entre Anfiteatros B1 y B2).<\/p>\n<blockquote>\n<p style=\"text-align: justify;\" align=\"justify\">Costo de los Ejemplares (puede variar de acuerdo al costo de impresi\u00f3n):<\/p>\n<\/blockquote>\n<blockquote>\n<p style=\"text-align: justify;\" align=\"justify\">Teor\u00eda: $ 10.000<br \/>\nPr\u00e1ctica $ 10.000<\/p>\n<\/blockquote>\n<\/div>\n<\/div><\/div><div id=\"panel-167-0-0-2\" class=\"so-panel widget widget_sow-accordion panel-last-child\" data-index=\"2\" ><div\n\t\t\t\n\t\t\tclass=\"so-widget-sow-accordion so-widget-sow-accordion-default-01b9629b9368-167\"\n\t\t\t\n\t\t><div>\n\t<div class=\"sow-accordion\">\n\t\t\t<div class=\"sow-accordion-panel\"\n\t\t\t data-anchor=\"descripci%c3%b3n-de-los-cursos-de-nivelaci%c3%b3n-en-matem%c3%a1tica\">\n\t\t\t\t<div class=\"sow-accordion-panel-header-container\" role=\"heading\" aria-level=\"2\">\n\t\t\t\t\t<div class=\"sow-accordion-panel-header\" tabindex=\"0\" role=\"button\" id=\"accordion-label-descripci%c3%b3n-de-los-cursos-de-nivelaci%c3%b3n-en-matem%c3%a1tica\" aria-controls=\"accordion-content-descripci%c3%b3n-de-los-cursos-de-nivelaci%c3%b3n-en-matem%c3%a1tica\" aria-expanded=\"false\">\n\t\t\t\t\t\t<div class=\"sow-accordion-title sow-accordion-title-icon-left\">\n\t\t\t\t\t\t\t\t\t\t\t\t\t\tDescripci\u00f3n de los Cursos de Nivelaci\u00f3n en Matem\u00e1tica:\t\t\t\t\t\t\t\t\t\t\t\t\t<\/div>\n\t\t\t\t\t\t<div class=\"sow-accordion-open-close-button\">\n\t\t\t\t\t\t\t<div class=\"sow-accordion-open-button\">\n\t\t\t\t\t\t\t\t<span class=\"sow-icon-ionicons\" data-sow-icon=\"&#xf218;\"\n\t\t \n\t\taria-hidden=\"true\"><\/span>\t\t\t\t\t\t\t<\/div>\n\t\t\t\t\t\t\t<div class=\"sow-accordion-close-button\">\n\t\t\t\t\t\t\t\t<span class=\"sow-icon-ionicons\" data-sow-icon=\"&#xf209;\"\n\t\t \n\t\taria-hidden=\"true\"><\/span>\t\t\t\t\t\t\t<\/div>\n\t\t\t\t\t\t<\/div>\n\t\t\t\t\t<\/div>\n\t\t\t\t<\/div>\n\n\t\t\t<div\n\t\t\t\tclass=\"sow-accordion-panel-content\"\n\t\t\t\trole=\"region\"\n\t\t\t\taria-labelledby=\"accordion-label-descripci%c3%b3n-de-los-cursos-de-nivelaci%c3%b3n-en-matem%c3%a1tica\"\n\t\t\t\tid=\"accordion-content-descripci%c3%b3n-de-los-cursos-de-nivelaci%c3%b3n-en-matem%c3%a1tica\"\n\t\t\t\tstyle=\"display: none;\"\t\t\t>\n\t\t\t\t<div class=\"sow-accordion-panel-border\" tabindex=\"0\">\n\t\t\t\t\t<p style=\"text-align: justify;\">La Facultad ofrece a los aspirantes un Curso de Nivelaci\u00f3n en Matem\u00e1tica y actividades complementarias que los preparar\u00e1 para enfrentar con mejores probabilidades de \u00e9xito las carreras universitarias relacionadas con la ciencia y la tecnolog\u00eda que oferta la Facultad. Con estas acciones se pretende que los aspirantes: refuercen o adquieran conocimientos necesarios para facilitar el cursado de primer a\u00f1o, desarrollen habilidades y criterios para estudiar, adquieran informaci\u00f3n necesaria para incorporarse a la vida universitaria, seleccionen los procedimientos que mejor se adecuen a las situaciones planteadas y que se conduzcan con seguridad.<\/p>\n<p style=\"text-align: justify;\">Los cursos de nivelaci\u00f3n se organizan de manera tal de ofrecer una amplia disponibilidad de horarios. Hay turnos ma\u00f1ana, tarde y tarde\/noche.<\/p>\n<p><strong>Destinatarios<\/strong>:\u00a0Alumnos del \u00faltimo a\u00f1o del nivel secundario o quienes ya lo completaron y les interesa seguir algunas de las 20 carreras de grado y pregrado que ofrece la Facultad de Ciencias Exactas y Tecnolog\u00eda.<\/p>\n<p style=\"text-align: justify;\">El contenido del curso puedes consultarlo haciendo click en <a href=\"https:\/\/www.facet.unt.edu.ar\/ingreso\/wp-content\/uploads\/sites\/66\/2024\/11\/Programa-Nivelacion-en-Matematica.pdf\">PROGRAMA<\/a>.<\/p>\n\t\t\t\t<\/div>\n\t\t\t<\/div>\n\t\t<\/div>\n\t\t\t<div class=\"sow-accordion-panel\"\n\t\t\t data-anchor=\"descripci%c3%b3n-de-las-pruebas-de-suficiencia\">\n\t\t\t\t<div class=\"sow-accordion-panel-header-container\" role=\"heading\" aria-level=\"2\">\n\t\t\t\t\t<div class=\"sow-accordion-panel-header\" tabindex=\"0\" role=\"button\" id=\"accordion-label-descripci%c3%b3n-de-las-pruebas-de-suficiencia\" aria-controls=\"accordion-content-descripci%c3%b3n-de-las-pruebas-de-suficiencia\" aria-expanded=\"false\">\n\t\t\t\t\t\t<div class=\"sow-accordion-title sow-accordion-title-icon-left\">\n\t\t\t\t\t\t\t\t\t\t\t\t\t\tDescripci\u00f3n de las Pruebas de Suficiencia\t\t\t\t\t\t\t\t\t\t\t\t\t<\/div>\n\t\t\t\t\t\t<div class=\"sow-accordion-open-close-button\">\n\t\t\t\t\t\t\t<div class=\"sow-accordion-open-button\">\n\t\t\t\t\t\t\t\t<span class=\"sow-icon-ionicons\" data-sow-icon=\"&#xf218;\"\n\t\t \n\t\taria-hidden=\"true\"><\/span>\t\t\t\t\t\t\t<\/div>\n\t\t\t\t\t\t\t<div class=\"sow-accordion-close-button\">\n\t\t\t\t\t\t\t\t<span class=\"sow-icon-ionicons\" data-sow-icon=\"&#xf209;\"\n\t\t \n\t\taria-hidden=\"true\"><\/span>\t\t\t\t\t\t\t<\/div>\n\t\t\t\t\t\t<\/div>\n\t\t\t\t\t<\/div>\n\t\t\t\t<\/div>\n\n\t\t\t<div\n\t\t\t\tclass=\"sow-accordion-panel-content\"\n\t\t\t\trole=\"region\"\n\t\t\t\taria-labelledby=\"accordion-label-descripci%c3%b3n-de-las-pruebas-de-suficiencia\"\n\t\t\t\tid=\"accordion-content-descripci%c3%b3n-de-las-pruebas-de-suficiencia\"\n\t\t\t\tstyle=\"display: none;\"\t\t\t>\n\t\t\t\t<div class=\"sow-accordion-panel-border\" tabindex=\"0\">\n\t\t\t\t\t<p style=\"text-align: justify;\"><span style=\"font-weight: 400;\">Las pruebas de suficiencia son reconocidas como instancias de aprendizaje de nivelaci\u00f3n y permiten al aspirante autoevaluar su nivel de preparaci\u00f3n.<\/span><\/p>\n<p style=\"text-align: justify;\"><strong>Modalidad<\/strong>: presencial<\/p>\n<p style=\"text-align: justify;\"><span style=\"font-weight: 400;\"><strong>Destinatarios<\/strong>: <\/span><span style=\"font-weight: 400;\">Alumnos del \u00faltimo a\u00f1o del nivel secundario o quienes ya lo completaron y les interesa seguir algunas de las 20 carreras de grado y pregrado que ofrece la Facultad de Ciencias Exactas y Tecnolog\u00eda.<\/span><\/p>\n<p style=\"text-align: justify;\"><span style=\"font-weight: 400;\"><strong>Cantidad<\/strong>: se ofrecen varias pruebas de suficiencia durante el per\u00edodo del ingreso. El aspirante puede elegir cualquiera de ellas.<\/span><\/p>\n<p style=\"text-align: justify;\"><strong>Programa<\/strong>: El contenido del curso puedes consultarlo haciendo click en <a href=\"https:\/\/www.facet.unt.edu.ar\/ingreso\/wp-content\/uploads\/sites\/66\/2024\/11\/Programa-Nivelacion-en-Matematica.pdf\">PROGRAMA<\/a>.<\/p>\n<div style=\"text-align: justify;\"><strong>Material de apoyo al estudio: <\/strong>Ponemos a disposici\u00f3n Ejemplos de Pruebas de Suficiencia.<\/div>\n<blockquote>\n<div style=\"text-align: justify;\"><a href=\"https:\/\/www.facet.unt.edu.ar\/ingreso\/wp-content\/uploads\/sites\/66\/2025\/02\/SUFICIENCIA-Ingreso-Diciembre-2024-T1.jpg\">Ejemplo 1 de Prueba de Suficiencia<\/a><\/div>\n<div style=\"text-align: justify;\"><a href=\"https:\/\/www.facet.unt.edu.ar\/ingreso\/wp-content\/uploads\/sites\/66\/2025\/06\/SUFICIENCIA-Ingreso-Marzo-2025-T1.jpg\">Ejemplo 2 de Prueba de Suficiencia<\/a><\/div>\n<div style=\"text-align: justify;\"><a href=\"https:\/\/www.facet.unt.edu.ar\/ingreso\/wp-content\/uploads\/sites\/66\/2025\/11\/SUFICIENCIA-Ingreso-Agosto-2025-T1.jpg\">Ejemplo 3 de Prueba de Suficiencia<\/a><\/div>\n<\/blockquote>\n\t\t\t\t<\/div>\n\t\t\t<\/div>\n\t\t<\/div>\n\t\t<\/div>\n<\/div>\n<\/div><\/div><\/div><\/div><div id=\"pg-167-1\"  class=\"panel-grid panel-has-style\" ><div style=\"background-color: #e8e8e8; \" class=\"panel-row-style panel-row-style-for-167-1\" ><div id=\"pgc-167-1-0\"  class=\"panel-grid-cell\" ><div id=\"panel-167-1-0-0\" class=\"so-panel widget widget_sow-editor panel-first-child\" data-index=\"3\" ><div\n\t\t\t\n\t\t\tclass=\"so-widget-sow-editor so-widget-sow-editor-base\"\n\t\t\t\n\t\t>\n<div class=\"siteorigin-widget-tinymce textwidget\">\n\t<h2 style=\"text-align: center;\">Pr\u00f3xima Instancia del Ingreso<\/h2>\n<\/div>\n<\/div><\/div><div id=\"panel-167-1-0-1\" class=\"so-panel widget widget_sow-editor\" data-index=\"4\" ><div id=\"display0\" class=\"panel-widget-style panel-widget-style-for-167-1-0-1\" ><div\n\t\t\t\n\t\t\tclass=\"so-widget-sow-editor so-widget-sow-editor-base\"\n\t\t\t\n\t\t><h3 class=\"widget-title\">Curso de Nivelaci\u00f3n: Abril \/ Julio 2026<\/h3>\n<div class=\"siteorigin-widget-tinymce textwidget\">\n\t<p><strong>Inicio: Semana del 20 de Abril de 2026.<\/strong><br \/>\nDuraci\u00f3n: 12 semanas.<br \/>\nCarga horaria semanal: 3 clases de 2 horas.<br \/>\nModalidad: Presencial (Gran San Miguel de Tucum\u00e1n) o Virtual (interior de Tucum\u00e1n y otras Provincias).<br \/>\nEvaluaciones: 3 Parciales Presenciales de Ejercicios Pr\u00e1cticos con Recuperaci\u00f3n.<br \/>\nAprobaci\u00f3n: 75 % de Asistencia y Parciales con nota mayor o igual a 6.<br \/>\n<strong>Inscripci\u00f3n Online: desde el 18 de Marzo hasta las 13 hs. del 17 de Abril de 2026.<\/strong><\/p>\n<\/div>\n<\/div><\/div><\/div><div id=\"panel-167-1-0-2\" class=\"so-panel widget widget_sow-button\" data-index=\"5\" ><div class=\"panel-widget-style panel-widget-style-for-167-1-0-2\" ><div\n\t\t\t\n\t\t\tclass=\"so-widget-sow-button so-widget-sow-button-flat-ebb3931f2e45-167\"\n\t\t\t\n\t\t><div class=\"ow-button-base ow-button-align-center\">\n\t<a href=\"https:\/\/www.facet.unt.edu.ar\/ingreso\/cursoabril2026\/\" class=\"ow-icon-placement-left ow-button-hover\" target=\"_blank\" rel=\"noopener noreferrer\" \t\t>\n\t\t<span>\n\t\t\t\n\t\t\tINSCRIPCI\u00d3N ONLINE - CURSO ABRIL 2026\t\t<\/span>\n\t<\/a>\n<\/div>\n<\/div><\/div><\/div><div id=\"panel-167-1-0-3\" class=\"so-panel widget widget_sow-button panel-last-child\" data-index=\"6\" ><div\n\t\t\t\n\t\t\tclass=\"so-widget-sow-button so-widget-sow-button-flat-985b428afc13-167\"\n\t\t\t\n\t\t><div class=\"ow-button-base ow-button-align-center\">\n\t<a href=\"https:\/\/www.facet.unt.edu.ar\/ingreso\/instancias\/\" class=\"ow-icon-placement-left ow-button-hover\" \t\t>\n\t\t<span>\n\t\t\t\n\t\t\tVER TODAS LAS INSTANCIAS--&gt;\t\t<\/span>\n\t<\/a>\n<\/div>\n<\/div><\/div><\/div><\/div><\/div><div id=\"pg-167-2\"  class=\"panel-grid panel-has-style\" ><div style=\"background-color: #f2f2f2; \" class=\"panel-row-style panel-row-style-for-167-2\" ><div id=\"pgc-167-2-0\"  class=\"panel-grid-cell\" ><div id=\"panel-167-2-0-0\" class=\"so-panel widget widget_sow-editor panel-first-child panel-last-child\" data-index=\"7\" ><div\n\t\t\t\n\t\t\tclass=\"so-widget-sow-editor so-widget-sow-editor-base\"\n\t\t\t\n\t\t>\n<div class=\"siteorigin-widget-tinymce textwidget\">\n\t<p><a href=\"https:\/\/www.facet.unt.edu.ar\/blog\/2019\/07\/guia-para-estudiantes-extranjeros\/\"><img decoding=\"async\" loading=\"lazy\" class=\"alignnone size-full wp-image-274\" src=\"https:\/\/www.facet.unt.edu.ar\/ingreso\/wp-content\/uploads\/sites\/66\/2024\/11\/estudiantes-extranjeros-1024x283-1.png\" alt=\"\" width=\"1024\" height=\"283\" \/><\/a><\/p>\n<\/div>\n<\/div><\/div><\/div><\/div><\/div><div id=\"pg-167-3\"  class=\"panel-grid panel-has-style\" ><div style=\"background-color: #c6efe5; \" class=\"panel-row-style panel-row-style-for-167-3\" ><div id=\"pgc-167-3-0\"  class=\"panel-grid-cell\" ><div id=\"panel-167-3-0-0\" class=\"so-panel widget widget_sow-editor panel-first-child panel-last-child\" data-index=\"8\" ><div\n\t\t\t\n\t\t\tclass=\"so-widget-sow-editor so-widget-sow-editor-base\"\n\t\t\t\n\t\t>\n<div class=\"siteorigin-widget-tinymce textwidget\">\n\t<h3 style=\"text-align: center;\" align=\"justify\">Contacto<\/h3>\n<p align=\"justify\">Si ten\u00e9s alguna duda sobre las instancias del ingreso,\u00a0 env\u00eda mail a <a href=\"mailto:ingresofacet@herrera.unt.edu.ar\" target=\"_blank\" rel=\"noopener\">ingresofacet@herrera.unt.edu.ar<\/a><\/p>\n<p style=\"text-align: justify;\"><span style=\"text-decoration: underline;\"><strong><u>Coordinador \u00c1rea Ingreso<\/u><\/strong><\/span>: Ing. Marcelo Emilio Leiva.<\/p>\n<p style=\"text-align: justify;\"><strong><u>Oficina \u00c1rea Ingreso FACET<\/u><\/strong>: <a href=\"https:\/\/goo.gl\/maps\/Jd4rfS66tdU2\" target=\"_blank\" rel=\"noopener noreferrer\">Av. Independencia 1800, San Miguel de Tucum\u00e1n<br \/>\n<img decoding=\"async\" loading=\"lazy\" class=\"\" src=\"https:\/\/www.facet.unt.edu.ar\/wp-content\/uploads\/2019\/04\/ubicaci\u00f3n.jpg\" width=\"23\" height=\"30\" \/><\/a> ubicada entre los Anfiteatros B1 y B2.<\/p>\n<p style=\"text-align: justify;\"><span style=\"text-decoration: underline;\"><strong>FACET Virtual<\/strong><\/span>: Si ten\u00e9s alguna duda o inconveniente con el Aula Virtual, deber\u00e1s contactarte al siguiente e-mail: <a href=\"mailto:cedite@herrera.unt.edu.ar\" target=\"_blank\" rel=\"noopener noreferrer\" data-tooltip=\"Del perfil de la organizaci\u00f3n del usuario\" data-tooltip-position=\"top\">cedite@herrera.unt.edu.ar<\/a><\/p>\n<p>&nbsp;<\/p>\n<\/div>\n<\/div><\/div><\/div><\/div><\/div><\/div>","protected":false},"excerpt":{"rendered":"<p>Bienvenido a la Facultad de Ciencias Exactas y Tecnolog\u00eda de la Universidad Nacional de Tucum\u00e1n. Aqu\u00ed encontrar\u00e1s informaci\u00f3n importante si est\u00e1s interesado en ingresar a nuestra Facultad en cualquiera de las carreras que ofrece. Se considera aspirante a ingresar a la Facultad a todo aquel interesado que haya completado el nivel secundario (incluidos los que [&hellip;]<\/p>\n","protected":false},"author":101043,"featured_media":0,"parent":190,"menu_order":0,"comment_status":"closed","ping_status":"closed","template":"home-panels.php","meta":[],"_links":{"self":[{"href":"https:\/\/www.facet.unt.edu.ar\/ingreso\/wp-json\/wp\/v2\/pages\/167"}],"collection":[{"href":"https:\/\/www.facet.unt.edu.ar\/ingreso\/wp-json\/wp\/v2\/pages"}],"about":[{"href":"https:\/\/www.facet.unt.edu.ar\/ingreso\/wp-json\/wp\/v2\/types\/page"}],"author":[{"embeddable":true,"href":"https:\/\/www.facet.unt.edu.ar\/ingreso\/wp-json\/wp\/v2\/users\/101043"}],"replies":[{"embeddable":true,"href":"https:\/\/www.facet.unt.edu.ar\/ingreso\/wp-json\/wp\/v2\/comments?post=167"}],"version-history":[{"count":79,"href":"https:\/\/www.facet.unt.edu.ar\/ingreso\/wp-json\/wp\/v2\/pages\/167\/revisions"}],"predecessor-version":[{"id":782,"href":"https:\/\/www.facet.unt.edu.ar\/ingreso\/wp-json\/wp\/v2\/pages\/167\/revisions\/782"}],"up":[{"embeddable":true,"href":"https:\/\/www.facet.unt.edu.ar\/ingreso\/wp-json\/wp\/v2\/pages\/190"}],"wp:attachment":[{"href":"https:\/\/www.facet.unt.edu.ar\/ingreso\/wp-json\/wp\/v2\/media?parent=167"}],"curies":[{"name":"wp","href":"https:\/\/api.w.org\/{rel}","templated":true}]}}