{"id":190,"date":"2024-11-22T17:26:54","date_gmt":"2024-11-22T20:26:54","guid":{"rendered":"https:\/\/www.facet.unt.edu.ar\/ingreso\/?page_id=190"},"modified":"2026-03-31T19:09:21","modified_gmt":"2026-03-31T22:09:21","slug":"instancias","status":"publish","type":"page","link":"https:\/\/www.facet.unt.edu.ar\/ingreso\/instancias\/","title":{"rendered":"Instancias"},"content":{"rendered":"<div id=\"pl-190\"  class=\"panel-layout\" ><div id=\"pg-190-0\"  class=\"panel-grid panel-has-style\" ><div style=\"background-color: #f2f2f2; \" class=\"panel-row-style panel-row-style-for-190-0\" ><div id=\"pgc-190-0-0\"  class=\"panel-grid-cell\" ><div id=\"panel-190-0-0-0\" class=\"so-panel widget widget_sow-editor panel-first-child\" data-index=\"0\" ><div\n\t\t\t\n\t\t\tclass=\"so-widget-sow-editor so-widget-sow-editor-base\"\n\t\t\t\n\t\t>\n<div class=\"siteorigin-widget-tinymce textwidget\">\n\t<h3 style=\"text-align: center;\">Instancias del Ingreso<\/h3>\n<\/div>\n<\/div><\/div><div id=\"panel-190-0-0-1\" class=\"so-panel widget widget_sow-editor\" data-index=\"1\" ><div class=\"info-instancia-ingreso panel-widget-style panel-widget-style-for-190-0-0-1\" ><div\n\t\t\t\n\t\t\tclass=\"so-widget-sow-editor so-widget-sow-editor-base\"\n\t\t\t\n\t\t><h3 class=\"widget-title\">Curso de Nivelaci\u00f3n: Abril \/ Julio 2026<\/h3>\n<div class=\"siteorigin-widget-tinymce textwidget\">\n\t<p><strong>Inicio: Semana del 20 de Abril de 2026.<\/strong><br \/>\nDuraci\u00f3n: 12 semanas.<br \/>\nCarga horaria semanal: 3 clases de 2 horas.<br \/>\nModalidad: Presencial (Gran San Miguel de Tucum\u00e1n) o Virtual (interior de Tucum\u00e1n y otras Provincias).<br \/>\nEvaluaciones: 3 Parciales Presenciales de Ejercicios Pr\u00e1cticos con Recuperaci\u00f3n.<br \/>\nAprobaci\u00f3n: 75 % de Asistencia y Parciales con nota mayor o igual a 6.<br \/>\n<strong>Inscripci\u00f3n Online: desde el 18 de Marzo hasta las 13 hs. del 17 de Abril de 2026.<\/strong><\/p>\n<\/div>\n<\/div><\/div><\/div><div id=\"panel-190-0-0-2\" class=\"so-panel widget widget_sow-button\" data-index=\"2\" ><div\n\t\t\t\n\t\t\tclass=\"so-widget-sow-button so-widget-sow-button-flat-ebb3931f2e45-190\"\n\t\t\t\n\t\t><div class=\"ow-button-base ow-button-align-center\">\n\t<a href=\"https:\/\/www.facet.unt.edu.ar\/ingreso\/cursoabril2026\/\" class=\"ow-icon-placement-left ow-button-hover\" target=\"_blank\" rel=\"noopener noreferrer\" \t\t>\n\t\t<span>\n\t\t\t\n\t\t\tINSCRIPCI\u00d3N ONLINE - CURSO ABRIL 2026\t\t<\/span>\n\t<\/a>\n<\/div>\n<\/div><\/div><div id=\"panel-190-0-0-3\" class=\"so-panel widget widget_sow-editor\" data-index=\"3\" ><div class=\"info-instancia-ingreso panel-widget-style panel-widget-style-for-190-0-0-3\" ><div\n\t\t\t\n\t\t\tclass=\"so-widget-sow-editor so-widget-sow-editor-base\"\n\t\t\t\n\t\t><h3 class=\"widget-title\">Prueba de Suficiencia: Agosto 2026<\/h3>\n<div class=\"siteorigin-widget-tinymce textwidget\">\n\t<p><span style=\"font-size: 16px;\">Fecha: <strong>S\u00e1bado 8<\/strong><\/span><strong> de Agosto de 2026<\/strong><span style=\"font-size: 16px;\">\u2013 07:45 h.<\/span><br \/>\nEvaluaci\u00f3n Presencial Integral de ejercicios pr\u00e1cticos sin Recuperaci\u00f3n.<br \/>\nNota de Aprobaci\u00f3n: Igual o Mayor a 7 (siete).<br \/>\n<strong>Inscripci\u00f3n Online: desde el 1 de Julio hasta el 5 de Julio de 2026.<\/strong><\/p>\n<\/div>\n<\/div><\/div><\/div><div id=\"panel-190-0-0-4\" class=\"so-panel widget widget_sow-editor\" data-index=\"4\" ><div class=\"info-instancia-ingreso panel-widget-style panel-widget-style-for-190-0-0-4\" ><div\n\t\t\t\n\t\t\tclass=\"so-widget-sow-editor so-widget-sow-editor-base\"\n\t\t\t\n\t\t><h3 class=\"widget-title\">Curso de Nivelaci\u00f3n: Agosto \/ Noviembre 2026<\/h3>\n<div class=\"siteorigin-widget-tinymce textwidget\">\n\t<p><strong>Inicio: Semana del 24 de Agosto de 2026.<\/strong><br \/>\nDuraci\u00f3n: 12 semanas.<br \/>\nCarga horaria semanal: 3 clases de 2 horas.<br \/>\nModalidad: Presencial (Gran San Miguel de Tucum\u00e1n) o Virtual (interior de Tucum\u00e1n y otras Provincias).<br \/>\nEvaluaciones: 3 Parciales Presenciales de Ejercicios Pr\u00e1cticos con Recuperaci\u00f3n.<br \/>\nAprobaci\u00f3n: 75 % de Asistencia y Parciales con nota mayor o igual a 6.<br \/>\n<strong>Inscripci\u00f3n Online: desde el 1 de Julio hasta el 21 de Agosto de 2026.<\/strong><\/p>\n<\/div>\n<\/div><\/div><\/div><div id=\"panel-190-0-0-5\" class=\"so-panel widget widget_sow-editor\" data-index=\"5\" ><div class=\"info-instancia-ingreso panel-widget-style panel-widget-style-for-190-0-0-5\" ><div\n\t\t\t\n\t\t\tclass=\"so-widget-sow-editor so-widget-sow-editor-base\"\n\t\t\t\n\t\t><h3 class=\"widget-title\">Prueba de Suficiencia: Diciembre 2026<\/h3>\n<div class=\"siteorigin-widget-tinymce textwidget\">\n\t<p>Fecha: <strong>S\u00e1bado 12 de Diciembre de 2026<\/strong>\u00a0\u2013 07:45 h.<br \/>\nEvaluaci\u00f3n Presencial Integral de ejercicios pr\u00e1cticos sin Recuperaci\u00f3n.<br \/>\nNota de Aprobaci\u00f3n: Igual o Mayor a 7 (siete).<br \/>\n<strong>Inscripci\u00f3n Online: desde el 1 de Noviembre hasta el 9 de Diciembre de 2026.<\/strong><\/p>\n<\/div>\n<\/div><\/div><\/div><div id=\"panel-190-0-0-6\" class=\"so-panel widget widget_sow-editor\" data-index=\"6\" ><div class=\"info-instancia-ingreso panel-widget-style panel-widget-style-for-190-0-0-6\" ><div\n\t\t\t\n\t\t\tclass=\"so-widget-sow-editor so-widget-sow-editor-base\"\n\t\t\t\n\t\t><h3 class=\"widget-title\">Curso de Nivelaci\u00f3n: Febrero 2027<\/h3>\n<div class=\"siteorigin-widget-tinymce textwidget\">\n\t<p><strong>Inicio: 1 de Febrero de 2027.<\/strong><br \/>\nDuraci\u00f3n: 4 semanas.<br \/>\nCarga Horaria: Clases presenciales de 4 hs. diarias.<br \/>\nEvaluaciones: 2 Parciales Presenciales de Ejercicios Pr\u00e1cticos con Recuperaci\u00f3n.<br \/>\nAprobaci\u00f3n: 75 % de Asistencia y Parciales con nota mayor o igual a 6.<br \/>\n<strong>Inscripci\u00f3n Online: desde el 1 de Diciembre de 2026 hasta el 30 de Enero de 2027.<\/strong><\/p>\n<\/div>\n<\/div><\/div><\/div><div id=\"panel-190-0-0-7\" class=\"so-panel widget widget_sow-editor\" data-index=\"7\" ><div class=\"info-instancia-ingreso panel-widget-style panel-widget-style-for-190-0-0-7\" ><div\n\t\t\t\n\t\t\tclass=\"so-widget-sow-editor so-widget-sow-editor-base\"\n\t\t\t\n\t\t><h3 class=\"widget-title\">Prueba de Suficiencia: Marzo 2027<\/h3>\n<div class=\"siteorigin-widget-tinymce textwidget\">\n\t<p>Fecha: <strong>Mi\u00e9rcoles 10 de Marzo de 2027<\/strong>\u00a0\u2013 07:45 h.<br \/>\nEvaluaci\u00f3n Presencial Integral de ejercicios pr\u00e1cticos sin Recuperaci\u00f3n.<br \/>\nNota de Aprobaci\u00f3n: Igual o Mayor a 7 (siete).<br \/>\n<strong>Inscripci\u00f3n Online: desde el 15 de Febrero hasta el 7 de Marzo de 2027.<\/strong><\/p>\n<\/div>\n<\/div><\/div><\/div><div id=\"panel-190-0-0-8\" class=\"so-panel widget widget_sow-editor panel-last-child\" data-index=\"8\" ><div\n\t\t\t\n\t\t\tclass=\"so-widget-sow-editor so-widget-sow-editor-base\"\n\t\t\t\n\t\t>\n<div class=\"siteorigin-widget-tinymce textwidget\">\n\t<p style=\"text-align: justify;\">Es importante que sepas que adem\u00e1s de dictar los contenidos de matem\u00e1tica durante los cursos de nivelaci\u00f3n, la Facultad ofrece a los aspirantes otras actividades que ayudan a conocer y comprender en forma temprana diversos aspectos de la vida universitaria y de las profesiones que van a desarrollar una vez graduados. Ellas son: talleres a cargo del equipo de Tutor\u00eda, clases de consulta, plataforma virtual, trabajo personalizado con docentes universitarios, entre otros. Algunas de estas actividades, debido a la situaci\u00f3n epidemiol\u00f3gica por la que atraviesa el pa\u00eds y a las medidas de emergencia concomitantes adoptadas por las Autoridades de la UNT, no se pueden brindar.<\/p>\n<\/div>\n<\/div><\/div><\/div><\/div><\/div><div id=\"pg-190-1\"  class=\"panel-grid panel-no-style\" ><div id=\"pgc-190-1-0\"  class=\"panel-grid-cell\" ><div id=\"panel-190-1-0-0\" class=\"so-panel widget widget_sow-button panel-first-child\" data-index=\"9\" ><div class=\"boton-info-ingreso panel-widget-style panel-widget-style-for-190-1-0-0\" ><div\n\t\t\t\n\t\t\tclass=\"so-widget-sow-button so-widget-sow-button-flat-eaa51a902caf-190\"\n\t\t\t\n\t\t><div class=\"ow-button-base ow-button-align-center\">\n\t<a href=\"https:\/\/www.facet.unt.edu.ar\/ingreso\/wp-content\/uploads\/sites\/66\/2024\/11\/Programa-Nivelacion-en-Matematica.pdf\" class=\"ow-icon-placement-left ow-button-hover\" \t\t>\n\t\t<span>\n\t\t\t<span class=\"sow-icon-fontawesome sow-fas\" data-sow-icon=\"&#xf518;\"\n\t\t \n\t\taria-hidden=\"true\"><\/span>\n\t\t\tPROGRAMA -&gt; aqu\u00ed encontrar\u00e1s los temas que se eval\u00faan en las instancias del Ingreso\t\t<\/span>\n\t<\/a>\n<\/div>\n<\/div><\/div><\/div><div id=\"panel-190-1-0-1\" class=\"so-panel widget widget_sow-button panel-last-child\" data-index=\"10\" ><div class=\"accion-ingreso panel-widget-style panel-widget-style-for-190-1-0-1\" ><div\n\t\t\t\n\t\t\tclass=\"so-widget-sow-button so-widget-sow-button-flat-7d57c6d8e365-190\"\n\t\t\t\n\t\t><div class=\"ow-button-base ow-button-align-center\">\n\t<a href=\"https:\/\/www.facet.unt.edu.ar\/preguntas-frecuentes-ingreso\/\" class=\"ow-icon-placement-top ow-button-hover\" \t\t>\n\t\t<span>\n\t\t\t<span class=\"sow-icon-fontawesome sow-far\" data-sow-icon=\"&#xf059;\"\n\t\t \n\t\taria-hidden=\"true\"><\/span>\n\t\t\tPreguntas Frecuentes\t\t<\/span>\n\t<\/a>\n<\/div>\n<\/div><\/div><\/div><\/div><\/div><\/div>","protected":false},"excerpt":{"rendered":"<p>Instancias del Ingreso Inicio: Semana del 20 de Abril de 2026. Duraci\u00f3n: 12 semanas. Carga horaria semanal: 3 clases de 2 horas. Modalidad: Presencial (Gran San Miguel de Tucum\u00e1n) o Virtual (interior de Tucum\u00e1n y otras Provincias). Evaluaciones: 3 Parciales Presenciales de Ejercicios Pr\u00e1cticos con Recuperaci\u00f3n. Aprobaci\u00f3n: 75 % de Asistencia y Parciales con nota [&hellip;]<\/p>\n","protected":false},"author":101043,"featured_media":0,"parent":0,"menu_order":0,"comment_status":"closed","ping_status":"closed","template":"home-panels.php","meta":[],"_links":{"self":[{"href":"https:\/\/www.facet.unt.edu.ar\/ingreso\/wp-json\/wp\/v2\/pages\/190"}],"collection":[{"href":"https:\/\/www.facet.unt.edu.ar\/ingreso\/wp-json\/wp\/v2\/pages"}],"about":[{"href":"https:\/\/www.facet.unt.edu.ar\/ingreso\/wp-json\/wp\/v2\/types\/page"}],"author":[{"embeddable":true,"href":"https:\/\/www.facet.unt.edu.ar\/ingreso\/wp-json\/wp\/v2\/users\/101043"}],"replies":[{"embeddable":true,"href":"https:\/\/www.facet.unt.edu.ar\/ingreso\/wp-json\/wp\/v2\/comments?post=190"}],"version-history":[{"count":305,"href":"https:\/\/www.facet.unt.edu.ar\/ingreso\/wp-json\/wp\/v2\/pages\/190\/revisions"}],"predecessor-version":[{"id":780,"href":"https:\/\/www.facet.unt.edu.ar\/ingreso\/wp-json\/wp\/v2\/pages\/190\/revisions\/780"}],"wp:attachment":[{"href":"https:\/\/www.facet.unt.edu.ar\/ingreso\/wp-json\/wp\/v2\/media?parent=190"}],"curies":[{"name":"wp","href":"https:\/\/api.w.org\/{rel}","templated":true}]}}