{"id":548,"date":"2025-08-14T14:45:37","date_gmt":"2025-08-14T17:45:37","guid":{"rendered":"https:\/\/www.facet.unt.edu.ar\/ingreso\/?page_id=548"},"modified":"2025-08-14T14:45:37","modified_gmt":"2025-08-14T17:45:37","slug":"preguntas-frecuentes","status":"publish","type":"page","link":"https:\/\/www.facet.unt.edu.ar\/ingreso\/preguntas-frecuentes\/","title":{"rendered":"Preguntas Frecuentes"},"content":{"rendered":"<p><strong>\u00bfPuedo elegir como instancia de Nivelaci\u00f3n en Matem\u00e1tica, el Curso o la Prueba de Suficiencia?<\/strong><\/p>\n<p>S\u00ed, cualquiera de los dos vale como instancia de Nivelaci\u00f3n.<\/p>\n<p><strong>\u00bfLa instancia de Nivelaci\u00f3n es s\u00f3lo en Matem\u00e1tica?<\/strong><\/p>\n<p>S\u00ed.<\/p>\n<p><strong>\u00bfHay cupo de ingreso a la FACET?<\/strong><br \/>\nNo, ingresan todos los alumnos que aprueben el curso de nivelaci\u00f3n en matem\u00e1ticas o la prueba de suficiencia en algunas de las instancias ofrecidas por la facultad.<\/p>\n<p><strong>\u00bfEs obligatoria la asistencia a clases del Curso de Nivelaci\u00f3n?<\/strong><br \/>\nS\u00ed.<\/p>\n<p><strong>\u00bfCu\u00e1ndo se rinden los ex\u00e1menes? \u00bfSon presenciales?<\/strong><br \/>\nLas pruebas parciales y recuperaciones se rinden seg\u00fan las fechas publicadas con debida anticipaci\u00f3n, pod\u00e9s consultarlas en el Aula Virtual del Curso de Nivelaci\u00f3n. Los ex\u00e1menes son presenciales.<\/p>\n<p><strong>Si estoy tomando el Curso de Nivelaci\u00f3n y la fecha de un examen coincide con la fecha de mi viaje de egresados, \u00bfpuedo rendirlo en otro momento?<\/strong><br \/>\nS\u00ed puedes. Debes traer una constancia del viaje y al finalizar el curso rendir\u00e1s en las fechas asignadas para la recuperaci\u00f3n.<\/p>\n<p><strong>Si no apruebo el curso en el que me inscrib\u00ed, \u00bfpuedo repetir el curso en cualquiera de los otros dictados?<\/strong><br \/>\nS\u00ed, puedes tomar el curso las veces que necesites.<\/p>\n<p><strong>\u00bfPuedo tomar el Curso de Nivelaci\u00f3n si ya termin\u00e9 el secundario?<\/strong><\/p>\n<p>S\u00ed puedes, el curso se dicta a todos los interesados en ingresar a la FACET.<\/p>\n<p><strong>\u00bfQu\u00e9 temas se dan en el Curso de Nivelaci\u00f3n?<\/strong><\/p>\n<p>En el curso se revisan y refuerzan los contenidos de matem\u00e1ticas del nivel secundario que te ser\u00e1n \u00fatiles para iniciar el cursado de cualquiera de las carreras que ofrece la FACET. Los temas a estudiar los encuentras\u00a0<a href=\"https:\/\/www.facet.unt.edu.ar\/wp-content\/uploads\/2019\/09\/Programa-Curso-de-Nivelaci%C3%B3n-en-Matem%C3%A1ticas_0e815e2074514fb081cf2b5c4326ac19.pdf\" target=\"_blank\" rel=\"noopener noreferrer\">aqu\u00ed<\/a>.<\/p>\n<p><strong>\u00bfQu\u00e9 tengo que hacer para rendir la Prueba de Suficiencia?<\/strong><br \/>\nPara rendir esta prueba debes prepararte solo, inscribirte online en el sitio\u00a0<a href=\"https:\/\/www.facet.unt.edu.ar\/ingreso-facet\/\">https:\/\/www.facet.unt.edu.ar\/ingreso-facet\/<\/a>, cuando se habiliten las inscripciones para esta instancia y presentarte en la fecha que elegiste.<\/p>\n<p><strong>\u00bfPara rendir la Prueba de Suficiencia debo asistir a clase?<\/strong><br \/>\nNo debes asistir a clases.<\/p>\n<p><strong>\u00bfCu\u00e1les son los temas que debo estudiar?<\/strong><br \/>\nLos temas que debes estudiar los encuentras\u00a0<a href=\"https:\/\/www.facet.unt.edu.ar\/wp-content\/uploads\/2019\/09\/Programa-Curso-de-Nivelaci%C3%B3n-en-Matem%C3%A1ticas_0e815e2074514fb081cf2b5c4326ac19.pdf\" target=\"_blank\" rel=\"noopener noreferrer\">aqu\u00ed<\/a>.<\/p>\n<p><strong>\u00bfSi egres\u00e9 de una Escuela Experimental de la UNT, tengo que tomar alguna de las instancias de nivelaci\u00f3n que ofrece la FACET?<\/strong><\/p>\n<p>No. Si eres egresado de una Escuela Experimental de la UNT puedes inscribirte en la FACET sin tomar ninguna instancia de nivelaci\u00f3n.<\/p>\n<p><strong>\u00bfQu\u00e9 carreras ofrece la Facultad de Ciencias Exactas y Tecnolog\u00eda de la UNT?<\/strong><\/p>\n<p>Puedes ver toda la oferta acad\u00e9mica de nuestra Facultad ingresa a los siguientes link:<\/p>\n<ul>\n<li>Carreras de pregrado o cortas:\u00a0<a href=\"https:\/\/www.facet.unt.edu.ar\/academico\/carreras-cortas\/\">https:\/\/www.facet.unt.edu.ar\/academico\/carreras-cortas\/<\/a><\/li>\n<li>Carreras de grado:\u00a0<a href=\"https:\/\/www.facet.unt.edu.ar\/academico\/carreras-de-grado\/\">https:\/\/www.facet.unt.edu.ar\/academico\/carreras-de-grado\/<\/a><\/li>\n<\/ul>\n<p><strong>\u00bfCu\u00e1les son los requisitos y documentaci\u00f3n que debo presentar para inscribirme en alguna carrera de la FACET?<\/strong><\/p>\n<p>Si ya superaste la \u201cNivelaci\u00f3n en Matem\u00e1tica\u201d en cualquiera de sus instancias del Ingreso (cursos de nivelaci\u00f3n o pruebas de suficiencia), o bien, eres egresado de una Escuela Experimental de la UNT, debes realizar los siguientes pasos para ingresar como alumno a la Facultad de Ciencias Exactas y Tecnolog\u00eda de la UNT e inscribirte en la carrera que elegiste:<\/p>\n<p><strong>Requisitos<\/strong>:<\/p>\n<ol>\n<li>Pre-inscripci\u00f3n SIU Guaran\u00ed:\u00a0<a href=\"https:\/\/guarani.unt.edu.ar\/preinscripciones\/facet\/\" target=\"_blank\" rel=\"noopener\" data-saferedirecturl=\"https:\/\/www.google.com\/url?q=https:\/\/guarani.unt.edu.ar\/preinscripciones\/facet\/&amp;source=gmail&amp;ust=1674622115984000&amp;usg=AOvVaw0vR8J1kFyyaLV6a-GrZyh-\">https:\/\/guarani.unt.edu.ar\/<wbr \/>preinscripciones\/facet\/<\/a>\u00a0(*)<\/li>\n<li>Presentaci\u00f3n de la Documentaci\u00f3n que se detalla, de manera virtual, del 11\/12\/2023 al 17\/03\/2024 a trav\u00e9s del siguiente formulario de Google:\u00a0<a href=\"https:\/\/forms.gle\/tFXGzbjSfHRjiP1G9\" target=\"_blank\" rel=\"noopener\">https:\/\/forms.gle\/tFXGzbjSfHRjiP1G9<\/a><\/li>\n<\/ol>\n<p><strong>Documentaci\u00f3n:<\/strong><\/p>\n<p>\u27a1\ufe0f\u00a0Ficha pre-inscripci\u00f3n. (*)<\/p>\n<p>\u27a1\ufe0f\u00a0DNI (escaneado de ambos lados)<b>.<\/b><\/p>\n<p align=\"justify\">\u27a1\ufe0f\u00a0Acta de Nacimiento (legalizada y actualizada de los \u00faltimos 6 meses) (escaneado de ambos lados).<\/p>\n<p>\u27a1\ufe0f\u00a0Certificado Anal\u00edtico de Estudios Secundarios \u00f3 Constancia que acredite que su T\u00edtulo est\u00e1 en tr\u00e1mite y que no adeuda materias (escaneado).<\/p>\n<p>\u27a1\ufe0f\u00a0Fotograf\u00eda color tipo carnet 4&#215;4 (fondo claro frente perfil derecho).<\/p>\n<p>Ante cualquier consulta respecto a las preinscripciones debes hacerla al Depto. Despacho de Direcci\u00f3n Alumnos:\u00a0<a href=\"mailto:despachoalumnos_facet@herrera.unt.edu.ar\" target=\"_blank\" rel=\"noopener\">despachoalumnos_facet@herrera.<wbr \/>unt.edu.ar<\/a><\/p>\n<p><a href=\"https:\/\/www.facet.unt.edu.ar\/wp-content\/uploads\/2019\/10\/logo-ingreso-2019.png\"><img decoding=\"async\" loading=\"lazy\" class=\"aligncenter wp-image-5217\" src=\"https:\/\/www.facet.unt.edu.ar\/wp-content\/uploads\/2019\/10\/logo-ingreso-2019-1024x286.png\" sizes=\"(max-width: 397px) 100vw, 397px\" srcset=\"https:\/\/www.facet.unt.edu.ar\/wp-content\/uploads\/2019\/10\/logo-ingreso-2019-1024x286.png 1024w, https:\/\/www.facet.unt.edu.ar\/wp-content\/uploads\/2019\/10\/logo-ingreso-2019-300x84.png 300w, https:\/\/www.facet.unt.edu.ar\/wp-content\/uploads\/2019\/10\/logo-ingreso-2019-768x214.png 768w, https:\/\/www.facet.unt.edu.ar\/wp-content\/uploads\/2019\/10\/logo-ingreso-2019.png 1355w\" alt=\"\" width=\"397\" height=\"111\" \/><\/a><\/p>\n","protected":false},"excerpt":{"rendered":"<p>\u00bfPuedo elegir como instancia de Nivelaci\u00f3n en Matem\u00e1tica, el Curso o la Prueba de Suficiencia? S\u00ed, cualquiera de los dos vale como instancia de Nivelaci\u00f3n. \u00bfLa instancia de Nivelaci\u00f3n es s\u00f3lo en Matem\u00e1tica? S\u00ed. \u00bfHay cupo de ingreso a la FACET? No, ingresan todos los alumnos que aprueben el curso de nivelaci\u00f3n en matem\u00e1ticas o [&hellip;]<\/p>\n","protected":false},"author":101043,"featured_media":0,"parent":0,"menu_order":0,"comment_status":"closed","ping_status":"closed","template":"","meta":[],"_links":{"self":[{"href":"https:\/\/www.facet.unt.edu.ar\/ingreso\/wp-json\/wp\/v2\/pages\/548"}],"collection":[{"href":"https:\/\/www.facet.unt.edu.ar\/ingreso\/wp-json\/wp\/v2\/pages"}],"about":[{"href":"https:\/\/www.facet.unt.edu.ar\/ingreso\/wp-json\/wp\/v2\/types\/page"}],"author":[{"embeddable":true,"href":"https:\/\/www.facet.unt.edu.ar\/ingreso\/wp-json\/wp\/v2\/users\/101043"}],"replies":[{"embeddable":true,"href":"https:\/\/www.facet.unt.edu.ar\/ingreso\/wp-json\/wp\/v2\/comments?post=548"}],"version-history":[{"count":1,"href":"https:\/\/www.facet.unt.edu.ar\/ingreso\/wp-json\/wp\/v2\/pages\/548\/revisions"}],"predecessor-version":[{"id":549,"href":"https:\/\/www.facet.unt.edu.ar\/ingreso\/wp-json\/wp\/v2\/pages\/548\/revisions\/549"}],"wp:attachment":[{"href":"https:\/\/www.facet.unt.edu.ar\/ingreso\/wp-json\/wp\/v2\/media?parent=548"}],"curies":[{"name":"wp","href":"https:\/\/api.w.org\/{rel}","templated":true}]}}