{"id":555,"date":"2025-08-14T14:55:19","date_gmt":"2025-08-14T17:55:19","guid":{"rendered":"https:\/\/www.facet.unt.edu.ar\/ingreso\/?page_id=555"},"modified":"2025-08-14T14:55:19","modified_gmt":"2025-08-14T17:55:19","slug":"contacto","status":"publish","type":"page","link":"https:\/\/www.facet.unt.edu.ar\/ingreso\/contacto\/","title":{"rendered":"Contacto"},"content":{"rendered":"<p align=\"justify\">Si ten\u00e9s alguna duda sobre las instancias del ingreso,\u00a0 env\u00eda mail a\u00a0<a href=\"mailto:ingresofacet@herrera.unt.edu.ar\" target=\"_blank\" rel=\"noopener\">ingresofacet@herrera.unt.edu.ar<\/a><\/p>\n<p><strong><u>Coordinador \u00c1rea Ingreso<\/u><\/strong>: Ing. Marcelo Emilio Leiva.<\/p>\n<p><strong><u>Oficina \u00c1rea Ingreso FACET<\/u><\/strong>:\u00a0<a href=\"https:\/\/goo.gl\/maps\/Jd4rfS66tdU2\" target=\"_blank\" rel=\"noopener noreferrer\">Av. Independencia 1800, San Miguel de Tucum\u00e1n<br \/>\n<img decoding=\"async\" loading=\"lazy\" class=\"\" src=\"https:\/\/www.facet.unt.edu.ar\/wp-content\/uploads\/2019\/04\/ubicaci%C3%B3n.jpg\" width=\"23\" height=\"30\" \/><\/a>\u00a0ubicada entre los Anfiteatros B1 y B2.<\/p>\n<p><strong><u>Horarios de Atenci\u00f3n<\/u><\/strong><\/p>\n<p>Turno Ma\u00f1ana: Lunes a Viernes, de 8 a 12 h en Direcci\u00f3n Alumnos (planta baja del block 3).<\/p>\n<p>Turno Tarde: Lunes a Viernes de 14 a 17:30 h en Oficina \u00c1rea Ingreso (entre Anfiteatros B1 y B2).<\/p>\n","protected":false},"excerpt":{"rendered":"<p>Si ten\u00e9s alguna duda sobre las instancias del ingreso,\u00a0 env\u00eda mail a\u00a0ingresofacet@herrera.unt.edu.ar Coordinador \u00c1rea Ingreso: Ing. Marcelo Emilio Leiva. Oficina \u00c1rea Ingreso FACET:\u00a0Av. Independencia 1800, San Miguel de Tucum\u00e1n \u00a0ubicada entre los Anfiteatros B1 y B2. Horarios de Atenci\u00f3n Turno Ma\u00f1ana: Lunes a Viernes, de 8 a 12 h en Direcci\u00f3n Alumnos (planta baja del [&hellip;]<\/p>\n","protected":false},"author":101043,"featured_media":0,"parent":0,"menu_order":0,"comment_status":"closed","ping_status":"closed","template":"","meta":[],"_links":{"self":[{"href":"https:\/\/www.facet.unt.edu.ar\/ingreso\/wp-json\/wp\/v2\/pages\/555"}],"collection":[{"href":"https:\/\/www.facet.unt.edu.ar\/ingreso\/wp-json\/wp\/v2\/pages"}],"about":[{"href":"https:\/\/www.facet.unt.edu.ar\/ingreso\/wp-json\/wp\/v2\/types\/page"}],"author":[{"embeddable":true,"href":"https:\/\/www.facet.unt.edu.ar\/ingreso\/wp-json\/wp\/v2\/users\/101043"}],"replies":[{"embeddable":true,"href":"https:\/\/www.facet.unt.edu.ar\/ingreso\/wp-json\/wp\/v2\/comments?post=555"}],"version-history":[{"count":1,"href":"https:\/\/www.facet.unt.edu.ar\/ingreso\/wp-json\/wp\/v2\/pages\/555\/revisions"}],"predecessor-version":[{"id":556,"href":"https:\/\/www.facet.unt.edu.ar\/ingreso\/wp-json\/wp\/v2\/pages\/555\/revisions\/556"}],"wp:attachment":[{"href":"https:\/\/www.facet.unt.edu.ar\/ingreso\/wp-json\/wp\/v2\/media?parent=555"}],"curies":[{"name":"wp","href":"https:\/\/api.w.org\/{rel}","templated":true}]}}