{"id":637,"date":"2025-10-31T08:44:43","date_gmt":"2025-10-31T11:44:43","guid":{"rendered":"https:\/\/www.facet.unt.edu.ar\/inicio-universitario\/?page_id=637"},"modified":"2026-03-04T10:26:02","modified_gmt":"2026-03-04T13:26:02","slug":"inscripciones","status":"publish","type":"page","link":"https:\/\/www.facet.unt.edu.ar\/inicio-universitario\/inscripciones\/","title":{"rendered":"Inscripciones"},"content":{"rendered":"<div id=\"pl-637\"  class=\"panel-layout\" ><div id=\"pg-637-0\"  class=\"panel-grid panel-no-style\" ><div id=\"pgc-637-0-0\"  class=\"panel-grid-cell\" ><div id=\"panel-637-0-0-0\" class=\"so-panel widget widget_sow-editor panel-first-child panel-last-child\" data-index=\"0\" ><div\n\t\t\t\n\t\t\tclass=\"so-widget-sow-editor so-widget-sow-editor-base\"\n\t\t\t\n\t\t>\n<div class=\"siteorigin-widget-tinymce textwidget\">\n\t<h5><strong>INSCRIPCIONES SIU:<\/strong> Deben inscribirse en las materias a cursar del primer cuatrimestre 2026 a trav\u00e9s del <strong>S<b>istema SIU\u00a0<\/b><\/strong>del 09\/03 al 29\/03\/26.<\/h5>\n<p>Link del Sistema SIU Guaran\u00ed de Autogesti\u00f3n: <a href=\"https:\/\/guarani.unt.edu.ar\/autogestion\/\" target=\"_blank\" rel=\"noopener\">https:\/\/guarani.unt.edu.ar\/autogestion\/<\/a><\/p>\n<p><strong>Recomendaci\u00f3n<\/strong>: Para no tener conflicto con la elecci\u00f3n de las asignaturas, se sugiere a los alumnos inscribirse primero en las materias de\u00a0<strong>Sistemas de Representaci\u00f3n<\/strong>,\u00a0<strong>Fundamentos de Qu\u00edmica General e Inform\u00e1tica<\/strong>\u00a0para el caso de la Ingenier\u00edas.<\/p>\n<p><strong>INSCRIPCI\u00d3N AULAS VIRTUALES:<\/strong> Es autom\u00e1tica cuando te inscrib\u00eds a trav\u00e9s del <strong>Sistema SIU Guaran\u00ed. <\/strong>En caso contrario, contact\u00e1 con<strong> FACET VIRTUAL <\/strong>al mail<strong>: <a href=\"mailto:cedite@herrera.unt.edu.ar\">cedite@herrera.unt.edu.ar<\/a><\/strong><\/p>\n<p>&nbsp;<\/p>\n<\/div>\n<\/div><\/div><\/div><\/div><\/div>","protected":false},"excerpt":{"rendered":"<p>INSCRIPCIONES SIU: Deben inscribirse en las materias a cursar del primer cuatrimestre 2026 a trav\u00e9s del Sistema SIU\u00a0del 09\/03 al 29\/03\/26. Link del Sistema SIU Guaran\u00ed de Autogesti\u00f3n: https:\/\/guarani.unt.edu.ar\/autogestion\/ Recomendaci\u00f3n: Para no tener conflicto con la elecci\u00f3n de las asignaturas, se sugiere a los alumnos inscribirse primero en las materias de\u00a0Sistemas de Representaci\u00f3n,\u00a0Fundamentos de Qu\u00edmica [&hellip;]<\/p>\n","protected":false},"author":101049,"featured_media":0,"parent":0,"menu_order":0,"comment_status":"closed","ping_status":"closed","template":"templates\/template-full-notitle.php","meta":[],"_links":{"self":[{"href":"https:\/\/www.facet.unt.edu.ar\/inicio-universitario\/wp-json\/wp\/v2\/pages\/637"}],"collection":[{"href":"https:\/\/www.facet.unt.edu.ar\/inicio-universitario\/wp-json\/wp\/v2\/pages"}],"about":[{"href":"https:\/\/www.facet.unt.edu.ar\/inicio-universitario\/wp-json\/wp\/v2\/types\/page"}],"author":[{"embeddable":true,"href":"https:\/\/www.facet.unt.edu.ar\/inicio-universitario\/wp-json\/wp\/v2\/users\/101049"}],"replies":[{"embeddable":true,"href":"https:\/\/www.facet.unt.edu.ar\/inicio-universitario\/wp-json\/wp\/v2\/comments?post=637"}],"version-history":[{"count":8,"href":"https:\/\/www.facet.unt.edu.ar\/inicio-universitario\/wp-json\/wp\/v2\/pages\/637\/revisions"}],"predecessor-version":[{"id":825,"href":"https:\/\/www.facet.unt.edu.ar\/inicio-universitario\/wp-json\/wp\/v2\/pages\/637\/revisions\/825"}],"wp:attachment":[{"href":"https:\/\/www.facet.unt.edu.ar\/inicio-universitario\/wp-json\/wp\/v2\/media?parent=637"}],"curies":[{"name":"wp","href":"https:\/\/api.w.org\/{rel}","templated":true}]}}