{"id":759,"date":"2026-02-24T18:38:40","date_gmt":"2026-02-24T21:38:40","guid":{"rendered":"https:\/\/www.facet.unt.edu.ar\/inicio-universitario\/?page_id=759"},"modified":"2026-03-19T09:42:24","modified_gmt":"2026-03-19T12:42:24","slug":"catedras","status":"publish","type":"page","link":"https:\/\/www.facet.unt.edu.ar\/inicio-universitario\/catedras\/","title":{"rendered":"C\u00e1tedras"},"content":{"rendered":"<div dir=\"auto\">Ponemos a disposici\u00f3n de los alumnos la ubicaci\u00f3n de algunas c\u00e1tedras de las asignaturas del primer cuatrimestre:<\/div>\n<div dir=\"auto\"><\/div>\n<ul>\n<li dir=\"auto\"><strong>Fundamentos de Qu\u00edmica General<\/strong> \u2013 Block 4, 3er Piso, Oficina 4-3-25<\/li>\n<li dir=\"auto\"><strong>C\u00e1lculo I<\/strong> \u2013 Block 2, 1er Piso, Oficina 2-1-19<\/li>\n<li dir=\"auto\"><strong>\u00c1lgebra y Geometr\u00eda Anal\u00edtica<\/strong> &#8211; Block 2, 1er Piso, Oficinas 2-1-16 y 2-1-17<\/li>\n<li dir=\"auto\"><strong>F\u00edsica I<\/strong> \u2013 Block 2, Planta Baja, Oficina 2-0-02<\/li>\n<li dir=\"auto\"><strong>Sistemas de Representaci\u00f3n <\/strong>\u2013 Block 1, Planta Baja, Oficina 1-0-2<\/li>\n<\/ul>\n","protected":false},"excerpt":{"rendered":"<p>Ponemos a disposici\u00f3n de los alumnos la ubicaci\u00f3n de algunas c\u00e1tedras de las asignaturas del primer cuatrimestre: Fundamentos de Qu\u00edmica General \u2013 Block 4, 3er Piso, Oficina 4-3-25 C\u00e1lculo I \u2013 Block 2, 1er Piso, Oficina 2-1-19 \u00c1lgebra y Geometr\u00eda Anal\u00edtica &#8211; Block 2, 1er Piso, Oficinas 2-1-16 y 2-1-17 F\u00edsica I \u2013 Block 2, [&hellip;]<\/p>\n","protected":false},"author":6,"featured_media":0,"parent":0,"menu_order":0,"comment_status":"closed","ping_status":"closed","template":"","meta":[],"_links":{"self":[{"href":"https:\/\/www.facet.unt.edu.ar\/inicio-universitario\/wp-json\/wp\/v2\/pages\/759"}],"collection":[{"href":"https:\/\/www.facet.unt.edu.ar\/inicio-universitario\/wp-json\/wp\/v2\/pages"}],"about":[{"href":"https:\/\/www.facet.unt.edu.ar\/inicio-universitario\/wp-json\/wp\/v2\/types\/page"}],"author":[{"embeddable":true,"href":"https:\/\/www.facet.unt.edu.ar\/inicio-universitario\/wp-json\/wp\/v2\/users\/6"}],"replies":[{"embeddable":true,"href":"https:\/\/www.facet.unt.edu.ar\/inicio-universitario\/wp-json\/wp\/v2\/comments?post=759"}],"version-history":[{"count":3,"href":"https:\/\/www.facet.unt.edu.ar\/inicio-universitario\/wp-json\/wp\/v2\/pages\/759\/revisions"}],"predecessor-version":[{"id":1018,"href":"https:\/\/www.facet.unt.edu.ar\/inicio-universitario\/wp-json\/wp\/v2\/pages\/759\/revisions\/1018"}],"wp:attachment":[{"href":"https:\/\/www.facet.unt.edu.ar\/inicio-universitario\/wp-json\/wp\/v2\/media?parent=759"}],"curies":[{"name":"wp","href":"https:\/\/api.w.org\/{rel}","templated":true}]}}