{"id":858,"date":"2026-03-06T11:41:09","date_gmt":"2026-03-06T14:41:09","guid":{"rendered":"https:\/\/www.facet.unt.edu.ar\/inicio-universitario\/?page_id=858"},"modified":"2026-03-17T12:28:25","modified_gmt":"2026-03-17T15:28:25","slug":"modulo-i","status":"publish","type":"page","link":"https:\/\/www.facet.unt.edu.ar\/inicio-universitario\/modulo-i\/","title":{"rendered":"M\u00f3dulo I"},"content":{"rendered":"<div id=\"pl-858\"  class=\"panel-layout\" ><div id=\"pg-858-0\"  class=\"panel-grid panel-no-style\" ><div id=\"pgc-858-0-0\"  class=\"panel-grid-cell\" ><div id=\"panel-858-0-0-0\" class=\"so-panel widget widget_black-studio-tinymce widget_black_studio_tinymce panel-first-child panel-last-child\" data-index=\"0\" ><div class=\"textwidget\"><p><a href=\"https:\/\/www.facet.unt.edu.ar\/inicio-universitario\/wp-content\/uploads\/sites\/103\/2026\/03\/MODULO-I-PRIMER-ANO.png\"><img class=\"aligncenter size-full wp-image-864\" src=\"https:\/\/www.facet.unt.edu.ar\/inicio-universitario\/wp-content\/uploads\/sites\/103\/2026\/03\/MODULO-I-PRIMER-ANO.png\" alt=\"\" width=\"1900\" height=\"590\" \/><\/a><\/p>\n<\/div><\/div><\/div><\/div><div id=\"pg-858-1\"  class=\"panel-grid panel-no-style\" ><div id=\"pgc-858-1-0\"  class=\"panel-grid-cell\" ><div id=\"panel-858-1-0-0\" class=\"so-panel widget widget_sow-editor panel-first-child\" data-index=\"1\" ><div\n\t\t\t\n\t\t\tclass=\"so-widget-sow-editor so-widget-sow-editor-base\"\n\t\t\t\n\t\t>\n<div class=\"siteorigin-widget-tinymce textwidget\">\n\t<h3 style=\"text-align: center;\"><em>Importante: No olvides de inscribirte a trav\u00e9s del SIU Guaran\u00ed en las asignaturas correspondientes a tu carrera del <strong>09 de marzo al 29 de marzo<\/strong>.<\/em><\/h3>\n<h3 style=\"text-align: center;\"><a href=\"https:\/\/www.facet.unt.edu.ar\/sbe\/wp-content\/uploads\/sites\/77\/2026\/03\/Horario-MI-2026-V2.pdf\"><strong>HORARIOS INGENIER\u00cdAS ACTUALIZADOS EL 16\/03<\/strong><\/a><\/h3>\n<p><iframe loading=\"lazy\" src=\"https:\/\/www.facet.unt.edu.ar\/inicio-universitario\/wp-content\/uploads\/sites\/103\/2026\/03\/Horario-Modulo-1-2026-Horarios-2026.pdf\" width=\"100%\" height=\"650px\" frameborder=\"0\"><\/iframe><\/p>\n<p>&nbsp;<\/p>\n<\/div>\n<\/div><\/div><div id=\"panel-858-1-0-1\" class=\"so-panel widget widget_siteorigin-panels-builder panel-last-child\" data-index=\"2\" ><div id=\"pl-w69b972eb346f1\"  class=\"panel-layout\" ><div id=\"pg-w69b972eb346f1-0\"  class=\"panel-grid panel-no-style\" ><div id=\"pgc-w69b972eb346f1-0-0\"  class=\"panel-grid-cell\" ><div id=\"panel-w69b972eb346f1-0-0-0\" class=\"so-panel widget widget_black-studio-tinymce widget_black_studio_tinymce panel-first-child panel-last-child\" data-index=\"0\" ><div class=\"textwidget\"><p><a href=\"https:\/\/www.facet.unt.edu.ar\/inicio-universitario\/wp-content\/uploads\/sites\/103\/2026\/03\/DISENOS-2025-NUEVO-FORMATO-IG-55.png\"><img class=\"aligncenter size-full wp-image-945\" src=\"https:\/\/www.facet.unt.edu.ar\/inicio-universitario\/wp-content\/uploads\/sites\/103\/2026\/03\/DISENOS-2025-NUEVO-FORMATO-IG-55.png\" alt=\"\" width=\"1080\" height=\"1350\" \/><\/a><\/p>\n<\/div><\/div><\/div><div id=\"pgc-w69b972eb346f1-0-1\"  class=\"panel-grid-cell\" ><div id=\"panel-w69b972eb346f1-0-1-0\" class=\"so-panel widget widget_black-studio-tinymce widget_black_studio_tinymce panel-first-child panel-last-child\" data-index=\"1\" ><div class=\"textwidget\"><p><a href=\"https:\/\/www.facet.unt.edu.ar\/inicio-universitario\/wp-content\/uploads\/sites\/103\/2026\/03\/DISENOS-2025-NUEVO-FORMATO-IG-54.png\"><img class=\"aligncenter size-full wp-image-946\" src=\"https:\/\/www.facet.unt.edu.ar\/inicio-universitario\/wp-content\/uploads\/sites\/103\/2026\/03\/DISENOS-2025-NUEVO-FORMATO-IG-54.png\" alt=\"\" width=\"1080\" height=\"1350\" \/><\/a><\/p>\n<\/div><\/div><\/div><div id=\"pgc-w69b972eb346f1-0-2\"  class=\"panel-grid-cell\" ><div id=\"panel-w69b972eb346f1-0-2-0\" class=\"so-panel widget widget_black-studio-tinymce widget_black_studio_tinymce panel-first-child panel-last-child\" data-index=\"2\" ><div class=\"textwidget\"><p><a href=\"https:\/\/www.facet.unt.edu.ar\/inicio-universitario\/wp-content\/uploads\/sites\/103\/2026\/03\/DISENOS-2025-NUEVO-FORMATO-IG-56.png\"><img class=\"aligncenter size-full wp-image-944\" src=\"https:\/\/www.facet.unt.edu.ar\/inicio-universitario\/wp-content\/uploads\/sites\/103\/2026\/03\/DISENOS-2025-NUEVO-FORMATO-IG-56.png\" alt=\"\" width=\"1080\" height=\"1350\" \/><\/a><\/p>\n<\/div><\/div><\/div><div id=\"pgc-w69b972eb346f1-0-3\"  class=\"panel-grid-cell\" ><div id=\"panel-w69b972eb346f1-0-3-0\" class=\"so-panel widget widget_black-studio-tinymce widget_black_studio_tinymce panel-first-child panel-last-child\" data-index=\"3\" ><div class=\"textwidget\"><p><a href=\"https:\/\/www.facet.unt.edu.ar\/inicio-universitario\/wp-content\/uploads\/sites\/103\/2026\/03\/redictado-de-sistema-de-representacion-2026-v2.jpg\"><img class=\"aligncenter size-full wp-image-984\" src=\"https:\/\/www.facet.unt.edu.ar\/inicio-universitario\/wp-content\/uploads\/sites\/103\/2026\/03\/redictado-de-sistema-de-representacion-2026-v2.jpg\" alt=\"\" width=\"1080\" height=\"1350\" \/><\/a><\/p>\n<\/div><\/div><\/div><\/div><\/div><\/div><\/div><\/div><div id=\"pg-858-2\"  class=\"panel-grid panel-no-style\" ><div id=\"pgc-858-2-0\"  class=\"panel-grid-cell\" ><div id=\"panel-858-2-0-0\" class=\"so-panel widget widget_media_image panel-first-child\" data-index=\"3\" ><h3 class=\"widget-title\">HORARIOS LICENCIATURA EN MATEM\u00c1TICA<\/h3><img width=\"1172\" height=\"616\" src=\"https:\/\/www.facet.unt.edu.ar\/inicio-universitario\/wp-content\/uploads\/sites\/103\/2026\/03\/Captura-de-pantalla-2026-03-08-170204.png\" class=\"image wp-image-872  attachment-full size-full\" alt=\"\" decoding=\"async\" loading=\"lazy\" style=\"max-width: 100%; height: auto;\" \/><\/div><div id=\"panel-858-2-0-1\" class=\"so-panel widget widget_media_image\" data-index=\"4\" ><h3 class=\"widget-title\">HORARIOS PROGRAMADOR UNIVERSITARIO Y LICENCIATURA EN INFORM\u00c1TICA<\/h3><img width=\"1387\" height=\"630\" src=\"https:\/\/www.facet.unt.edu.ar\/inicio-universitario\/wp-content\/uploads\/sites\/103\/2026\/03\/Captura-de-pantalla-2026-03-08-194405.png\" class=\"image wp-image-875  attachment-full size-full\" alt=\"\" decoding=\"async\" loading=\"lazy\" style=\"max-width: 100%; height: auto;\" \/><\/div><div id=\"panel-858-2-0-2\" class=\"so-panel widget widget_media_image\" data-index=\"5\" ><h3 class=\"widget-title\">HORARIOS DISE\u00d1O DE ILUMINACI\u00d3N<\/h3><img width=\"1185\" height=\"679\" src=\"https:\/\/www.facet.unt.edu.ar\/inicio-universitario\/wp-content\/uploads\/sites\/103\/2026\/03\/Captura-de-pantalla-2026-03-08-194729.png\" class=\"image wp-image-876  attachment-full size-full\" alt=\"\" decoding=\"async\" loading=\"lazy\" style=\"max-width: 100%; height: auto;\" \/><\/div><div id=\"panel-858-2-0-3\" class=\"so-panel widget widget_media_image\" data-index=\"6\" ><h3 class=\"widget-title\">HORARIOS TECNICATURA UNIVERSITARIA EN TECNOLOG\u00cdA AZUCARERA E INDUSTRIAS DERIVADAS (TUTAID)<\/h3><img width=\"1154\" height=\"667\" src=\"https:\/\/www.facet.unt.edu.ar\/inicio-universitario\/wp-content\/uploads\/sites\/103\/2026\/03\/Captura-de-pantalla-2026-03-08-194855.png\" class=\"image wp-image-879  attachment-full size-full\" alt=\"\" decoding=\"async\" loading=\"lazy\" style=\"max-width: 100%; height: auto;\" \/><\/div><div id=\"panel-858-2-0-4\" class=\"so-panel widget widget_media_image\" data-index=\"7\" ><h3 class=\"widget-title\">HORARIOS TECNICATURA UNIVERSITARIA EN F\u00cdSICA AMBIENTAL (TUFA)<\/h3><img width=\"1165\" height=\"616\" src=\"https:\/\/www.facet.unt.edu.ar\/inicio-universitario\/wp-content\/uploads\/sites\/103\/2026\/03\/Captura-de-pantalla-2026-03-08-195113.png\" class=\"image wp-image-882  attachment-full size-full\" alt=\"\" decoding=\"async\" loading=\"lazy\" style=\"max-width: 100%; height: auto;\" \/><\/div><div id=\"panel-858-2-0-5\" class=\"so-panel widget widget_media_image panel-last-child\" data-index=\"8\" ><h3 class=\"widget-title\">HORARIOS LICENCIATURA EN F\u00cdSICA Y TECNICATURA UNIVERSITARIA EN F\u00cdSICA (TUF)<\/h3><img width=\"1105\" height=\"600\" src=\"https:\/\/www.facet.unt.edu.ar\/inicio-universitario\/wp-content\/uploads\/sites\/103\/2026\/03\/Captura-de-pantalla-2026-03-08-195403.png\" class=\"image wp-image-887  attachment-full size-full\" alt=\"\" decoding=\"async\" loading=\"lazy\" style=\"max-width: 100%; height: auto;\" \/><\/div><\/div><\/div><\/div>","protected":false},"excerpt":{"rendered":"<p>Importante: No olvides de inscribirte a trav\u00e9s del SIU Guaran\u00ed en las asignaturas correspondientes a tu carrera del 09 de marzo al 29 de marzo. HORARIOS INGENIER\u00cdAS ACTUALIZADOS EL 16\/03 &nbsp;<\/p>\n","protected":false},"author":6,"featured_media":0,"parent":0,"menu_order":0,"comment_status":"closed","ping_status":"closed","template":"","meta":[],"_links":{"self":[{"href":"https:\/\/www.facet.unt.edu.ar\/inicio-universitario\/wp-json\/wp\/v2\/pages\/858"}],"collection":[{"href":"https:\/\/www.facet.unt.edu.ar\/inicio-universitario\/wp-json\/wp\/v2\/pages"}],"about":[{"href":"https:\/\/www.facet.unt.edu.ar\/inicio-universitario\/wp-json\/wp\/v2\/types\/page"}],"author":[{"embeddable":true,"href":"https:\/\/www.facet.unt.edu.ar\/inicio-universitario\/wp-json\/wp\/v2\/users\/6"}],"replies":[{"embeddable":true,"href":"https:\/\/www.facet.unt.edu.ar\/inicio-universitario\/wp-json\/wp\/v2\/comments?post=858"}],"version-history":[{"count":60,"href":"https:\/\/www.facet.unt.edu.ar\/inicio-universitario\/wp-json\/wp\/v2\/pages\/858\/revisions"}],"predecessor-version":[{"id":866,"href":"https:\/\/www.facet.unt.edu.ar\/inicio-universitario\/wp-json\/wp\/v2\/pages\/858\/revisions\/866"}],"wp:attachment":[{"href":"https:\/\/www.facet.unt.edu.ar\/inicio-universitario\/wp-json\/wp\/v2\/media?parent=858"}],"curies":[{"name":"wp","href":"https:\/\/api.w.org\/{rel}","templated":true}]}}