{"id":953,"date":"2026-03-11T08:45:06","date_gmt":"2026-03-11T11:45:06","guid":{"rendered":"https:\/\/www.facet.unt.edu.ar\/inicio-universitario\/?page_id=953"},"modified":"2026-03-26T08:45:02","modified_gmt":"2026-03-26T11:45:02","slug":"conoce-tu-carrera","status":"publish","type":"page","link":"https:\/\/www.facet.unt.edu.ar\/inicio-universitario\/conoce-tu-carrera\/","title":{"rendered":"Conoc\u00e9 tu carrera"},"content":{"rendered":"<div id=\"pl-953\"  class=\"panel-layout\" ><div id=\"pg-953-0\"  class=\"panel-grid panel-no-style\" ><div id=\"pgc-953-0-0\"  class=\"panel-grid-cell\" ><div id=\"panel-953-0-0-0\" class=\"so-panel widget widget_sow-editor panel-first-child panel-last-child\" data-index=\"0\" ><div\n\t\t\t\n\t\t\tclass=\"so-widget-sow-editor so-widget-sow-editor-base\"\n\t\t\t\n\t\t>\n<div class=\"siteorigin-widget-tinymce textwidget\">\n\t<p><strong><span style=\"color: #ff0000;\">P\u00c1GINA EN CONSTRUCCI\u00d3N<\/span><\/strong><\/p>\n<\/div>\n<\/div><\/div><\/div><\/div><div id=\"pg-953-1\"  class=\"panel-grid panel-no-style\" ><div id=\"pgc-953-1-0\"  class=\"panel-grid-cell\" ><div id=\"panel-953-1-0-0\" class=\"so-panel widget widget_media_video panel-first-child panel-last-child\" data-index=\"1\" ><h3 class=\"widget-title\">Ingenier\u00eda Electr\u00f3nica<\/h3><div style=\"width:100%;\" class=\"wp-video\"><!--[if lt IE 9]><script>document.createElement('video');<\/script><![endif]-->\n<video class=\"wp-video-shortcode\" id=\"video-953-1\" preload=\"metadata\" controls=\"controls\"><source type=\"video\/mp4\" src=\"https:\/\/www.facet.unt.edu.ar\/inicio-universitario\/wp-content\/uploads\/sites\/103\/2026\/03\/ING-ELECTRONICA.mp4?_=1\" \/><source type=\"video\/mp4\" src=\"https:\/\/www.facet.unt.edu.ar\/inicio-universitario\/wp-content\/uploads\/sites\/103\/2026\/03\/ING-ELECTRONICA.mp4?_=1\" \/><a href=\"https:\/\/www.facet.unt.edu.ar\/inicio-universitario\/wp-content\/uploads\/sites\/103\/2026\/03\/ING-ELECTRONICA.mp4\">https:\/\/www.facet.unt.edu.ar\/inicio-universitario\/wp-content\/uploads\/sites\/103\/2026\/03\/ING-ELECTRONICA.mp4<\/a><\/video><\/div><\/div><\/div><div id=\"pgc-953-1-1\"  class=\"panel-grid-cell\" ><div id=\"panel-953-1-1-0\" class=\"so-panel widget widget_media_video panel-first-child panel-last-child\" data-index=\"2\" ><h3 class=\"widget-title\">Ingenier\u00eda Mec\u00e1nica<\/h3><div style=\"width:100%;\" class=\"wp-video\"><video class=\"wp-video-shortcode\" id=\"video-953-2\" preload=\"metadata\" controls=\"controls\"><source type=\"video\/mp4\" src=\"https:\/\/www.facet.unt.edu.ar\/inicio-universitario\/wp-content\/uploads\/sites\/103\/2026\/03\/VIDEO-INGENIERIA-MECANICA.mp4?_=2\" \/><source type=\"video\/mp4\" src=\"https:\/\/www.facet.unt.edu.ar\/inicio-universitario\/wp-content\/uploads\/sites\/103\/2026\/03\/VIDEO-INGENIERIA-MECANICA.mp4?_=2\" \/><a href=\"https:\/\/www.facet.unt.edu.ar\/inicio-universitario\/wp-content\/uploads\/sites\/103\/2026\/03\/VIDEO-INGENIERIA-MECANICA.mp4\">https:\/\/www.facet.unt.edu.ar\/inicio-universitario\/wp-content\/uploads\/sites\/103\/2026\/03\/VIDEO-INGENIERIA-MECANICA.mp4<\/a><\/video><\/div><\/div><\/div><div id=\"pgc-953-1-2\"  class=\"panel-grid-cell\" ><div id=\"panel-953-1-2-0\" class=\"so-panel widget widget_media_video panel-first-child panel-last-child\" data-index=\"3\" ><h3 class=\"widget-title\">Ingenier\u00eda Industrial<\/h3><div style=\"width:100%;\" class=\"wp-video\"><video class=\"wp-video-shortcode\" id=\"video-953-3\" preload=\"metadata\" controls=\"controls\"><source type=\"video\/mp4\" src=\"https:\/\/www.facet.unt.edu.ar\/inicio-universitario\/wp-content\/uploads\/sites\/103\/2026\/03\/VIDEO-INGENIERIA-INDUSTRIAL-1.mp4?_=3\" \/><source type=\"video\/mp4\" src=\"https:\/\/www.facet.unt.edu.ar\/inicio-universitario\/wp-content\/uploads\/sites\/103\/2026\/03\/VIDEO-INGENIERIA-INDUSTRIAL-1.mp4?_=3\" \/><a href=\"https:\/\/www.facet.unt.edu.ar\/inicio-universitario\/wp-content\/uploads\/sites\/103\/2026\/03\/VIDEO-INGENIERIA-INDUSTRIAL-1.mp4\">https:\/\/www.facet.unt.edu.ar\/inicio-universitario\/wp-content\/uploads\/sites\/103\/2026\/03\/VIDEO-INGENIERIA-INDUSTRIAL-1.mp4<\/a><\/video><\/div><\/div><\/div><\/div><div id=\"pg-953-2\"  class=\"panel-grid panel-no-style\" ><div id=\"pgc-953-2-0\"  class=\"panel-grid-cell\" ><div id=\"panel-953-2-0-0\" class=\"so-panel widget widget_media_video panel-first-child panel-last-child\" data-index=\"4\" ><h3 class=\"widget-title\">Lic. en Inform\u00e1tica y Prog. Universitario<\/h3><div style=\"width:100%;\" class=\"wp-video\"><video class=\"wp-video-shortcode\" id=\"video-953-4\" preload=\"metadata\" controls=\"controls\"><source type=\"video\/youtube\" src=\"https:\/\/www.youtube.com\/watch?v=ZUNWsE9oIn8&#038;_=4\" \/><a href=\"https:\/\/www.youtube.com\/watch?v=ZUNWsE9oIn8\">https:\/\/www.youtube.com\/watch?v=ZUNWsE9oIn8<\/a><\/video><\/div><\/div><\/div><div id=\"pgc-953-2-1\"  class=\"panel-grid-cell\" ><div id=\"panel-953-2-1-0\" class=\"so-panel widget widget_media_video panel-first-child panel-last-child\" data-index=\"5\" ><h3 class=\"widget-title\">Ingenier\u00eda Geod\u00e9sica y Geof\u00edsica<\/h3><div style=\"width:100%;\" class=\"wp-video\"><video class=\"wp-video-shortcode\" id=\"video-953-5\" preload=\"metadata\" controls=\"controls\"><source type=\"video\/youtube\" src=\"https:\/\/youtu.be\/aCKls_m80zU?_=5\" \/><a href=\"https:\/\/youtu.be\/aCKls_m80zU\">https:\/\/youtu.be\/aCKls_m80zU<\/a><\/video><\/div><\/div><\/div><div id=\"pgc-953-2-2\"  class=\"panel-grid-cell\" ><div id=\"panel-953-2-2-0\" class=\"so-panel widget widget_media_video panel-first-child panel-last-child\" data-index=\"6\" ><h3 class=\"widget-title\">Tec. Universitaria en F\u00edsica Ambiental (TUFA)<\/h3><div style=\"width:100%;\" class=\"wp-video\"><video class=\"wp-video-shortcode\" id=\"video-953-6\" preload=\"metadata\" controls=\"controls\"><source type=\"video\/mp4\" src=\"https:\/\/www.facet.unt.edu.ar\/inicio-universitario\/wp-content\/uploads\/sites\/103\/2026\/03\/TUFA.mp4?_=6\" \/><source type=\"video\/mp4\" src=\"https:\/\/www.facet.unt.edu.ar\/inicio-universitario\/wp-content\/uploads\/sites\/103\/2026\/03\/TUFA.mp4?_=6\" \/><a href=\"https:\/\/www.facet.unt.edu.ar\/inicio-universitario\/wp-content\/uploads\/sites\/103\/2026\/03\/TUFA.mp4\">https:\/\/www.facet.unt.edu.ar\/inicio-universitario\/wp-content\/uploads\/sites\/103\/2026\/03\/TUFA.mp4<\/a><\/video><\/div><\/div><\/div><\/div><div id=\"pg-953-3\"  class=\"panel-grid panel-no-style\" ><div id=\"pgc-953-3-0\"  class=\"panel-grid-cell\" ><div id=\"panel-953-3-0-0\" class=\"so-panel widget widget_media_video panel-first-child panel-last-child\" data-index=\"7\" ><h3 class=\"widget-title\">Licenciatura en Matem\u00e1tica<\/h3><div style=\"width:100%;\" class=\"wp-video\"><video class=\"wp-video-shortcode\" id=\"video-953-7\" preload=\"metadata\" controls=\"controls\"><source type=\"video\/mp4\" src=\"https:\/\/www.facet.unt.edu.ar\/inicio-universitario\/wp-content\/uploads\/sites\/103\/2026\/03\/LIC.-MATEMATICA.mp4?_=7\" \/><source type=\"video\/mp4\" src=\"https:\/\/www.facet.unt.edu.ar\/inicio-universitario\/wp-content\/uploads\/sites\/103\/2026\/03\/LIC.-MATEMATICA.mp4?_=7\" \/><a href=\"https:\/\/www.facet.unt.edu.ar\/inicio-universitario\/wp-content\/uploads\/sites\/103\/2026\/03\/LIC.-MATEMATICA.mp4\">https:\/\/www.facet.unt.edu.ar\/inicio-universitario\/wp-content\/uploads\/sites\/103\/2026\/03\/LIC.-MATEMATICA.mp4<\/a><\/video><\/div><\/div><\/div><div id=\"pgc-953-3-1\"  class=\"panel-grid-cell\" ><div id=\"panel-953-3-1-0\" class=\"so-panel widget widget_media_video panel-first-child panel-last-child\" data-index=\"8\" ><h3 class=\"widget-title\">Licenciatura en F\u00edsica<\/h3><div style=\"width:100%;\" class=\"wp-video\"><video class=\"wp-video-shortcode\" id=\"video-953-8\" preload=\"metadata\" controls=\"controls\"><source type=\"video\/mp4\" src=\"https:\/\/www.facet.unt.edu.ar\/inicio-universitario\/wp-content\/uploads\/sites\/103\/2026\/03\/LIC.-FISICA-1.mp4?_=8\" \/><source type=\"video\/mp4\" src=\"https:\/\/www.facet.unt.edu.ar\/inicio-universitario\/wp-content\/uploads\/sites\/103\/2026\/03\/LIC.-FISICA-1.mp4?_=8\" \/><a href=\"https:\/\/www.facet.unt.edu.ar\/inicio-universitario\/wp-content\/uploads\/sites\/103\/2026\/03\/LIC.-FISICA-1.mp4\">https:\/\/www.facet.unt.edu.ar\/inicio-universitario\/wp-content\/uploads\/sites\/103\/2026\/03\/LIC.-FISICA-1.mp4<\/a><\/video><\/div><\/div><\/div><div id=\"pgc-953-3-2\"  class=\"panel-grid-cell\" ><div id=\"panel-953-3-2-0\" class=\"so-panel widget widget_media_video panel-first-child panel-last-child\" data-index=\"9\" ><h3 class=\"widget-title\">Ingenier\u00eda Biom\u00e9dica<\/h3><div style=\"width:100%;\" class=\"wp-video\"><video class=\"wp-video-shortcode\" id=\"video-953-9\" preload=\"metadata\" controls=\"controls\"><source type=\"video\/mp4\" src=\"https:\/\/www.facet.unt.edu.ar\/inicio-universitario\/wp-content\/uploads\/sites\/103\/2026\/03\/BIOMEDICA.mp4?_=9\" \/><source type=\"video\/mp4\" src=\"https:\/\/www.facet.unt.edu.ar\/inicio-universitario\/wp-content\/uploads\/sites\/103\/2026\/03\/BIOMEDICA.mp4?_=9\" \/><a href=\"https:\/\/www.facet.unt.edu.ar\/inicio-universitario\/wp-content\/uploads\/sites\/103\/2026\/03\/BIOMEDICA.mp4\">https:\/\/www.facet.unt.edu.ar\/inicio-universitario\/wp-content\/uploads\/sites\/103\/2026\/03\/BIOMEDICA.mp4<\/a><\/video><\/div><\/div><\/div><\/div><div id=\"pg-953-4\"  class=\"panel-grid panel-no-style\" ><div id=\"pgc-953-4-0\"  class=\"panel-grid-cell\" ><div id=\"panel-953-4-0-0\" class=\"so-panel widget widget_media_video panel-first-child panel-last-child\" data-index=\"10\" ><h3 class=\"widget-title\">Ingenier\u00eda en Inform\u00e1tica<\/h3><div style=\"width:100%;\" class=\"wp-video\"><video class=\"wp-video-shortcode\" id=\"video-953-10\" preload=\"metadata\" controls=\"controls\"><source type=\"video\/mp4\" src=\"https:\/\/www.facet.unt.edu.ar\/inicio-universitario\/wp-content\/uploads\/sites\/103\/2026\/03\/INGENIERiA-EN-INFORMATICA.mp4?_=10\" \/><source type=\"video\/mp4\" src=\"https:\/\/www.facet.unt.edu.ar\/inicio-universitario\/wp-content\/uploads\/sites\/103\/2026\/03\/INGENIERiA-EN-INFORMATICA.mp4?_=10\" \/><a href=\"https:\/\/www.facet.unt.edu.ar\/inicio-universitario\/wp-content\/uploads\/sites\/103\/2026\/03\/INGENIERiA-EN-INFORMATICA.mp4\">https:\/\/www.facet.unt.edu.ar\/inicio-universitario\/wp-content\/uploads\/sites\/103\/2026\/03\/INGENIERiA-EN-INFORMATICA.mp4<\/a><\/video><\/div><\/div><\/div><div id=\"pgc-953-4-1\"  class=\"panel-grid-cell panel-grid-cell-empty panel-grid-cell-mobile-last\" ><\/div><div id=\"pgc-953-4-2\"  class=\"panel-grid-cell panel-grid-cell-empty\" ><\/div><\/div><\/div>","protected":false},"excerpt":{"rendered":"<p>P\u00c1GINA EN CONSTRUCCI\u00d3N<\/p>\n","protected":false},"author":6,"featured_media":0,"parent":0,"menu_order":0,"comment_status":"closed","ping_status":"closed","template":"","meta":[],"_links":{"self":[{"href":"https:\/\/www.facet.unt.edu.ar\/inicio-universitario\/wp-json\/wp\/v2\/pages\/953"}],"collection":[{"href":"https:\/\/www.facet.unt.edu.ar\/inicio-universitario\/wp-json\/wp\/v2\/pages"}],"about":[{"href":"https:\/\/www.facet.unt.edu.ar\/inicio-universitario\/wp-json\/wp\/v2\/types\/page"}],"author":[{"embeddable":true,"href":"https:\/\/www.facet.unt.edu.ar\/inicio-universitario\/wp-json\/wp\/v2\/users\/6"}],"replies":[{"embeddable":true,"href":"https:\/\/www.facet.unt.edu.ar\/inicio-universitario\/wp-json\/wp\/v2\/comments?post=953"}],"version-history":[{"count":33,"href":"https:\/\/www.facet.unt.edu.ar\/inicio-universitario\/wp-json\/wp\/v2\/pages\/953\/revisions"}],"predecessor-version":[{"id":1036,"href":"https:\/\/www.facet.unt.edu.ar\/inicio-universitario\/wp-json\/wp\/v2\/pages\/953\/revisions\/1036"}],"wp:attachment":[{"href":"https:\/\/www.facet.unt.edu.ar\/inicio-universitario\/wp-json\/wp\/v2\/media?parent=953"}],"curies":[{"name":"wp","href":"https:\/\/api.w.org\/{rel}","templated":true}]}}