{"id":100,"date":"2018-10-19T10:08:41","date_gmt":"2018-10-19T13:08:41","guid":{"rendered":"https:\/\/www.facet.unt.edu.ar\/jornadas-ieec\/?page_id=100"},"modified":"2018-10-19T10:08:41","modified_gmt":"2018-10-19T13:08:41","slug":"tematicas","status":"publish","type":"page","link":"https:\/\/www.facet.unt.edu.ar\/jornadas-ieec\/tematicas\/","title":{"rendered":"Tem\u00e1ticas"},"content":{"rendered":"<p>Las <em>\u201cJornadas 2016 en Ingenier\u00eda El\u00e9ctrica, Electr\u00f3nica y en Computaci\u00f3n\u201d<\/em>, que se llevar\u00e1n a cabo el d\u00eda 11 de Diciembre de 2018, de 9 a 18 horas, en el predio de la FACET, con el auspicio de la Secci\u00f3n Argentina del IEEE.<\/p>\n<p>Se presentar\u00e1n trabajos individuales o en equipos, sobre los temas de sus actividades de investigaci\u00f3n, desarrollo, transferencia, formaci\u00f3n superior universitaria, y temas vinculados a la docencia, que hayan sido realizados durante el corriente a\u00f1o por los integrantes del DEEC.<\/p>\n<p><em>\u00c1reas de Inter\u00e9s:<\/em><\/p>\n<ul>\n<li>Electr\u00f3nica (EO)<\/li>\n<li>Electricidad (EI)<\/li>\n<li>Computaci\u00f3n (CO)<\/li>\n<li>Educaci\u00f3n (ED)<\/li>\n<li>Gesti\u00f3n (GE)<\/li>\n<li>Otras<\/li>\n<\/ul>\n","protected":false},"excerpt":{"rendered":"<p>Las \u201cJornadas 2016 en Ingenier\u00eda El\u00e9ctrica, Electr\u00f3nica y en Computaci\u00f3n\u201d, que se llevar\u00e1n a cabo el d\u00eda 11 de Diciembre de 2018, de 9 a 18 horas, en el predio de la FACET, con el auspicio de la Secci\u00f3n Argentina del IEEE. Se presentar\u00e1n trabajos individuales o en equipos, sobre los temas de sus actividades [&hellip;]<\/p>\n","protected":false},"author":101042,"featured_media":0,"parent":0,"menu_order":0,"comment_status":"closed","ping_status":"closed","template":"","meta":[],"_links":{"self":[{"href":"https:\/\/www.facet.unt.edu.ar\/jornadas-ieec\/wp-json\/wp\/v2\/pages\/100"}],"collection":[{"href":"https:\/\/www.facet.unt.edu.ar\/jornadas-ieec\/wp-json\/wp\/v2\/pages"}],"about":[{"href":"https:\/\/www.facet.unt.edu.ar\/jornadas-ieec\/wp-json\/wp\/v2\/types\/page"}],"author":[{"embeddable":true,"href":"https:\/\/www.facet.unt.edu.ar\/jornadas-ieec\/wp-json\/wp\/v2\/users\/101042"}],"replies":[{"embeddable":true,"href":"https:\/\/www.facet.unt.edu.ar\/jornadas-ieec\/wp-json\/wp\/v2\/comments?post=100"}],"version-history":[{"count":1,"href":"https:\/\/www.facet.unt.edu.ar\/jornadas-ieec\/wp-json\/wp\/v2\/pages\/100\/revisions"}],"predecessor-version":[{"id":101,"href":"https:\/\/www.facet.unt.edu.ar\/jornadas-ieec\/wp-json\/wp\/v2\/pages\/100\/revisions\/101"}],"wp:attachment":[{"href":"https:\/\/www.facet.unt.edu.ar\/jornadas-ieec\/wp-json\/wp\/v2\/media?parent=100"}],"curies":[{"name":"wp","href":"https:\/\/api.w.org\/{rel}","templated":true}]}}