{"id":264,"date":"2024-11-18T11:46:38","date_gmt":"2024-11-18T14:46:38","guid":{"rendered":"https:\/\/www.facet.unt.edu.ar\/jornadas-ieec\/?page_id=264"},"modified":"2025-04-21T22:02:11","modified_gmt":"2025-04-22T01:02:11","slug":"principal","status":"publish","type":"page","link":"https:\/\/www.facet.unt.edu.ar\/jornadas-ieec\/","title":{"rendered":"Principal"},"content":{"rendered":"<div id=\"pl-264\"  class=\"panel-layout\" ><div id=\"pg-264-0\"  class=\"panel-grid panel-no-style\" ><div id=\"pgc-264-0-0\"  class=\"panel-grid-cell\" ><div id=\"panel-264-0-0-0\" class=\"so-panel widget widget_text panel-first-child panel-last-child\" data-index=\"0\" ><h3 class=\"widget-title\">Bienvenida<\/h3>\t\t\t<div class=\"textwidget\"><p>Les damos la m\u00e1s cordial bienvenida a las <strong>Jornadas en Ingenier\u00eda El\u00e9ctrica, Electr\u00f3nica y Computaci\u00f3n edici\u00f3n 2024<\/strong>, un evento dise\u00f1ado para fomentar el intercambio de conocimiento, la innovaci\u00f3n y la colaboraci\u00f3n entre acad\u00e9micos, estudiantes, profesionales e investigadores en estas \u00e1reas fundamentales.<\/p>\n<p>Les invitamos a explorar esta p\u00e1gina para conocer todos los detalles del evento, desde el cronograma hasta los perfiles de nuestros ponentes invitados. Estamos seguros de que estas jornadas ser\u00e1n una oportunidad \u00fanica para aprender, compartir y construir juntos el futuro de la tecnolog\u00eda.<\/p>\n<p>\u00a1Gracias por acompa\u00f1arnos y ser parte de este emocionante encuentro!<\/p>\n<\/div>\n\t\t<\/div><\/div><\/div><div id=\"pg-264-1\"  class=\"panel-grid panel-no-style\" ><div id=\"pgc-264-1-0\"  class=\"panel-grid-cell\" ><div id=\"panel-264-1-0-0\" class=\"so-panel widget widget_circleicon-widget panel-first-child panel-last-child\" data-index=\"1\" >\t\t<div class=\"circle-icon-box circle-icon-position-top circle-icon-hide-box circle-icon-size-small\">\n\t\t\t<div class=\"circle-icon-wrapper\">\n\t\t\t\t<a href=\"https:\/\/www.facet.unt.edu.ar\/jornadas-ieec\/inscripcion-de-trabajos-para-la-jornadas-ieec-2024\/\" class=\"link-icon\" >\t\t\t\t<div class=\"circle-icon\" >\n\t\t\t\t\t<div class=\"fa fa-check-square\" ><\/div>\t\t\t\t<\/div>\n\t\t\t\t<\/a>\t\t\t<\/div>\n\n\t\t\t<a href=\"https:\/\/www.facet.unt.edu.ar\/jornadas-ieec\/inscripcion-de-trabajos-para-la-jornadas-ieec-2024\/\" class=\"link-title\" >\t\t\t<h4 >Inscripci\u00f3n para participar de las Jornadas<\/h4>\t\t\t<\/a>\n\t\t\t\t\t\t\t\t\t\t<a href=\"https:\/\/www.facet.unt.edu.ar\/jornadas-ieec\/inscripcion-de-trabajos-para-la-jornadas-ieec-2024\/\" class=\"more-button\" >M\u00e1s informaci\u00f3n <i><\/i><\/a>\n\t\t\t\t\t<\/div>\n\t\t<\/div><\/div><div id=\"pgc-264-1-1\"  class=\"panel-grid-cell\" ><div id=\"panel-264-1-1-0\" class=\"so-panel widget widget_circleicon-widget panel-first-child panel-last-child\" data-index=\"2\" >\t\t<div class=\"circle-icon-box circle-icon-position-top circle-icon-hide-box circle-icon-size-small\">\n\t\t\t<div class=\"circle-icon-wrapper\">\n\t\t\t\t<a href=\"https:\/\/www.facet.unt.edu.ar\/jornadas-ieec\/wp-content\/uploads\/sites\/64\/2024\/12\/Cronograma-Jornada-IEEC-2024.pdf\" class=\"link-icon\" >\t\t\t\t<div class=\"circle-icon\" >\n\t\t\t\t\t<div class=\"fa fa-calendar\" ><\/div>\t\t\t\t<\/div>\n\t\t\t\t<\/a>\t\t\t<\/div>\n\n\t\t\t<a href=\"https:\/\/www.facet.unt.edu.ar\/jornadas-ieec\/wp-content\/uploads\/sites\/64\/2024\/12\/Cronograma-Jornada-IEEC-2024.pdf\" class=\"link-title\" >\t\t\t<h4 >Programa de las Jornadas 2024<\/h4>\t\t\t<\/a>\n\t\t\t<p class=\"text\" >En esta secci\u00f3n encontraremos el programa completo de las jornadas<\/p>\t\t\t\t\t\t\t<a href=\"https:\/\/www.facet.unt.edu.ar\/jornadas-ieec\/wp-content\/uploads\/sites\/64\/2024\/12\/Cronograma-Jornada-IEEC-2024.pdf\" class=\"more-button\" >M\u00e1s informaci\u00f3n <i><\/i><\/a>\n\t\t\t\t\t<\/div>\n\t\t<\/div><\/div><div id=\"pgc-264-1-2\"  class=\"panel-grid-cell\" ><div id=\"panel-264-1-2-0\" class=\"so-panel widget widget_circleicon-widget panel-first-child panel-last-child\" data-index=\"3\" >\t\t<div class=\"circle-icon-box circle-icon-position-top circle-icon-hide-box circle-icon-size-small\">\n\t\t\t<div class=\"circle-icon-wrapper\">\n\t\t\t\t<a href=\"https:\/\/www.facet.unt.edu.ar\/jornadas-ieec\/2024\/11\/26\/libros-de-resumenes\" class=\"link-icon\" >\t\t\t\t<div class=\"circle-icon\" >\n\t\t\t\t\t<div class=\"fa fa-book\" ><\/div>\t\t\t\t<\/div>\n\t\t\t\t<\/a>\t\t\t<\/div>\n\n\t\t\t<a href=\"https:\/\/www.facet.unt.edu.ar\/jornadas-ieec\/2024\/11\/26\/libros-de-resumenes\" class=\"link-title\" >\t\t\t<h4 >Libros de Res\u00famenes<\/h4>\t\t\t<\/a>\n\t\t\t\t\t\t\t\t\t\t<a href=\"https:\/\/www.facet.unt.edu.ar\/jornadas-ieec\/2024\/11\/26\/libros-de-resumenes\" class=\"more-button\" >Listado de libros de ediciones anteriores <i><\/i><\/a>\n\t\t\t\t\t<\/div>\n\t\t<\/div><\/div><\/div><div id=\"pg-264-2\"  class=\"panel-grid panel-no-style\" ><div id=\"pgc-264-2-0\"  class=\"panel-grid-cell\" ><div id=\"panel-264-2-0-0\" class=\"so-panel widget widget_circleicon-widget panel-first-child panel-last-child\" data-index=\"4\" >\t\t<div class=\"circle-icon-box circle-icon-position-top circle-icon-hide-box circle-icon-size-small\">\n\t\t\t<div class=\"circle-icon-wrapper\">\n\t\t\t\t<a href=\"https:\/\/www.facet.unt.edu.ar\/jornadas-ieec\/informacion-para-autores-2024\" class=\"link-icon\" >\t\t\t\t<div class=\"circle-icon\" >\n\t\t\t\t\t<div class=\"fa fa-file-pdf-o\" ><\/div>\t\t\t\t<\/div>\n\t\t\t\t<\/a>\t\t\t<\/div>\n\n\t\t\t<a href=\"https:\/\/www.facet.unt.edu.ar\/jornadas-ieec\/informacion-para-autores-2024\" class=\"link-title\" >\t\t\t<h4 >Informaci\u00f3n para los autores<\/h4>\t\t\t<\/a>\n\t\t\t<p class=\"text\" >Como participar de la jornada.<\/p>\t\t\t\t\t\t\t<a href=\"https:\/\/www.facet.unt.edu.ar\/jornadas-ieec\/informacion-para-autores-2024\" class=\"more-button\" >M\u00e1s informaci\u00f3n <i><\/i><\/a>\n\t\t\t\t\t<\/div>\n\t\t<\/div><\/div><div id=\"pgc-264-2-1\"  class=\"panel-grid-cell\" ><div id=\"panel-264-2-1-0\" class=\"so-panel widget widget_circleicon-widget panel-first-child panel-last-child\" data-index=\"5\" >\t\t<div class=\"circle-icon-box circle-icon-position-top circle-icon-hide-box circle-icon-size-small\">\n\t\t\t<div class=\"circle-icon-wrapper\">\n\t\t\t\t<a href=\"https:\/\/www.facet.unt.edu.ar\/jornadas-ieec\/tematicas-2024\/\" class=\"link-icon\" >\t\t\t\t<div class=\"circle-icon\" >\n\t\t\t\t\t<div class=\"fa fa-pencil-square-o\" ><\/div>\t\t\t\t<\/div>\n\t\t\t\t<\/a>\t\t\t<\/div>\n\n\t\t\t<a href=\"https:\/\/www.facet.unt.edu.ar\/jornadas-ieec\/tematicas-2024\/\" class=\"link-title\" >\t\t\t<h4 >Tematicas<\/h4>\t\t\t<\/a>\n\t\t\t<p class=\"text\" >Listado de las tem\u00e1ticas correspondientes a la jornada<\/p>\t\t\t\t\t\t\t<a href=\"https:\/\/www.facet.unt.edu.ar\/jornadas-ieec\/tematicas-2024\/\" class=\"more-button\" >M\u00e1s informaci\u00f3n <i><\/i><\/a>\n\t\t\t\t\t<\/div>\n\t\t<\/div><\/div><div id=\"pgc-264-2-2\"  class=\"panel-grid-cell\" ><div id=\"panel-264-2-2-0\" class=\"so-panel widget widget_circleicon-widget panel-first-child panel-last-child\" data-index=\"6\" >\t\t<div class=\"circle-icon-box circle-icon-position-top circle-icon-hide-box circle-icon-size-small\">\n\t\t\t<div class=\"circle-icon-wrapper\">\n\t\t\t\t<a href=\"#\" class=\"link-icon\" >\t\t\t\t<div class=\"circle-icon\" >\n\t\t\t\t\t<div class=\"fa fa-clock-o\" ><\/div>\t\t\t\t<\/div>\n\t\t\t\t<\/a>\t\t\t<\/div>\n\n\t\t\t<a href=\"#\" class=\"link-title\" >\t\t\t<h4 >Cronograma de Actividades<\/h4>\t\t\t<\/a>\n\t\t\t\t\t\t\t\t\t\t<a href=\"#\" class=\"more-button\" >M\u00e1s informaci\u00f3n <i><\/i><\/a>\n\t\t\t\t\t<\/div>\n\t\t<\/div><\/div><\/div><div id=\"pg-264-3\"  class=\"panel-grid panel-no-style\" ><div id=\"pgc-264-3-0\"  class=\"panel-grid-cell\" ><div id=\"panel-264-3-0-0\" class=\"so-panel widget widget_siteorigin-panels-postloop panel-first-child panel-last-child\" data-index=\"7\" ><h3 class=\"widget-title\">Noticias<\/h3>\n\t\t\n\t\t\n<article id=\"post-360\" class=\"post-360 post type-post status-publish format-standard hentry category-uncategorized\">\n\n\t\n\t<div class=\"entry-main\">\n\n\t\t\n\t\t<header class=\"entry-header\">\n\t\t\t\n\t\t\t<h1 class=\"entry-title\"><a href=\"https:\/\/www.facet.unt.edu.ar\/jornadas-ieec\/2025\/04\/21\/360\/\" title=\"Enlace permanente a \" rel=\"bookmark\"><\/a><\/h1>\n\n\t\t\t\t\t\t\t<div class=\"entry-meta\">\n\t\t\t\t\tPublicado el <a href=\"https:\/\/www.facet.unt.edu.ar\/jornadas-ieec\/2025\/04\/21\/360\/\" title=\"21:57\" rel=\"bookmark\"><time class=\"entry-date\" datetime=\"2025-04-21T21:57:26-03:00\">21 abril, 2025<\/time><\/a><time class=\"updated\" datetime=\"2025-04-21T21:59:39-03:00\">21 abril, 2025<\/time> <span class=\"byline\"> por <span class=\"author vcard\"><a class=\"url fn n\" href=\"https:\/\/www.facet.unt.edu.ar\/jornadas-ieec\/author\/lpdi\/\" title=\"Ver todos los art\u00edculos de lpdi\" rel=\"author\">lpdi<\/a><\/span><\/span> \t\t\t\t<\/div><!-- .entry-meta -->\n\t\t\t\n\t\t<\/header><!-- .entry-header -->\n\n\t\t\t\t\t<div class=\"entry-content\">\n\t\t\t\t<p>Ya se encuentra cargado en la secci\u00f3n de libros de resumenes el Libro correspondiente a la edici\u00f3n 2024.-<\/p>\n<ul>\n<li><a href=\"https:\/\/www.facet.unt.edu.ar\/jornadas-ieec\/2024\/11\/26\/libros-de-resumenes\/\">Libros de resumenes<\/a><\/li>\n<\/ul>\n\t\t\t\t\t\t\t\t\t\t\t\t\t\t\t<\/div><!-- .entry-content -->\n\t\t\n\t\t\n\t<\/div>\n\n<\/article><!-- #post-360 -->\n\n\t\n\t\t\n<article id=\"post-348\" class=\"post-348 post type-post status-publish format-standard hentry category-uncategorized\">\n\n\t\n\t<div class=\"entry-main\">\n\n\t\t\n\t\t<header class=\"entry-header\">\n\t\t\t\n\t\t\t<h1 class=\"entry-title\"><a href=\"https:\/\/www.facet.unt.edu.ar\/jornadas-ieec\/2024\/11\/29\/348\/\" title=\"Enlace permanente a \" rel=\"bookmark\"><\/a><\/h1>\n\n\t\t\t\t\t\t\t<div class=\"entry-meta\">\n\t\t\t\t\tPublicado el <a href=\"https:\/\/www.facet.unt.edu.ar\/jornadas-ieec\/2024\/11\/29\/348\/\" title=\"11:28\" rel=\"bookmark\"><time class=\"entry-date\" datetime=\"2024-11-29T11:28:22-03:00\">29 noviembre, 2024<\/time><\/a><time class=\"updated\" datetime=\"2024-12-03T13:50:20-03:00\">3 diciembre, 2024<\/time> <span class=\"byline\"> por <span class=\"author vcard\"><a class=\"url fn n\" href=\"https:\/\/www.facet.unt.edu.ar\/jornadas-ieec\/author\/lpdi\/\" title=\"Ver todos los art\u00edculos de lpdi\" rel=\"author\">lpdi<\/a><\/span><\/span> \t\t\t\t<\/div><!-- .entry-meta -->\n\t\t\t\n\t\t<\/header><!-- .entry-header -->\n\n\t\t\t\t\t<div class=\"entry-content\">\n\t\t\t\t<p>Se informa que se extiende la fecha limite para la presentacion de resumenes al <strong>Lunes 2\/12\/2024<\/strong>, siendo esta la fecha limite para la presentaci\u00f3n de res\u00famenes para las \u201cJornadas 2024 en Ingenier\u00eda El\u00e9ctrica, Electr\u00f3nica y en Computaci\u00f3n\u201d que se llevar\u00e1n a cabo los d\u00edas 10 y 11 de diciembre de 2024. Los invitamos a inscribirse:<br \/>\n<a href=\"https:\/\/forms.gle\/VpW5P3TxKCvgr6pbA\">Formulario de inscipcion<\/a><br \/>\nEl pago de la inscripci\u00f3n puede ser realizado en la Cooperadora de la FACET, y la factura ser cargada en el formulario correspondiente.<\/p>\n\t\t\t\t\t\t\t\t\t\t\t\t\t\t\t<\/div><!-- .entry-content -->\n\t\t\n\t\t\n\t<\/div>\n\n<\/article><!-- #post-348 -->\n\n\t\n\t\t\n<article id=\"post-346\" class=\"post-346 post type-post status-publish format-standard hentry category-uncategorized\">\n\n\t\n\t<div class=\"entry-main\">\n\n\t\t\n\t\t<header class=\"entry-header\">\n\t\t\t\n\t\t\t<h1 class=\"entry-title\"><a href=\"https:\/\/www.facet.unt.edu.ar\/jornadas-ieec\/2024\/11\/28\/346\/\" title=\"Enlace permanente a \" rel=\"bookmark\"><\/a><\/h1>\n\n\t\t\t\t\t\t\t<div class=\"entry-meta\">\n\t\t\t\t\tPublicado el <a href=\"https:\/\/www.facet.unt.edu.ar\/jornadas-ieec\/2024\/11\/28\/346\/\" title=\"22:34\" rel=\"bookmark\"><time class=\"entry-date\" datetime=\"2024-11-28T22:34:37-03:00\">28 noviembre, 2024<\/time><\/a><time class=\"updated\" datetime=\"2024-11-28T22:34:37-03:00\">28 noviembre, 2024<\/time> <span class=\"byline\"> por <span class=\"author vcard\"><a class=\"url fn n\" href=\"https:\/\/www.facet.unt.edu.ar\/jornadas-ieec\/author\/lpdi\/\" title=\"Ver todos los art\u00edculos de lpdi\" rel=\"author\">lpdi<\/a><\/span><\/span> \t\t\t\t<\/div><!-- .entry-meta -->\n\t\t\t\n\t\t<\/header><!-- .entry-header -->\n\n\t\t\t\t\t<div class=\"entry-content\">\n\t\t\t\t<p>A trav\u00e9s del siguiente link pueden subir los trabajos:<\/p>\n<p><a href=\"https:\/\/docs.google.com\/forms\/d\/e\/1FAIpQLScGIU8oiYARM24TcUr8j0SSfH3kF2nuUbvDOyzAY_TJl3txMA\/viewform?usp=sharing\">Link de carga de trabajos<\/a><\/p>\n\t\t\t\t\t\t\t\t\t\t\t\t\t\t\t<\/div><!-- .entry-content -->\n\t\t\n\t\t\n\t<\/div>\n\n<\/article><!-- #post-346 -->\n\n\t\n\t\t<nav role=\"navigation\" id=\"nav-below\" class=\"site-navigation paging-navigation\">\n\t\t<h1 class=\"assistive-text\">Navegador de art\u00edculos<\/h1>\n\n\t\n\t\t<div class='pagination'><span aria-current=\"page\" class=\"page-numbers current\">1<\/span>\n<a class=\"page-numbers\" href=\"https:\/\/www.facet.unt.edu.ar\/jornadas-ieec\/wp-json\/wp\/v2\/pages\/264\/page\/2\/\">2<\/a>\n<a class=\"next page-numbers\" href=\"https:\/\/www.facet.unt.edu.ar\/jornadas-ieec\/wp-json\/wp\/v2\/pages\/264\/page\/2\/\">Siguiente &raquo;<\/a><\/div>\n\n\t\n\t<\/nav><!-- #nav-below -->\n\t\n<\/div><\/div><div id=\"pgc-264-3-1\"  class=\"panel-grid-cell\" ><div id=\"panel-264-3-1-0\" class=\"so-panel widget widget_sow-image panel-first-child panel-last-child\" data-index=\"8\" ><div\n\t\t\t\n\t\t\tclass=\"so-widget-sow-image so-widget-sow-image-default-d6014b76747a-346\"\n\t\t\t\n\t\t>\n\n<div class=\"sow-image-container\">\n\t\t<img src=\"https:\/\/www.facet.unt.edu.ar\/jornadas-ieec\/wp-content\/uploads\/sites\/64\/2024\/11\/jornadas_IEEC_2024.jpg\" width=\"507\" height=\"498\" sizes=\"(max-width: 507px) 100vw, 507px\" alt=\"\" loading=\"lazy\" \t\tclass=\"so-widget-image\"\/>\n\t<\/div>\n\n<\/div><\/div><\/div><\/div><div id=\"pg-264-4\"  class=\"panel-grid panel-no-style\" ><div id=\"pgc-264-4-0\"  class=\"panel-grid-cell\" ><div id=\"panel-264-4-0-0\" class=\"so-panel widget widget_circleicon-widget panel-first-child panel-last-child\" data-index=\"9\" >\t\t<div class=\"circle-icon-box circle-icon-position-top circle-icon-hide-box circle-icon-size-small\">\n\t\t\t<div class=\"circle-icon-wrapper\">\n\t\t\t\t<a href=\"https:\/\/www.facet.unt.edu.ar\/jornadas-ieec\/home\/\" class=\"link-icon\" >\t\t\t\t<div class=\"circle-icon\" >\n\t\t\t\t\t<div class=\"fa fa-paint-brush\" ><\/div>\t\t\t\t<\/div>\n\t\t\t\t<\/a>\t\t\t<\/div>\n\n\t\t\t<a href=\"https:\/\/www.facet.unt.edu.ar\/jornadas-ieec\/home\/\" class=\"link-title\" >\t\t\t<h4 >Entregas Anteriores<\/h4>\t\t\t<\/a>\n\t\t\t<p class=\"text\" >aqui encontraran links a jornadas  anteriores<\/p>\t\t\t\t\t\t\t<a href=\"https:\/\/www.facet.unt.edu.ar\/jornadas-ieec\/home\/\" class=\"more-button\" >M\u00e1s Informaci\u00f3n <i><\/i><\/a>\n\t\t\t\t\t<\/div>\n\t\t<\/div><\/div><\/div><\/div>","protected":false},"excerpt":{"rendered":"<p>Bienvenida Les damos la m\u00e1s cordial bienvenida a las Jornadas en Ingenier\u00eda El\u00e9ctrica, Electr\u00f3nica y Computaci\u00f3n edici\u00f3n 2024, un evento dise\u00f1ado para fomentar el intercambio de conocimiento, la innovaci\u00f3n y la colaboraci\u00f3n entre acad\u00e9micos, estudiantes, profesionales e investigadores en estas \u00e1reas fundamentales. Les invitamos a explorar esta p\u00e1gina para conocer todos los detalles del evento, [&hellip;]<\/p>\n","protected":false},"author":101041,"featured_media":0,"parent":0,"menu_order":0,"comment_status":"closed","ping_status":"closed","template":"home-panels.php","meta":[],"_links":{"self":[{"href":"https:\/\/www.facet.unt.edu.ar\/jornadas-ieec\/wp-json\/wp\/v2\/pages\/264"}],"collection":[{"href":"https:\/\/www.facet.unt.edu.ar\/jornadas-ieec\/wp-json\/wp\/v2\/pages"}],"about":[{"href":"https:\/\/www.facet.unt.edu.ar\/jornadas-ieec\/wp-json\/wp\/v2\/types\/page"}],"author":[{"embeddable":true,"href":"https:\/\/www.facet.unt.edu.ar\/jornadas-ieec\/wp-json\/wp\/v2\/users\/101041"}],"replies":[{"embeddable":true,"href":"https:\/\/www.facet.unt.edu.ar\/jornadas-ieec\/wp-json\/wp\/v2\/comments?post=264"}],"version-history":[{"count":45,"href":"https:\/\/www.facet.unt.edu.ar\/jornadas-ieec\/wp-json\/wp\/v2\/pages\/264\/revisions"}],"predecessor-version":[{"id":367,"href":"https:\/\/www.facet.unt.edu.ar\/jornadas-ieec\/wp-json\/wp\/v2\/pages\/264\/revisions\/367"}],"wp:attachment":[{"href":"https:\/\/www.facet.unt.edu.ar\/jornadas-ieec\/wp-json\/wp\/v2\/media?parent=264"}],"curies":[{"name":"wp","href":"https:\/\/api.w.org\/{rel}","templated":true}]}}