{"id":277,"date":"2024-11-18T11:54:50","date_gmt":"2024-11-18T14:54:50","guid":{"rendered":"https:\/\/www.facet.unt.edu.ar\/jornadas-ieec\/?page_id=277"},"modified":"2024-11-28T22:29:40","modified_gmt":"2024-11-29T01:29:40","slug":"comite-organizador","status":"publish","type":"page","link":"https:\/\/www.facet.unt.edu.ar\/jornadas-ieec\/comite-organizador\/","title":{"rendered":"Comit\u00e9 Organizador"},"content":{"rendered":"<p>Este evento no ser\u00eda posible sin el esfuerzo y la dedicaci\u00f3n de nuestro Comit\u00e9 Organizador, un grupo de profesionales comprometidos que han trabajado incansablemente para ofrecerles una experiencia enriquecedora y memorable.<\/p>\n<p>Comit\u00e9 de Organizaci\u00f3n<\/p>\n<ul>\n<li>Ing. Gustavo Juarez<\/li>\n<li>Mariela Gomez Lopez<\/li>\n<li>Nicolas Nieva<\/li>\n<li>Ezequiel Musa<\/li>\n<\/ul>\n<p>Comit\u00e9 Cient\u00edfico<\/p>\n<ul>\n<li>Ing. Gustavo Juarez<\/li>\n<li>Ing. Jorge Omar P\u00e9rez<\/li>\n<li>Ing. Cristian Lafuente<\/li>\n<li>Ing. Franco Men\u00e9ndez<\/li>\n<li>Ing. Fabian Pacheco<\/li>\n<li>Ing. Carlos Formigli<\/li>\n<\/ul>\n","protected":false},"excerpt":{"rendered":"<p>Este evento no ser\u00eda posible sin el esfuerzo y la dedicaci\u00f3n de nuestro Comit\u00e9 Organizador, un grupo de profesionales comprometidos que han trabajado incansablemente para ofrecerles una experiencia enriquecedora y memorable. Comit\u00e9 de Organizaci\u00f3n Ing. Gustavo Juarez Mariela Gomez Lopez Nicolas Nieva Ezequiel Musa Comit\u00e9 Cient\u00edfico Ing. Gustavo Juarez Ing. Jorge Omar P\u00e9rez Ing. Cristian [&hellip;]<\/p>\n","protected":false},"author":101041,"featured_media":0,"parent":0,"menu_order":0,"comment_status":"closed","ping_status":"closed","template":"","meta":[],"_links":{"self":[{"href":"https:\/\/www.facet.unt.edu.ar\/jornadas-ieec\/wp-json\/wp\/v2\/pages\/277"}],"collection":[{"href":"https:\/\/www.facet.unt.edu.ar\/jornadas-ieec\/wp-json\/wp\/v2\/pages"}],"about":[{"href":"https:\/\/www.facet.unt.edu.ar\/jornadas-ieec\/wp-json\/wp\/v2\/types\/page"}],"author":[{"embeddable":true,"href":"https:\/\/www.facet.unt.edu.ar\/jornadas-ieec\/wp-json\/wp\/v2\/users\/101041"}],"replies":[{"embeddable":true,"href":"https:\/\/www.facet.unt.edu.ar\/jornadas-ieec\/wp-json\/wp\/v2\/comments?post=277"}],"version-history":[{"count":6,"href":"https:\/\/www.facet.unt.edu.ar\/jornadas-ieec\/wp-json\/wp\/v2\/pages\/277\/revisions"}],"predecessor-version":[{"id":344,"href":"https:\/\/www.facet.unt.edu.ar\/jornadas-ieec\/wp-json\/wp\/v2\/pages\/277\/revisions\/344"}],"wp:attachment":[{"href":"https:\/\/www.facet.unt.edu.ar\/jornadas-ieec\/wp-json\/wp\/v2\/media?parent=277"}],"curies":[{"name":"wp","href":"https:\/\/api.w.org\/{rel}","templated":true}]}}