{"id":294,"date":"2024-11-18T14:51:50","date_gmt":"2024-11-18T17:51:50","guid":{"rendered":"https:\/\/www.facet.unt.edu.ar\/jornadas-ieec\/?page_id=294"},"modified":"2024-11-18T15:02:24","modified_gmt":"2024-11-18T18:02:24","slug":"tematicas-2024","status":"publish","type":"page","link":"https:\/\/www.facet.unt.edu.ar\/jornadas-ieec\/tematicas-2024\/","title":{"rendered":"Tem\u00e1ticas"},"content":{"rendered":"<p>Las <em>\u201cJornadas 2024 en Ingenier\u00eda El\u00e9ctrica, Electr\u00f3nica y en Computaci\u00f3n\u201d<\/em>, que se llevar\u00e1n a cabo los d\u00edas 10, 11 de Diciembre de 2024, de 9 a 18 horas, en el predio de la FACET, con el auspicio de la Secci\u00f3n Argentina del IEEE.<\/p>\n<p>Se presentar\u00e1n trabajos individuales o en equipos, sobre los temas de sus actividades de investigaci\u00f3n, desarrollo, transferencia, formaci\u00f3n superior universitaria, y temas vinculados a la docencia, que hayan sido realizados durante el corriente a\u00f1o por los integrantes del DEEC.<\/p>\n<p><em>\u00c1reas de Inter\u00e9s:<\/em><\/p>\n<ul>\n<li>Electr\u00f3nica (EO)<\/li>\n<li>Electricidad (EI)<\/li>\n<li>Computaci\u00f3n (CO)<\/li>\n<li>Educaci\u00f3n (ED)<\/li>\n<li>Gesti\u00f3n (GE)<\/li>\n<li>Otras<\/li>\n<\/ul>\n","protected":false},"excerpt":{"rendered":"<p>Las \u201cJornadas 2024 en Ingenier\u00eda El\u00e9ctrica, Electr\u00f3nica y en Computaci\u00f3n\u201d, que se llevar\u00e1n a cabo los d\u00edas 10, 11 de Diciembre de 2024, de 9 a 18 horas, en el predio de la FACET, con el auspicio de la Secci\u00f3n Argentina del IEEE. Se presentar\u00e1n trabajos individuales o en equipos, sobre los temas de sus [&hellip;]<\/p>\n","protected":false},"author":101041,"featured_media":0,"parent":0,"menu_order":0,"comment_status":"closed","ping_status":"closed","template":"","meta":[],"_links":{"self":[{"href":"https:\/\/www.facet.unt.edu.ar\/jornadas-ieec\/wp-json\/wp\/v2\/pages\/294"}],"collection":[{"href":"https:\/\/www.facet.unt.edu.ar\/jornadas-ieec\/wp-json\/wp\/v2\/pages"}],"about":[{"href":"https:\/\/www.facet.unt.edu.ar\/jornadas-ieec\/wp-json\/wp\/v2\/types\/page"}],"author":[{"embeddable":true,"href":"https:\/\/www.facet.unt.edu.ar\/jornadas-ieec\/wp-json\/wp\/v2\/users\/101041"}],"replies":[{"embeddable":true,"href":"https:\/\/www.facet.unt.edu.ar\/jornadas-ieec\/wp-json\/wp\/v2\/comments?post=294"}],"version-history":[{"count":1,"href":"https:\/\/www.facet.unt.edu.ar\/jornadas-ieec\/wp-json\/wp\/v2\/pages\/294\/revisions"}],"predecessor-version":[{"id":295,"href":"https:\/\/www.facet.unt.edu.ar\/jornadas-ieec\/wp-json\/wp\/v2\/pages\/294\/revisions\/295"}],"wp:attachment":[{"href":"https:\/\/www.facet.unt.edu.ar\/jornadas-ieec\/wp-json\/wp\/v2\/media?parent=294"}],"curies":[{"name":"wp","href":"https:\/\/api.w.org\/{rel}","templated":true}]}}