{"id":101,"date":"2014-09-12T18:16:45","date_gmt":"2014-09-12T21:16:45","guid":{"rendered":"https:\/\/www.facet.unt.edu.ar\/labatmosfera\/?page_id=101"},"modified":"2016-10-19T09:48:46","modified_gmt":"2016-10-19T12:48:46","slug":"presentaciones-en-reuniones-cientificas","status":"publish","type":"page","link":"https:\/\/www.facet.unt.edu.ar\/labatmosfera\/presentaciones-en-reuniones-cientificas\/","title":{"rendered":"Presentaciones en Reuniones Cient\u00edficas"},"content":{"rendered":"<div id=\"pl-101\"  class=\"panel-layout\" ><div id=\"pg-101-0\"  class=\"panel-grid panel-no-style\" ><div id=\"pgc-101-0-0\"  class=\"panel-grid-cell\" ><div id=\"panel-101-0-0-0\" class=\"so-panel widget widget_sow-editor panel-first-child panel-last-child\" data-index=\"0\" ><div\n\t\t\t\n\t\t\tclass=\"so-widget-sow-editor so-widget-sow-editor-base\"\n\t\t\t\n\t\t>\n<div class=\"siteorigin-widget-tinymce textwidget\">\n\t<h1 style=\"text-align: center\"><strong>2015<\/strong><\/h1>\n<h3 style=\"text-align: center\"><strong>26th IUGG General Assembly (International Union of Geodesy and Geophysics). Prague, Czech Republic.<\/strong><\/h3>\n<p>\u201cTrends in noon and midnight foF2 related to greenhouse gases and Earth's magnetic field secular variation\u201d, Javier Zamora, Nicolas Bachi, Ana G. Elias and Blas F. de Haro Barbas.<\/p>\n<p>\u201cTrends in the Equatorial Electrojet due to secular variations in the Earth\u2019s magnetic field\u201d, Bruno Zossi, Ana G. Elias, Marta Zossi and Blas F. de Haro Barbas.<\/p>\n<p>\u201cOn long-term changes in the correlation between Southern Hemisphere precipitation and variations in SOI and solar activity\u201d, Teresita Heredia and Ana G. Elias.<\/p>\n<p>\u201cDependence on the filtering technique of the solar quasi-biennial oscillation and its link with the stratosphere QBO\u201d, Victor E. Vilca, Ana G. Elias and Marta Zossi.<\/p>\n<p>\u201cNighttime F2 layer trend analysis\u201d, Ana G. Elias, Jose V. Venchiarutti and Blas F. de Haro.<\/p>\n<h3 style=\"text-align: center\"><strong>7th Workshop \u201cSolar Influences on the Magnetosphere, Ionosphere and Atmosphere\u201d, Sunny Beach, Bulgaria.<\/strong><\/h3>\n<p>\u201cA comparative study of ionospheric conductivity variations due to solar activity and Earth magnetic field\u201d, Bruno S. Zossi, Ana G. Elias, Blas F. de Haro Barbas and Marta Zossi.<\/p>\n<p>\u201cEffects of filtering solar activity from noon and midnight hmF2 to assess long-term variability\u201d, Jose V. Venchiarutti, Ana G. Elias, Blas F. de Haro Barbas and Marta Zossi.<\/p>\n<p>\u201cGeomagnetic activity effect over continuous Doppler sounding records in Tucuman\u201d, Mariano Fagre, Ana G. Elias, Miguel A. Cabrera and Jaroslav Chum.<\/p>\n<p>\u201cIonospheric modeling for Over the Horizon Radar applications considering solar activity level\u201d, Zenon Saavedra, Ana G. Elias and Miguel A. Cabrera.<\/p>\n<h1 style=\"text-align: center\">2014<\/h1>\n<h3 style=\"text-align: center\">XXII\u00a0 Jornada de Jovenes Investigadores AUGM, Valparaiso , Chile.<\/h3>\n<p>\u201cTendencias debido al aumento en la concentraci\u00f3n de gases de efecto invernadero en par\u00e1metros ionosf\u00e9ricos medidos en estaciones del\u00a0 hemisferio sur\u201d, Jose V. Venchiarutti y Ana G. El\u00edas.<\/p>\n<h3 style=\"text-align: center\">X COLAGE (Conferencia LatinoAmericana de Geofisica Espacial), Cusco, Peru.<\/h3>\n<p>\u201cReaction of the North Atlantic Oscillation to intense geomagnetic storms\u201d, Gerardo L. Flores Ivaldi, Ana G. Elias, Marta Zossi and Teresita Heredia.<\/p>\n<p>\u201cNAO variations linked to geomagnetic activity\u201d, Gerardo L. Flores Ivaldi and Ana G. Elias.<\/p>\n<p>\u201cLong-term variation of precipitation over two Southern Hemisphere locations linked to natural and anthropogenic forcings\u201d, Teresita Heredia and Ana G. Elias.<\/p>\n<p>\u201cStudy of the Ionosphere F2 layer response to Earth\u00b4s magnetic field secular variations using experimental data and IRI model \u201c, J.V. Venchiarutti, A.G. El\u00edas and B.F. de Haro Barbas.<\/p>\n<h3 style=\"text-align: center\">8th Workshop on Long-Term Change and Trends in the Atmosphere, Cambridge, UK.<\/h3>\n<p>\u201cfoF2 long-term trends for periods including solar cycle 23\u201d, Blas F. de Haro Barbas, Ana G. Elias, Kiyoto Shibasaki y Jonas R. Souza.<\/p>\n<p>\u201cStudy of the equatorial electrojet and ExB plasma drift response to Earth\u2019s magnetic field secular variations\u201d, Jose V. Venchiarutti, Ana G. Elias y Blas F. de Haro Barbas.<\/p>\n<p>\u201cThe effect of the dip equator secular displacement on low-latitude foF2 long term variation\u201d, G. Elias, Doua A. Gnabahou y Frederic Ouattara.<\/p>\n<h1 style=\"text-align: center\">2013<\/h1>\n<h3 style=\"text-align: center\">IAGA 12th Scientific Meeting, Yucatan, Mexico.<\/h3>\n<p>\u201cGeomagnetic and solar activity effects on precipitation\u201d, Teresita Heredia and Ana G. Elias.<\/p>\n<p>\u201cQuasi-biennial oscillation in GPS VTEC measurements\u201d, Amalia Meza, Laura I. Fern\u00e1ndez, Ana G. El\u00edas, and Teresita Heredia.<\/p>\n<h3 style=\"text-align: center\">International CAWSES II Symposim, Nagoya, Japon.<\/h3>\n<p>\u201cComparison of measured and modeled foF2 during solar cycle 23 in the context of long term variations\u201d, Ana G. Elias,Blas F. de Haro Barbas and Kiyoto Shibasaki.<\/p>\n<p>\u201cFiltering ionosphere parameters to detect trends linked to anthropogenic effects\u201d, Ana G. Elias.<\/p>\n<h3 style=\"text-align: center\">Fifth International Symposium on Space Climate, Oulu, Finland<\/h3>\n<p>\u201cSolar influence on the long-term change in the ionosphere\u201d, Ana G. Elias.<\/p>\n<h1 style=\"text-align: center\">2012<\/h1>\n<p>\u201cAnalysis of possible geomagnetic effects on the precipitation over Northwestern Argentina\u201d, Teresita Heredia and Ana G. Elias, Regional WCRP\/SPARC Workshop with focus on the Southern Hemisphere and South America, Buenos Aires, Argentina, Noviembre 2012.<\/p>\n<p>\u201cTendencias en series de precipitaci\u00f3n asociadas a la actividad solar y geomagn\u00e9tica\u201d, Teresita Heredia y Ana G. Elias, XXVI Reuni\u00f3n Cient\u00edfica de la AAGG, Tucuman, Argentina, Noviembre de 2012.<\/p>\n<p>\u201cVariaciones a largo plazo en la ionosfera asociada a forzantes antropog\u00e9nicos y naturales\u201d, Ana G. Elias, XXVI Reuni\u00f3n Cient\u00edfica de la AAGG, Tucuman, Argentina, Noviembre de 2012.<\/p>\n<p>\u201cVariabilidad de la precipitaci\u00f3n en Tucum\u00e1n asociada a la actividad geomagn\u00e9tica\u201d, Teresita Heredia y Ana G. Elias, VIII Jornadas de Ciencia y Tecnologia del NOA, Tucuman, Argentina, Septiembre de 2012.<\/p>\n<p>\u201cLong-term trend of foF2 at a West African equatorial station\u201d, Doua A. Gnabahou, Ana G. Elias and F. Ouattara, 7th Workshop on Long-Term Changes and Trends in the Atmosphere, Buenos Aires, Argentina, Septiembre 2012.<\/p>\n<p>\u201cAnalysis of Sq long-term changes at low latitudes\u201d, Blas F. de Haro Barbas,\u00a0 Ana G. Elias and Marta Zossi de Artigas, 7th Workshop on Long-Term Changes and Trends in the Atmosphere, Buenos Aires, Argentina, Septiembre 2012.<\/p>\n<p>\u201cLaboratorio de F\u00edsica de la Atm\u00f3sfera - FACET\u201d, Nieves Ortiz de Adler, Ana G Elias, Marta Zossi de Artigas Gustavo A Mansilla, Teresita Heredia, Patricia M Fern\u00e1ndez de Campra, Maria L Molina y Elda M Zotto, 1er Encuentro Cient\u00edfico de Investigadores de la FACET, ECIFACET12, Mayo 2012, Tucum\u00e1n, Argentina, Mayo 2012.<\/p>\n<h1 style=\"text-align: center\">2011<\/h1>\n<p>\"Periodicidad de 27 D\u00edas durante el Ciclo Solar 23 en las Actividades Solar y Geomagn\u00e9tica, y en los Par\u00e1metros del Viento Solar\", Ana G. El\u00edas, Virginia M. Silbergleit, Alicia C. de Gonzalez, y Patricia A. Larocca, 2nd Biennial Meeting of the Latin-American Association of Paleomagnetism and Geomagnetism (LATINMAG), Tandil, Argentina, Noviembre 2011.<\/p>\n<p>\u201cTendencia en la regi\u00f3n F de la ionosfera asociada a forzantes antropog\u00e9nicos y naturales\u201d, Ana G. Elias, III Jornadas del Programa Interdisciplinario de la Universidad de Buenos Aires sobre Cambio Clim\u00e1tico (PIUBACC), \u201cCambio Clim\u00e1tico: el desaf\u00edo ambiental del siglo XXI\u201d, Buenos Aires, Argentina, Noviembre de 2011.<\/p>\n<p>\u201cVariaci\u00f3n a largo plazo de la precipitaci\u00f3n en Tucum\u00e1n y asociaci\u00f3n a forzantes naturales\u201d, Teresita Heredia y Ana G. Elias, III Jornadas del Programa Interdisciplinario de la Universidad de Buenos Aires sobre Cambio Clim\u00e1tico (PIUBACC), \u201cCambio Clim\u00e1tico: el desaf\u00edo ambiental del siglo XXI\u201d, Buenos Aires, Argentina, Noviembre de 2011.<\/p>\n<p>\u201cTrends in Sq Related to Secular Movements of the Magnetic Equator and Variations in the Earth\u2019s Magnetic Field\u201d, Blas F. de Haro Barbas, Marta Zossi de Artigas y Ana G. Elias, IX COLAGE, Puntarenas, Costa Rica, Abril 2011.<\/p>\n<p>\u201cThe Russell-McPherron Mechanism and Trends in the Semi-Annual Amplitude of Geomagnetic Activity\u201d, Ana G. Elias, Alicia Clua de Gonzalez y Virgnia M. Silbergleit, IX COLAGE, Puntarenas, Costa Rica, Abril 2011.<\/p>\n<h1 style=\"text-align: center\">2010<\/h1>\n<p>\u201cAssessment of ionospheric conductivities over Tucuman (26.8\u00b0S, 65.2\u00b0W) using ionosonde observations\u201d, Blas F. de Haro Barbas, Marta Zossi de Artigas, Ana G. Elias, and Victor H. Rios, AGU Meeting of the Americas, Foz do Iguassu, Brazil, Agosto 2010.<\/p>\n<p>\u201cLong-term variations in Sq related to greenhouse gases and Earth\u2019s magnetic field\u201d, Ana G. Elias, Marta Zossi de Artigas and Blas F. de Haro Barbas, 6th Workshop on Long-Term Changes and Trends in the Atmosphere, Boulder, Colorado, Estados Unidos, Junio 2010.<\/p>\n<p>\u201cTrends in the equatorial F2 region due to secular variations in the Earth\u2019s magnetic field\u201d, Ana G. Elias, Marta Zossi de Artigas, Alberto J. Foppiano and Rodrigo Abarca del Rio, 6th Workshop on Long-Term Changes and Trends in the Atmosphere, Boulder, Colorado, Estados Unidos, Junio 2010.<\/p>\n<h1 style=\"text-align: center\">2009<\/h1>\n<p>\u201cDependence on solar activity level of theoretical F2 layer trends due to Earth\u2019s magnetic field variations\u201d, Ana G. Elias, 11th IAGA Scientific Assembly (International Association of Geomagnetism and Aeronomy), Sopron, Hungr\u00eda, Agosto 2009.<\/p>\n<p>\u201cExpected trends in the geomagnetic Sq field due to secular changes in the Earth\u2019s magnetic field\u201d, Ana G. Elias and Marta Zossi de Artigas, 11th IAGA Scientific Assembly (International Association of Geomagnetism and Aeronomy), Sopron, Hungr\u00eda, Agosto 2009.<\/p>\n<p>\u201cLower and middle atmosphere and ozone layer responses to solar variation\u201d, Ana G. Elias, XXVII IAU General Assembly (International Astronomical Union), Rio de Janeiro, Brazil, Agosto 2009.<\/p>\n<p>\u201cTendencias en el campo Sq asociadas a variaciones a largo plazo en el campo magn\u00e9tico terrestre\u201d, Ana G. Elias y Marta Zossi de Artigas, XXIV Reuni\u00f3n Cient\u00edfica de la AAGG, Mendoza, Argentina, Abril 2009.<\/p>\n<h1 style=\"text-align: center\">2008<\/h1>\n<p>\u201cTrends in the geomagnetic SQ Field linked to foE long-term variations\u201d, AnaG. Elias and Marta Zossi de Artigas, 5th Workshop on Long-Term Changes and Trends in the Atmosphere, Saint Petersburg, Septiembre 2008.<\/p>\n<p>\u201cTrends in the F2 ionospheric layer due to long-term variations in the Earth\u2019s magnetic field\u201d, AnaG. Elias, Invited Speech, 5th Workshop on Long-Term Changes and Trends in the Atmosphere, Saint Petersburg, Septiembre 2008.<\/p>\n<p>\u201cVariation of low periodicity spectral components of geomagnetic activity\u201d, Ana G. Elias, Virginia M. Silbergleit and Ana Curcio, 5th Workshop on Long-Term Changes and Trends in the Atmosphere, Saint Petersburg, Septiembre 2008.<\/p>\n<h1 style=\"text-align: center\">2007<\/h1>\n<p>\u201cThe seasonal variations of dielectric losses in the ionospheric plasma\u201d Ali Yesil, Ibrahim Unal and Ana G. Elias, 24th International Physics Congress, Malatya, Turquia, Agosto 2007.<\/p>\n<p>\u201cDetermination of T and R coefficients of the polarized HF wave traveling vertically in ionospheric Plasma\u201d Ibrahim Unal, Ali Yesil and Ana G. Elias, 24th International Physics Congress, Malatya, Turquia, Agosto 2007.<\/p>\n<p>\u201cVariability of the Northwest Argentina Depression, the Southern Oscillation and aa Indices\u201d, Teresita Heredia and Ana G. Elias, VIII COLAGE, Merida, Mexico, Julio 2007.<\/p>\n<p>\u201cSolar activity and the quasi-decadal variation of running correlations involving the QBO\u201d, Ana G. Elias and Marta Zossi de Artigas, VIII COLAGE, Merida, Mexico, Julio 2007.<\/p>\n<p>\u201cAssessment of the variation of foF2 hysteresis latitudinal pattern through the IRI2000 model\u201d, Nieves Ortiz de Adler and Ana G. Elias, VIII COLAGE, Merida, Mexico, Julio 2007.<\/p>\n<h1 style=\"text-align: center\">2006<\/h1>\n<p>\u201cRelative magnitude according to the epsilon parameter of the May and August 2005 intense substorms within the 1964-2005 period\u201d, Ana G. Elias and Virginia M. Silbergleit, Virtual Workshop: The State of the Sun-Earth System During Extreme Space Weather. Return to the Auroral Oval for the Anniversary of the IGY (http:\/\/workshops.jhualp.edu\/s1\/indes.html), Applied Physcis Laboratory (APL), The Johns Hopkins University, Maryland, USA, Noviembre 2006.<\/p>\n<p>\u201cAplicaci\u00f3n y evaluaci\u00f3n de un m\u00e9todo din\u00e1mico de ense\u00f1anza-aprendizaje\u201d, Susana Pedrosa, Antonio P\u00e9rez G\u00f3mez, Ana G. El\u00edas y Pedro C. Brito, V Congreso Argentino de Ense\u00f1anza de la Ingenier\u00eda, Mendoza, Argentina, Septiembre 2006.<\/p>\n<p>\u201cLong-term changes in the geomagnetic Sq field\u201d, Ana G. Elias and Marta Zossi de Artigas, 4th Workshop on Long-Term Changes and Trends in the Atmosphere, Sodankyla, Finlandia, Septiembre 2006.<\/p>\n<p>\u201cLong-term variation of strong geomagnetic storms and its effect on ionospheric and telluric currents\u201d, Ana G. Elias and Virgina M. Silbergleit, 4th Workshop on Long-Term Changes and Trends in the Atmosphere, Sodankyla, Finlandia, Septiembre 2006.<\/p>\n<p>\u201cLatitudinal variation of foF2 hysteresis for solar cycles 20, 21 and 22\u201d, Nieves Ortiz de Adler and Ana G. Elias, 4th Workshop on Long-Term Changes and Trends in the Atmosphere, Sodankyla, Finlandia, Septiembre 2006.<\/p>\n<p>\u201cEarth magnetic field variation effects on long-term trends in the F2 layer\u201d, Ana G. Elias and Nieves Ortiz de Adler, 4th Workshop on Long-Term Changes and Trends in the Atmosphere, Sodankyla, Finlandia, Septiembre 2006.<\/p>\n<p>\u201cLong-term changes in strong geomagnetic storms\u201d, Virginia M. Silbergleit and Ana G. Elias, 36th COSPAR (Committee on Space Research) Scientific Assembly, Beijing, China, Julio 2006.<\/p>\n<h1 style=\"text-align: center\">2005<\/h1>\n<p>\u201cEffects over the ionosphere of strong tropical cyclones\u201d, Marta Zossi de Artigas, Carlos R. Martinis and Ana G. Elias, 10th IAGA Scientific Assembly (International Association of Geomagnetism and Aeronomy), Toulouse, Francia, Julio 2005.<\/p>\n<p>\u201cGeomagnetic activity and the equatorial stratosphere QBO\u201d, Ana G. Elias and Marta Zossi de Artigas, 10th IAGA Scientific Assembly (International Association of Geomagnetism and Aeronomy), Toulouse, Francia, Julio 2005.<\/p>\n<p>\u201cChanges of the association between stratospheric temperature and solar activity along three solar cycles\u201d, Nieves Ortiz de Adler and Ana G. Elias, 10th IAGA Scientific Assembly (International Association of Geomagnetism and Aeronomy), IAGA 2005, Toulouse, Francia, Julio 2005.<\/p>\n<p>\u201cThe QBO in the equatorial stratosphere and in solar activity: A statistical experiment\u201d, Ana G. Elias and Marta Zossi de Artigas, 10th IAGA Scientific Assembly (International Association of Geomagnetism and Aeronomy), Toulouse, Francia, Julio 2005.<\/p>\n<p>\u201cGeomagnetic storms and Earth magnetic field variations effect on long term-trends in the F2 layer, Ana G. Elias and Nieves Ortiz de Adler, 10th IAGA Scientific Assembly (International Association of Geomagnetism and Aeronomy), Toulouse, Francia, Julio 2005.<\/p>\n<p>\u201cLong-Term Trends in foF2: A Comparison of Various Methods\u201d, J. Lastovicka, A.V. Mikhailov, T. Ulich, J. Bremer, A.G. Elias, N. Ortiz de Adler, A.J. Foppiano, V. Jara, R. Abarca del Rio, and E. Ovalle, AGU 2005 Joint Assembly, New Orleans, Louisiana, Estados Unidos, Mayo 2005.<\/p>\n<h1 style=\"text-align: center\">2004<\/h1>\n<p>\u201cSistema de ense\u00f1anza-aprendizaje por adquisici\u00f3n y revalorizaci\u00f3n de competencias\u201d, Antonio Perez Gomez, Susana Pedrosa, Ana G. Elias y Pedro C. Brito, 89ava Reuni\u00f3n Anual de la AFA, Bahia Blanca, Argentina, Septiembre 2004.<\/p>\n<p>\u201cVariabilidad de par\u00e1metros del medio interplanetario y su relaci\u00f3n con indices geomagn\u00e9ticos\u201d, Patricia Fernandez de Campra, Marta Zossi de Artigas y Ana G. Elias, XXII Reuni\u00f3n Cient\u00edfica de la AAGG, Buenos Aires, Argentina, Septiembre 2004.<\/p>\n<p>\u201cEstudio de la variabilidad del n\u00famero de tormentas geomagn\u00e9ticas durante las distintas fases del ciclo solar\u201d, Marta Zossi de Artigas, Ana G. Elias y Patricia Fernandez de Campra, XXII Reuni\u00f3n Cient\u00edfica de la AAGG, Buenos Aires, Argentina, Septiembre 2004.<\/p>\n<p>\u201cfoF2 long-term trend estimation taking into account the hysteresis effect\u201d, Ana G. El\u00edas and Nieves Ortiz de Adler, 3rd Workshop on Long Term Changes and Trends in the Atmosphere, Sozopol, Bulgaria, Junio 2004.<\/p>\n<p>\u201cAssociation of stratospheric temperature and ozone content with solar activity: Changes along three solar cycles\u201d, Nieves Ortiz de Adler and Ana G. Elias, 3rd Workshop on Long Term Changes and Trends in the Atmosphere, Sozopol, Bulgaria, Junio 2004.<\/p>\n<p>\u201cDiscrete wavelet analysis to assess long-term trends in geomagnetic activity\u201d, Ana G. Elias, Marta Zossi de Artigas and Patricia Fernandez de Campra, 3rd Workshop on Long Term Changes and Trends in the Atmosphere, Sozopol, Bulgaria, Junio 2004.<\/p>\n<p>\u201cLong-term trends of the magnetospheric ring current\u201d, Patricia Fernandez de Campra, Marta Zossi de Artigas and Ana G. Elias, VII COLAGE, Atibaia, San Pablo, Brazil, Marzo 2004.<\/p>\n<p>\u201cLong-term Trends in foF2 at the Southern Crest of the Equatorial Anomaly\u201d, Ana G. Elias and Nieves Ortiz de Adler, VII COLAGE, Atibaia, San Pablo, Brazil, Marzo 2004.<\/p>\n<p>\u201cThe equatorial stratospheric QBO and geomagnetic activity\u201d, Marta Zossi de Artigas and Ana G. Elias, VII COLAGE, Atibaia, San Pablo, Brazil, Marzo 2004.<\/p>\n<h1 style=\"text-align: center\">2002<\/h1>\n<p>\u201cEffects of volcanic eruptions over the ionosphere based on hourly records\u201d, Argelia H.C. de Ragone, Ana G. Elias, Marta Z. de Artigas and Amalia F. de Manzano, XXI Reuni\u00f3n Cient\u00edfica de la AAGG, Rosario, Argentina, Septiembre 2002.<\/p>\n<h1 style=\"text-align: center\">2001<\/h1>\n<p>\u201cThe ExB drift contribution to the F2 region ionization of a low latitude station\u201d, Teresita Heredia and Ana G. Elias, VI COLAGE, Concepci\u00f3n, Chile, Octubre 2001.<\/p>\n<p>\u201cPreliminar study of a possible ionospheric response to the QBO\u201d, Marta Z. de Artigas, Nieves O. de Adler and Ana G. Elias, VI COLAGE, Concepci\u00f3n, Chile, Octubre 2001.<\/p>\n<p>\u201cVolcanic eruption effects over the upper ionosphere\u201d, Argelia C. de Ragone, Amalia F. de Manzano, Ana G. Elias and Marta Z. de Artigas, VI COLAGE, Concepci\u00f3n, Chile, Octubre 2001.<\/p>\n<p>\u201cA search for a solar cycle-tropical stratosphere temperature relationship\u201d, Nieves O. de Adler and Ana G. Elias, VI COLAGE, Concepci\u00f3n, Chile, Octubre 2001.<\/p>\n<p>\u201cLong term decreasing of the ionospheric F2 Layer peak height at a southern low latitude station\u201d, Nieves O. de Adler, Ana G. Elias and Teresita Heredia, 2nd Workshop on Long-term changes and trends in the atmosphere, Praga, Rep\u00fablica Checa, Julio 2001.<\/p>\n<p>\u201cLong-term trends of the monthly mean zonal wind in the equatorial stratosphere\u201d, Ana G. Elias, Marta Z. de Artigas and Nieves O. de Adler, 2nd Workshop on Long-term changes and trends in the atmosphere, Praga, Rep\u00fablica Checa, Julio 2001.<\/p>\n<h1 style=\"text-align: center\">2000<\/h1>\n<p>\u201cSolar Variability associated to ionospheric, stratospheric and tropospheric parameters\u201d, Nieves O. de Adler and Ana G. Elias, First Solar and Space Weather Euroconference \u201cThe Solar Cycle and Terrestrial Climate\u201d, Santa Cruz de Tenerife, Espa\u00f1a, Septiembre 2000.<\/p>\n<p>\u201cThe 1940\u2019s temperature decrease in locations of Argentina\u201d, Teresita Heredia, Nieves O. de Adler and Ana G. Elias, First Solar and Space Weather Euroconference \u201cThe Solar Cycle and Terrestrial Climate\u201d, Santa Cruz de Tenerife, Espa\u00f1a, Septiembre 2000.<\/p>\n<p>\u201cAssociation between Tucuman temperature anomaly and the solar cycle length\u201d, Nieves O. de Adler and Ana G. Elias, 6th ICSHMO (International Conference on Southern Hemisphere Meteorology and Oceanography), Santiago de Chile, Chile, Abril 2000.<\/p>\n<p>\u00a0<\/p>\n<\/div>\n<\/div><\/div><\/div><\/div><\/div>","protected":false},"excerpt":{"rendered":"<p>201526th IUGG General Assembly (International Union of Geodesy and Geophysics). Prague, Czech Republic.\u201cTrends in noon and midnight foF2 related to greenhouse gases and Earth&#8217;s magnetic field secular variation\u201d, Javier Zamora, Nicolas Bachi, Ana G. Elias and Blas F. de Haro Barbas.\u201cTrends in the Equatorial Electrojet due to secular variations in the Earth\u2019s magnetic field\u201d, Bruno [&hellip;]<\/p>\n","protected":false},"author":16,"featured_media":0,"parent":0,"menu_order":20,"comment_status":"closed","ping_status":"closed","template":"","meta":[],"_links":{"self":[{"href":"https:\/\/www.facet.unt.edu.ar\/labatmosfera\/wp-json\/wp\/v2\/pages\/101"}],"collection":[{"href":"https:\/\/www.facet.unt.edu.ar\/labatmosfera\/wp-json\/wp\/v2\/pages"}],"about":[{"href":"https:\/\/www.facet.unt.edu.ar\/labatmosfera\/wp-json\/wp\/v2\/types\/page"}],"author":[{"embeddable":true,"href":"https:\/\/www.facet.unt.edu.ar\/labatmosfera\/wp-json\/wp\/v2\/users\/16"}],"replies":[{"embeddable":true,"href":"https:\/\/www.facet.unt.edu.ar\/labatmosfera\/wp-json\/wp\/v2\/comments?post=101"}],"version-history":[{"count":2,"href":"https:\/\/www.facet.unt.edu.ar\/labatmosfera\/wp-json\/wp\/v2\/pages\/101\/revisions"}],"predecessor-version":[{"id":178,"href":"https:\/\/www.facet.unt.edu.ar\/labatmosfera\/wp-json\/wp\/v2\/pages\/101\/revisions\/178"}],"wp:attachment":[{"href":"https:\/\/www.facet.unt.edu.ar\/labatmosfera\/wp-json\/wp\/v2\/media?parent=101"}],"curies":[{"name":"wp","href":"https:\/\/api.w.org\/{rel}","templated":true}]}}