{"id":103,"date":"2014-09-12T18:19:27","date_gmt":"2014-09-12T21:19:27","guid":{"rendered":"https:\/\/www.facet.unt.edu.ar\/labatmosfera\/?page_id=103"},"modified":"2016-10-19T09:08:24","modified_gmt":"2016-10-19T12:08:24","slug":"proyectos-de-investigacion","status":"publish","type":"page","link":"https:\/\/www.facet.unt.edu.ar\/labatmosfera\/proyectos-de-investigacion\/","title":{"rendered":"Proyectos de Investigaci\u00f3n"},"content":{"rendered":"<div id=\"pl-103\"  class=\"panel-layout\" ><div id=\"pg-103-0\"  class=\"panel-grid panel-no-style\" ><div id=\"pgc-103-0-0\"  class=\"panel-grid-cell\" ><div id=\"panel-103-0-0-0\" class=\"so-panel widget widget_sow-editor panel-first-child panel-last-child\" data-index=\"0\" ><div\n\t\t\t\n\t\t\tclass=\"so-widget-sow-editor so-widget-sow-editor-base\"\n\t\t\t\n\t\t>\n<div class=\"siteorigin-widget-tinymce textwidget\">\n\t<p><strong>Sistema Sol-Tierra: Estudio de Variabilidad y Tendencias en Par\u00e1metros Atmosf\u00e9ricos, Solares y Geomagn\u00e9ticos.\u00a0<\/strong>Secretar\u00eda de Ciencia y T\u00e9cnica de la Universidad Nacional de Tucum\u00e1n (CIUNT).<\/p>\n<p><strong>Investigaci\u00f3n aplicada de la media y alta atm\u00f3sfera terrestre como una contribuci\u00f3n a las comunicaciones y navegaci\u00f3n satelital, y al cambio clim\u00e1tico.<\/strong>\u00a0PICT,\u00a0FONCYT<\/p>\n<p><strong>RAPEAS (Red Argentina Para el Estudio de la Atm\u00f3sfera<\/strong> <strong>Superior)<\/strong>.<strong>\u00a0<\/strong>CONICET.<\/p>\n<p><strong>La actividad geomagn\u00e9tica y el campo magn\u00e9tico terrestre como posibles causas de tendencias a largo plazo en la ionosfera<\/strong>.\u00a0CONICET.<\/p>\n<p><strong>La Atm\u00f3sfera y el Clima: Variabilidad y Tendencias a Largo Plazo<\/strong>.\u00a0(CIUNT)<\/p>\n<p><strong>Las variaciones geomagn\u00e9ticas originadas en la interacci\u00f3n sol-tierra y su aplicaci\u00f3n al caso de la corrosi\u00f3n temprana de gasoductos<\/strong>.\u00a0CONICET<\/p>\n<p><strong>El motor solar y su influencia en la atm\u00f3sfera y el clima<\/strong>.\u00a0(CIUNT).<\/p>\n<p><strong>Efectos de la variabilidad solar en la atm\u00f3sfera. Din\u00e1mica atmosf\u00e9rica e interacci\u00f3n entre regiones.\u00a0<\/strong>(CIUNT)<\/p>\n<p><strong>Variabilidad solar y cambio global. Interacci\u00f3n entre regiones atmosf\u00e9ricas.\u00a0<\/strong>CONICET.<\/p>\n<p><strong>Estudio del Sistema Sol-Tierra: Din\u00e1mica Atmosf\u00e9rica e Interacci\u00f3n entre Regiones.\u00a0<\/strong>(CONICET)<\/p>\n<\/div>\n<\/div><\/div><\/div><\/div><\/div>","protected":false},"excerpt":{"rendered":"<p>Sistema Sol-Tierra: Estudio de Variabilidad y Tendencias en Par\u00e1metros Atmosf\u00e9ricos, Solares y Geomagn\u00e9ticos.\u00a0Secretar\u00eda de Ciencia y T\u00e9cnica de la Universidad Nacional de Tucum\u00e1n (CIUNT).Investigaci\u00f3n aplicada de la media y alta atm\u00f3sfera terrestre como una contribuci\u00f3n a las comunicaciones y navegaci\u00f3n satelital, y al cambio clim\u00e1tico.\u00a0PICT,\u00a0FONCYTRAPEAS (Red Argentina Para el Estudio de la Atm\u00f3sfera Superior).\u00a0CONICET.La actividad [&hellip;]<\/p>\n","protected":false},"author":16,"featured_media":0,"parent":0,"menu_order":0,"comment_status":"closed","ping_status":"closed","template":"","meta":[],"_links":{"self":[{"href":"https:\/\/www.facet.unt.edu.ar\/labatmosfera\/wp-json\/wp\/v2\/pages\/103"}],"collection":[{"href":"https:\/\/www.facet.unt.edu.ar\/labatmosfera\/wp-json\/wp\/v2\/pages"}],"about":[{"href":"https:\/\/www.facet.unt.edu.ar\/labatmosfera\/wp-json\/wp\/v2\/types\/page"}],"author":[{"embeddable":true,"href":"https:\/\/www.facet.unt.edu.ar\/labatmosfera\/wp-json\/wp\/v2\/users\/16"}],"replies":[{"embeddable":true,"href":"https:\/\/www.facet.unt.edu.ar\/labatmosfera\/wp-json\/wp\/v2\/comments?post=103"}],"version-history":[{"count":3,"href":"https:\/\/www.facet.unt.edu.ar\/labatmosfera\/wp-json\/wp\/v2\/pages\/103\/revisions"}],"predecessor-version":[{"id":157,"href":"https:\/\/www.facet.unt.edu.ar\/labatmosfera\/wp-json\/wp\/v2\/pages\/103\/revisions\/157"}],"wp:attachment":[{"href":"https:\/\/www.facet.unt.edu.ar\/labatmosfera\/wp-json\/wp\/v2\/media?parent=103"}],"curies":[{"name":"wp","href":"https:\/\/api.w.org\/{rel}","templated":true}]}}