{"id":2,"date":"2013-11-27T14:05:50","date_gmt":"2013-11-27T17:05:50","guid":{"rendered":"https:\/\/www.facet.unt.edu.arlabatmosfera\/?page_id=2"},"modified":"2020-09-22T15:23:39","modified_gmt":"2020-09-22T18:23:39","slug":"sample-page","status":"publish","type":"page","link":"https:\/\/www.facet.unt.edu.ar\/labatmosfera\/sample-page\/","title":{"rendered":"Historia"},"content":{"rendered":"<p>A partir de 1994 algunos investigadores el Laboratorio de Ionosfera de la FACET comienzan a buscar indicios del cambio clim\u00e1tico en par\u00e1metros ionosf\u00e9ricos. Los resultados obtenidos mostraron que era importante realizar un estudio sist\u00e9mico de las diferentes regiones atmosf\u00e9ricas.<\/p>\n<p>En 1999 queda constituido el Laboratorio de F\u00edsica de la Atm\u00f3sfera, LAFIAT, en esta Facultad, con el objeto de oficializar esta l\u00ednea de investigaci\u00f3n, desde la perspectiva de la variabilidad y tendencias a largo plazo de par\u00e1metros atmosf\u00e9ricos y solares.<\/p>\n<p>Desde su creaci\u00f3n, en el Laboratorio participaron Licenciados en F\u00edsica y Matem\u00e1tica, Doctores en F\u00edsica, Ingenieros y estudiantes, en calidad de docentes e investigadores de la UNT y Becarios e Investigadores del CONICET y del CIUNT.<\/p>\n<p>Actualmente el LAFIAT est\u00e1 integrado por docentes e investigadores de la Facultad de Ciencias Exactas y Tecnolog\u00eda y de la Facultad de Bioqu\u00edmica, Qu\u00edmica y Farmacia de la Universidad Nacional de Tucum\u00e1n, de la Facultad de Tecnolog\u00eda y Ciencias Aplicadas de la Universidad Nacional de Catamarca, e investigadores del CONICET. Los integrantes son: Dra. Nieves Ortiz de Adler (Directora del LAFIAT), Dra. Marta Zossi de Artigas, Dra. Ana G. Elias, Dr. Gustavo Mansilla, Mag. Patricia Fernandez de Campra, Lic. Teresita Heredia, Lic. Maria L. Molina y Lic. Elda M. Zotto.<\/p>\n","protected":false},"excerpt":{"rendered":"<p>A partir de 1994 algunos investigadores el Laboratorio de Ionosfera de la FACET comienzan a buscar indicios del cambio clim\u00e1tico en par\u00e1metros ionosf\u00e9ricos. Los resultados obtenidos mostraron que era importante realizar un estudio sist\u00e9mico de las diferentes regiones atmosf\u00e9ricas. En 1999 queda constituido el Laboratorio de F\u00edsica de la Atm\u00f3sfera, LAFIAT, en esta Facultad, con [&hellip;]<\/p>\n","protected":false},"author":1,"featured_media":0,"parent":0,"menu_order":3,"comment_status":"closed","ping_status":"closed","template":"","meta":[],"_links":{"self":[{"href":"https:\/\/www.facet.unt.edu.ar\/labatmosfera\/wp-json\/wp\/v2\/pages\/2"}],"collection":[{"href":"https:\/\/www.facet.unt.edu.ar\/labatmosfera\/wp-json\/wp\/v2\/pages"}],"about":[{"href":"https:\/\/www.facet.unt.edu.ar\/labatmosfera\/wp-json\/wp\/v2\/types\/page"}],"author":[{"embeddable":true,"href":"https:\/\/www.facet.unt.edu.ar\/labatmosfera\/wp-json\/wp\/v2\/users\/1"}],"replies":[{"embeddable":true,"href":"https:\/\/www.facet.unt.edu.ar\/labatmosfera\/wp-json\/wp\/v2\/comments?post=2"}],"version-history":[{"count":5,"href":"https:\/\/www.facet.unt.edu.ar\/labatmosfera\/wp-json\/wp\/v2\/pages\/2\/revisions"}],"predecessor-version":[{"id":91,"href":"https:\/\/www.facet.unt.edu.ar\/labatmosfera\/wp-json\/wp\/v2\/pages\/2\/revisions\/91"}],"wp:attachment":[{"href":"https:\/\/www.facet.unt.edu.ar\/labatmosfera\/wp-json\/wp\/v2\/media?parent=2"}],"curies":[{"name":"wp","href":"https:\/\/api.w.org\/{rel}","templated":true}]}}