{"id":64,"date":"2014-08-04T09:15:10","date_gmt":"2014-08-04T12:15:10","guid":{"rendered":"https:\/\/www.facet.unt.edu.ar\/labatmosfera\/home\/"},"modified":"2025-09-10T20:34:33","modified_gmt":"2025-09-10T23:34:33","slug":"home","status":"publish","type":"page","link":"https:\/\/www.facet.unt.edu.ar\/labatmosfera\/","title":{"rendered":"Home"},"content":{"rendered":"<div id=\"pl-64\"  class=\"panel-layout\" ><div id=\"pg-64-0\"  class=\"panel-grid panel-no-style\" ><div id=\"pgc-64-0-0\"  class=\"panel-grid-cell\" ><div id=\"panel-64-0-0-0\" class=\"so-panel widget widget_sow-editor panel-first-child panel-last-child\" data-index=\"0\" ><div\n\t\t\t\n\t\t\tclass=\"so-widget-sow-editor so-widget-sow-editor-base\"\n\t\t\t\n\t\t>\n<div class=\"siteorigin-widget-tinymce textwidget\">\n\t<p>El grupo de investigaci\u00f3n que integra el Laboratorio de Ionosfera, Atmosfera Neutra y Magnetosfera (LIANM), surge de la uni\u00f3n del Laboratorio F\u00edsica de la Atm\u00f3sfera\u00a0 (LAFIAT) y el Laboratorio de Ionosfera (LI). El LAFIAT se origin\u00f3 en 1994,\u00a0 cuando investigadores de la FACET que estudiaban la regi\u00f3n de la atm\u00f3sfera comprendida entre 80 y 600 km de altura, comienzan a buscar indicios del cambio global en esta regi\u00f3n y en capas m\u00e1s bajas de la atm\u00f3sfera. As\u00ed se inician estudios sist\u00e9micos de las diferentes regiones atmosf\u00e9ricas, desde la perspectiva de la variabilidad y tendencias a largo plazo de par\u00e1metros atmosf\u00e9ricos y solares. El LI se cre\u00f3 en 1966 y su principal objeto de investigaci\u00f3n fue la ion\u00f3sfera, que es la parte de la atm\u00f3sfera<br \/>\nque se encuentra lo suficientemente ionizada como para afectar a las se\u00f1ales de radio que por ella se propagan. El conocimiento del comportamiento de la misma y la posibilidad de predecirlo mediante modelos, son de fundamental importancia para diversos sistemas.<\/p>\n<p>Las principales l\u00edneas de investigaci\u00f3n son:<\/p>\n<p>1. Variabilidad y tendencias a largo plazo de par\u00e1metros atmosf\u00e9ricos de la atm\u00f3sfera baja, media y superior<\/p>\n<p>2. Efectos de tormentas geomagn\u00e9ticas sobre la atm\u00f3sfera baja, media y superior<\/p>\n<p>3. Radiaci\u00f3n solar en superficie<\/p>\n<p>4. Meteorolog\u00eda espacial (Space Weather)<\/p>\n<p>5. Efecto de las variaciones seculares del campo magn\u00e9tico de la Tierra sobre la atm\u00f3sfera superior y la magnetosfera<\/p>\n<\/div>\n<\/div><\/div><\/div><\/div><\/div>","protected":false},"excerpt":{"rendered":"<p>El grupo de investigaci\u00f3n que integra el Laboratorio de Ionosfera, Atmosfera Neutra y Magnetosfera (LIANM), surge de la uni\u00f3n del Laboratorio F\u00edsica de la Atm\u00f3sfera\u00a0 (LAFIAT) y el Laboratorio de Ionosfera (LI). El LAFIAT se origin\u00f3 en 1994,\u00a0 cuando investigadores de la FACET que estudiaban la regi\u00f3n de la atm\u00f3sfera comprendida entre 80 y 600 [&hellip;]<\/p>\n","protected":false},"author":1,"featured_media":0,"parent":0,"menu_order":0,"comment_status":"closed","ping_status":"closed","template":"home-panels.php","meta":[],"_links":{"self":[{"href":"https:\/\/www.facet.unt.edu.ar\/labatmosfera\/wp-json\/wp\/v2\/pages\/64"}],"collection":[{"href":"https:\/\/www.facet.unt.edu.ar\/labatmosfera\/wp-json\/wp\/v2\/pages"}],"about":[{"href":"https:\/\/www.facet.unt.edu.ar\/labatmosfera\/wp-json\/wp\/v2\/types\/page"}],"author":[{"embeddable":true,"href":"https:\/\/www.facet.unt.edu.ar\/labatmosfera\/wp-json\/wp\/v2\/users\/1"}],"replies":[{"embeddable":true,"href":"https:\/\/www.facet.unt.edu.ar\/labatmosfera\/wp-json\/wp\/v2\/comments?post=64"}],"version-history":[{"count":7,"href":"https:\/\/www.facet.unt.edu.ar\/labatmosfera\/wp-json\/wp\/v2\/pages\/64\/revisions"}],"predecessor-version":[{"id":298,"href":"https:\/\/www.facet.unt.edu.ar\/labatmosfera\/wp-json\/wp\/v2\/pages\/64\/revisions\/298"}],"wp:attachment":[{"href":"https:\/\/www.facet.unt.edu.ar\/labatmosfera\/wp-json\/wp\/v2\/media?parent=64"}],"curies":[{"name":"wp","href":"https:\/\/api.w.org\/{rel}","templated":true}]}}