{"id":74,"date":"2014-08-08T21:00:30","date_gmt":"2014-08-09T00:00:30","guid":{"rendered":"https:\/\/www.facet.unt.edu.ar\/labatmosfera\/?page_id=74"},"modified":"2014-08-08T21:00:30","modified_gmt":"2014-08-09T00:00:30","slug":"lineas-de-investigacion","status":"publish","type":"page","link":"https:\/\/www.facet.unt.edu.ar\/labatmosfera\/lineas-de-investigacion\/","title":{"rendered":"L\u00edneas de Investigaci\u00f3n"},"content":{"rendered":"<p>La investigaci\u00f3n que se desarrolla en el LAFIAT est\u00e1 enmarcada dentro de tres l\u00edneas:<\/p>\n<p>Variabilidad y tendencias en la atm\u00f3sfera baja, media y alta. El principal objetivo es resolver las inconsistencias, reducir las incertezas, y lograr un entendimiento m\u00e1s profundo del cambio clim\u00e1tico. Este tema es de inter\u00e9s general por su vinculaci\u00f3n al aumento de gases de efecto invernadero y contaminantes desde el inicio de la era industrial, producto de la actividad antropog\u00e9nica.<\/p>\n<p>Efectos de tormentas geomagn\u00e9ticas sobre atm\u00f3sfera media y alta. En esta l\u00ednea, el objetivo es el an\u00e1lisis de los procesos f\u00edsicos y qu\u00edmicos desencadenados en la estratosfera y la ionosfera por las part\u00edculas del viento solar inyectadas durante una tormenta geomagn\u00e9tica en el corto plazo para contribuir a la comprensi\u00f3n de variaciones a largo plazo.<\/p>\n<p>Recurso Solar, entendido como la radiaci\u00f3n electromagn\u00e9tica emitida por el Sol que puede ser capturada y convertida en formas \u00fatiles de energ\u00eda. El r\u00e9gimen de la radiaci\u00f3n solar y la distribuci\u00f3n espacial son importantes en diversos aspectos socioecon\u00f3micos. En esta l\u00ednea de investigaci\u00f3n se busca evaluar, caracterizar y determinar variabilidades y tendencias del recurso solar en nuestra regi\u00f3n.<\/p>\n","protected":false},"excerpt":{"rendered":"<p>La investigaci\u00f3n que se desarrolla en el LAFIAT est\u00e1 enmarcada dentro de tres l\u00edneas: Variabilidad y tendencias en la atm\u00f3sfera baja, media y alta. El principal objetivo es resolver las inconsistencias, reducir las incertezas, y lograr un entendimiento m\u00e1s profundo del cambio clim\u00e1tico. Este tema es de inter\u00e9s general por su vinculaci\u00f3n al aumento de [&hellip;]<\/p>\n","protected":false},"author":16,"featured_media":0,"parent":0,"menu_order":0,"comment_status":"closed","ping_status":"closed","template":"","meta":[],"_links":{"self":[{"href":"https:\/\/www.facet.unt.edu.ar\/labatmosfera\/wp-json\/wp\/v2\/pages\/74"}],"collection":[{"href":"https:\/\/www.facet.unt.edu.ar\/labatmosfera\/wp-json\/wp\/v2\/pages"}],"about":[{"href":"https:\/\/www.facet.unt.edu.ar\/labatmosfera\/wp-json\/wp\/v2\/types\/page"}],"author":[{"embeddable":true,"href":"https:\/\/www.facet.unt.edu.ar\/labatmosfera\/wp-json\/wp\/v2\/users\/16"}],"replies":[{"embeddable":true,"href":"https:\/\/www.facet.unt.edu.ar\/labatmosfera\/wp-json\/wp\/v2\/comments?post=74"}],"version-history":[{"count":2,"href":"https:\/\/www.facet.unt.edu.ar\/labatmosfera\/wp-json\/wp\/v2\/pages\/74\/revisions"}],"predecessor-version":[{"id":204,"href":"https:\/\/www.facet.unt.edu.ar\/labatmosfera\/wp-json\/wp\/v2\/pages\/74\/revisions\/204"}],"wp:attachment":[{"href":"https:\/\/www.facet.unt.edu.ar\/labatmosfera\/wp-json\/wp\/v2\/media?parent=74"}],"curies":[{"name":"wp","href":"https:\/\/api.w.org\/{rel}","templated":true}]}}