{"id":77,"date":"2014-08-13T15:31:46","date_gmt":"2014-08-13T18:31:46","guid":{"rendered":"https:\/\/www.facet.unt.edu.ar\/labatmosfera\/?page_id=77"},"modified":"2022-07-05T11:27:02","modified_gmt":"2022-07-05T14:27:02","slug":"integrantes","status":"publish","type":"page","link":"https:\/\/www.facet.unt.edu.ar\/labatmosfera\/integrantes\/","title":{"rendered":"Integrantes"},"content":{"rendered":"<div id=\"pl-77\"  class=\"panel-layout\" ><div id=\"pg-77-0\"  class=\"panel-grid panel-no-style\" ><div id=\"pgc-77-0-0\"  class=\"panel-grid-cell\" ><div id=\"panel-77-0-0-0\" class=\"so-panel widget widget_sow-editor panel-first-child panel-last-child\" data-index=\"0\" ><div\n\t\t\t\n\t\t\tclass=\"so-widget-sow-editor so-widget-sow-editor-base\"\n\t\t\t\n\t\t>\n<div class=\"siteorigin-widget-tinymce textwidget\">\n\t<p><a href=\"https:\/\/www.facet.unt.edu.ar\/labatmosfera\/wp-content\/uploads\/sites\/18\/2020\/06\/Foto-AGElias-Sep2020.jpg\"><img decoding=\"async\" loading=\"lazy\" class=\"alignnone wp-image-276 \" src=\"https:\/\/www.facet.unt.edu.ar\/labatmosfera\/wp-content\/uploads\/sites\/18\/2020\/06\/Foto-AGElias-Sep2020-150x150.jpg\" alt=\"\" width=\"112\" height=\"112\" srcset=\"https:\/\/www.facet.unt.edu.ar\/labatmosfera\/wp-content\/uploads\/sites\/18\/2020\/06\/Foto-AGElias-Sep2020-150x150.jpg 150w, https:\/\/www.facet.unt.edu.ar\/labatmosfera\/wp-content\/uploads\/sites\/18\/2020\/06\/Foto-AGElias-Sep2020-300x300.jpg 300w, https:\/\/www.facet.unt.edu.ar\/labatmosfera\/wp-content\/uploads\/sites\/18\/2020\/06\/Foto-AGElias-Sep2020-1024x1024.jpg 1024w, https:\/\/www.facet.unt.edu.ar\/labatmosfera\/wp-content\/uploads\/sites\/18\/2020\/06\/Foto-AGElias-Sep2020-768x768.jpg 768w, https:\/\/www.facet.unt.edu.ar\/labatmosfera\/wp-content\/uploads\/sites\/18\/2020\/06\/Foto-AGElias-Sep2020-1536x1536.jpg 1536w, https:\/\/www.facet.unt.edu.ar\/labatmosfera\/wp-content\/uploads\/sites\/18\/2020\/06\/Foto-AGElias-Sep2020.jpg 1651w\" sizes=\"(max-width: 112px) 100vw, 112px\" \/><\/a><a href=\"https:\/\/www.facet.unt.edu.ar\/labatmosfera\/2020\/06\/23\/ana-g-elias\/\" target=\"_blank\" rel=\"noopener noreferrer\">Ana G Elias<\/a>\u00a0(Directora)<\/p>\n<p><a href=\"https:\/\/www.facet.unt.edu.ar\/labatmosfera\/wp-content\/uploads\/sites\/18\/2016\/10\/Tere.jpeg\"><img decoding=\"async\" loading=\"lazy\" class=\"alignnone wp-image-169\" src=\"https:\/\/www.facet.unt.edu.ar\/labatmosfera\/wp-content\/uploads\/sites\/18\/2016\/10\/Tere-150x150.jpeg\" alt=\"tere\" width=\"111\" height=\"111\" srcset=\"https:\/\/www.facet.unt.edu.ar\/labatmosfera\/wp-content\/uploads\/sites\/18\/2016\/10\/Tere-150x150.jpeg 150w, https:\/\/www.facet.unt.edu.ar\/labatmosfera\/wp-content\/uploads\/sites\/18\/2016\/10\/Tere-300x300.jpeg 300w, https:\/\/www.facet.unt.edu.ar\/labatmosfera\/wp-content\/uploads\/sites\/18\/2016\/10\/Tere-768x767.jpeg 768w, https:\/\/www.facet.unt.edu.ar\/labatmosfera\/wp-content\/uploads\/sites\/18\/2016\/10\/Tere.jpeg 852w\" sizes=\"(max-width: 111px) 100vw, 111px\" \/><\/a> Teresita Heredia<\/p>\n<p><a href=\"https:\/\/www.facet.unt.edu.ar\/labatmosfera\/wp-content\/uploads\/sites\/18\/2014\/08\/blas.jpg\"><img decoding=\"async\" loading=\"lazy\" class=\"alignnone wp-image-86\" src=\"https:\/\/www.facet.unt.edu.ar\/labatmosfera\/wp-content\/uploads\/sites\/18\/2014\/08\/blas-150x150.jpg\" alt=\"blas\" width=\"111\" height=\"111\" \/><\/a>\u00a0<a href=\"https:\/\/www.facet.unt.edu.ar\/labatmosfera\/wp-content\/uploads\/sites\/18\/2016\/10\/CURRICU-BLAS.pdf\" target=\"_blank\" rel=\"noopener noreferrer\">Blas F. de Haro Barbas<\/a><\/p>\n<p><a href=\"https:\/\/www.facet.unt.edu.ar\/labatmosfera\/wp-content\/uploads\/sites\/18\/2016\/10\/13239196_949705505149185_5065734666462269160_n.jpg\"><img decoding=\"async\" loading=\"lazy\" class=\"alignnone wp-image-173\" src=\"https:\/\/www.facet.unt.edu.ar\/labatmosfera\/wp-content\/uploads\/sites\/18\/2016\/10\/13239196_949705505149185_5065734666462269160_n-150x150.jpg\" alt=\"13239196_949705505149185_5065734666462269160_n\" width=\"111\" height=\"111\" \/><\/a> Bruno S. Zossi<\/p>\n<p><a href=\"https:\/\/www.facet.unt.edu.ar\/labatmosfera\/wp-content\/uploads\/sites\/18\/2016\/12\/Laura-M.jpg\"><img decoding=\"async\" loading=\"lazy\" class=\"alignnone wp-image-194\" src=\"https:\/\/www.facet.unt.edu.ar\/labatmosfera\/wp-content\/uploads\/sites\/18\/2016\/12\/Laura-M-150x150.jpg\" alt=\"\" width=\"111\" height=\"111\" srcset=\"https:\/\/www.facet.unt.edu.ar\/labatmosfera\/wp-content\/uploads\/sites\/18\/2016\/12\/Laura-M-150x150.jpg 150w, https:\/\/www.facet.unt.edu.ar\/labatmosfera\/wp-content\/uploads\/sites\/18\/2016\/12\/Laura-M-298x300.jpg 298w, https:\/\/www.facet.unt.edu.ar\/labatmosfera\/wp-content\/uploads\/sites\/18\/2016\/12\/Laura-M-768x774.jpg 768w, https:\/\/www.facet.unt.edu.ar\/labatmosfera\/wp-content\/uploads\/sites\/18\/2016\/12\/Laura-M-1016x1024.jpg 1016w, https:\/\/www.facet.unt.edu.ar\/labatmosfera\/wp-content\/uploads\/sites\/18\/2016\/12\/Laura-M.jpg 1560w\" sizes=\"(max-width: 111px) 100vw, 111px\" \/><\/a><a href=\"https:\/\/www.facet.unt.edu.ar\/labatmosfera\/wp-content\/uploads\/sites\/18\/2016\/11\/LIC.-MARIA-LAURA-MOLINA.pdf\" target=\"_blank\" rel=\"noopener noreferrer\"> Maria Laura Molina<\/a><\/p>\n<p><a href=\"https:\/\/www.facet.unt.edu.ar\/labatmosfera\/wp-content\/uploads\/sites\/18\/2020\/08\/14333828_10210875443549886_2925963443543165830_n.jpg\"><img decoding=\"async\" loading=\"lazy\" class=\"alignnone wp-image-271\" src=\"https:\/\/www.facet.unt.edu.ar\/labatmosfera\/wp-content\/uploads\/sites\/18\/2020\/08\/14333828_10210875443549886_2925963443543165830_n-150x150.jpg\" alt=\"\" width=\"110\" height=\"110\" \/><\/a> Mariano Fagre<\/p>\n<p><a href=\"https:\/\/www.facet.unt.edu.ar\/labatmosfera\/wp-content\/uploads\/sites\/18\/2022\/07\/Franco.jpg\"><img decoding=\"async\" loading=\"lazy\" class=\"wp-image-289 alignnone\" src=\"https:\/\/www.facet.unt.edu.ar\/labatmosfera\/wp-content\/uploads\/sites\/18\/2022\/07\/Franco.jpg\" alt=\"\" width=\"110\" height=\"110\" \/><\/a> Franco Medina<\/p>\n<p>Francisco R. Soria<\/p>\n<\/div>\n<\/div><\/div><\/div><div id=\"pgc-77-0-1\"  class=\"panel-grid-cell\" ><div id=\"panel-77-0-1-0\" class=\"so-panel widget widget_sow-editor panel-first-child panel-last-child\" data-index=\"1\" ><div\n\t\t\t\n\t\t\tclass=\"so-widget-sow-editor so-widget-sow-editor-base\"\n\t\t\t\n\t\t>\n<div class=\"siteorigin-widget-tinymce textwidget\">\n\t<p><a href=\"https:\/\/www.facet.unt.edu.ar\/labatmosfera\/wp-content\/uploads\/sites\/18\/2014\/08\/MARTA.jpg\"><img decoding=\"async\" loading=\"lazy\" class=\"alignnone wp-image-85\" src=\"https:\/\/www.facet.unt.edu.ar\/labatmosfera\/wp-content\/uploads\/sites\/18\/2014\/08\/MARTA-150x150.jpg\" alt=\"MARTA\" width=\"111\" height=\"111\" \/><\/a> \u00a0<a href=\"https:\/\/www.facet.unt.edu.ar\/labatmosfera\/wp-content\/uploads\/sites\/18\/2016\/10\/ZOSSI-periodo-2011-2016-resumido-agosto-2016.pdf\" target=\"_blank\" rel=\"noopener noreferrer\">Marta Zossi de Artigas<\/a>\u00a0(Codirectora)<\/p>\n<p><a href=\"https:\/\/www.facet.unt.edu.ar\/labatmosfera\/wp-content\/uploads\/sites\/18\/2016\/10\/Patricia.jpeg\"><img decoding=\"async\" loading=\"lazy\" class=\"alignnone wp-image-168\" src=\"https:\/\/www.facet.unt.edu.ar\/labatmosfera\/wp-content\/uploads\/sites\/18\/2016\/10\/Patricia-150x150.jpeg\" alt=\"patricia\" width=\"111\" height=\"111\" srcset=\"https:\/\/www.facet.unt.edu.ar\/labatmosfera\/wp-content\/uploads\/sites\/18\/2016\/10\/Patricia-150x150.jpeg 150w, https:\/\/www.facet.unt.edu.ar\/labatmosfera\/wp-content\/uploads\/sites\/18\/2016\/10\/Patricia-300x300.jpeg 300w, https:\/\/www.facet.unt.edu.ar\/labatmosfera\/wp-content\/uploads\/sites\/18\/2016\/10\/Patricia.jpeg 426w\" sizes=\"(max-width: 111px) 100vw, 111px\" \/><\/a> Patricia Fern\u00e1ndez de Campra<\/p>\n<p><a href=\"https:\/\/www.facet.unt.edu.ar\/labatmosfera\/wp-content\/uploads\/sites\/18\/2016\/10\/Gerardo-FloresIvaldi.jpg\"><img decoding=\"async\" loading=\"lazy\" class=\"alignnone wp-image-166\" src=\"https:\/\/www.facet.unt.edu.ar\/labatmosfera\/wp-content\/uploads\/sites\/18\/2016\/10\/Gerardo-FloresIvaldi-150x150.jpg\" alt=\"gerardo-floresivaldi\" width=\"111\" height=\"111\" \/><\/a> Gerardo L. Flores Ivaldi<\/p>\n<p><a href=\"https:\/\/www.facet.unt.edu.ar\/labatmosfera\/wp-content\/uploads\/sites\/18\/2016\/10\/fbazzano.png\"><img decoding=\"async\" loading=\"lazy\" class=\"alignnone wp-image-171\" src=\"https:\/\/www.facet.unt.edu.ar\/labatmosfera\/wp-content\/uploads\/sites\/18\/2016\/10\/fbazzano-150x150.png\" alt=\"fbazzano\" width=\"111\" height=\"111\" srcset=\"https:\/\/www.facet.unt.edu.ar\/labatmosfera\/wp-content\/uploads\/sites\/18\/2016\/10\/fbazzano-150x150.png 150w, https:\/\/www.facet.unt.edu.ar\/labatmosfera\/wp-content\/uploads\/sites\/18\/2016\/10\/fbazzano.png 167w\" sizes=\"(max-width: 111px) 100vw, 111px\" \/><\/a> Flavia Marcela Bazzano<\/p>\n<p><a href=\"https:\/\/www.facet.unt.edu.ar\/labatmosfera\/wp-content\/uploads\/sites\/18\/2019\/09\/20161221_113344.jpg\"><img decoding=\"async\" loading=\"lazy\" class=\"alignnone wp-image-206\" src=\"https:\/\/www.facet.unt.edu.ar\/labatmosfera\/wp-content\/uploads\/sites\/18\/2019\/09\/20161221_113344-150x150.jpg\" alt=\"\" width=\"111\" height=\"111\" \/><\/a> Gustavo A Mansilla<\/p>\n<p><a href=\"https:\/\/www.facet.unt.edu.ar\/labatmosfera\/wp-content\/uploads\/sites\/18\/2020\/09\/foto-presentacion.jpeg\"><img decoding=\"async\" loading=\"lazy\" class=\"alignnone wp-image-278\" src=\"https:\/\/www.facet.unt.edu.ar\/labatmosfera\/wp-content\/uploads\/sites\/18\/2020\/09\/foto-presentacion-150x150.jpeg\" alt=\"\" width=\"112\" height=\"112\" srcset=\"https:\/\/www.facet.unt.edu.ar\/labatmosfera\/wp-content\/uploads\/sites\/18\/2020\/09\/foto-presentacion-150x150.jpeg 150w, https:\/\/www.facet.unt.edu.ar\/labatmosfera\/wp-content\/uploads\/sites\/18\/2020\/09\/foto-presentacion-300x300.jpeg 300w, https:\/\/www.facet.unt.edu.ar\/labatmosfera\/wp-content\/uploads\/sites\/18\/2020\/09\/foto-presentacion.jpeg 717w\" sizes=\"(max-width: 112px) 100vw, 112px\" \/><\/a> Jos\u00e9 Valent\u00edn Venchiarutti<\/p>\n<p><a href=\"https:\/\/www.facet.unt.edu.ar\/labatmosfera\/wp-content\/uploads\/sites\/18\/2022\/07\/AdrianaB.jpg\"><img decoding=\"async\" loading=\"lazy\" class=\"alignnone  wp-image-293\" src=\"https:\/\/www.facet.unt.edu.ar\/labatmosfera\/wp-content\/uploads\/sites\/18\/2022\/07\/AdrianaB.jpg\" alt=\"\" width=\"110\" height=\"110\" \/><\/a>\u00a0Adriana Bossolasco<\/p>\n<p>Elda M Zotto<\/p>\n<\/div>\n<\/div><\/div><\/div><\/div><\/div>","protected":false},"excerpt":{"rendered":"<p>Ana G Elias\u00a0(Directora) Teresita Heredia \u00a0Blas F. de Haro Barbas Bruno S. Zossi Maria Laura Molina Mariano Fagre Franco Medina Francisco R. Soria \u00a0Marta Zossi de Artigas\u00a0(Codirectora) Patricia Fern\u00e1ndez de Campra Gerardo L. Flores Ivaldi Flavia Marcela Bazzano Gustavo A Mansilla Jos\u00e9 Valent\u00edn Venchiarutti \u00a0Adriana Bossolasco Elda M Zotto<\/p>\n","protected":false},"author":16,"featured_media":0,"parent":0,"menu_order":0,"comment_status":"closed","ping_status":"closed","template":"","meta":[],"_links":{"self":[{"href":"https:\/\/www.facet.unt.edu.ar\/labatmosfera\/wp-json\/wp\/v2\/pages\/77"}],"collection":[{"href":"https:\/\/www.facet.unt.edu.ar\/labatmosfera\/wp-json\/wp\/v2\/pages"}],"about":[{"href":"https:\/\/www.facet.unt.edu.ar\/labatmosfera\/wp-json\/wp\/v2\/types\/page"}],"author":[{"embeddable":true,"href":"https:\/\/www.facet.unt.edu.ar\/labatmosfera\/wp-json\/wp\/v2\/users\/16"}],"replies":[{"embeddable":true,"href":"https:\/\/www.facet.unt.edu.ar\/labatmosfera\/wp-json\/wp\/v2\/comments?post=77"}],"version-history":[{"count":42,"href":"https:\/\/www.facet.unt.edu.ar\/labatmosfera\/wp-json\/wp\/v2\/pages\/77\/revisions"}],"predecessor-version":[{"id":294,"href":"https:\/\/www.facet.unt.edu.ar\/labatmosfera\/wp-json\/wp\/v2\/pages\/77\/revisions\/294"}],"wp:attachment":[{"href":"https:\/\/www.facet.unt.edu.ar\/labatmosfera\/wp-json\/wp\/v2\/media?parent=77"}],"curies":[{"name":"wp","href":"https:\/\/api.w.org\/{rel}","templated":true}]}}