{"id":120,"date":"2017-07-24T09:53:46","date_gmt":"2017-07-24T12:53:46","guid":{"rendered":"https:\/\/www.facet.unt.edu.ar\/lafiso\/?page_id=120"},"modified":"2017-07-25T09:55:29","modified_gmt":"2017-07-25T12:55:29","slug":"investigacion","status":"publish","type":"page","link":"https:\/\/www.facet.unt.edu.ar\/lafiso\/investigacion\/","title":{"rendered":"Investigaci\u00f3n"},"content":{"rendered":"<div id=\"pl-120\"  class=\"panel-layout\" ><div id=\"pg-120-0\"  class=\"panel-grid panel-no-style\" ><div id=\"pgc-120-0-0\"  class=\"panel-grid-cell\" ><div id=\"panel-120-0-0-0\" class=\"so-panel widget widget_black-studio-tinymce widget_black_studio_tinymce panel-first-child panel-last-child\" data-index=\"0\" ><div class=\"textwidget\"><p><strong>Equipo para el crecimiento de l\u00e1minas delgadas por deposici\u00f3n por ablaci\u00f3n de energ\u00eda pulsada (l\u00e1ser o electrones) con seguimiento RHEED en Ultra Alto Vac\u00edo<\/strong><\/p>\n<p><strong>Mediciones de resistencia el\u00e9ctrica y magnetoresistencia en los rangos 10-300 K y 1T<\/strong><\/p>\n<p><strong>Mediciones de Fotoconductividad en los rangos 250-1600 nm y 10-300 K<\/strong><\/p>\n<p><strong>Mediciones de Fotoluminiscencia<\/strong><\/p>\n<p><strong>Mediciones de Transmitancia \u00d3ptica<\/strong><\/p>\n<p><strong>Mediciones de Fotocorriente<\/strong><\/p>\n<p><strong>Horno Tubular para el crecimiento de nanoestructuras por el mecanismo de deposici\u00f3n por transporte en fase vapor<\/strong><\/p>\n<p><img class=\"alignleft size-full wp-image-125\" src=\"https:\/\/www.facet.unt.edu.ar\/lafiso\/wp-content\/uploads\/sites\/48\/2017\/07\/equipo_PLD1.jpg\" alt=\"\" width=\"404\" height=\"270\" \/><\/p>\n<p><a href=\"https:\/\/www.facet.unt.edu.ar\/lafiso\/wp-content\/uploads\/sites\/48\/2017\/07\/equipo_PLD2.jpg\"><img class=\"alignleft size-full wp-image-126\" src=\"https:\/\/www.facet.unt.edu.ar\/lafiso\/wp-content\/uploads\/sites\/48\/2017\/07\/equipo_PLD2.jpg\" alt=\"\" width=\"404\" height=\"270\" \/><\/a><\/p>\n<p align=\"left\"><img class=\"alignleft size-full wp-image-130\" src=\"https:\/\/www.facet.unt.edu.ar\/lafiso\/wp-content\/uploads\/sites\/48\/2017\/07\/equipo_transp.jpg\" alt=\"\" width=\"406\" height=\"270\" \/><\/p>\n<p align=\"left\"><a href=\"https:\/\/www.facet.unt.edu.ar\/lafiso\/wp-content\/uploads\/sites\/48\/2017\/07\/equipo_propseG.jpg\"><img class=\"alignleft size-full wp-image-129\" src=\"https:\/\/www.facet.unt.edu.ar\/lafiso\/wp-content\/uploads\/sites\/48\/2017\/07\/equipo_propseG.jpg\" alt=\"\" width=\"485\" height=\"270\" \/><\/a><\/p>\n<p><a href=\"https:\/\/www.facet.unt.edu.ar\/lafiso\/wp-content\/uploads\/sites\/48\/2017\/07\/equipo_plG.jpg\"><img class=\"alignleft size-full wp-image-127\" src=\"https:\/\/www.facet.unt.edu.ar\/lafiso\/wp-content\/uploads\/sites\/48\/2017\/07\/equipo_plG.jpg\" alt=\"\" width=\"405\" height=\"270\" \/><\/a><a href=\"https:\/\/www.facet.unt.edu.ar\/lafiso\/wp-content\/uploads\/sites\/48\/2017\/07\/equipo_midiendoPL.jpg\"><img class=\"alignleft size-full wp-image-123\" src=\"https:\/\/www.facet.unt.edu.ar\/lafiso\/wp-content\/uploads\/sites\/48\/2017\/07\/equipo_midiendoPL.jpg\" alt=\"\" width=\"482\" height=\"270\" \/><\/a><\/p>\n<p>\u00a0<\/p>\n<p><a href=\"https:\/\/www.facet.unt.edu.ar\/lafiso\/wp-content\/uploads\/sites\/48\/2017\/07\/equipo_hornoG.jpg\"><img class=\"alignleft size-full wp-image-122\" src=\"https:\/\/www.facet.unt.edu.ar\/lafiso\/wp-content\/uploads\/sites\/48\/2017\/07\/equipo_hornoG.jpg\" alt=\"\" width=\"404\" height=\"270\" \/><\/a><\/p>\n<p>\u00a0<\/p>\n<p>\u00a0<\/p>\n<p align=\"left\">\u00a0<\/p>\n<\/div><\/div><\/div><div id=\"pgc-120-0-1\"  class=\"panel-grid-cell\" ><div id=\"panel-120-0-1-0\" class=\"so-panel widget widget_text panel-first-child panel-last-child\" data-index=\"1\" ><h3 class=\"widget-title\">Propiedades estructurales y de transporte electr\u00f3nico de semiconductores nanoestructurados de inter\u00e9s para aplicaciones en espintr\u00f3nica y optoelectr\u00f3nica<\/h3>\t\t\t<div class=\"textwidget\"><p>En este proyecto, donde est\u00e1n involucrados dos laboratorios de Argentina, LAFISO-UNT y Universidad de la Plata, Laboratorio de Superconductividad y Magnetismo de la Universidad de Leipzig y el Laboratorio Nacional de Los \u00c1lamos, se propone estudiar las propiedades magn\u00e9ticas, \u00f3pticas y de magnetotransporte de dos materiales de inter\u00e9s para\u00a0<strong>espintr\u00f3nica<\/strong>\u00a0y\u00a0<strong>optoelectr\u00f3nica<\/strong>: nanoestructuras de ZnO, un SMD de gap ancho y l\u00e1minas de carbono (como multigrafeno) con comportamiento semiconductor de gap angosto.<\/p>\n<\/div>\n<\/div>\n<p class=\"Estilo3\" align=\"justify\">Se dise\u00f1an, fabrican y caracterizan nanoestructuras, nanohilos, pel\u00edculas delgadas, multicapas de ZnO y l\u00e1minas de carbono en una configuraci\u00f3n de multicapas, con diferentes dopajes donde el rol del esp\u00edn electr\u00f3nico es de suma importancia. Se estudian la incidencia de la introducci\u00f3n de defectos y\/o dopajes con elementos magn\u00e9ticos y no-magn\u00e9ticos en la respuesta magn\u00e9tica. Se estudian los mecanismos de inyecci\u00f3n de espines en los sistemas multicapas y se analiza la correlaci\u00f3n entre la composici\u00f3n, estructura cristalina, tipo de substrato y la presencia de magnetismo. Se estudian los posibles efectos en respuesta a la apicaci\u00f3n de diferentes excitaciones (campo el\u00e9ctrico, magn\u00e9tico, fotones y temperatura) fundamentalmente en los procesos de transporte electr\u00f3nico.<\/p>\n<p class=\"Estilo3\" align=\"justify\">Durante el proyecto se prevee proyectar y verificar el funcionamiento de dispositivos foto-electr\u00f3nicos, como la celda solar h\u00edbrida de nanohilos, LED o fotodetector de ZnO\/ZnMgO\/Si nanoestructurados, adem\u00e1s de estudiar la qu\u00edmica superficial de las nanoestructuras a trav\u00e9s de medidas electroqu\u00edmicas y espectrosc\u00f3picas.<\/p>\n<p class=\"Estilo3\" align=\"justify\">En paralelo a las l\u00edneas de investigaci\u00f3n mencionadas, el grupo de investigadores y becarios involucrados en un proyecto de colaboraci\u00f3n con el Instituto Nacional de Tecnolog\u00eda Industrial (INTI) y el Departamento de Luminotecnia, Luz y Visi\u00f3n de la UNT, trabajar\u00e1n escencialmente en el desarrollo de un chip para LED&#8217;s de ZnO as\u00ed como en circuitos integrados para aportar inteligencia a los sistemas de iluminaci\u00f3n.<\/p>\n<\/div>\n\t\t<\/div><\/div><\/div><\/div>","protected":false},"excerpt":{"rendered":"<p>Equipo para el crecimiento de l\u00e1minas delgadas por deposici\u00f3n por ablaci\u00f3n de energ\u00eda pulsada (l\u00e1ser o electrones) con seguimiento RHEED en Ultra Alto Vac\u00edoMediciones de resistencia el\u00e9ctrica y magnetoresistencia en los rangos 10-300 K y 1TMediciones de Fotoconductividad en los rangos 250-1600 nm y 10-300 KMediciones de FotoluminiscenciaMediciones de Transmitancia \u00d3pticaMediciones de FotocorrienteHorno Tubular para [&hellip;]<\/p>\n","protected":false},"author":101028,"featured_media":0,"parent":0,"menu_order":3,"comment_status":"closed","ping_status":"closed","template":"","meta":[],"_links":{"self":[{"href":"https:\/\/www.facet.unt.edu.ar\/lafiso\/wp-json\/wp\/v2\/pages\/120"}],"collection":[{"href":"https:\/\/www.facet.unt.edu.ar\/lafiso\/wp-json\/wp\/v2\/pages"}],"about":[{"href":"https:\/\/www.facet.unt.edu.ar\/lafiso\/wp-json\/wp\/v2\/types\/page"}],"author":[{"embeddable":true,"href":"https:\/\/www.facet.unt.edu.ar\/lafiso\/wp-json\/wp\/v2\/users\/101028"}],"replies":[{"embeddable":true,"href":"https:\/\/www.facet.unt.edu.ar\/lafiso\/wp-json\/wp\/v2\/comments?post=120"}],"version-history":[{"count":7,"href":"https:\/\/www.facet.unt.edu.ar\/lafiso\/wp-json\/wp\/v2\/pages\/120\/revisions"}],"predecessor-version":[{"id":229,"href":"https:\/\/www.facet.unt.edu.ar\/lafiso\/wp-json\/wp\/v2\/pages\/120\/revisions\/229"}],"wp:attachment":[{"href":"https:\/\/www.facet.unt.edu.ar\/lafiso\/wp-json\/wp\/v2\/media?parent=120"}],"curies":[{"name":"wp","href":"https:\/\/api.w.org\/{rel}","templated":true}]}}