{"id":232,"date":"2017-07-25T09:55:04","date_gmt":"2017-07-25T12:55:04","guid":{"rendered":"https:\/\/www.facet.unt.edu.ar\/lafiso\/?page_id=232"},"modified":"2023-06-12T21:13:38","modified_gmt":"2023-06-13T00:13:38","slug":"miembros","status":"publish","type":"page","link":"https:\/\/www.facet.unt.edu.ar\/lafiso\/miembros\/","title":{"rendered":"Integrantes"},"content":{"rendered":"<h3><strong><u>Investigadores<\/u><\/strong><\/h3>\n<p style=\"margin: 0cm; margin-bottom: .0001pt;\">Benjam\u00edn Straube<br \/>\nCecilia Zapata<br \/>\nCarlos Figueroa<br \/>\nDavid Comedi<br \/>\nGabriela Simonelli<br \/>\nGerm\u00e1n Bridoux<br \/>\nHoracio Brizuela<br \/>\nJorge Ferreyra<br \/>\nManuel Villafuerte<\/p>\n<p style=\"margin: 0cm; margin-bottom: .0001pt;\">Nadia Vega<br \/>\nNicol\u00e1s Nieva<br \/>\nOscar Mar\u00edn<br \/>\nSilvia P\u00e9rez de Heluani<\/p>\n<h3><strong><u>Doctorandos<\/u><\/strong><\/h3>\n<p>Cristian Figueroa<br \/>\nRodrigo Tolosa<br \/>\nValeria P\u00e9rez de Nucci<br \/>\nDaniel Humberto Pais Ospina<br \/>\nNelson Leandro Paz<\/p>\n<h3><strong><u>Ayudantes Estudiantiles<\/u><\/strong><\/h3>\n<p>Santiago Saracho<br \/>\nV\u00edctor Nahuel Montoya<br \/>\nJuan Pablo Espejo<\/p>\n<p>&nbsp;<\/p>\n","protected":false},"excerpt":{"rendered":"<p>Investigadores Benjam\u00edn Straube Cecilia Zapata Carlos Figueroa David Comedi Gabriela Simonelli Germ\u00e1n Bridoux Horacio Brizuela Jorge Ferreyra Manuel Villafuerte Nadia Vega Nicol\u00e1s Nieva Oscar Mar\u00edn Silvia P\u00e9rez de Heluani Doctorandos Cristian Figueroa Rodrigo Tolosa Valeria P\u00e9rez de Nucci Daniel Humberto Pais Ospina Nelson Leandro Paz Ayudantes Estudiantiles Santiago Saracho V\u00edctor Nahuel Montoya Juan Pablo Espejo [&hellip;]<\/p>\n","protected":false},"author":101028,"featured_media":0,"parent":0,"menu_order":2,"comment_status":"closed","ping_status":"closed","template":"","meta":[],"_links":{"self":[{"href":"https:\/\/www.facet.unt.edu.ar\/lafiso\/wp-json\/wp\/v2\/pages\/232"}],"collection":[{"href":"https:\/\/www.facet.unt.edu.ar\/lafiso\/wp-json\/wp\/v2\/pages"}],"about":[{"href":"https:\/\/www.facet.unt.edu.ar\/lafiso\/wp-json\/wp\/v2\/types\/page"}],"author":[{"embeddable":true,"href":"https:\/\/www.facet.unt.edu.ar\/lafiso\/wp-json\/wp\/v2\/users\/101028"}],"replies":[{"embeddable":true,"href":"https:\/\/www.facet.unt.edu.ar\/lafiso\/wp-json\/wp\/v2\/comments?post=232"}],"version-history":[{"count":16,"href":"https:\/\/www.facet.unt.edu.ar\/lafiso\/wp-json\/wp\/v2\/pages\/232\/revisions"}],"predecessor-version":[{"id":594,"href":"https:\/\/www.facet.unt.edu.ar\/lafiso\/wp-json\/wp\/v2\/pages\/232\/revisions\/594"}],"wp:attachment":[{"href":"https:\/\/www.facet.unt.edu.ar\/lafiso\/wp-json\/wp\/v2\/media?parent=232"}],"curies":[{"name":"wp","href":"https:\/\/api.w.org\/{rel}","templated":true}]}}