{"id":65,"date":"2014-08-04T09:14:33","date_gmt":"2014-08-04T12:14:33","guid":{"rendered":"https:\/\/www.facet.unt.edu.ar\/lafiso\/home\/"},"modified":"2019-02-19T09:27:26","modified_gmt":"2019-02-19T12:27:26","slug":"home__trashed","status":"publish","type":"page","link":"https:\/\/www.facet.unt.edu.ar\/lafiso\/","title":{"rendered":"Home"},"content":{"rendered":"<div id=\"pl-65\"  class=\"panel-layout\" ><div id=\"pg-65-0\"  class=\"panel-grid panel-has-style\" ><div class=\"wide-grey panel-row-style panel-row-style-for-65-0\" ><div id=\"pgc-65-0-0\"  class=\"panel-grid-cell\" ><div id=\"panel-65-0-0-0\" class=\"so-panel widget widget_headline-widget panel-first-child panel-last-child\" data-index=\"0\" >\t\t<h1>LAFISO UNT<\/h1>\n\t\t<div class=\"decoration\"><div class=\"decoration-inside\"><\/div><\/div>\n\t\t<h3>El laboratorio de F\u00edsica del S\u00f3lido de la Universidad Nacional de Tucum\u00e1n (LAFISO - UNT) est\u00e1 constituido por un grupo de investigadores en el \u00e1rea de la F\u00edsica del Estado S\u00f3lido y de las Ciencias de Materiales y Biomateriales. Desde sus comienzos su objetivo principal ha sido la investigaci\u00f3n, b\u00e1sica y aplicada, y la formaci\u00f3n de recursos humanos en dichas \u00e1reas. Estos investigadores realizan tambi\u00e9n tareas de docencia en carreras de la Facultad de Ciencias Exactas y Tecnolog\u00eda (FaCET), lo que permite trasladar a las aulas el conocimiento y la experiencia que surge de los laboratorios. Hoy el grupo cuenta con 10 investigadores formados, becarios doctorales y posdoctorales de la UNT, CONICET, ANPCyT y estudiantes de carreras de la FaCET que realizan trabajos finales de grado. Esto, sumado a las colaboraciones con grupos nacionales e internacionales, ha dado lugar a diferentes l\u00edneas de investigaci\u00f3n en temas de punta tales como: aleaciones especiales para uso nuclear; simulaci\u00f3n mediante c\u00e1lculos de primeros principios (c\u00f3digo ABINIT) de defectos e  impurezas en ZnO; estudio de propiedades mec\u00e1nicas de biomateriales; y estudio de propiedades de transporte, magn\u00e9ticas, piezoel\u00e9ctricas y optoelectr\u00f3nicas de \u00f3xidos semiconductores nanoestructurados (nanohilos, l\u00e1minas delgadas y multicapas). El laboratorio cuenta con proyectos de investigaci\u00f3n subvencionados por la ANPCyT, Conicet y SCAIT-UNT. <\/h3>\n\t\t<\/div><\/div><\/div><\/div><\/div>","protected":false},"excerpt":{"rendered":"<p>LAFISO UNT El laboratorio de F\u00edsica del S\u00f3lido de la Universidad Nacional de Tucum\u00e1n (LAFISO &#8211; UNT) est\u00e1 constituido por un grupo de investigadores en el \u00e1rea de la F\u00edsica del Estado S\u00f3lido y de las Ciencias de Materiales y Biomateriales. Desde sus comienzos su objetivo principal ha sido la investigaci\u00f3n, b\u00e1sica y aplicada, y [&hellip;]<\/p>\n","protected":false},"author":1,"featured_media":0,"parent":0,"menu_order":0,"comment_status":"closed","ping_status":"closed","template":"home-panels.php","meta":[],"_links":{"self":[{"href":"https:\/\/www.facet.unt.edu.ar\/lafiso\/wp-json\/wp\/v2\/pages\/65"}],"collection":[{"href":"https:\/\/www.facet.unt.edu.ar\/lafiso\/wp-json\/wp\/v2\/pages"}],"about":[{"href":"https:\/\/www.facet.unt.edu.ar\/lafiso\/wp-json\/wp\/v2\/types\/page"}],"author":[{"embeddable":true,"href":"https:\/\/www.facet.unt.edu.ar\/lafiso\/wp-json\/wp\/v2\/users\/1"}],"replies":[{"embeddable":true,"href":"https:\/\/www.facet.unt.edu.ar\/lafiso\/wp-json\/wp\/v2\/comments?post=65"}],"version-history":[{"count":4,"href":"https:\/\/www.facet.unt.edu.ar\/lafiso\/wp-json\/wp\/v2\/pages\/65\/revisions"}],"predecessor-version":[{"id":565,"href":"https:\/\/www.facet.unt.edu.ar\/lafiso\/wp-json\/wp\/v2\/pages\/65\/revisions\/565"}],"wp:attachment":[{"href":"https:\/\/www.facet.unt.edu.ar\/lafiso\/wp-json\/wp\/v2\/media?parent=65"}],"curies":[{"name":"wp","href":"https:\/\/api.w.org\/{rel}","templated":true}]}}