{"id":95,"date":"2017-07-20T00:14:58","date_gmt":"2017-07-20T03:14:58","guid":{"rendered":"https:\/\/www.facet.unt.edu.ar\/lafiso\/?page_id=95"},"modified":"2017-07-20T00:35:34","modified_gmt":"2017-07-20T03:35:34","slug":"principal","status":"publish","type":"page","link":"https:\/\/www.facet.unt.edu.ar\/lafiso\/principal\/","title":{"rendered":"Historia"},"content":{"rendered":"<div id=\"attachment_106\" style=\"width: 360px\" class=\"wp-caption alignleft\"><a href=\"https:\/\/www.facet.unt.edu.ar\/lafiso\/wp-content\/uploads\/sites\/48\/2017\/07\/historia_1.png\"><img aria-describedby=\"caption-attachment-106\" decoding=\"async\" loading=\"lazy\" class=\" wp-image-106\" src=\"https:\/\/www.facet.unt.edu.ar\/lafiso\/wp-content\/uploads\/sites\/48\/2017\/07\/historia_1.png\" alt=\"\" width=\"350\" height=\"244\" srcset=\"https:\/\/www.facet.unt.edu.ar\/lafiso\/wp-content\/uploads\/sites\/48\/2017\/07\/historia_1.png 494w, https:\/\/www.facet.unt.edu.ar\/lafiso\/wp-content\/uploads\/sites\/48\/2017\/07\/historia_1-300x209.png 300w\" sizes=\"(max-width: 350px) 100vw, 350px\" \/><\/a><p id=\"caption-attachment-106\" class=\"wp-caption-text\">Foto 1: a\u00f1o 1989, visita del Secretario de Ciencia y T\u00e9cnica, Dr. Alfredo Tineo y del Decano de la FaCET, Ing. Juan Carlos Reimund\u00edn, al primer local del LAFISO-UNT. Izq. a der.: Ing. Luis Jaimovich, Ing. Reimund\u00edn, Lic. Conrado Hoffmann y Dr. Tineo.<\/p><\/div>\n<div id=\"attachment_108\" style=\"width: 360px\" class=\"wp-caption alignleft\"><a href=\"https:\/\/www.facet.unt.edu.ar\/lafiso\/wp-content\/uploads\/sites\/48\/2017\/07\/historia_2.png\"><img aria-describedby=\"caption-attachment-108\" decoding=\"async\" loading=\"lazy\" class=\" wp-image-108\" src=\"https:\/\/www.facet.unt.edu.ar\/lafiso\/wp-content\/uploads\/sites\/48\/2017\/07\/historia_2.png\" alt=\"\" width=\"350\" height=\"244\" srcset=\"https:\/\/www.facet.unt.edu.ar\/lafiso\/wp-content\/uploads\/sites\/48\/2017\/07\/historia_2.png 494w, https:\/\/www.facet.unt.edu.ar\/lafiso\/wp-content\/uploads\/sites\/48\/2017\/07\/historia_2-300x209.png 300w\" sizes=\"(max-width: 350px) 100vw, 350px\" \/><\/a><p id=\"caption-attachment-108\" class=\"wp-caption-text\">Foto 2: a\u00f1o 1989, el Lic. Marcelo Jaime (CAB-CNEA) fue un estrecho colaborador en los momentos iniciales del LAFISO-UNT. Bajo su supervisi\u00f3n se hizo la primera experiencia de superconductividad en el NOA. Izq. a der., sentados : Ing. Nicol\u00e1s Nieva, Lic. Jorge Ferreyra, Lic. Jaime e Ing. Reimund\u00edn. De pie, Lic. Hoffmann.<\/p><\/div>\n<p>El LAFISO-UNT fue creado a fines de los 80 por resolucion del entonces Rector Dr. Rodolfo Campero, en respuesta a una iniciativa de un grupo de j\u00f3venes Ingenieros y estudiantes de F\u00edsica bajo la direcci\u00f3n del Profesor Conrado Hoffmann y el Ingeniero Luis Jaimovich. La motivaci\u00f3n principal fue que en 1986 cient\u00edficos de IBM hab\u00edan comunicado el hallazgo de un nuevo compuesto superconductor a 125K (-148\u00baC), lo que abri\u00f3 la perspectiva de grandes cambios en la Ciencia y la Tecnolog\u00eda. En 1988 se destin\u00f3 un local de la FaCET para el incipiente Laboratorio. Destacados investigadores del \u00e1rea contribuyeron amplia y generosamente a la formaci\u00f3n del primer grupo de trabajo. Entre ellos podemos mencionar a los Drs. Francisco de la Cruz, Blas Alascio, Alberto Rojo, Eduardo Rodr\u00edguez y Marcelo Jaime, los cuatro \u00faltimos de los cuales son tucumanos que se formaron en el Centro At\u00f3mico Bariloche. En diciembre de 1989, en cooperaci\u00f3n con el Instituto Balseiro, se realiz\u00f3 el primer ensayo con material superconductor de alta temperatura cr\u00edtica en el Noroeste argentino. Este ensayo, realizado con equipamiento e insumos de la FaCET, estableci\u00f3 el inicio de las actividades de Investigaci\u00f3n en F\u00edsica del Estado S\u00f3lido y Ciencia y Tecnolog\u00eda de los materiales en el Departamento de F\u00edsica de la UNT. Desde entonces, la labor de investigaci\u00f3n ha sido ininterrumpida y se ha plasmado en gran n\u00famero de presentaciones en Congresos y en art\u00edculos publicados en revistas especializadas, adem\u00e1s de asesoramiento y colaboraci\u00f3n con otros grupos de Investigaci\u00f3n en Arqueolog\u00eda, Odontolog\u00eda e Ingenier\u00eda Biom\u00e9dica de la UNT, y con la Divisi\u00f3n Superconductividad y Magnetismo de la Universidad de Leipzig. Estas actividades se realizaron dentro de proyectos acreditados, financiados por CIUNT, SIDETEC, ANPCyT, y CONICET. A lo largo de estos 26 a\u00f1os el grupo de trabajo fue creciendo con la incorporaci\u00f3n de nuevos investigadores y nuevas l\u00edneas de trabajo. Tambi\u00e9n fue adquiriendo mejor equipamiento. Todo esto se tradujo en un aumento en cantidad y en calidad de producci\u00f3n. Como prueba y reconocimiento de este proceso, Tucum\u00e1n fue elegida como sede de la IV Reuni\u00f3n Nacional S\u00f3lidos 2011. El LAFISO-UNT fue el anfitri\u00f3n y organizador de este acontecimiento cient\u00edfico, que convoc\u00f3 a m\u00e1s de 110 especialistas de la F\u00edsica del S\u00f3lido, argentinos y extranjeros. Dicha reuni\u00f3n fue considerada por muchos de los asistentes como muy exitosa, tanto por su contenido de alta calidad cient\u00edfica como por su eficiente organizaci\u00f3n.<img decoding=\"async\" loading=\"lazy\" class=\"alignleft wp-image-111\" src=\"https:\/\/www.facet.unt.edu.ar\/lafiso\/wp-content\/uploads\/sites\/48\/2017\/07\/image005.jpg\" alt=\"\" width=\"532\" height=\"796\" srcset=\"https:\/\/www.facet.unt.edu.ar\/lafiso\/wp-content\/uploads\/sites\/48\/2017\/07\/image005.jpg 2156w, https:\/\/www.facet.unt.edu.ar\/lafiso\/wp-content\/uploads\/sites\/48\/2017\/07\/image005-200x300.jpg 200w, https:\/\/www.facet.unt.edu.ar\/lafiso\/wp-content\/uploads\/sites\/48\/2017\/07\/image005-768x1150.jpg 768w, https:\/\/www.facet.unt.edu.ar\/lafiso\/wp-content\/uploads\/sites\/48\/2017\/07\/image005-684x1024.jpg 684w\" sizes=\"(max-width: 532px) 100vw, 532px\" \/><a href=\"https:\/\/www.facet.unt.edu.ar\/lafiso\/wp-content\/uploads\/sites\/48\/2017\/07\/image001.jpg\"><img decoding=\"async\" loading=\"lazy\" class=\"alignleft wp-image-109\" src=\"https:\/\/www.facet.unt.edu.ar\/lafiso\/wp-content\/uploads\/sites\/48\/2017\/07\/image001.jpg\" alt=\"\" width=\"555\" height=\"484\" srcset=\"https:\/\/www.facet.unt.edu.ar\/lafiso\/wp-content\/uploads\/sites\/48\/2017\/07\/image001.jpg 2376w, https:\/\/www.facet.unt.edu.ar\/lafiso\/wp-content\/uploads\/sites\/48\/2017\/07\/image001-300x261.jpg 300w, https:\/\/www.facet.unt.edu.ar\/lafiso\/wp-content\/uploads\/sites\/48\/2017\/07\/image001-768x668.jpg 768w, https:\/\/www.facet.unt.edu.ar\/lafiso\/wp-content\/uploads\/sites\/48\/2017\/07\/image001-1024x891.jpg 1024w\" sizes=\"(max-width: 555px) 100vw, 555px\" \/><\/a> <a href=\"https:\/\/www.facet.unt.edu.ar\/lafiso\/wp-content\/uploads\/sites\/48\/2017\/07\/image003.jpg\"><img decoding=\"async\" loading=\"lazy\" class=\"alignleft wp-image-110\" src=\"https:\/\/www.facet.unt.edu.ar\/lafiso\/wp-content\/uploads\/sites\/48\/2017\/07\/image003.jpg\" alt=\"\" width=\"469\" height=\"437\" srcset=\"https:\/\/www.facet.unt.edu.ar\/lafiso\/wp-content\/uploads\/sites\/48\/2017\/07\/image003.jpg 1460w, https:\/\/www.facet.unt.edu.ar\/lafiso\/wp-content\/uploads\/sites\/48\/2017\/07\/image003-300x279.jpg 300w, https:\/\/www.facet.unt.edu.ar\/lafiso\/wp-content\/uploads\/sites\/48\/2017\/07\/image003-768x715.jpg 768w, https:\/\/www.facet.unt.edu.ar\/lafiso\/wp-content\/uploads\/sites\/48\/2017\/07\/image003-1024x954.jpg 1024w\" sizes=\"(max-width: 469px) 100vw, 469px\" \/><\/a><\/p>\n","protected":false},"excerpt":{"rendered":"<p>El LAFISO-UNT fue creado a fines de los 80 por resolucion del entonces Rector Dr. Rodolfo Campero, en respuesta a una iniciativa de un grupo de j\u00f3venes Ingenieros y estudiantes de F\u00edsica bajo la direcci\u00f3n del Profesor Conrado Hoffmann y el Ingeniero Luis Jaimovich. La motivaci\u00f3n principal fue que en 1986 cient\u00edficos de IBM hab\u00edan [&hellip;]<\/p>\n","protected":false},"author":101028,"featured_media":0,"parent":0,"menu_order":1,"comment_status":"closed","ping_status":"closed","template":"","meta":[],"_links":{"self":[{"href":"https:\/\/www.facet.unt.edu.ar\/lafiso\/wp-json\/wp\/v2\/pages\/95"}],"collection":[{"href":"https:\/\/www.facet.unt.edu.ar\/lafiso\/wp-json\/wp\/v2\/pages"}],"about":[{"href":"https:\/\/www.facet.unt.edu.ar\/lafiso\/wp-json\/wp\/v2\/types\/page"}],"author":[{"embeddable":true,"href":"https:\/\/www.facet.unt.edu.ar\/lafiso\/wp-json\/wp\/v2\/users\/101028"}],"replies":[{"embeddable":true,"href":"https:\/\/www.facet.unt.edu.ar\/lafiso\/wp-json\/wp\/v2\/comments?post=95"}],"version-history":[{"count":5,"href":"https:\/\/www.facet.unt.edu.ar\/lafiso\/wp-json\/wp\/v2\/pages\/95\/revisions"}],"predecessor-version":[{"id":114,"href":"https:\/\/www.facet.unt.edu.ar\/lafiso\/wp-json\/wp\/v2\/pages\/95\/revisions\/114"}],"wp:attachment":[{"href":"https:\/\/www.facet.unt.edu.ar\/lafiso\/wp-json\/wp\/v2\/media?parent=95"}],"curies":[{"name":"wp","href":"https:\/\/api.w.org\/{rel}","templated":true}]}}