{"id":110,"date":"2016-05-05T20:52:49","date_gmt":"2016-05-05T23:52:49","guid":{"rendered":"https:\/\/www.facet.unt.edu.ar\/lch\/?page_id=110"},"modified":"2016-06-09T23:22:07","modified_gmt":"2016-06-10T02:22:07","slug":"docencia","status":"publish","type":"page","link":"https:\/\/www.facet.unt.edu.ar\/lch\/docencia\/","title":{"rendered":"Docencia"},"content":{"rendered":"<h3 class=\"Estilo1\" style=\"text-align: justify\">DOCENCIA\u00a0GENERALIDADES<\/h3>\n<p class=\"Estilo1\" style=\"text-align: justify\">Entre las funciones principales que cumple el Laboratorio de Construcciones Hidr\u00e1ulicas\u00a0debe destacarse la docencia universitaria.<\/p>\n<div id=\"metaslider-id-344\" style=\"width: 100%; margin: 0 auto;\" class=\"ml-slider-3-27-5 metaslider metaslider-flex metaslider-344 ml-slider nav-hidden\">\n    <div id=\"metaslider_container_344\">\n        <div id=\"metaslider_344\">\n            <ul aria-live=\"polite\" class=\"slides\">\n                <li style=\"display: none; width: 100%;\" class=\"slide-340 ms-image\"><img src=\"https:\/\/www.facet.unt.edu.ar\/lch\/wp-content\/uploads\/sites\/39\/2016\/06\/Exactas2016-Hidraulica-10-300x300.jpg\" height=\"300\" width=\"300\" alt=\"\" class=\"slider-344 slide-340\" \/><\/li>\n                <li style=\"display: none; width: 100%;\" class=\"slide-339 ms-image\"><img src=\"https:\/\/www.facet.unt.edu.ar\/lch\/wp-content\/uploads\/sites\/39\/2016\/06\/Exactas2016-Hidraulica-09-300x300.jpg\" height=\"300\" width=\"300\" alt=\"\" class=\"slider-344 slide-339\" \/><\/li>\n                <li style=\"display: none; width: 100%;\" class=\"slide-338 ms-image\"><img src=\"https:\/\/www.facet.unt.edu.ar\/lch\/wp-content\/uploads\/sites\/39\/2016\/06\/Exactas2016-Hidraulica-08-300x300.jpg\" height=\"300\" width=\"300\" alt=\"\" class=\"slider-344 slide-338\" \/><\/li>\n                <li style=\"display: none; width: 100%;\" class=\"slide-337 ms-image\"><img src=\"https:\/\/www.facet.unt.edu.ar\/lch\/wp-content\/uploads\/sites\/39\/2016\/06\/Exactas2016-Hidraulica-07-300x300.jpg\" height=\"300\" width=\"300\" alt=\"\" class=\"slider-344 slide-337\" \/><\/li>\n                <li style=\"display: none; width: 100%;\" class=\"slide-341 ms-image\"><img src=\"https:\/\/www.facet.unt.edu.ar\/lch\/wp-content\/uploads\/sites\/39\/2016\/06\/Exactas2016-Hidraulica-11-300x300.jpg\" height=\"300\" width=\"300\" alt=\"\" class=\"slider-344 slide-341\" \/><\/li>\n                <li style=\"display: none; width: 100%;\" class=\"slide-336 ms-image\"><img src=\"https:\/\/www.facet.unt.edu.ar\/lch\/wp-content\/uploads\/sites\/39\/2016\/06\/Exactas2016-Hidraulica-06-300x300.jpg\" height=\"300\" width=\"300\" alt=\"\" class=\"slider-344 slide-336\" \/><\/li>\n                <li style=\"display: none; width: 100%;\" class=\"slide-343 ms-image\"><img src=\"https:\/\/www.facet.unt.edu.ar\/lch\/wp-content\/uploads\/sites\/39\/2016\/06\/Exactas2016-Hidraulica-13-300x300.jpg\" height=\"300\" width=\"300\" alt=\"\" class=\"slider-344 slide-343\" \/><\/li>\n                <li style=\"display: none; width: 100%;\" class=\"slide-335 ms-image\"><img src=\"https:\/\/www.facet.unt.edu.ar\/lch\/wp-content\/uploads\/sites\/39\/2016\/06\/Exactas2016-Hidraulica-05-300x300.jpg\" height=\"300\" width=\"300\" alt=\"\" class=\"slider-344 slide-335\" \/><\/li>\n                <li style=\"display: none; width: 100%;\" class=\"slide-334 ms-image\"><img src=\"https:\/\/www.facet.unt.edu.ar\/lch\/wp-content\/uploads\/sites\/39\/2016\/06\/Exactas2016-Hidraulica-04-300x300.jpg\" height=\"300\" width=\"300\" alt=\"\" class=\"slider-344 slide-334\" \/><\/li>\n                <li style=\"display: none; width: 100%;\" class=\"slide-333 ms-image\"><img src=\"https:\/\/www.facet.unt.edu.ar\/lch\/wp-content\/uploads\/sites\/39\/2016\/06\/Exactas2016-Hidraulica-03-300x300.jpg\" height=\"300\" width=\"300\" alt=\"\" class=\"slider-344 slide-333\" \/><\/li>\n                <li style=\"display: none; width: 100%;\" class=\"slide-332 ms-image\"><img src=\"https:\/\/www.facet.unt.edu.ar\/lch\/wp-content\/uploads\/sites\/39\/2016\/06\/Exactas2016-Hidraulica-02-300x300.jpg\" height=\"300\" width=\"300\" alt=\"\" class=\"slider-344 slide-332\" \/><\/li>\n                <li style=\"display: none; width: 100%;\" class=\"slide-331 ms-image\"><img src=\"https:\/\/www.facet.unt.edu.ar\/lch\/wp-content\/uploads\/sites\/39\/2016\/06\/Exactas2016-Hidraulica-01-300x300.jpg\" height=\"300\" width=\"300\" alt=\"\" class=\"slider-344 slide-331\" \/><\/li>\n                <li style=\"display: none; width: 100%;\" class=\"slide-342 ms-image\"><img src=\"https:\/\/www.facet.unt.edu.ar\/lch\/wp-content\/uploads\/sites\/39\/2016\/06\/Exactas2016-Hidraulica-12-300x300.jpg\" height=\"300\" width=\"300\" alt=\"\" class=\"slider-344 slide-342\" \/><\/li>\n            <\/ul>\n        <\/div>\n        \n    <\/div>\n<\/div>\n<p>&nbsp;<\/p>\n<h3 class=\"Estilo1\" style=\"text-align: justify\">DOCENCIA DE GRADO<\/h3>\n<p class=\"Estilo1\" style=\"text-align: justify\">El plantel de docentes-investigadores del Laboratorio dicta asignaturas de grado para la carrera de Ingenier\u00eda Civil pertenecientes a la Facultad de Ciencias Exactas y Tecnolog\u00eda de la UNT.<\/p>\n<ul>\n<li>Mec\u00e1nica de los Fluidos<\/li>\n<li>Hidr\u00e1ulica B\u00e1sica<\/li>\n<li><a href=\"http:\/\/www.facetvirtual.unt.edu.ar\/enrol\/index.php?id=39\" target=\"_blank\">Hidrolog\u00eda<\/a><\/li>\n<li>Hidr\u00e1ulica Aplicada I<\/li>\n<li>Hidr\u00e1ulica Aplicada II<\/li>\n<\/ul>\n<p>Visita a obras<\/p>\n<div id=\"metaslider-id-256\" style=\"width: 100%; margin: 0 auto;\" class=\"ml-slider-3-27-5 metaslider metaslider-flex metaslider-256 ml-slider nav-hidden nav-hidden\">\n    <div id=\"metaslider_container_256\">\n        <div id=\"metaslider_256\">\n            <ul aria-live=\"polite\" class=\"slides\">\n                <li style=\"display: none; width: 100%;\" class=\"slide-255 ms-image\"><img src=\"https:\/\/www.facet.unt.edu.ar\/lch\/wp-content\/uploads\/sites\/39\/2016\/05\/CARACOLES-003-1-300x300.jpg\" height=\"300\" width=\"300\" alt=\"\" class=\"slider-256 slide-255\" \/><\/li>\n                <li style=\"display: none; width: 100%;\" class=\"slide-227 ms-image\"><img src=\"https:\/\/www.facet.unt.edu.ar\/lch\/wp-content\/uploads\/sites\/39\/2016\/05\/presa-caracoles-300x300.jpg\" height=\"300\" width=\"300\" alt=\"\" class=\"slider-256 slide-227\" \/><\/li>\n                <li style=\"display: none; width: 100%;\" class=\"slide-204 ms-image\"><img src=\"https:\/\/www.facet.unt.edu.ar\/lch\/wp-content\/uploads\/sites\/39\/2016\/05\/CARACOLES-003-300x300.jpg\" height=\"300\" width=\"300\" alt=\"\" class=\"slider-256 slide-204\" \/><\/li>\n                <li style=\"display: none; width: 100%;\" class=\"slide-207 ms-image\"><img src=\"https:\/\/www.facet.unt.edu.ar\/lch\/wp-content\/uploads\/sites\/39\/2016\/05\/CARACOLES-205-300x300.jpg\" height=\"300\" width=\"300\" alt=\"\" class=\"slider-256 slide-207\" \/><\/li>\n                <li style=\"display: none; width: 100%;\" class=\"slide-205 ms-image\"><img src=\"https:\/\/www.facet.unt.edu.ar\/lch\/wp-content\/uploads\/sites\/39\/2016\/05\/CARACOLES-076-300x300.jpg\" height=\"300\" width=\"300\" alt=\"\" class=\"slider-256 slide-205\" \/><\/li>\n                <li style=\"display: none; width: 100%;\" class=\"slide-206 ms-image\"><img src=\"https:\/\/www.facet.unt.edu.ar\/lch\/wp-content\/uploads\/sites\/39\/2016\/05\/CARACOLES-189-300x300.jpg\" height=\"300\" width=\"300\" alt=\"\" class=\"slider-256 slide-206\" \/><\/li>\n                <li style=\"display: none; width: 100%;\" class=\"slide-232 ms-image\"><img src=\"https:\/\/www.facet.unt.edu.ar\/lch\/wp-content\/uploads\/sites\/39\/2016\/05\/tunel-techint-300x300.jpg\" height=\"300\" width=\"300\" alt=\"\" class=\"slider-256 slide-232\" \/><\/li>\n            <\/ul>\n        <\/div>\n        \n    <\/div>\n<\/div>\n<p>&nbsp;<\/p>\n<h3 class=\"Estilo1\" style=\"text-align: justify\">DOCENCIA DE POSGRADO<\/h3>\n<p class=\"Estilo1\" style=\"text-align: justify\">Adem\u00e1s, se dictan cursos de Posgrado a la comunidad profesional, con Profesores locales, nacionales y extranjeros, con el objetivo de agregar nuevas herramientas que logren un mejor desarrollo de la ingenier\u00eda en la Regi\u00f3n.<\/p>\n<p>Entre las actividades que el Laboratorio de Construcciones Hidr\u00e1ulicas ha realizado en este contexto, pueden mencionarse las siguientes:<\/p>\n<ul>\n<li>En Diciembre de 2004 se realiz\u00f3 el Seminario de la Gesti\u00f3n Integrada de los Recursos H\u00eddricos en la Federaci\u00f3n Econ\u00f3mica de Tucum\u00e1n.<\/li>\n<li>En Mayo de 2005 fue enviado un estudiante avanzado de Civil al Laboratorio de Ezeiza del Instituto Nacional del Agua, para capacitaci\u00f3n en modelaci\u00f3n hidr\u00e1ulica.<\/li>\n<li>Co-organizador del XX Congreso Nacional del Agua en Tucum\u00e1n, Mayo de 2007.<\/li>\n<li>Estudio de un Modelo de Gesti\u00f3n de los recursos h\u00eddricos de la cuenca del R\u00edo Sal\u00ed, en Convenio firmado entre la Subsecretar\u00eda de Recursos H\u00eddricos de la Naci\u00f3n y la UNT. A\u00f1o 2008.<\/li>\n<li>Estudio Hidrol\u00f3gico del aprovechamiento de la cuenca del R\u00edo N\u00edo. Departamento Burruyacu, entre los a\u00f1os 2005 y 2006.<\/li>\n<li>Realizaci\u00f3n del Curso de Generaci\u00f3n y Transporte de Sedimentos en cuencas de monta\u00f1a, a cargo del Instituto Nacional del Agua.<\/li>\n<li>Demostraciones en el marco de visitas t\u00e9cnicas del funcionamiento del modelo del dique Potrero del Clavillo.<\/li>\n<li>Realizaci\u00f3n de un Taller sobre Presas y Desarrollo destinado a alumnos avanzados de la carrera de Ingenier\u00eda Civil.<\/li>\n<li>Realizaci\u00f3n de un curso sobre Redes Neuronales aplicadas a la Hidrolog\u00eda, dictado por un especialista de Cuba.<\/li>\n<li>Instalaci\u00f3n de una Estaci\u00f3n Meteorol\u00f3gica autom\u00e1tica en Horco Molle, con fondos del Programa de Mejoramiento de la Ingenier\u00eda, que est\u00e1 funcionando desde Agosto de 2013.<\/li>\n<li>Implementaci\u00f3n de un \u201cTrayecto Curricular Sistem\u00e1tico de Posgrado en Riego y Uso Eficiente del Agua\u201d,\u00a0 tendiente a la creaci\u00f3n de una especializaci\u00f3n en riego Aprobado por Resoluci\u00f3n N\u00b0 1198\/11 de la FACET<\/li>\n<li>Curso de Posgrado sobre Riego por superficie, dictado por el Dr. Oscar Duarte, de la Universidad Nacional de Entre R\u00edos. A\u00f1o 2011.<\/li>\n<li>Curso de Posgrado sobre Eficiencia de riego, dictado por el Dr. Daniel Prieto, del Instituto Nacional de Tecnolog\u00eda Agropecuaria INTA. A\u00f1o 2011.<\/li>\n<li>Participaci\u00f3n en el Proyecto de\u00a0 Provisi\u00f3n de Agua a la Poblaci\u00f3n Rural Dispersa del Este de Tucum\u00e1n, mediante Convenio de Cooperaci\u00f3n y Asistencia T\u00e9cnica entre\u00a0 la Universidad Nacional de Tucum\u00e1n y el Gobierno de la Provincia de Tucum\u00e1n. A\u00f1o 2010-2012<\/li>\n<li>Curso de Posgrado sobre M\u00e9todos de riego presurizado, dictado por el Dr. Ing. Alejandro Pannunzio, de la Universidad Nacional de Buenos Aires. A\u00f1o 2012.<\/li>\n<li>Curso de Posgrado sobre Elementos de Protecci\u00f3n y Control de acueductos de Riego Presurizado, dictado por el Ing. Andr\u00e9s H. Ortiz, Consultor Experto. A\u00f1o 2012.<\/li>\n<li>Curso de Posgrado sobre Conducciones y redes de agua, dictado por el Ing. Rodolfo Enrique Dalmati, de la Universidad Nacional de Buenos Aires. A\u00f1o 2012.<\/li>\n<li>Curso de Posgrado sobre Sistemas de Informaci\u00f3n Geogr\u00e1fica, dictado por la Ing. M\u00f3nica Odstrcil, Consultora Experta. A\u00f1o 2013.<\/li>\n<li>Curso de Grado sobre Modelizaci\u00f3n hidrol\u00f3gica de cuencas, HMS, dictado por el Ingeniero An\u00edbal Comba y la Ing. Hebe A. Espinosa Rojas, de la UNT. A\u00f1o 2013.<\/li>\n<\/ul>\n<ul>\n<li>Especializaci\u00f3n en Tecnolog\u00edas y Gesti\u00f3n de los recursos h\u00eddricos: fue aprobada como Carrera de Posgrado en el mes de Abril de 2016 y tiene como objetivo fomentar el an\u00e1lisis cr\u00edtico y la actualizaci\u00f3n permanente en tecnolog\u00edas y gesti\u00f3n de los recursos h\u00eddricos, transferir conocimientos para el desarrollo de tecnolog\u00edas y de gesti\u00f3n aplicadas al uso y manejo eficiente del agua, formar profesionales capaces de aportar soluciones a problemas relacionados a la gesti\u00f3n y uso de los recursos h\u00eddricos.<\/li>\n<\/ul>\n","protected":false},"excerpt":{"rendered":"<p>DOCENCIA\u00a0GENERALIDADES Entre las funciones principales que cumple el Laboratorio de Construcciones Hidr\u00e1ulicas\u00a0debe destacarse la docencia universitaria. &nbsp; DOCENCIA DE GRADO El plantel de docentes-investigadores del Laboratorio dicta asignaturas de grado para la carrera de Ingenier\u00eda Civil pertenecientes a la Facultad de Ciencias Exactas y Tecnolog\u00eda de la UNT. Mec\u00e1nica de los Fluidos Hidr\u00e1ulica B\u00e1sica Hidrolog\u00eda [&hellip;]<\/p>\n","protected":false},"author":20,"featured_media":0,"parent":0,"menu_order":3,"comment_status":"closed","ping_status":"closed","template":"templates\/template-full-notitle.php","meta":[],"_links":{"self":[{"href":"https:\/\/www.facet.unt.edu.ar\/lch\/wp-json\/wp\/v2\/pages\/110"}],"collection":[{"href":"https:\/\/www.facet.unt.edu.ar\/lch\/wp-json\/wp\/v2\/pages"}],"about":[{"href":"https:\/\/www.facet.unt.edu.ar\/lch\/wp-json\/wp\/v2\/types\/page"}],"author":[{"embeddable":true,"href":"https:\/\/www.facet.unt.edu.ar\/lch\/wp-json\/wp\/v2\/users\/20"}],"replies":[{"embeddable":true,"href":"https:\/\/www.facet.unt.edu.ar\/lch\/wp-json\/wp\/v2\/comments?post=110"}],"version-history":[{"count":13,"href":"https:\/\/www.facet.unt.edu.ar\/lch\/wp-json\/wp\/v2\/pages\/110\/revisions"}],"predecessor-version":[{"id":345,"href":"https:\/\/www.facet.unt.edu.ar\/lch\/wp-json\/wp\/v2\/pages\/110\/revisions\/345"}],"wp:attachment":[{"href":"https:\/\/www.facet.unt.edu.ar\/lch\/wp-json\/wp\/v2\/media?parent=110"}],"curies":[{"name":"wp","href":"https:\/\/api.w.org\/{rel}","templated":true}]}}