{"id":116,"date":"2016-05-05T20:54:43","date_gmt":"2016-05-05T23:54:43","guid":{"rendered":"https:\/\/www.facet.unt.edu.ar\/lch\/?page_id=116"},"modified":"2016-06-28T20:26:16","modified_gmt":"2016-06-28T23:26:16","slug":"novedades","status":"publish","type":"page","link":"https:\/\/www.facet.unt.edu.ar\/lch\/novedades\/","title":{"rendered":"Novedades"},"content":{"rendered":"<header class=\"entry-header\">\n<h2 style=\"text-align: justify\">Novedades<\/h2>\n<hr \/>\n<\/header>\n<p style=\"text-align: left\"><span style=\"color: #999999\">Publicado 28\/06\/2016<\/span><\/p>\n<h2 style=\"text-align: center\"><a href=\"https:\/\/www.facet.unt.edu.ar\/lch\/extension\/taller_01\/\"><strong>\u201cTaller para la formulaci\u00f3n de Bases de pol\u00edticas provinciales de gesti\u00f3n integrada de sequias\u201d<\/strong><\/a><\/h2>\n<p style=\"text-align: justify\">Las sequ\u00edas son uno de los riesgos naturales m\u00e1s complejos y menos comprendidos, afectando a m\u00e1s personas que cualquier otro. Hay evidencia que el cambio clim\u00e1tico representa un factor clave en la distribuci\u00f3n espacial y temporal de las causas hidrometeorol\u00f3gicas de las sequ\u00edas.<\/p>\n<p style=\"text-align: justify\"><a href=\"https:\/\/www.facet.unt.edu.ar\/lch\/extension\/taller_01\/\">[ver m\u00e1s&#8230;]<\/a><\/p>\n<hr \/>\n<header class=\"entry-header\">\n<p style=\"text-align: left\"><span style=\"color: #808080\">Publicado 16\/05\/2016<\/span><\/p>\n<h2 style=\"text-align: center\"><a href=\"https:\/\/www.facet.unt.edu.ar\/lch\/laboratorios\/lab-numerico\/\">Curso \u201cIntroducci\u00f3n de la Modelaci\u00f3n Hidr\u00e1ulica en 1D (HEC-RAS)\u201d<\/a><\/h2>\n<p style=\"text-align: justify\">El curso de actualizaci\u00f3n profesional \u201cIntroducci\u00f3n de la Modelaci\u00f3n Hidr\u00e1ulica en 1D (HEC-RAS)\u201d se llevar\u00e1 a cabo los d\u00edas Martes 17, 24, 31 de Mayo y 07, 14 de Junio de 15 a 19 hs, en el Laboratorio de Construcciones Hidr\u00e1ulicas de la FACET. El mismo estar\u00e1 a cargo de los ingenieros H\u00e9ctor David Aguirre y Mar\u00eda Florencia Nanni.<\/p>\n<p><a href=\"https:\/\/www.facet.unt.edu.ar\/lch\/laboratorios\/lab-numerico\/\">[ver m\u00e1s&#8230;]<\/a><\/p>\n<hr \/>\n<h1 class=\"entry-title\" style=\"text-align: center\"><\/h1>\n<\/header>\n","protected":false},"excerpt":{"rendered":"<p>Novedades Publicado 28\/06\/2016 \u201cTaller para la formulaci\u00f3n de Bases de pol\u00edticas provinciales de gesti\u00f3n integrada de sequias\u201d Las sequ\u00edas son uno de los riesgos naturales m\u00e1s complejos y menos comprendidos, afectando a m\u00e1s personas que cualquier otro. Hay evidencia que el cambio clim\u00e1tico representa un factor clave en la distribuci\u00f3n espacial y temporal de las [&hellip;]<\/p>\n","protected":false},"author":20,"featured_media":0,"parent":0,"menu_order":8,"comment_status":"closed","ping_status":"closed","template":"templates\/template-full-notitle.php","meta":[],"_links":{"self":[{"href":"https:\/\/www.facet.unt.edu.ar\/lch\/wp-json\/wp\/v2\/pages\/116"}],"collection":[{"href":"https:\/\/www.facet.unt.edu.ar\/lch\/wp-json\/wp\/v2\/pages"}],"about":[{"href":"https:\/\/www.facet.unt.edu.ar\/lch\/wp-json\/wp\/v2\/types\/page"}],"author":[{"embeddable":true,"href":"https:\/\/www.facet.unt.edu.ar\/lch\/wp-json\/wp\/v2\/users\/20"}],"replies":[{"embeddable":true,"href":"https:\/\/www.facet.unt.edu.ar\/lch\/wp-json\/wp\/v2\/comments?post=116"}],"version-history":[{"count":13,"href":"https:\/\/www.facet.unt.edu.ar\/lch\/wp-json\/wp\/v2\/pages\/116\/revisions"}],"predecessor-version":[{"id":350,"href":"https:\/\/www.facet.unt.edu.ar\/lch\/wp-json\/wp\/v2\/pages\/116\/revisions\/350"}],"wp:attachment":[{"href":"https:\/\/www.facet.unt.edu.ar\/lch\/wp-json\/wp\/v2\/media?parent=116"}],"curies":[{"name":"wp","href":"https:\/\/api.w.org\/{rel}","templated":true}]}}