{"id":120,"date":"2016-05-05T20:58:13","date_gmt":"2016-05-05T23:58:13","guid":{"rendered":"https:\/\/www.facet.unt.edu.ar\/lch\/?page_id=120"},"modified":"2016-05-12T17:32:20","modified_gmt":"2016-05-12T20:32:20","slug":"publicaciones","status":"publish","type":"page","link":"https:\/\/www.facet.unt.edu.ar\/lch\/investigacion\/publicaciones\/","title":{"rendered":"Publicaciones"},"content":{"rendered":"<h3>PUBLICACIONES<\/h3>\n<p>&nbsp;<\/p>\n<table style=\"width: 1080px;height: 135px\">\n<tbody>\n<tr>\n<td style=\"border-color: #ffffff;width: 1080px;height: 30px;text-align: center;vertical-align: middle\" colspan=\"6\">\n<h4 style=\"text-align: left\">IV Taller sobre regionalizaci\u00f3n de precipitaciones m\u00e1ximas. 2014<\/h4>\n<\/td>\n<\/tr>\n<tr>\n<td style=\"border-color: #ffffff;width: 120px;height: 80px;text-align: center;vertical-align: bottom\"><a href=\"https:\/\/www.facet.unt.edu.ar\/lch\/wp-content\/uploads\/sites\/39\/2016\/05\/Indice.-IV-Taller-sobre-Regionalizaci\u00f3n-de-Precipitaciones-M\u00e1ximas-2014.pdf\" target=\"_blank\"><img decoding=\"async\" loading=\"lazy\" class=\"alignnone wp-image-202\" src=\"https:\/\/www.facet.unt.edu.ar\/lch\/wp-content\/uploads\/sites\/39\/2016\/05\/pdf-150x150.jpg\" width=\"80\" height=\"80\" srcset=\"https:\/\/www.facet.unt.edu.ar\/lch\/wp-content\/uploads\/sites\/39\/2016\/05\/pdf-150x150.jpg 150w, https:\/\/www.facet.unt.edu.ar\/lch\/wp-content\/uploads\/sites\/39\/2016\/05\/pdf.jpg 204w\" sizes=\"(max-width: 80px) 100vw, 80px\" \/><\/a><\/td>\n<td style=\"border-color: #ffffff;width: 120px;height: 80px;text-align: center;vertical-align: bottom\"><a href=\"https:\/\/www.facet.unt.edu.ar\/lch\/wp-content\/uploads\/sites\/39\/2016\/05\/Pag.001-068.-IV-Taller-sobre-Regionalizaci\u00f3n-de-Precipitaciones-M\u00e1ximas-2014.pdf\" target=\"_blank\"><img decoding=\"async\" loading=\"lazy\" class=\"alignnone wp-image-202\" src=\"https:\/\/www.facet.unt.edu.ar\/lch\/wp-content\/uploads\/sites\/39\/2016\/05\/pdf-150x150.jpg\" width=\"80\" height=\"80\" srcset=\"https:\/\/www.facet.unt.edu.ar\/lch\/wp-content\/uploads\/sites\/39\/2016\/05\/pdf-150x150.jpg 150w, https:\/\/www.facet.unt.edu.ar\/lch\/wp-content\/uploads\/sites\/39\/2016\/05\/pdf.jpg 204w\" sizes=\"(max-width: 80px) 100vw, 80px\" \/><\/a><\/td>\n<td style=\"border-color: #ffffff;width: 120px;height: 80px;text-align: center;vertical-align: bottom\"><a href=\"https:\/\/www.facet.unt.edu.ar\/lch\/wp-content\/uploads\/sites\/39\/2016\/05\/Pag.069-132.-IV-Taller-sobre-Regionalizaci\u00f3n-de-Precipitaciones-M\u00e1ximas-2014.pdf\" target=\"_blank\"><img decoding=\"async\" loading=\"lazy\" class=\"alignnone wp-image-202\" src=\"https:\/\/www.facet.unt.edu.ar\/lch\/wp-content\/uploads\/sites\/39\/2016\/05\/pdf-150x150.jpg\" width=\"80\" height=\"80\" srcset=\"https:\/\/www.facet.unt.edu.ar\/lch\/wp-content\/uploads\/sites\/39\/2016\/05\/pdf-150x150.jpg 150w, https:\/\/www.facet.unt.edu.ar\/lch\/wp-content\/uploads\/sites\/39\/2016\/05\/pdf.jpg 204w\" sizes=\"(max-width: 80px) 100vw, 80px\" \/><\/a><\/td>\n<td style=\"border-color: #ffffff;width: 120px;height: 80px;text-align: center;vertical-align: bottom\"><a href=\"https:\/\/www.facet.unt.edu.ar\/lch\/wp-content\/uploads\/sites\/39\/2016\/05\/Pag.133-202.-IV-Taller-sobre-Regionalizaci\u00f3n-de-Precipitaciones-M\u00e1ximas-2014.pdf\" target=\"_blank\"><img decoding=\"async\" loading=\"lazy\" class=\"alignnone wp-image-202\" src=\"https:\/\/www.facet.unt.edu.ar\/lch\/wp-content\/uploads\/sites\/39\/2016\/05\/pdf-150x150.jpg\" width=\"80\" height=\"80\" srcset=\"https:\/\/www.facet.unt.edu.ar\/lch\/wp-content\/uploads\/sites\/39\/2016\/05\/pdf-150x150.jpg 150w, https:\/\/www.facet.unt.edu.ar\/lch\/wp-content\/uploads\/sites\/39\/2016\/05\/pdf.jpg 204w\" sizes=\"(max-width: 80px) 100vw, 80px\" \/><\/a><\/td>\n<td style=\"border-color: #ffffff;width: 120px;height: 80px;text-align: center;vertical-align: bottom\"><a href=\"https:\/\/www.facet.unt.edu.ar\/lch\/wp-content\/uploads\/sites\/39\/2016\/05\/Pag.203-276.-IV-Taller-sobre-Regionalizaci\u00f3n-de-Precipitaciones-M\u00e1ximas-2014.pdf\" target=\"_blank\"><img decoding=\"async\" loading=\"lazy\" class=\"alignnone wp-image-202\" src=\"https:\/\/www.facet.unt.edu.ar\/lch\/wp-content\/uploads\/sites\/39\/2016\/05\/pdf-150x150.jpg\" width=\"80\" height=\"80\" srcset=\"https:\/\/www.facet.unt.edu.ar\/lch\/wp-content\/uploads\/sites\/39\/2016\/05\/pdf-150x150.jpg 150w, https:\/\/www.facet.unt.edu.ar\/lch\/wp-content\/uploads\/sites\/39\/2016\/05\/pdf.jpg 204w\" sizes=\"(max-width: 80px) 100vw, 80px\" \/><\/a><\/td>\n<td style=\"border-color: #ffffff;width: 480px;height: 80px;text-align: center;vertical-align: middle\"><\/td>\n<\/tr>\n<tr>\n<td style=\"border-color: #ffffff;width: 120px;height: 15px;text-align: center\"><span style=\"font-size: 10pt\">Indice<\/span><\/td>\n<td style=\"border-color: #ffffff;width: 120px;height: 15px;text-align: center\"><span style=\"font-size: 10pt\">P\u00e1g. 1 a 68<\/span><\/td>\n<td style=\"border-color: #ffffff;width: 120px;height: 15px;text-align: center\"><span style=\"font-size: 10pt\">P\u00e1g. 69 a 132<\/span><\/td>\n<td style=\"border-color: #ffffff;width: 120px;height: 15px;text-align: center\"><span style=\"font-size: 10pt\">P\u00e1g. 133 a 202<\/span><\/td>\n<td style=\"border-color: #ffffff;width: 120px;height: 15px;text-align: center\">P<span style=\"font-size: 10pt\">\u00e1g. 203 a 276<\/span><\/td>\n<td style=\"border-color: #ffffff;width: 480px;height: 15px;text-align: center;vertical-align: middle\"><\/td>\n<\/tr>\n<\/tbody>\n<\/table>\n","protected":false},"excerpt":{"rendered":"<p>PUBLICACIONES &nbsp; IV Taller sobre regionalizaci\u00f3n de precipitaciones m\u00e1ximas. 2014 Indice P\u00e1g. 1 a 68 P\u00e1g. 69 a 132 P\u00e1g. 133 a 202 P\u00e1g. 203 a 276<\/p>\n","protected":false},"author":20,"featured_media":0,"parent":112,"menu_order":3,"comment_status":"closed","ping_status":"closed","template":"templates\/template-full-notitle.php","meta":[],"_links":{"self":[{"href":"https:\/\/www.facet.unt.edu.ar\/lch\/wp-json\/wp\/v2\/pages\/120"}],"collection":[{"href":"https:\/\/www.facet.unt.edu.ar\/lch\/wp-json\/wp\/v2\/pages"}],"about":[{"href":"https:\/\/www.facet.unt.edu.ar\/lch\/wp-json\/wp\/v2\/types\/page"}],"author":[{"embeddable":true,"href":"https:\/\/www.facet.unt.edu.ar\/lch\/wp-json\/wp\/v2\/users\/20"}],"replies":[{"embeddable":true,"href":"https:\/\/www.facet.unt.edu.ar\/lch\/wp-json\/wp\/v2\/comments?post=120"}],"version-history":[{"count":5,"href":"https:\/\/www.facet.unt.edu.ar\/lch\/wp-json\/wp\/v2\/pages\/120\/revisions"}],"predecessor-version":[{"id":240,"href":"https:\/\/www.facet.unt.edu.ar\/lch\/wp-json\/wp\/v2\/pages\/120\/revisions\/240"}],"up":[{"embeddable":true,"href":"https:\/\/www.facet.unt.edu.ar\/lch\/wp-json\/wp\/v2\/pages\/112"}],"wp:attachment":[{"href":"https:\/\/www.facet.unt.edu.ar\/lch\/wp-json\/wp\/v2\/media?parent=120"}],"curies":[{"name":"wp","href":"https:\/\/api.w.org\/{rel}","templated":true}]}}